{"id":1386,"date":"2024-05-22T22:58:31","date_gmt":"2024-05-22T22:58:31","guid":{"rendered":"https:\/\/www.conahec.org\/?page_id=1386"},"modified":"2024-08-26T22:53:39","modified_gmt":"2024-08-26T22:53:39","slug":"about_conahec_2024_fr","status":"publish","type":"page","link":"https:\/\/www.conahec.org\/index.php\/fr\/about_conahec_2024_fr\/","title":{"rendered":"\u00c1 propos du congr\u00e8s"},"content":{"rendered":"\t\t<div data-elementor-type=\"wp-page\" data-elementor-id=\"1386\" class=\"elementor elementor-1386\" data-elementor-post-type=\"page\">\n\t\t\t\t<div class=\"elementor-element elementor-element-7a3cc64b e-flex e-con-boxed e-con e-parent\" data-id=\"7a3cc64b\" data-element_type=\"container\">\n\t\t\t\t\t<div class=\"e-con-inner\">\n\t\t\t\t<div class=\"elementor-element elementor-element-4e93a57e elementor-widget elementor-widget-heading\" data-id=\"4e93a57e\" data-element_type=\"widget\" data-widget_type=\"heading.default\">\n\t\t\t\t<div class=\"elementor-widget-container\">\n\t\t\t<style>\/*! elementor - v3.23.0 - 05-08-2024 *\/\n.elementor-heading-title{padding:0;margin:0;line-height:1}.elementor-widget-heading .elementor-heading-title[class*=elementor-size-]>a{color:inherit;font-size:inherit;line-height:inherit}.elementor-widget-heading .elementor-heading-title.elementor-size-small{font-size:15px}.elementor-widget-heading .elementor-heading-title.elementor-size-medium{font-size:19px}.elementor-widget-heading .elementor-heading-title.elementor-size-large{font-size:29px}.elementor-widget-heading .elementor-heading-title.elementor-size-xl{font-size:39px}.elementor-widget-heading .elementor-heading-title.elementor-size-xxl{font-size:59px}<\/style><h2 class=\"elementor-heading-title elementor-size-default\">Veuillez noter : La 22e Conf\u00e9rence nord-am\u00e9ricaine<br>de l'enseignement sup\u00e9rieur de CONAHEC<br>a \u00e9t\u00e9 report\u00e9e au printemps 2025.<\/h2>\t\t<\/div>\n\t\t\t\t<\/div>\n\t\t\t\t<div class=\"elementor-element elementor-element-2326320 elementor-widget elementor-widget-image\" data-id=\"2326320\" data-element_type=\"widget\" data-widget_type=\"image.default\">\n\t\t\t\t<div class=\"elementor-widget-container\">\n\t\t\t<style>\/*! elementor - v3.23.0 - 05-08-2024 *\/\n.elementor-widget-image{text-align:center}.elementor-widget-image a{display:inline-block}.elementor-widget-image a img[src$=\".svg\"]{width:48px}.elementor-widget-image img{vertical-align:middle;display:inline-block}<\/style>\t\t\t\t\t\t\t\t\t\t<img decoding=\"async\" width=\"165\" height=\"142\" src=\"https:\/\/www.conahec.org\/wp-content\/uploads\/2024\/05\/cropped-CONAHEC165x165.png\" class=\"attachment-large size-large wp-image-48\" alt=\"Consortium for North American Higher Education Collaboration Logo - All Rights Reserved\" \/>\t\t\t\t\t\t\t\t\t\t\t\t\t<\/div>\n\t\t\t\t<\/div>\n\t\t\t\t\t<\/div>\n\t\t\t\t<\/div>\n\t\t<div class=\"elementor-element elementor-element-4c2791f7 e-flex e-con-boxed e-con e-parent\" data-id=\"4c2791f7\" data-element_type=\"container\">\n\t\t\t\t\t<div class=\"e-con-inner\">\n\t\t\t\t<div class=\"elementor-element elementor-element-5e1669d8 elementor-widget elementor-widget-text-editor\" data-id=\"5e1669d8\" data-element_type=\"widget\" data-widget_type=\"text-editor.default\">\n\t\t\t\t<div class=\"elementor-widget-container\">\n\t\t\t<style>\/*! elementor - v3.23.0 - 05-08-2024 *\/\n.elementor-widget-text-editor.elementor-drop-cap-view-stacked .elementor-drop-cap{background-color:#69727d;color:#fff}.elementor-widget-text-editor.elementor-drop-cap-view-framed .elementor-drop-cap{color:#69727d;border:3px solid;background-color:transparent}.elementor-widget-text-editor:not(.elementor-drop-cap-view-default) .elementor-drop-cap{margin-top:8px}.elementor-widget-text-editor:not(.elementor-drop-cap-view-default) .elementor-drop-cap-letter{width:1em;height:1em}.elementor-widget-text-editor .elementor-drop-cap{float:left;text-align:center;line-height:1;font-size:50px}.elementor-widget-text-editor .elementor-drop-cap-letter{display:inline-block}<\/style>\t\t\t\tLes institutions d&#8217;enseignement sup\u00e9rieur d&#8217;Am\u00e9rique du Nord se trouvent \u00e0 l&#8217;avant-garde des fronti\u00e8res acad\u00e9miques. Renomm\u00e9es pour favoriser un \u00e9cosyst\u00e8me collaboratif, elles ont g\u00e9n\u00e9r\u00e9 parmi les forces de travail les plus sophistiqu\u00e9es au monde et des innovations de recherche r\u00e9volutionnaires. Ces r\u00e9alisations sont les pierres angulaires du progr\u00e8s technologique et social, nous menant vers une soci\u00e9t\u00e9 qui valorise la libert\u00e9 de pens\u00e9e et la prosp\u00e9rit\u00e9 collective. L&#8217;engagement des institutions d&#8217;enseignement sup\u00e9rieur nord-am\u00e9ricaines est une strat\u00e9gie imp\u00e9rative pour toute institution d&#8217;enseignement sup\u00e9rieur souhaitant se placer \u00e0 l&#8217;avant-garde de la production de connaissances et \u00e9lever son profil international.<br><br>\n\nCes remarquables accomplissements acad\u00e9miques sont le fruit des efforts inlassables des visionnaires pr\u00e9c\u00e9dents qui croyaient en la transcendance des fronti\u00e8res par l&#8217;\u00e9ducation. Malgr\u00e9 l&#8217;opposition, l&#8217;indiff\u00e9rence et les d\u00e9fis importants, c&#8217;est l&#8217;engagement in\u00e9branlable des d\u00e9fenseurs de l&#8217;\u00e9ducation internationale qui a trac\u00e9 les chemins que nous suivons maintenant pour la collaboration. Veuillez accepter cette invitation sinc\u00e8re \u00e0 rejoindre d&#8217;autres pionniers et champions de l&#8217;\u00e9ducation internationale pour continuer \u00e0 voir au-del\u00e0 de l&#8217;horizon. La collaboration internationale est transformative &#8211; non seulement pour nos \u00e9tudiants et nos communaut\u00e9s acad\u00e9miques, mais pour nos soci\u00e9t\u00e9s collectives.<br><br>\n\nCette ann\u00e9e, nous nous concentrons sur le rajeunissement et le renforcement de notre r\u00e9seau d&#8217;enseignement sup\u00e9rieur international, nous pr\u00e9parant pour une nouvelle \u00e8re de collaboration enrichie. C&#8217;est une opportunit\u00e9 unique d&#8217;explorer des strat\u00e9gies innovantes, des technologies de pointe et de forger des partenariats durables. Nous appelons les agents actifs de l&#8217;internationalisation \u00e0 mobiliser leurs \u00e9quipes, \u00e0 se connecter, \u00e0 apprendre et \u00e0 poser les bases de projets qui red\u00e9finiront le paysage acad\u00e9mique. C&#8217;est une excellente opportunit\u00e9 pour les jeunes internationalistes en d\u00e9but de carri\u00e8re de former un r\u00e9seau qui pourra soutenir leurs ambitions pendant des d\u00e9cennies. Le voyage vers l&#8217;internationalisation de l&#8217;enseignement sup\u00e9rieur est r\u00e9alis\u00e9 par notre force collective, amplifi\u00e9e par la diversit\u00e9, l&#8217;unit\u00e9 de but et les visions partag\u00e9es.<br><br>\n\nLa conf\u00e9rence de CONAHEC r\u00e9unira des leaders d&#8217;opinion en mati\u00e8re d&#8217;internationalisation de l&#8217;enseignement sup\u00e9rieur, ainsi que des praticiens exp\u00e9riment\u00e9s et nouveaux dans le domaine. Si vous avez des partenariats actifs avec des institutions nord-am\u00e9ricaines ou si vous \u00eates int\u00e9ress\u00e9 \u00e0 en explorer et \u00e0 en \u00e9tablir, cette conf\u00e9rence est pour vous. Les participants renforceront leurs r\u00e9seaux professionnels, trouveront des partenaires et des amis pour des projets internationaux et vivront une exp\u00e9rience inoubliable. Ne manquez pas cette chance de faire partie d&#8217;un mouvement qui r\u00e9imagine l&#8217;avenir de l&#8217;enseignement sup\u00e9rieur international.<br><br>\n\nRejoignez-nous au carrefour de l&#8217;innovation, de la collaboration et du changement transformateur. Rejoignez-nous pour affirmer et renforcer le r\u00f4le inestimable de la collaboration en mati\u00e8re d&#8217;enseignement sup\u00e9rieur international. Ensemble, nous pouvons cr\u00e9er un h\u00e9ritage de progr\u00e8s et d&#8217;excellence qui transcende les fronti\u00e8res et redessine le monde. Nous avons h\u00e2te de passer du temps avec vous !<br><br>\t\t\t\t\t\t<\/div>\n\t\t\t\t<\/div>\n\t\t\t\t\t<\/div>\n\t\t\t\t<\/div>\n\t\t<div class=\"elementor-element elementor-element-1d6cf12 e-flex e-con-boxed e-con e-parent\" data-id=\"1d6cf12\" data-element_type=\"container\">\n\t\t\t\t\t<div class=\"e-con-inner\">\n\t\t\t\t<div class=\"elementor-element elementor-element-627c81d elementor-countdown--label-block elementor-widget elementor-widget-countdown\" data-id=\"627c81d\" data-element_type=\"widget\" data-widget_type=\"countdown.default\">\n\t\t\t\t<div class=\"elementor-widget-container\">\n\t\t\t<style>\/*! elementor-pro - v3.23.0 - 05-08-2024 *\/\n.elementor-widget-countdown .elementor-countdown-expire--message{display:none;padding:20px;text-align:center}.elementor-widget-countdown .elementor-countdown-wrapper{flex-direction:row}.elementor-widget-countdown .elementor-countdown-item{padding:20px 0;text-align:center;color:#fff}.elementor-widget-countdown .elementor-countdown-digits,.elementor-widget-countdown .elementor-countdown-label{line-height:1}.elementor-widget-countdown .elementor-countdown-digits{font-size:69px}.elementor-widget-countdown .elementor-countdown-label{font-size:19px}.elementor-widget-countdown.elementor-countdown--label-block .elementor-countdown-wrapper{display:flex;justify-content:center;margin-right:auto;margin-left:auto}.elementor-widget-countdown.elementor-countdown--label-block .elementor-countdown-digits,.elementor-widget-countdown.elementor-countdown--label-block .elementor-countdown-label{display:block}.elementor-widget-countdown.elementor-countdown--label-block .elementor-countdown-item{flex-basis:0;flex-grow:1}.elementor-widget-countdown.elementor-countdown--label-inline{text-align:center}.elementor-widget-countdown.elementor-countdown--label-inline .elementor-countdown-item{display:inline-block;padding-left:5px;padding-right:5px}<\/style>\t\t<div class=\"elementor-countdown-wrapper\" data-date=\"1729674000\">\n\t\t\t<div class=\"elementor-countdown-item\"><span class=\"elementor-countdown-digits elementor-countdown-days\"><\/span> <span class=\"elementor-countdown-label\">Days<\/span><\/div><div class=\"elementor-countdown-item\"><span class=\"elementor-countdown-digits elementor-countdown-hours\"><\/span> <span class=\"elementor-countdown-label\">Hours<\/span><\/div><div class=\"elementor-countdown-item\"><span class=\"elementor-countdown-digits elementor-countdown-minutes\"><\/span> <span class=\"elementor-countdown-label\">Minutes<\/span><\/div><div class=\"elementor-countdown-item\"><span class=\"elementor-countdown-digits elementor-countdown-seconds\"><\/span> <span class=\"elementor-countdown-label\">Seconds<\/span><\/div>\t\t<\/div>\n\t\t\t\t<\/div>\n\t\t\t\t<\/div>\n\t\t\t\t\t<\/div>\n\t\t\t\t<\/div>\n\t\t\t\t<\/div>\n\t\t","protected":false},"excerpt":{"rendered":"<p>Veuillez noter : La 22e Conf\u00e9rence nord-am\u00e9ricainede l&#8217;enseignement sup\u00e9rieur de CONAHECa \u00e9t\u00e9 report\u00e9e au printemps 2025. Les institutions d&#8217;enseignement sup\u00e9rieur d&#8217;Am\u00e9rique du Nord se trouvent \u00e0 l&#8217;avant-garde des fronti\u00e8res acad\u00e9miques. Renomm\u00e9es pour favoriser un \u00e9cosyst\u00e8me collaboratif, elles ont g\u00e9n\u00e9r\u00e9 parmi les forces de travail les plus sophistiqu\u00e9es au monde et des innovations de recherche r\u00e9volutionnaires. [&hellip;]<\/p>\n","protected":false},"author":4,"featured_media":0,"parent":0,"menu_order":0,"comment_status":"closed","ping_status":"closed","template":"elementor_header_footer","meta":{"ocean_post_layout":"","ocean_both_sidebars_style":"","ocean_both_sidebars_content_width":0,"ocean_both_sidebars_sidebars_width":0,"ocean_sidebar":"","ocean_second_sidebar":"","ocean_disable_margins":"enable","ocean_add_body_class":"","ocean_shortcode_before_top_bar":"","ocean_shortcode_after_top_bar":"","ocean_shortcode_before_header":"","ocean_shortcode_after_header":"","ocean_has_shortcode":"","ocean_shortcode_after_title":"","ocean_shortcode_before_footer_widgets":"","ocean_shortcode_after_footer_widgets":"","ocean_shortcode_before_footer_bottom":"","ocean_shortcode_after_footer_bottom":"","ocean_display_top_bar":"default","ocean_display_header":"default","ocean_header_style":"","ocean_center_header_left_menu":"","ocean_custom_header_template":"","ocean_custom_logo":0,"ocean_custom_retina_logo":0,"ocean_custom_logo_max_width":0,"ocean_custom_logo_tablet_max_width":0,"ocean_custom_logo_mobile_max_width":0,"ocean_custom_logo_max_height":0,"ocean_custom_logo_tablet_max_height":0,"ocean_custom_logo_mobile_max_height":0,"ocean_header_custom_menu":"","ocean_menu_typo_font_family":"","ocean_menu_typo_font_subset":"","ocean_menu_typo_font_size":0,"ocean_menu_typo_font_size_tablet":0,"ocean_menu_typo_font_size_mobile":0,"ocean_menu_typo_font_size_unit":"px","ocean_menu_typo_font_weight":"","ocean_menu_typo_font_weight_tablet":"","ocean_menu_typo_font_weight_mobile":"","ocean_menu_typo_transform":"","ocean_menu_typo_transform_tablet":"","ocean_menu_typo_transform_mobile":"","ocean_menu_typo_line_height":0,"ocean_menu_typo_line_height_tablet":0,"ocean_menu_typo_line_height_mobile":0,"ocean_menu_typo_line_height_unit":"","ocean_menu_typo_spacing":0,"ocean_menu_typo_spacing_tablet":0,"ocean_menu_typo_spacing_mobile":0,"ocean_menu_typo_spacing_unit":"","ocean_menu_link_color":"","ocean_menu_link_color_hover":"","ocean_menu_link_color_active":"","ocean_menu_link_background":"","ocean_menu_link_hover_background":"","ocean_menu_link_active_background":"","ocean_menu_social_links_bg":"","ocean_menu_social_hover_links_bg":"","ocean_menu_social_links_color":"","ocean_menu_social_hover_links_color":"","ocean_disable_title":"default","ocean_disable_heading":"default","ocean_post_title":"","ocean_post_subheading":"","ocean_post_title_style":"","ocean_post_title_background_color":"","ocean_post_title_background":0,"ocean_post_title_bg_image_position":"","ocean_post_title_bg_image_attachment":"","ocean_post_title_bg_image_repeat":"","ocean_post_title_bg_image_size":"","ocean_post_title_height":0,"ocean_post_title_bg_overlay":0.5,"ocean_post_title_bg_overlay_color":"","ocean_disable_breadcrumbs":"default","ocean_breadcrumbs_color":"","ocean_breadcrumbs_separator_color":"","ocean_breadcrumbs_links_color":"","ocean_breadcrumbs_links_hover_color":"","ocean_display_footer_widgets":"default","ocean_display_footer_bottom":"default","ocean_custom_footer_template":"","footnotes":""},"wf_page_folders":[62],"class_list":["post-1386","page","type-page","status-publish","hentry","entry"],"yoast_head":"<!-- This site is optimized with the Yoast SEO plugin v24.3 - https:\/\/yoast.com\/wordpress\/plugins\/seo\/ -->\r\n<title>\u00c1 propos du congr\u00e8s - Consortium for North American Higher Education Collaboration<\/title>\r\n<meta name=\"robots\" content=\"index, follow, max-snippet:-1, max-image-preview:large, max-video-preview:-1\" \/>\r\n<link rel=\"canonical\" href=\"https:\/\/www.conahec.org\/index.php\/fr\/about_conahec_2024_fr\/\" \/>\r\n<meta property=\"og:locale\" content=\"en_US\" \/>\r\n<meta property=\"og:type\" content=\"article\" \/>\r\n<meta property=\"og:title\" content=\"\u00c1 propos du congr\u00e8s - Consortium for North American Higher Education Collaboration\" \/>\r\n<meta property=\"og:description\" content=\"Veuillez noter : La 22e Conf\u00e9rence nord-am\u00e9ricainede l&#8217;enseignement sup\u00e9rieur de CONAHECa \u00e9t\u00e9 report\u00e9e au printemps 2025. Les institutions d&#8217;enseignement sup\u00e9rieur d&#8217;Am\u00e9rique du Nord se trouvent \u00e0 l&#8217;avant-garde des fronti\u00e8res acad\u00e9miques. Renomm\u00e9es pour favoriser un \u00e9cosyst\u00e8me collaboratif, elles ont g\u00e9n\u00e9r\u00e9 parmi les forces de travail les plus sophistiqu\u00e9es au monde et des innovations de recherche r\u00e9volutionnaires. [&hellip;]\" \/>\r\n<meta property=\"og:url\" content=\"https:\/\/www.conahec.org\/index.php\/fr\/about_conahec_2024_fr\/\" \/>\r\n<meta property=\"og:site_name\" content=\"Consortium for North American Higher Education Collaboration\" \/>\r\n<meta property=\"article:publisher\" content=\"https:\/\/www.facebook.com\/CONAHEC1\/\" \/>\r\n<meta property=\"article:modified_time\" content=\"2024-08-26T22:53:39+00:00\" \/>\r\n<meta property=\"og:image\" content=\"https:\/\/www.conahec.org\/wp-content\/uploads\/2024\/05\/cropped-CONAHEC165x165.png\" \/>\r\n<meta name=\"twitter:card\" content=\"summary_large_image\" \/>\r\n<meta name=\"twitter:site\" content=\"@conahec\" \/>\r\n<meta name=\"twitter:label1\" content=\"Est. reading time\" \/>\n\t<meta name=\"twitter:data1\" content=\"3 minutes\" \/>\r\n<script type=\"application\/ld+json\" class=\"yoast-schema-graph\">{\"@context\":\"https:\/\/schema.org\",\"@graph\":[{\"@type\":\"WebPage\",\"@id\":\"https:\/\/www.conahec.org\/index.php\/fr\/about_conahec_2024_fr\/\",\"url\":\"https:\/\/www.conahec.org\/index.php\/fr\/about_conahec_2024_fr\/\",\"name\":\"\u00c1 propos du congr\u00e8s - Consortium for North American Higher Education Collaboration\",\"isPartOf\":{\"@id\":\"https:\/\/www.conahec.org\/#website\"},\"primaryImageOfPage\":{\"@id\":\"https:\/\/www.conahec.org\/index.php\/fr\/about_conahec_2024_fr\/#primaryimage\"},\"image\":{\"@id\":\"https:\/\/www.conahec.org\/index.php\/fr\/about_conahec_2024_fr\/#primaryimage\"},\"thumbnailUrl\":\"https:\/\/www.conahec.org\/wp-content\/uploads\/2024\/05\/cropped-CONAHEC165x165.png\",\"datePublished\":\"2024-05-22T22:58:31+00:00\",\"dateModified\":\"2024-08-26T22:53:39+00:00\",\"breadcrumb\":{\"@id\":\"https:\/\/www.conahec.org\/index.php\/fr\/about_conahec_2024_fr\/#breadcrumb\"},\"inLanguage\":\"en-US\",\"potentialAction\":[{\"@type\":\"ReadAction\",\"target\":[\"https:\/\/www.conahec.org\/index.php\/fr\/about_conahec_2024_fr\/\"]}]},{\"@type\":\"ImageObject\",\"inLanguage\":\"en-US\",\"@id\":\"https:\/\/www.conahec.org\/index.php\/fr\/about_conahec_2024_fr\/#primaryimage\",\"url\":\"https:\/\/www.conahec.org\/wp-content\/uploads\/2024\/05\/cropped-CONAHEC165x165.png\",\"contentUrl\":\"https:\/\/www.conahec.org\/wp-content\/uploads\/2024\/05\/cropped-CONAHEC165x165.png\",\"width\":165,\"height\":142,\"caption\":\"Consortium for North American Higher Education Collaboration Logo - All Rights Reserved\"},{\"@type\":\"BreadcrumbList\",\"@id\":\"https:\/\/www.conahec.org\/index.php\/fr\/about_conahec_2024_fr\/#breadcrumb\",\"itemListElement\":[{\"@type\":\"ListItem\",\"position\":1,\"name\":\"Home\",\"item\":\"https:\/\/www.conahec.org\/\"},{\"@type\":\"ListItem\",\"position\":2,\"name\":\"\u00c1 propos du congr\u00e8s\"}]},{\"@type\":\"WebSite\",\"@id\":\"https:\/\/www.conahec.org\/#website\",\"url\":\"https:\/\/www.conahec.org\/\",\"name\":\"conahec.org\",\"description\":\"Facilitating Higher Education Collaboration in North America and Beyond\",\"publisher\":{\"@id\":\"https:\/\/www.conahec.org\/#organization\"},\"potentialAction\":[{\"@type\":\"SearchAction\",\"target\":{\"@type\":\"EntryPoint\",\"urlTemplate\":\"https:\/\/www.conahec.org\/?s={search_term_string}\"},\"query-input\":{\"@type\":\"PropertyValueSpecification\",\"valueRequired\":true,\"valueName\":\"search_term_string\"}}],\"inLanguage\":\"en-US\"},{\"@type\":\"Organization\",\"@id\":\"https:\/\/www.conahec.org\/#organization\",\"name\":\"Consortium for North American Higher Education Collaboration (CONAHEC)\",\"url\":\"https:\/\/www.conahec.org\/\",\"logo\":{\"@type\":\"ImageObject\",\"inLanguage\":\"en-US\",\"@id\":\"https:\/\/www.conahec.org\/#\/schema\/logo\/image\/\",\"url\":\"https:\/\/www.conahec.org\/wp-content\/uploads\/2024\/05\/CONAHECFavicon.jpg\",\"contentUrl\":\"https:\/\/www.conahec.org\/wp-content\/uploads\/2024\/05\/CONAHECFavicon.jpg\",\"width\":512,\"height\":512,\"caption\":\"Consortium for North American Higher Education Collaboration (CONAHEC)\"},\"image\":{\"@id\":\"https:\/\/www.conahec.org\/#\/schema\/logo\/image\/\"},\"sameAs\":[\"https:\/\/www.facebook.com\/CONAHEC1\/\",\"https:\/\/x.com\/conahec\"]}]}<\/script>\r\n<!-- \/ Yoast SEO plugin. -->","yoast_head_json":{"title":"\u00c1 propos du congr\u00e8s - Consortium for North American Higher Education Collaboration","robots":{"index":"index","follow":"follow","max-snippet":"max-snippet:-1","max-image-preview":"max-image-preview:large","max-video-preview":"max-video-preview:-1"},"canonical":"https:\/\/www.conahec.org\/index.php\/fr\/about_conahec_2024_fr\/","og_locale":"en_US","og_type":"article","og_title":"\u00c1 propos du congr\u00e8s - Consortium for North American Higher Education Collaboration","og_description":"Veuillez noter : La 22e Conf\u00e9rence nord-am\u00e9ricainede l&#8217;enseignement sup\u00e9rieur de CONAHECa \u00e9t\u00e9 report\u00e9e au printemps 2025. Les institutions d&#8217;enseignement sup\u00e9rieur d&#8217;Am\u00e9rique du Nord se trouvent \u00e0 l&#8217;avant-garde des fronti\u00e8res acad\u00e9miques. Renomm\u00e9es pour favoriser un \u00e9cosyst\u00e8me collaboratif, elles ont g\u00e9n\u00e9r\u00e9 parmi les forces de travail les plus sophistiqu\u00e9es au monde et des innovations de recherche r\u00e9volutionnaires. [&hellip;]","og_url":"https:\/\/www.conahec.org\/index.php\/fr\/about_conahec_2024_fr\/","og_site_name":"Consortium for North American Higher Education Collaboration","article_publisher":"https:\/\/www.facebook.com\/CONAHEC1\/","article_modified_time":"2024-08-26T22:53:39+00:00","og_image":[{"url":"https:\/\/www.conahec.org\/wp-content\/uploads\/2024\/05\/cropped-CONAHEC165x165.png","type":"","width":"","height":""}],"twitter_card":"summary_large_image","twitter_site":"@conahec","twitter_misc":{"Est. reading time":"3 minutes"},"schema":{"@context":"https:\/\/schema.org","@graph":[{"@type":"WebPage","@id":"https:\/\/www.conahec.org\/index.php\/fr\/about_conahec_2024_fr\/","url":"https:\/\/www.conahec.org\/index.php\/fr\/about_conahec_2024_fr\/","name":"\u00c1 propos du congr\u00e8s - Consortium for North American Higher Education Collaboration","isPartOf":{"@id":"https:\/\/www.conahec.org\/#website"},"primaryImageOfPage":{"@id":"https:\/\/www.conahec.org\/index.php\/fr\/about_conahec_2024_fr\/#primaryimage"},"image":{"@id":"https:\/\/www.conahec.org\/index.php\/fr\/about_conahec_2024_fr\/#primaryimage"},"thumbnailUrl":"https:\/\/www.conahec.org\/wp-content\/uploads\/2024\/05\/cropped-CONAHEC165x165.png","datePublished":"2024-05-22T22:58:31+00:00","dateModified":"2024-08-26T22:53:39+00:00","breadcrumb":{"@id":"https:\/\/www.conahec.org\/index.php\/fr\/about_conahec_2024_fr\/#breadcrumb"},"inLanguage":"en-US","potentialAction":[{"@type":"ReadAction","target":["https:\/\/www.conahec.org\/index.php\/fr\/about_conahec_2024_fr\/"]}]},{"@type":"ImageObject","inLanguage":"en-US","@id":"https:\/\/www.conahec.org\/index.php\/fr\/about_conahec_2024_fr\/#primaryimage","url":"https:\/\/www.conahec.org\/wp-content\/uploads\/2024\/05\/cropped-CONAHEC165x165.png","contentUrl":"https:\/\/www.conahec.org\/wp-content\/uploads\/2024\/05\/cropped-CONAHEC165x165.png","width":165,"height":142,"caption":"Consortium for North American Higher Education Collaboration Logo - All Rights Reserved"},{"@type":"BreadcrumbList","@id":"https:\/\/www.conahec.org\/index.php\/fr\/about_conahec_2024_fr\/#breadcrumb","itemListElement":[{"@type":"ListItem","position":1,"name":"Home","item":"https:\/\/www.conahec.org\/"},{"@type":"ListItem","position":2,"name":"\u00c1 propos du congr\u00e8s"}]},{"@type":"WebSite","@id":"https:\/\/www.conahec.org\/#website","url":"https:\/\/www.conahec.org\/","name":"conahec.org","description":"Facilitating Higher Education Collaboration in North America and Beyond","publisher":{"@id":"https:\/\/www.conahec.org\/#organization"},"potentialAction":[{"@type":"SearchAction","target":{"@type":"EntryPoint","urlTemplate":"https:\/\/www.conahec.org\/?s={search_term_string}"},"query-input":{"@type":"PropertyValueSpecification","valueRequired":true,"valueName":"search_term_string"}}],"inLanguage":"en-US"},{"@type":"Organization","@id":"https:\/\/www.conahec.org\/#organization","name":"Consortium for North American Higher Education Collaboration (CONAHEC)","url":"https:\/\/www.conahec.org\/","logo":{"@type":"ImageObject","inLanguage":"en-US","@id":"https:\/\/www.conahec.org\/#\/schema\/logo\/image\/","url":"https:\/\/www.conahec.org\/wp-content\/uploads\/2024\/05\/CONAHECFavicon.jpg","contentUrl":"https:\/\/www.conahec.org\/wp-content\/uploads\/2024\/05\/CONAHECFavicon.jpg","width":512,"height":512,"caption":"Consortium for North American Higher Education Collaboration (CONAHEC)"},"image":{"@id":"https:\/\/www.conahec.org\/#\/schema\/logo\/image\/"},"sameAs":["https:\/\/www.facebook.com\/CONAHEC1\/","https:\/\/x.com\/conahec"]}]}},"_links":{"self":[{"href":"https:\/\/www.conahec.org\/index.php\/wp-json\/wp\/v2\/pages\/1386","targetHints":{"allow":["GET"]}}],"collection":[{"href":"https:\/\/www.conahec.org\/index.php\/wp-json\/wp\/v2\/pages"}],"about":[{"href":"https:\/\/www.conahec.org\/index.php\/wp-json\/wp\/v2\/types\/page"}],"author":[{"embeddable":true,"href":"https:\/\/www.conahec.org\/index.php\/wp-json\/wp\/v2\/users\/4"}],"replies":[{"embeddable":true,"href":"https:\/\/www.conahec.org\/index.php\/wp-json\/wp\/v2\/comments?post=1386"}],"version-history":[{"count":24,"href":"https:\/\/www.conahec.org\/index.php\/wp-json\/wp\/v2\/pages\/1386\/revisions"}],"predecessor-version":[{"id":2606,"href":"https:\/\/www.conahec.org\/index.php\/wp-json\/wp\/v2\/pages\/1386\/revisions\/2606"}],"wp:attachment":[{"href":"https:\/\/www.conahec.org\/index.php\/wp-json\/wp\/v2\/media?parent=1386"}],"wp:term":[{"taxonomy":"wf_page_folders","embeddable":true,"href":"https:\/\/www.conahec.org\/index.php\/wp-json\/wp\/v2\/wf_page_folders?post=1386"}],"curies":[{"name":"wp","href":"https:\/\/api.w.org\/{rel}","templated":true}]}}