{"id":1404,"date":"2024-04-10T19:38:48","date_gmt":"2024-04-10T19:38:48","guid":{"rendered":"https:\/\/www.conahec.org\/?page_id=1404"},"modified":"2024-08-26T23:18:34","modified_gmt":"2024-08-26T23:18:34","slug":"call-for-proposals_fr","status":"publish","type":"page","link":"https:\/\/www.conahec.org\/index.php\/fr\/call-for-proposals_fr\/","title":{"rendered":"Appel \u00e0 propositions de pr\u00e9sentation"},"content":{"rendered":"\t\t<div data-elementor-type=\"wp-page\" data-elementor-id=\"1404\" class=\"elementor elementor-1404\" data-elementor-post-type=\"page\">\n\t\t\t\t<div class=\"elementor-element elementor-element-230a5501 e-flex e-con-boxed e-con e-parent\" data-id=\"230a5501\" data-element_type=\"container\">\n\t\t\t\t\t<div class=\"e-con-inner\">\n\t\t\t\t<div class=\"elementor-element elementor-element-7c8c692e elementor-widget elementor-widget-text-editor\" data-id=\"7c8c692e\" data-element_type=\"widget\" data-widget_type=\"text-editor.default\">\n\t\t\t\t<div class=\"elementor-widget-container\">\n\t\t\t<style>\/*! elementor - v3.23.0 - 05-08-2024 *\/\n.elementor-widget-text-editor.elementor-drop-cap-view-stacked .elementor-drop-cap{background-color:#69727d;color:#fff}.elementor-widget-text-editor.elementor-drop-cap-view-framed .elementor-drop-cap{color:#69727d;border:3px solid;background-color:transparent}.elementor-widget-text-editor:not(.elementor-drop-cap-view-default) .elementor-drop-cap{margin-top:8px}.elementor-widget-text-editor:not(.elementor-drop-cap-view-default) .elementor-drop-cap-letter{width:1em;height:1em}.elementor-widget-text-editor .elementor-drop-cap{float:left;text-align:center;line-height:1;font-size:50px}.elementor-widget-text-editor .elementor-drop-cap-letter{display:inline-block}<\/style>\t\t\t\tLes parties prenantes de l&#8217;enseignement sup\u00e9rieur engag\u00e9es \u00e0 l&#8217;international sont invit\u00e9es \u00e0 soumettre des propositions pour offrir des pr\u00e9sentations abordant des questions importantes pour la collaboration internationale en enseignement sup\u00e9rieur.\n\n<h2>Quelques th\u00e8mes possibles incluent :<\/h2>\n<ul>\n \t<li style=\"list-style-type: none;\">\n<ul>\n \t<li style=\"list-style-type: none;\">\n<ul>\n \t<li style=\"font-weight: 400;\" aria-level=\"1\"><span style=\"font-weight: 400;\">Apprentissage international collaboratif en ligne (COIL) et autres mod\u00e8les de partenariats internationaux virtuels<\/span><\/li>\n \t<li style=\"font-weight: 400;\" aria-level=\"1\"><span style=\"font-weight: 400;\">Mod\u00e8les de programmes internationaux et meilleures pratiques<\/span><\/li>\n \t<li style=\"font-weight: 400;\" aria-level=\"1\"><span style=\"font-weight: 400;\">Tendances et opportunit\u00e9s de mobilit\u00e9 internationale des \u00e9tudiants<\/span><\/li>\n \t<li style=\"font-weight: 400;\" aria-level=\"1\"><span style=\"font-weight: 400;\">Structuration des partenariats de recherche internationale<\/span><\/li>\n \t<li style=\"font-weight: 400;\" aria-level=\"1\"><span style=\"font-weight: 400;\">Stages internationaux et apprentissage par le service<\/span><\/li>\n \t<li style=\"font-weight: 400;\" aria-level=\"1\"><span style=\"font-weight: 400;\">Programmes intensifs de langues et programmes de transition<\/span><\/li>\n \t<li style=\"font-weight: 400;\" aria-level=\"1\"><span style=\"font-weight: 400;\">Approfondissement de la mobilit\u00e9 acad\u00e9mique internationale \u00e0 travers des clusters th\u00e9matiques<\/span> et engagement strat\u00e9gique international<\/li>\n \t<li style=\"font-weight: 400;\" aria-level=\"1\"><span style=\"font-weight: 400;\">Administration de l&#8217;internationalisation : strat\u00e9gies et pratiques r\u00e9ussies<\/span><\/li>\n<\/ul>\n<\/li>\n<\/ul>\n<\/li>\n<\/ul>\n<h2>Format de pr\u00e9sentation :<\/h2>\n<span style=\"font-weight: 400;\">Les sujets compl\u00e9mentaires devraient id\u00e9alement \u00eatre pr\u00e9sent\u00e9s du point de vue de repr\u00e9sentants de plus d&#8217;un pays\/contexte culturel lors de chaque session. Si vous avez des coll\u00e8gues avec qui vous pouvez soumettre une proposition conjointe, nous vous encourageons \u00e0 le faire (veuillez v\u00e9rifier leur int\u00e9r\u00eat et leur disponibilit\u00e9 pour assister et pr\u00e9senter avant de soumettre votre proposition).<\/span>\n<span style=\"font-weight: 400;\">La pr\u00e9f\u00e9rence sera donn\u00e9e aux pr\u00e9sentations de groupe coordonn\u00e9es impliquant des repr\u00e9sentants de plusieurs institutions et pays.<\/span>\n\n<span style=\"font-weight: 400;\">Vous \u00eates \u00e9galement invit\u00e9 \u00e0 proposer un sujet seul, mais dans l&#8217;esprit de la collaboration internationale, vous serez probablement plac\u00e9 dans une session avec des co-pr\u00e9sentateurs d&#8217;autres pays. La dur\u00e9e des sessions simultan\u00e9es est d&#8217;une heure et quinze minutes. \u00c9tant donn\u00e9 que chaque session contient le plus souvent 3 \u00e0 4 co-pr\u00e9sentateurs coordonn\u00e9s par un mod\u00e9rateur, chaque pr\u00e9sentateur doit pr\u00e9voir de partager \u00e9quitablement le temps avec les autres co-pr\u00e9sentateurs (quel que soit le format). Nous sugg\u00e9rons de laisser au moins 15 minutes disponibles pour l&#8217;interaction avec le public.<\/span>\n\n<span style=\"font-weight: 400;\">Veuillez ne pas identifier des personnes qui n&#8217;assisteront pas \u00e0 la conf\u00e9rence comme &#8220;co-pr\u00e9sentateurs&#8221; dans le formulaire de proposition de pr\u00e9sentation. Ceux qui n&#8217;assisteront pas \u00e0 la conf\u00e9rence ne seront pas mentionn\u00e9s dans le programme de la conf\u00e9rence, \u00e0 moins qu&#8217;ils ne soient mentionn\u00e9s dans la section &#8220;Description&#8221; du formulaire de soumission de proposition de pr\u00e9sentation.<\/span>\n\n<span style=\"font-weight: 400;\">Pour minimiser les niveaux de d\u00e9penses pour tous les participants \u00e0 la conf\u00e9rence, malheureusement, les pr\u00e9sentateurs ne recevront aucune compensation ni r\u00e9duction d&#8217;inscription au-del\u00e0 de l&#8217;offre de prix pr\u00e9vente jusqu&#8217;\u00e0 la fin de la p\u00e9riode d&#8217;inscription r\u00e9guli\u00e8re. Un code d&#8217;inscription sera fourni \u00e0 ceux dont les pr\u00e9sentations ont \u00e9t\u00e9 accept\u00e9es. Si vous ne l&#8217;avez pas re\u00e7u ou si vous avez \u00e9gar\u00e9 votre code, veuillez nous envoyer un courriel \u00e0 <a href=\"mailto:events@gmail.com?subject=Inquiry%20from%20CONAHEC%202024%20website&amp;cc=conahec@gmail.com\">events@conahec.org<\/a>. Les frais de voyage, d&#8217;h\u00e9bergement, d&#8217;inscription \u00e0 la conf\u00e9rence et toutes les autres d\u00e9penses seront de la seule responsabilit\u00e9 du pr\u00e9sentateur.<\/span>\n\n<span style=\"font-weight: 400;\">Veuillez conserver une copie de sauvegarde de votre proposition originale dans un document de traitement de texte s\u00e9par\u00e9 et l&#8217;envoyer par courriel \u00e0 <a href=\"mailto:events@gmail.com?subject=Inquiry%20from%20CONAHEC%202024%20website&amp;cc=conahec@gmail.com\">events@conahec.org<\/a> afin que nous puissions nous assurer que toutes les pr\u00e9sentations sont correctement re\u00e7ues et examin\u00e9es. Pour soumettre une proposition, <\/span><span style=\"font-weight: 400;\">compl\u00e9tez le formulaire ci-dessous.<\/span>\t\t\t\t\t\t<\/div>\n\t\t\t\t<\/div>\n\t\t\t\t<div class=\"elementor-element elementor-element-f412e99 elementor-align-center elementor-widget__width-initial elementor-widget elementor-widget-button\" data-id=\"f412e99\" data-element_type=\"widget\" data-widget_type=\"button.default\">\n\t\t\t\t<div class=\"elementor-widget-container\">\n\t\t\t\t\t<div class=\"elementor-button-wrapper\">\n\t\t\t<a class=\"elementor-button elementor-size-sm\" role=\"button\">\n\t\t\t\t\t\t<span class=\"elementor-button-content-wrapper\">\n\t\t\t\t\t\t\t\t\t<span class=\"elementor-button-text\">C'est ici que vous trouverez le lien vers le formulaire de soumission de proposition.<\/span>\n\t\t\t\t\t<\/span>\n\t\t\t\t\t<\/a>\n\t\t<\/div>\n\t\t\t\t<\/div>\n\t\t\t\t<\/div>\n\t\t\t\t\t<\/div>\n\t\t\t\t<\/div>\n\t\t\t\t<\/div>\n\t\t","protected":false},"excerpt":{"rendered":"<p>Les parties prenantes de l&#8217;enseignement sup\u00e9rieur engag\u00e9es \u00e0 l&#8217;international sont invit\u00e9es \u00e0 soumettre des propositions pour offrir des pr\u00e9sentations abordant des questions importantes pour la collaboration internationale en enseignement sup\u00e9rieur. Quelques th\u00e8mes possibles incluent : Apprentissage international collaboratif en ligne (COIL) et autres mod\u00e8les de partenariats internationaux virtuels Mod\u00e8les de programmes internationaux et meilleures pratiques [&hellip;]<\/p>\n","protected":false},"author":4,"featured_media":0,"parent":0,"menu_order":0,"comment_status":"closed","ping_status":"closed","template":"elementor_header_footer","meta":{"ocean_post_layout":"","ocean_both_sidebars_style":"","ocean_both_sidebars_content_width":0,"ocean_both_sidebars_sidebars_width":0,"ocean_sidebar":"","ocean_second_sidebar":"","ocean_disable_margins":"enable","ocean_add_body_class":"","ocean_shortcode_before_top_bar":"","ocean_shortcode_after_top_bar":"","ocean_shortcode_before_header":"","ocean_shortcode_after_header":"","ocean_has_shortcode":"","ocean_shortcode_after_title":"","ocean_shortcode_before_footer_widgets":"","ocean_shortcode_after_footer_widgets":"","ocean_shortcode_before_footer_bottom":"","ocean_shortcode_after_footer_bottom":"","ocean_display_top_bar":"default","ocean_display_header":"default","ocean_header_style":"","ocean_center_header_left_menu":"","ocean_custom_header_template":"","ocean_custom_logo":0,"ocean_custom_retina_logo":0,"ocean_custom_logo_max_width":0,"ocean_custom_logo_tablet_max_width":0,"ocean_custom_logo_mobile_max_width":0,"ocean_custom_logo_max_height":0,"ocean_custom_logo_tablet_max_height":0,"ocean_custom_logo_mobile_max_height":0,"ocean_header_custom_menu":"","ocean_menu_typo_font_family":"","ocean_menu_typo_font_subset":"","ocean_menu_typo_font_size":0,"ocean_menu_typo_font_size_tablet":0,"ocean_menu_typo_font_size_mobile":0,"ocean_menu_typo_font_size_unit":"px","ocean_menu_typo_font_weight":"","ocean_menu_typo_font_weight_tablet":"","ocean_menu_typo_font_weight_mobile":"","ocean_menu_typo_transform":"","ocean_menu_typo_transform_tablet":"","ocean_menu_typo_transform_mobile":"","ocean_menu_typo_line_height":0,"ocean_menu_typo_line_height_tablet":0,"ocean_menu_typo_line_height_mobile":0,"ocean_menu_typo_line_height_unit":"","ocean_menu_typo_spacing":0,"ocean_menu_typo_spacing_tablet":0,"ocean_menu_typo_spacing_mobile":0,"ocean_menu_typo_spacing_unit":"","ocean_menu_link_color":"","ocean_menu_link_color_hover":"","ocean_menu_link_color_active":"","ocean_menu_link_background":"","ocean_menu_link_hover_background":"","ocean_menu_link_active_background":"","ocean_menu_social_links_bg":"","ocean_menu_social_hover_links_bg":"","ocean_menu_social_links_color":"","ocean_menu_social_hover_links_color":"","ocean_disable_title":"default","ocean_disable_heading":"default","ocean_post_title":"","ocean_post_subheading":"","ocean_post_title_style":"","ocean_post_title_background_color":"","ocean_post_title_background":0,"ocean_post_title_bg_image_position":"","ocean_post_title_bg_image_attachment":"","ocean_post_title_bg_image_repeat":"","ocean_post_title_bg_image_size":"","ocean_post_title_height":0,"ocean_post_title_bg_overlay":0.5,"ocean_post_title_bg_overlay_color":"","ocean_disable_breadcrumbs":"default","ocean_breadcrumbs_color":"","ocean_breadcrumbs_separator_color":"","ocean_breadcrumbs_links_color":"","ocean_breadcrumbs_links_hover_color":"","ocean_display_footer_widgets":"default","ocean_display_footer_bottom":"default","ocean_custom_footer_template":"","footnotes":""},"wf_page_folders":[62],"class_list":["post-1404","page","type-page","status-publish","hentry","entry"],"yoast_head":"<!-- This site is optimized with the Yoast SEO plugin v24.3 - https:\/\/yoast.com\/wordpress\/plugins\/seo\/ -->\r\n<title>Appel \u00e0 propositions de pr\u00e9sentation - Consortium for North American Higher Education Collaboration<\/title>\r\n<meta name=\"robots\" content=\"index, follow, max-snippet:-1, max-image-preview:large, max-video-preview:-1\" \/>\r\n<link rel=\"canonical\" href=\"https:\/\/www.conahec.org\/index.php\/fr\/call-for-proposals_fr\/\" \/>\r\n<meta property=\"og:locale\" content=\"en_US\" \/>\r\n<meta property=\"og:type\" content=\"article\" \/>\r\n<meta property=\"og:title\" content=\"Appel \u00e0 propositions de pr\u00e9sentation - Consortium for North American Higher Education Collaboration\" \/>\r\n<meta property=\"og:description\" content=\"Les parties prenantes de l&#8217;enseignement sup\u00e9rieur engag\u00e9es \u00e0 l&#8217;international sont invit\u00e9es \u00e0 soumettre des propositions pour offrir des pr\u00e9sentations abordant des questions importantes pour la collaboration internationale en enseignement sup\u00e9rieur. Quelques th\u00e8mes possibles incluent : Apprentissage international collaboratif en ligne (COIL) et autres mod\u00e8les de partenariats internationaux virtuels Mod\u00e8les de programmes internationaux et meilleures pratiques [&hellip;]\" \/>\r\n<meta property=\"og:url\" content=\"https:\/\/www.conahec.org\/index.php\/fr\/call-for-proposals_fr\/\" \/>\r\n<meta property=\"og:site_name\" content=\"Consortium for North American Higher Education Collaboration\" \/>\r\n<meta property=\"article:publisher\" content=\"https:\/\/www.facebook.com\/CONAHEC1\/\" \/>\r\n<meta property=\"article:modified_time\" content=\"2024-08-26T23:18:34+00:00\" \/>\r\n<meta name=\"twitter:card\" content=\"summary_large_image\" \/>\r\n<meta name=\"twitter:site\" content=\"@conahec\" \/>\r\n<meta name=\"twitter:label1\" content=\"Est. reading time\" \/>\n\t<meta name=\"twitter:data1\" content=\"3 minutes\" \/>\r\n<script type=\"application\/ld+json\" class=\"yoast-schema-graph\">{\"@context\":\"https:\/\/schema.org\",\"@graph\":[{\"@type\":\"WebPage\",\"@id\":\"https:\/\/www.conahec.org\/index.php\/fr\/call-for-proposals_fr\/\",\"url\":\"https:\/\/www.conahec.org\/index.php\/fr\/call-for-proposals_fr\/\",\"name\":\"Appel \u00e0 propositions de pr\u00e9sentation - Consortium for North American Higher Education Collaboration\",\"isPartOf\":{\"@id\":\"https:\/\/www.conahec.org\/#website\"},\"datePublished\":\"2024-04-10T19:38:48+00:00\",\"dateModified\":\"2024-08-26T23:18:34+00:00\",\"breadcrumb\":{\"@id\":\"https:\/\/www.conahec.org\/index.php\/fr\/call-for-proposals_fr\/#breadcrumb\"},\"inLanguage\":\"en-US\",\"potentialAction\":[{\"@type\":\"ReadAction\",\"target\":[\"https:\/\/www.conahec.org\/index.php\/fr\/call-for-proposals_fr\/\"]}]},{\"@type\":\"BreadcrumbList\",\"@id\":\"https:\/\/www.conahec.org\/index.php\/fr\/call-for-proposals_fr\/#breadcrumb\",\"itemListElement\":[{\"@type\":\"ListItem\",\"position\":1,\"name\":\"Home\",\"item\":\"https:\/\/www.conahec.org\/\"},{\"@type\":\"ListItem\",\"position\":2,\"name\":\"Appel \u00e0 propositions de pr\u00e9sentation\"}]},{\"@type\":\"WebSite\",\"@id\":\"https:\/\/www.conahec.org\/#website\",\"url\":\"https:\/\/www.conahec.org\/\",\"name\":\"conahec.org\",\"description\":\"Facilitating Higher Education Collaboration in North America and Beyond\",\"publisher\":{\"@id\":\"https:\/\/www.conahec.org\/#organization\"},\"potentialAction\":[{\"@type\":\"SearchAction\",\"target\":{\"@type\":\"EntryPoint\",\"urlTemplate\":\"https:\/\/www.conahec.org\/?s={search_term_string}\"},\"query-input\":{\"@type\":\"PropertyValueSpecification\",\"valueRequired\":true,\"valueName\":\"search_term_string\"}}],\"inLanguage\":\"en-US\"},{\"@type\":\"Organization\",\"@id\":\"https:\/\/www.conahec.org\/#organization\",\"name\":\"Consortium for North American Higher Education Collaboration (CONAHEC)\",\"url\":\"https:\/\/www.conahec.org\/\",\"logo\":{\"@type\":\"ImageObject\",\"inLanguage\":\"en-US\",\"@id\":\"https:\/\/www.conahec.org\/#\/schema\/logo\/image\/\",\"url\":\"https:\/\/www.conahec.org\/wp-content\/uploads\/2024\/05\/CONAHECFavicon.jpg\",\"contentUrl\":\"https:\/\/www.conahec.org\/wp-content\/uploads\/2024\/05\/CONAHECFavicon.jpg\",\"width\":512,\"height\":512,\"caption\":\"Consortium for North American Higher Education Collaboration (CONAHEC)\"},\"image\":{\"@id\":\"https:\/\/www.conahec.org\/#\/schema\/logo\/image\/\"},\"sameAs\":[\"https:\/\/www.facebook.com\/CONAHEC1\/\",\"https:\/\/x.com\/conahec\"]}]}<\/script>\r\n<!-- \/ Yoast SEO plugin. -->","yoast_head_json":{"title":"Appel \u00e0 propositions de pr\u00e9sentation - Consortium for North American Higher Education Collaboration","robots":{"index":"index","follow":"follow","max-snippet":"max-snippet:-1","max-image-preview":"max-image-preview:large","max-video-preview":"max-video-preview:-1"},"canonical":"https:\/\/www.conahec.org\/index.php\/fr\/call-for-proposals_fr\/","og_locale":"en_US","og_type":"article","og_title":"Appel \u00e0 propositions de pr\u00e9sentation - Consortium for North American Higher Education Collaboration","og_description":"Les parties prenantes de l&#8217;enseignement sup\u00e9rieur engag\u00e9es \u00e0 l&#8217;international sont invit\u00e9es \u00e0 soumettre des propositions pour offrir des pr\u00e9sentations abordant des questions importantes pour la collaboration internationale en enseignement sup\u00e9rieur. Quelques th\u00e8mes possibles incluent : Apprentissage international collaboratif en ligne (COIL) et autres mod\u00e8les de partenariats internationaux virtuels Mod\u00e8les de programmes internationaux et meilleures pratiques [&hellip;]","og_url":"https:\/\/www.conahec.org\/index.php\/fr\/call-for-proposals_fr\/","og_site_name":"Consortium for North American Higher Education Collaboration","article_publisher":"https:\/\/www.facebook.com\/CONAHEC1\/","article_modified_time":"2024-08-26T23:18:34+00:00","twitter_card":"summary_large_image","twitter_site":"@conahec","twitter_misc":{"Est. reading time":"3 minutes"},"schema":{"@context":"https:\/\/schema.org","@graph":[{"@type":"WebPage","@id":"https:\/\/www.conahec.org\/index.php\/fr\/call-for-proposals_fr\/","url":"https:\/\/www.conahec.org\/index.php\/fr\/call-for-proposals_fr\/","name":"Appel \u00e0 propositions de pr\u00e9sentation - Consortium for North American Higher Education Collaboration","isPartOf":{"@id":"https:\/\/www.conahec.org\/#website"},"datePublished":"2024-04-10T19:38:48+00:00","dateModified":"2024-08-26T23:18:34+00:00","breadcrumb":{"@id":"https:\/\/www.conahec.org\/index.php\/fr\/call-for-proposals_fr\/#breadcrumb"},"inLanguage":"en-US","potentialAction":[{"@type":"ReadAction","target":["https:\/\/www.conahec.org\/index.php\/fr\/call-for-proposals_fr\/"]}]},{"@type":"BreadcrumbList","@id":"https:\/\/www.conahec.org\/index.php\/fr\/call-for-proposals_fr\/#breadcrumb","itemListElement":[{"@type":"ListItem","position":1,"name":"Home","item":"https:\/\/www.conahec.org\/"},{"@type":"ListItem","position":2,"name":"Appel \u00e0 propositions de pr\u00e9sentation"}]},{"@type":"WebSite","@id":"https:\/\/www.conahec.org\/#website","url":"https:\/\/www.conahec.org\/","name":"conahec.org","description":"Facilitating Higher Education Collaboration in North America and Beyond","publisher":{"@id":"https:\/\/www.conahec.org\/#organization"},"potentialAction":[{"@type":"SearchAction","target":{"@type":"EntryPoint","urlTemplate":"https:\/\/www.conahec.org\/?s={search_term_string}"},"query-input":{"@type":"PropertyValueSpecification","valueRequired":true,"valueName":"search_term_string"}}],"inLanguage":"en-US"},{"@type":"Organization","@id":"https:\/\/www.conahec.org\/#organization","name":"Consortium for North American Higher Education Collaboration (CONAHEC)","url":"https:\/\/www.conahec.org\/","logo":{"@type":"ImageObject","inLanguage":"en-US","@id":"https:\/\/www.conahec.org\/#\/schema\/logo\/image\/","url":"https:\/\/www.conahec.org\/wp-content\/uploads\/2024\/05\/CONAHECFavicon.jpg","contentUrl":"https:\/\/www.conahec.org\/wp-content\/uploads\/2024\/05\/CONAHECFavicon.jpg","width":512,"height":512,"caption":"Consortium for North American Higher Education Collaboration (CONAHEC)"},"image":{"@id":"https:\/\/www.conahec.org\/#\/schema\/logo\/image\/"},"sameAs":["https:\/\/www.facebook.com\/CONAHEC1\/","https:\/\/x.com\/conahec"]}]}},"_links":{"self":[{"href":"https:\/\/www.conahec.org\/index.php\/wp-json\/wp\/v2\/pages\/1404","targetHints":{"allow":["GET"]}}],"collection":[{"href":"https:\/\/www.conahec.org\/index.php\/wp-json\/wp\/v2\/pages"}],"about":[{"href":"https:\/\/www.conahec.org\/index.php\/wp-json\/wp\/v2\/types\/page"}],"author":[{"embeddable":true,"href":"https:\/\/www.conahec.org\/index.php\/wp-json\/wp\/v2\/users\/4"}],"replies":[{"embeddable":true,"href":"https:\/\/www.conahec.org\/index.php\/wp-json\/wp\/v2\/comments?post=1404"}],"version-history":[{"count":10,"href":"https:\/\/www.conahec.org\/index.php\/wp-json\/wp\/v2\/pages\/1404\/revisions"}],"predecessor-version":[{"id":2655,"href":"https:\/\/www.conahec.org\/index.php\/wp-json\/wp\/v2\/pages\/1404\/revisions\/2655"}],"wp:attachment":[{"href":"https:\/\/www.conahec.org\/index.php\/wp-json\/wp\/v2\/media?parent=1404"}],"wp:term":[{"taxonomy":"wf_page_folders","embeddable":true,"href":"https:\/\/www.conahec.org\/index.php\/wp-json\/wp\/v2\/wf_page_folders?post=1404"}],"curies":[{"name":"wp","href":"https:\/\/api.w.org\/{rel}","templated":true}]}}