{"id":1408,"date":"2024-05-22T20:52:44","date_gmt":"2024-05-22T20:52:44","guid":{"rendered":"https:\/\/www.conahec.org\/?page_id=1408"},"modified":"2024-05-24T20:08:00","modified_gmt":"2024-05-24T20:08:00","slug":"conference-program_fr","status":"publish","type":"page","link":"https:\/\/www.conahec.org\/index.php\/fr\/conference-program_fr\/","title":{"rendered":"Programme du congr\u00e8s"},"content":{"rendered":"\t\t<div data-elementor-type=\"wp-page\" data-elementor-id=\"1408\" class=\"elementor elementor-1408\" data-elementor-post-type=\"page\">\n\t\t\t\t<div class=\"elementor-element elementor-element-cff8436 e-flex e-con-boxed e-con e-parent\" data-id=\"cff8436\" data-element_type=\"container\">\n\t\t\t\t\t<div class=\"e-con-inner\">\n\t\t\t\t<div class=\"elementor-element elementor-element-113fe2a elementor-widget elementor-widget-text-editor\" data-id=\"113fe2a\" data-element_type=\"widget\" data-widget_type=\"text-editor.default\">\n\t\t\t\t<div class=\"elementor-widget-container\">\n\t\t\t<style>\/*! elementor - v3.23.0 - 05-08-2024 *\/\n.elementor-widget-text-editor.elementor-drop-cap-view-stacked .elementor-drop-cap{background-color:#69727d;color:#fff}.elementor-widget-text-editor.elementor-drop-cap-view-framed .elementor-drop-cap{color:#69727d;border:3px solid;background-color:transparent}.elementor-widget-text-editor:not(.elementor-drop-cap-view-default) .elementor-drop-cap{margin-top:8px}.elementor-widget-text-editor:not(.elementor-drop-cap-view-default) .elementor-drop-cap-letter{width:1em;height:1em}.elementor-widget-text-editor .elementor-drop-cap{float:left;text-align:center;line-height:1;font-size:50px}.elementor-widget-text-editor .elementor-drop-cap-letter{display:inline-block}<\/style>\t\t\t\tNous sommes en train d&#8217;identifier les participants aux sessions pl\u00e9ni\u00e8res, simultan\u00e9es et de r\u00e9seautage et nous aurons bient\u00f4t des mises \u00e0 jour \u00e0 partager ici. En attendant, veuillez envisager de soumettre votre propre proposition de pr\u00e9sentation ou de partager cette opportunit\u00e9 avec d&#8217;autres personnes de votre connaissance qui pourraient b\u00e9n\u00e9ficier d&#8217;une opportunit\u00e9 de pr\u00e9senter \u00e0 une conf\u00e9rence internationale sur l&#8217;enseignement sup\u00e9rieur ax\u00e9e sur l&#8217;\u00e9ducation et la collaboration internationales.\t\t\t\t\t\t<\/div>\n\t\t\t\t<\/div>\n\t\t\t\t\t<\/div>\n\t\t\t\t<\/div>\n\t\t<div class=\"elementor-element elementor-element-50ba260 e-flex e-con-boxed e-con e-parent\" data-id=\"50ba260\" data-element_type=\"container\">\n\t\t\t\t\t<div class=\"e-con-inner\">\n\t\t\t\t<div class=\"elementor-element elementor-element-ab9e388 elementor-align-center elementor-widget elementor-widget-button\" data-id=\"ab9e388\" data-element_type=\"widget\" data-widget_type=\"button.default\">\n\t\t\t\t<div class=\"elementor-widget-container\">\n\t\t\t\t\t<div class=\"elementor-button-wrapper\">\n\t\t\t<a class=\"elementor-button elementor-button-link elementor-size-sm\" href=\"https:\/\/www.conahec.org\/index.php\/fr\/call-for-proposals_fr\/\">\n\t\t\t\t\t\t<span class=\"elementor-button-content-wrapper\">\n\t\t\t\t\t\t\t\t\t<span class=\"elementor-button-text\">Visitez la page Appel \u00e0 propositions<\/span>\n\t\t\t\t\t<\/span>\n\t\t\t\t\t<\/a>\n\t\t<\/div>\n\t\t\t\t<\/div>\n\t\t\t\t<\/div>\n\t\t\t\t\t<\/div>\n\t\t\t\t<\/div>\n\t\t\t\t<\/div>\n\t\t","protected":false},"excerpt":{"rendered":"<p>Nous sommes en train d&#8217;identifier les participants aux sessions pl\u00e9ni\u00e8res, simultan\u00e9es et de r\u00e9seautage et nous aurons bient\u00f4t des mises \u00e0 jour \u00e0 partager ici. En attendant, veuillez envisager de soumettre votre propre proposition de pr\u00e9sentation ou de partager cette opportunit\u00e9 avec d&#8217;autres personnes de votre connaissance qui pourraient b\u00e9n\u00e9ficier d&#8217;une opportunit\u00e9 de pr\u00e9senter \u00e0 [&hellip;]<\/p>\n","protected":false},"author":4,"featured_media":0,"parent":0,"menu_order":0,"comment_status":"closed","ping_status":"closed","template":"elementor_header_footer","meta":{"ocean_post_layout":"","ocean_both_sidebars_style":"","ocean_both_sidebars_content_width":0,"ocean_both_sidebars_sidebars_width":0,"ocean_sidebar":"","ocean_second_sidebar":"","ocean_disable_margins":"enable","ocean_add_body_class":"","ocean_shortcode_before_top_bar":"","ocean_shortcode_after_top_bar":"","ocean_shortcode_before_header":"","ocean_shortcode_after_header":"","ocean_has_shortcode":"","ocean_shortcode_after_title":"","ocean_shortcode_before_footer_widgets":"","ocean_shortcode_after_footer_widgets":"","ocean_shortcode_before_footer_bottom":"","ocean_shortcode_after_footer_bottom":"","ocean_display_top_bar":"default","ocean_display_header":"default","ocean_header_style":"","ocean_center_header_left_menu":"","ocean_custom_header_template":"","ocean_custom_logo":0,"ocean_custom_retina_logo":0,"ocean_custom_logo_max_width":0,"ocean_custom_logo_tablet_max_width":0,"ocean_custom_logo_mobile_max_width":0,"ocean_custom_logo_max_height":0,"ocean_custom_logo_tablet_max_height":0,"ocean_custom_logo_mobile_max_height":0,"ocean_header_custom_menu":"","ocean_menu_typo_font_family":"","ocean_menu_typo_font_subset":"","ocean_menu_typo_font_size":0,"ocean_menu_typo_font_size_tablet":0,"ocean_menu_typo_font_size_mobile":0,"ocean_menu_typo_font_size_unit":"px","ocean_menu_typo_font_weight":"","ocean_menu_typo_font_weight_tablet":"","ocean_menu_typo_font_weight_mobile":"","ocean_menu_typo_transform":"","ocean_menu_typo_transform_tablet":"","ocean_menu_typo_transform_mobile":"","ocean_menu_typo_line_height":0,"ocean_menu_typo_line_height_tablet":0,"ocean_menu_typo_line_height_mobile":0,"ocean_menu_typo_line_height_unit":"","ocean_menu_typo_spacing":0,"ocean_menu_typo_spacing_tablet":0,"ocean_menu_typo_spacing_mobile":0,"ocean_menu_typo_spacing_unit":"","ocean_menu_link_color":"","ocean_menu_link_color_hover":"","ocean_menu_link_color_active":"","ocean_menu_link_background":"","ocean_menu_link_hover_background":"","ocean_menu_link_active_background":"","ocean_menu_social_links_bg":"","ocean_menu_social_hover_links_bg":"","ocean_menu_social_links_color":"","ocean_menu_social_hover_links_color":"","ocean_disable_title":"default","ocean_disable_heading":"default","ocean_post_title":"","ocean_post_subheading":"","ocean_post_title_style":"","ocean_post_title_background_color":"","ocean_post_title_background":0,"ocean_post_title_bg_image_position":"","ocean_post_title_bg_image_attachment":"","ocean_post_title_bg_image_repeat":"","ocean_post_title_bg_image_size":"","ocean_post_title_height":0,"ocean_post_title_bg_overlay":0.5,"ocean_post_title_bg_overlay_color":"","ocean_disable_breadcrumbs":"default","ocean_breadcrumbs_color":"","ocean_breadcrumbs_separator_color":"","ocean_breadcrumbs_links_color":"","ocean_breadcrumbs_links_hover_color":"","ocean_display_footer_widgets":"default","ocean_display_footer_bottom":"default","ocean_custom_footer_template":"","footnotes":""},"wf_page_folders":[62],"class_list":["post-1408","page","type-page","status-publish","hentry","entry"],"yoast_head":"<!-- This site is optimized with the Yoast SEO plugin v24.3 - https:\/\/yoast.com\/wordpress\/plugins\/seo\/ -->\r\n<title>Programme du congr\u00e8s - Consortium for North American Higher Education Collaboration<\/title>\r\n<meta name=\"robots\" content=\"index, follow, max-snippet:-1, max-image-preview:large, max-video-preview:-1\" \/>\r\n<link rel=\"canonical\" href=\"https:\/\/www.conahec.org\/index.php\/fr\/conference-program_fr\/\" \/>\r\n<meta property=\"og:locale\" content=\"en_US\" \/>\r\n<meta property=\"og:type\" content=\"article\" \/>\r\n<meta property=\"og:title\" content=\"Programme du congr\u00e8s - Consortium for North American Higher Education Collaboration\" \/>\r\n<meta property=\"og:description\" content=\"Nous sommes en train d&#8217;identifier les participants aux sessions pl\u00e9ni\u00e8res, simultan\u00e9es et de r\u00e9seautage et nous aurons bient\u00f4t des mises \u00e0 jour \u00e0 partager ici. En attendant, veuillez envisager de soumettre votre propre proposition de pr\u00e9sentation ou de partager cette opportunit\u00e9 avec d&#8217;autres personnes de votre connaissance qui pourraient b\u00e9n\u00e9ficier d&#8217;une opportunit\u00e9 de pr\u00e9senter \u00e0 [&hellip;]\" \/>\r\n<meta property=\"og:url\" content=\"https:\/\/www.conahec.org\/index.php\/fr\/conference-program_fr\/\" \/>\r\n<meta property=\"og:site_name\" content=\"Consortium for North American Higher Education Collaboration\" \/>\r\n<meta property=\"article:publisher\" content=\"https:\/\/www.facebook.com\/CONAHEC1\/\" \/>\r\n<meta property=\"article:modified_time\" content=\"2024-05-24T20:08:00+00:00\" \/>\r\n<meta name=\"twitter:card\" content=\"summary_large_image\" \/>\r\n<meta name=\"twitter:site\" content=\"@conahec\" \/>\r\n<meta name=\"twitter:label1\" content=\"Est. reading time\" \/>\n\t<meta name=\"twitter:data1\" content=\"1 minute\" \/>\r\n<script type=\"application\/ld+json\" class=\"yoast-schema-graph\">{\"@context\":\"https:\/\/schema.org\",\"@graph\":[{\"@type\":\"WebPage\",\"@id\":\"https:\/\/www.conahec.org\/index.php\/fr\/conference-program_fr\/\",\"url\":\"https:\/\/www.conahec.org\/index.php\/fr\/conference-program_fr\/\",\"name\":\"Programme du congr\u00e8s - Consortium for North American Higher Education Collaboration\",\"isPartOf\":{\"@id\":\"https:\/\/www.conahec.org\/#website\"},\"datePublished\":\"2024-05-22T20:52:44+00:00\",\"dateModified\":\"2024-05-24T20:08:00+00:00\",\"breadcrumb\":{\"@id\":\"https:\/\/www.conahec.org\/index.php\/fr\/conference-program_fr\/#breadcrumb\"},\"inLanguage\":\"en-US\",\"potentialAction\":[{\"@type\":\"ReadAction\",\"target\":[\"https:\/\/www.conahec.org\/index.php\/fr\/conference-program_fr\/\"]}]},{\"@type\":\"BreadcrumbList\",\"@id\":\"https:\/\/www.conahec.org\/index.php\/fr\/conference-program_fr\/#breadcrumb\",\"itemListElement\":[{\"@type\":\"ListItem\",\"position\":1,\"name\":\"Home\",\"item\":\"https:\/\/www.conahec.org\/\"},{\"@type\":\"ListItem\",\"position\":2,\"name\":\"Programme du congr\u00e8s\"}]},{\"@type\":\"WebSite\",\"@id\":\"https:\/\/www.conahec.org\/#website\",\"url\":\"https:\/\/www.conahec.org\/\",\"name\":\"conahec.org\",\"description\":\"Facilitating Higher Education Collaboration in North America and Beyond\",\"publisher\":{\"@id\":\"https:\/\/www.conahec.org\/#organization\"},\"potentialAction\":[{\"@type\":\"SearchAction\",\"target\":{\"@type\":\"EntryPoint\",\"urlTemplate\":\"https:\/\/www.conahec.org\/?s={search_term_string}\"},\"query-input\":{\"@type\":\"PropertyValueSpecification\",\"valueRequired\":true,\"valueName\":\"search_term_string\"}}],\"inLanguage\":\"en-US\"},{\"@type\":\"Organization\",\"@id\":\"https:\/\/www.conahec.org\/#organization\",\"name\":\"Consortium for North American Higher Education Collaboration (CONAHEC)\",\"url\":\"https:\/\/www.conahec.org\/\",\"logo\":{\"@type\":\"ImageObject\",\"inLanguage\":\"en-US\",\"@id\":\"https:\/\/www.conahec.org\/#\/schema\/logo\/image\/\",\"url\":\"https:\/\/www.conahec.org\/wp-content\/uploads\/2024\/05\/CONAHECFavicon.jpg\",\"contentUrl\":\"https:\/\/www.conahec.org\/wp-content\/uploads\/2024\/05\/CONAHECFavicon.jpg\",\"width\":512,\"height\":512,\"caption\":\"Consortium for North American Higher Education Collaboration (CONAHEC)\"},\"image\":{\"@id\":\"https:\/\/www.conahec.org\/#\/schema\/logo\/image\/\"},\"sameAs\":[\"https:\/\/www.facebook.com\/CONAHEC1\/\",\"https:\/\/x.com\/conahec\"]}]}<\/script>\r\n<!-- \/ Yoast SEO plugin. -->","yoast_head_json":{"title":"Programme du congr\u00e8s - Consortium for North American Higher Education Collaboration","robots":{"index":"index","follow":"follow","max-snippet":"max-snippet:-1","max-image-preview":"max-image-preview:large","max-video-preview":"max-video-preview:-1"},"canonical":"https:\/\/www.conahec.org\/index.php\/fr\/conference-program_fr\/","og_locale":"en_US","og_type":"article","og_title":"Programme du congr\u00e8s - Consortium for North American Higher Education Collaboration","og_description":"Nous sommes en train d&#8217;identifier les participants aux sessions pl\u00e9ni\u00e8res, simultan\u00e9es et de r\u00e9seautage et nous aurons bient\u00f4t des mises \u00e0 jour \u00e0 partager ici. En attendant, veuillez envisager de soumettre votre propre proposition de pr\u00e9sentation ou de partager cette opportunit\u00e9 avec d&#8217;autres personnes de votre connaissance qui pourraient b\u00e9n\u00e9ficier d&#8217;une opportunit\u00e9 de pr\u00e9senter \u00e0 [&hellip;]","og_url":"https:\/\/www.conahec.org\/index.php\/fr\/conference-program_fr\/","og_site_name":"Consortium for North American Higher Education Collaboration","article_publisher":"https:\/\/www.facebook.com\/CONAHEC1\/","article_modified_time":"2024-05-24T20:08:00+00:00","twitter_card":"summary_large_image","twitter_site":"@conahec","twitter_misc":{"Est. reading time":"1 minute"},"schema":{"@context":"https:\/\/schema.org","@graph":[{"@type":"WebPage","@id":"https:\/\/www.conahec.org\/index.php\/fr\/conference-program_fr\/","url":"https:\/\/www.conahec.org\/index.php\/fr\/conference-program_fr\/","name":"Programme du congr\u00e8s - Consortium for North American Higher Education Collaboration","isPartOf":{"@id":"https:\/\/www.conahec.org\/#website"},"datePublished":"2024-05-22T20:52:44+00:00","dateModified":"2024-05-24T20:08:00+00:00","breadcrumb":{"@id":"https:\/\/www.conahec.org\/index.php\/fr\/conference-program_fr\/#breadcrumb"},"inLanguage":"en-US","potentialAction":[{"@type":"ReadAction","target":["https:\/\/www.conahec.org\/index.php\/fr\/conference-program_fr\/"]}]},{"@type":"BreadcrumbList","@id":"https:\/\/www.conahec.org\/index.php\/fr\/conference-program_fr\/#breadcrumb","itemListElement":[{"@type":"ListItem","position":1,"name":"Home","item":"https:\/\/www.conahec.org\/"},{"@type":"ListItem","position":2,"name":"Programme du congr\u00e8s"}]},{"@type":"WebSite","@id":"https:\/\/www.conahec.org\/#website","url":"https:\/\/www.conahec.org\/","name":"conahec.org","description":"Facilitating Higher Education Collaboration in North America and Beyond","publisher":{"@id":"https:\/\/www.conahec.org\/#organization"},"potentialAction":[{"@type":"SearchAction","target":{"@type":"EntryPoint","urlTemplate":"https:\/\/www.conahec.org\/?s={search_term_string}"},"query-input":{"@type":"PropertyValueSpecification","valueRequired":true,"valueName":"search_term_string"}}],"inLanguage":"en-US"},{"@type":"Organization","@id":"https:\/\/www.conahec.org\/#organization","name":"Consortium for North American Higher Education Collaboration (CONAHEC)","url":"https:\/\/www.conahec.org\/","logo":{"@type":"ImageObject","inLanguage":"en-US","@id":"https:\/\/www.conahec.org\/#\/schema\/logo\/image\/","url":"https:\/\/www.conahec.org\/wp-content\/uploads\/2024\/05\/CONAHECFavicon.jpg","contentUrl":"https:\/\/www.conahec.org\/wp-content\/uploads\/2024\/05\/CONAHECFavicon.jpg","width":512,"height":512,"caption":"Consortium for North American Higher Education Collaboration (CONAHEC)"},"image":{"@id":"https:\/\/www.conahec.org\/#\/schema\/logo\/image\/"},"sameAs":["https:\/\/www.facebook.com\/CONAHEC1\/","https:\/\/x.com\/conahec"]}]}},"_links":{"self":[{"href":"https:\/\/www.conahec.org\/index.php\/wp-json\/wp\/v2\/pages\/1408","targetHints":{"allow":["GET"]}}],"collection":[{"href":"https:\/\/www.conahec.org\/index.php\/wp-json\/wp\/v2\/pages"}],"about":[{"href":"https:\/\/www.conahec.org\/index.php\/wp-json\/wp\/v2\/types\/page"}],"author":[{"embeddable":true,"href":"https:\/\/www.conahec.org\/index.php\/wp-json\/wp\/v2\/users\/4"}],"replies":[{"embeddable":true,"href":"https:\/\/www.conahec.org\/index.php\/wp-json\/wp\/v2\/comments?post=1408"}],"version-history":[{"count":7,"href":"https:\/\/www.conahec.org\/index.php\/wp-json\/wp\/v2\/pages\/1408\/revisions"}],"predecessor-version":[{"id":2003,"href":"https:\/\/www.conahec.org\/index.php\/wp-json\/wp\/v2\/pages\/1408\/revisions\/2003"}],"wp:attachment":[{"href":"https:\/\/www.conahec.org\/index.php\/wp-json\/wp\/v2\/media?parent=1408"}],"wp:term":[{"taxonomy":"wf_page_folders","embeddable":true,"href":"https:\/\/www.conahec.org\/index.php\/wp-json\/wp\/v2\/wf_page_folders?post=1408"}],"curies":[{"name":"wp","href":"https:\/\/api.w.org\/{rel}","templated":true}]}}