{"id":1428,"date":"2024-04-09T19:36:47","date_gmt":"2024-04-09T19:36:47","guid":{"rendered":"https:\/\/www.conahec.org\/?page_id=1428"},"modified":"2024-08-26T23:44:10","modified_gmt":"2024-08-26T23:44:10","slug":"sponsorship_fr","status":"publish","type":"page","link":"https:\/\/www.conahec.org\/index.php\/fr\/sponsorship_fr\/","title":{"rendered":"Parrainage"},"content":{"rendered":"\t\t<div data-elementor-type=\"wp-page\" data-elementor-id=\"1428\" class=\"elementor elementor-1428\" data-elementor-post-type=\"page\">\n\t\t\t\t<div class=\"elementor-element elementor-element-56847be9 e-flex e-con-boxed e-con e-parent\" data-id=\"56847be9\" data-element_type=\"container\">\n\t\t\t\t\t<div class=\"e-con-inner\">\n\t\t\t\t<div class=\"elementor-element elementor-element-6f0b65df elementor-widget elementor-widget-text-editor\" data-id=\"6f0b65df\" data-element_type=\"widget\" data-widget_type=\"text-editor.default\">\n\t\t\t\t<div class=\"elementor-widget-container\">\n\t\t\t<style>\/*! elementor - v3.23.0 - 05-08-2024 *\/\n.elementor-widget-text-editor.elementor-drop-cap-view-stacked .elementor-drop-cap{background-color:#69727d;color:#fff}.elementor-widget-text-editor.elementor-drop-cap-view-framed .elementor-drop-cap{color:#69727d;border:3px solid;background-color:transparent}.elementor-widget-text-editor:not(.elementor-drop-cap-view-default) .elementor-drop-cap{margin-top:8px}.elementor-widget-text-editor:not(.elementor-drop-cap-view-default) .elementor-drop-cap-letter{width:1em;height:1em}.elementor-widget-text-editor .elementor-drop-cap{float:left;text-align:center;line-height:1;font-size:50px}.elementor-widget-text-editor .elementor-drop-cap-letter{display:inline-block}<\/style>\t\t\t\t<p>\u00a0<\/p><center>Soutenez la conf\u00e9rence de CONAHEC en tant que sponsor !<\/center><p><br \/>Aidez-nous \u00e0 rassembler des experts en engagement international de toute l&#8217;Am\u00e9rique du Nord et du monde entier pour r\u00e9seauter, partager et apprendre. Les sponsors qui le souhaitent peuvent organiser des \u00e9v\u00e9nements et des activit\u00e9s pendant les moments de &#8220;R\u00e9seautage&#8221;. Si nous recevons l&#8217;information \u00e0 temps, vos activit\u00e9s seront d\u00e9taill\u00e9es dans le programme de la conf\u00e9rence. C&#8217;est une excellente occasion de partager les priorit\u00e9s et initiatives de votre institution ou organisation, de communiquer votre valeur \u00e0 des clients potentiels et de concr\u00e9tiser des plans de collaboration. Nos sponsors jouent un r\u00f4le crucial dans la r\u00e9alisation de ces \u00e9v\u00e9nements. Nous appr\u00e9cions vraiment votre soutien !<\/p><p>\u00a0<\/p>\t\t\t\t\t\t<\/div>\n\t\t\t\t<\/div>\n\t\t<div class=\"elementor-element elementor-element-c9ce8e5 e-flex e-con-boxed e-con e-child\" data-id=\"c9ce8e5\" data-element_type=\"container\">\n\t\t\t\t\t<div class=\"e-con-inner\">\n\t\t\t\t<div class=\"elementor-element elementor-element-0c9bcf3 elementor-widget elementor-widget-image\" data-id=\"0c9bcf3\" data-element_type=\"widget\" data-widget_type=\"image.default\">\n\t\t\t\t<div class=\"elementor-widget-container\">\n\t\t\t<style>\/*! elementor - v3.23.0 - 05-08-2024 *\/\n.elementor-widget-image{text-align:center}.elementor-widget-image a{display:inline-block}.elementor-widget-image a img[src$=\".svg\"]{width:48px}.elementor-widget-image img{vertical-align:middle;display:inline-block}<\/style>\t\t\t\t\t\t\t\t\t\t<img decoding=\"async\" width=\"165\" height=\"142\" src=\"https:\/\/www.conahec.org\/wp-content\/uploads\/2024\/05\/cropped-CONAHEC165x165.png\" class=\"attachment-medium_large size-medium_large wp-image-48\" alt=\"Consortium for North American Higher Education Collaboration Logo - All Rights Reserved\" \/>\t\t\t\t\t\t\t\t\t\t\t\t\t<\/div>\n\t\t\t\t<\/div>\n\t\t\t\t\t<\/div>\n\t\t\t\t<\/div>\n\t\t\t\t\t<\/div>\n\t\t\t\t<\/div>\n\t\t<div class=\"elementor-element elementor-element-d4e23c6 e-flex e-con-boxed e-con e-parent\" data-id=\"d4e23c6\" data-element_type=\"container\">\n\t\t\t\t\t<div class=\"e-con-inner\">\n\t\t\t\t<div class=\"elementor-element elementor-element-81e0726 elementor-widget elementor-widget-text-editor\" data-id=\"81e0726\" data-element_type=\"widget\" data-widget_type=\"text-editor.default\">\n\t\t\t\t<div class=\"elementor-widget-container\">\n\t\t\t\t\t\t\t<p>Pour obtenir des informations sur les opportunit\u00e9s de parrainage, veuillez envoyer un e-mail \u00e0 :<\/p><center><a href=\"mailto:events@conahec.org?cc=conahec@gmail.com &amp;subject=Inquiry%20from%20Conference%20Sponsorship%20Page\">events@conahec.org<\/a> avec une copie \u00e0 <a href=\"mailto:events@conahec.org?cc=conahec@gmail.com &amp;subject=Inquiry%20from%20Conference%20Sponsorship%20Page\">conahec@gmail.com<\/a><\/center>\t\t\t\t\t\t<\/div>\n\t\t\t\t<\/div>\n\t\t\t\t\t<\/div>\n\t\t\t\t<\/div>\n\t\t\t\t<\/div>\n\t\t","protected":false},"excerpt":{"rendered":"<p>\u00a0 Soutenez la conf\u00e9rence de CONAHEC en tant que sponsor ! Aidez-nous \u00e0 rassembler des experts en engagement international de toute l&#8217;Am\u00e9rique du Nord et du monde entier pour r\u00e9seauter, partager et apprendre. Les sponsors qui le souhaitent peuvent organiser des \u00e9v\u00e9nements et des activit\u00e9s pendant les moments de &#8220;R\u00e9seautage&#8221;. Si nous recevons l&#8217;information \u00e0 [&hellip;]<\/p>\n","protected":false},"author":4,"featured_media":0,"parent":0,"menu_order":0,"comment_status":"closed","ping_status":"closed","template":"elementor_header_footer","meta":{"ocean_post_layout":"","ocean_both_sidebars_style":"","ocean_both_sidebars_content_width":0,"ocean_both_sidebars_sidebars_width":0,"ocean_sidebar":"","ocean_second_sidebar":"","ocean_disable_margins":"enable","ocean_add_body_class":"","ocean_shortcode_before_top_bar":"","ocean_shortcode_after_top_bar":"","ocean_shortcode_before_header":"","ocean_shortcode_after_header":"","ocean_has_shortcode":"","ocean_shortcode_after_title":"","ocean_shortcode_before_footer_widgets":"","ocean_shortcode_after_footer_widgets":"","ocean_shortcode_before_footer_bottom":"","ocean_shortcode_after_footer_bottom":"","ocean_display_top_bar":"default","ocean_display_header":"default","ocean_header_style":"","ocean_center_header_left_menu":"","ocean_custom_header_template":"","ocean_custom_logo":0,"ocean_custom_retina_logo":0,"ocean_custom_logo_max_width":0,"ocean_custom_logo_tablet_max_width":0,"ocean_custom_logo_mobile_max_width":0,"ocean_custom_logo_max_height":0,"ocean_custom_logo_tablet_max_height":0,"ocean_custom_logo_mobile_max_height":0,"ocean_header_custom_menu":"","ocean_menu_typo_font_family":"","ocean_menu_typo_font_subset":"","ocean_menu_typo_font_size":0,"ocean_menu_typo_font_size_tablet":0,"ocean_menu_typo_font_size_mobile":0,"ocean_menu_typo_font_size_unit":"px","ocean_menu_typo_font_weight":"","ocean_menu_typo_font_weight_tablet":"","ocean_menu_typo_font_weight_mobile":"","ocean_menu_typo_transform":"","ocean_menu_typo_transform_tablet":"","ocean_menu_typo_transform_mobile":"","ocean_menu_typo_line_height":0,"ocean_menu_typo_line_height_tablet":0,"ocean_menu_typo_line_height_mobile":0,"ocean_menu_typo_line_height_unit":"","ocean_menu_typo_spacing":0,"ocean_menu_typo_spacing_tablet":0,"ocean_menu_typo_spacing_mobile":0,"ocean_menu_typo_spacing_unit":"","ocean_menu_link_color":"","ocean_menu_link_color_hover":"","ocean_menu_link_color_active":"","ocean_menu_link_background":"","ocean_menu_link_hover_background":"","ocean_menu_link_active_background":"","ocean_menu_social_links_bg":"","ocean_menu_social_hover_links_bg":"","ocean_menu_social_links_color":"","ocean_menu_social_hover_links_color":"","ocean_disable_title":"default","ocean_disable_heading":"default","ocean_post_title":"","ocean_post_subheading":"","ocean_post_title_style":"","ocean_post_title_background_color":"","ocean_post_title_background":0,"ocean_post_title_bg_image_position":"","ocean_post_title_bg_image_attachment":"","ocean_post_title_bg_image_repeat":"","ocean_post_title_bg_image_size":"","ocean_post_title_height":0,"ocean_post_title_bg_overlay":0.5,"ocean_post_title_bg_overlay_color":"","ocean_disable_breadcrumbs":"default","ocean_breadcrumbs_color":"","ocean_breadcrumbs_separator_color":"","ocean_breadcrumbs_links_color":"","ocean_breadcrumbs_links_hover_color":"","ocean_display_footer_widgets":"default","ocean_display_footer_bottom":"default","ocean_custom_footer_template":"","footnotes":""},"wf_page_folders":[62],"class_list":["post-1428","page","type-page","status-publish","hentry","entry"],"yoast_head":"<!-- This site is optimized with the Yoast SEO plugin v24.3 - https:\/\/yoast.com\/wordpress\/plugins\/seo\/ -->\r\n<title>Parrainage - Consortium for North American Higher Education Collaboration<\/title>\r\n<meta name=\"robots\" content=\"index, follow, max-snippet:-1, max-image-preview:large, max-video-preview:-1\" \/>\r\n<link rel=\"canonical\" href=\"https:\/\/www.conahec.org\/index.php\/fr\/sponsorship_fr\/\" \/>\r\n<meta property=\"og:locale\" content=\"en_US\" \/>\r\n<meta property=\"og:type\" content=\"article\" \/>\r\n<meta property=\"og:title\" content=\"Parrainage - Consortium for North American Higher Education Collaboration\" \/>\r\n<meta property=\"og:description\" content=\"\u00a0 Soutenez la conf\u00e9rence de CONAHEC en tant que sponsor ! Aidez-nous \u00e0 rassembler des experts en engagement international de toute l&#8217;Am\u00e9rique du Nord et du monde entier pour r\u00e9seauter, partager et apprendre. Les sponsors qui le souhaitent peuvent organiser des \u00e9v\u00e9nements et des activit\u00e9s pendant les moments de &#8220;R\u00e9seautage&#8221;. Si nous recevons l&#8217;information \u00e0 [&hellip;]\" \/>\r\n<meta property=\"og:url\" content=\"https:\/\/www.conahec.org\/index.php\/fr\/sponsorship_fr\/\" \/>\r\n<meta property=\"og:site_name\" content=\"Consortium for North American Higher Education Collaboration\" \/>\r\n<meta property=\"article:publisher\" content=\"https:\/\/www.facebook.com\/CONAHEC1\/\" \/>\r\n<meta property=\"article:modified_time\" content=\"2024-08-26T23:44:10+00:00\" \/>\r\n<meta property=\"og:image\" content=\"https:\/\/www.conahec.org\/wp-content\/uploads\/2024\/05\/cropped-CONAHEC165x165.png\" \/>\r\n<meta name=\"twitter:card\" content=\"summary_large_image\" \/>\r\n<meta name=\"twitter:site\" content=\"@conahec\" \/>\r\n<meta name=\"twitter:label1\" content=\"Est. reading time\" \/>\n\t<meta name=\"twitter:data1\" content=\"1 minute\" \/>\r\n<script type=\"application\/ld+json\" class=\"yoast-schema-graph\">{\"@context\":\"https:\/\/schema.org\",\"@graph\":[{\"@type\":\"WebPage\",\"@id\":\"https:\/\/www.conahec.org\/index.php\/fr\/sponsorship_fr\/\",\"url\":\"https:\/\/www.conahec.org\/index.php\/fr\/sponsorship_fr\/\",\"name\":\"Parrainage - Consortium for North American Higher Education Collaboration\",\"isPartOf\":{\"@id\":\"https:\/\/www.conahec.org\/#website\"},\"primaryImageOfPage\":{\"@id\":\"https:\/\/www.conahec.org\/index.php\/fr\/sponsorship_fr\/#primaryimage\"},\"image\":{\"@id\":\"https:\/\/www.conahec.org\/index.php\/fr\/sponsorship_fr\/#primaryimage\"},\"thumbnailUrl\":\"https:\/\/www.conahec.org\/wp-content\/uploads\/2024\/05\/cropped-CONAHEC165x165.png\",\"datePublished\":\"2024-04-09T19:36:47+00:00\",\"dateModified\":\"2024-08-26T23:44:10+00:00\",\"breadcrumb\":{\"@id\":\"https:\/\/www.conahec.org\/index.php\/fr\/sponsorship_fr\/#breadcrumb\"},\"inLanguage\":\"en-US\",\"potentialAction\":[{\"@type\":\"ReadAction\",\"target\":[\"https:\/\/www.conahec.org\/index.php\/fr\/sponsorship_fr\/\"]}]},{\"@type\":\"ImageObject\",\"inLanguage\":\"en-US\",\"@id\":\"https:\/\/www.conahec.org\/index.php\/fr\/sponsorship_fr\/#primaryimage\",\"url\":\"https:\/\/www.conahec.org\/wp-content\/uploads\/2024\/05\/cropped-CONAHEC165x165.png\",\"contentUrl\":\"https:\/\/www.conahec.org\/wp-content\/uploads\/2024\/05\/cropped-CONAHEC165x165.png\",\"width\":165,\"height\":142,\"caption\":\"Consortium for North American Higher Education Collaboration Logo - All Rights Reserved\"},{\"@type\":\"BreadcrumbList\",\"@id\":\"https:\/\/www.conahec.org\/index.php\/fr\/sponsorship_fr\/#breadcrumb\",\"itemListElement\":[{\"@type\":\"ListItem\",\"position\":1,\"name\":\"Home\",\"item\":\"https:\/\/www.conahec.org\/\"},{\"@type\":\"ListItem\",\"position\":2,\"name\":\"Parrainage\"}]},{\"@type\":\"WebSite\",\"@id\":\"https:\/\/www.conahec.org\/#website\",\"url\":\"https:\/\/www.conahec.org\/\",\"name\":\"conahec.org\",\"description\":\"Facilitating Higher Education Collaboration in North America and Beyond\",\"publisher\":{\"@id\":\"https:\/\/www.conahec.org\/#organization\"},\"potentialAction\":[{\"@type\":\"SearchAction\",\"target\":{\"@type\":\"EntryPoint\",\"urlTemplate\":\"https:\/\/www.conahec.org\/?s={search_term_string}\"},\"query-input\":{\"@type\":\"PropertyValueSpecification\",\"valueRequired\":true,\"valueName\":\"search_term_string\"}}],\"inLanguage\":\"en-US\"},{\"@type\":\"Organization\",\"@id\":\"https:\/\/www.conahec.org\/#organization\",\"name\":\"Consortium for North American Higher Education Collaboration (CONAHEC)\",\"url\":\"https:\/\/www.conahec.org\/\",\"logo\":{\"@type\":\"ImageObject\",\"inLanguage\":\"en-US\",\"@id\":\"https:\/\/www.conahec.org\/#\/schema\/logo\/image\/\",\"url\":\"https:\/\/www.conahec.org\/wp-content\/uploads\/2024\/05\/CONAHECFavicon.jpg\",\"contentUrl\":\"https:\/\/www.conahec.org\/wp-content\/uploads\/2024\/05\/CONAHECFavicon.jpg\",\"width\":512,\"height\":512,\"caption\":\"Consortium for North American Higher Education Collaboration (CONAHEC)\"},\"image\":{\"@id\":\"https:\/\/www.conahec.org\/#\/schema\/logo\/image\/\"},\"sameAs\":[\"https:\/\/www.facebook.com\/CONAHEC1\/\",\"https:\/\/x.com\/conahec\"]}]}<\/script>\r\n<!-- \/ Yoast SEO plugin. -->","yoast_head_json":{"title":"Parrainage - Consortium for North American Higher Education Collaboration","robots":{"index":"index","follow":"follow","max-snippet":"max-snippet:-1","max-image-preview":"max-image-preview:large","max-video-preview":"max-video-preview:-1"},"canonical":"https:\/\/www.conahec.org\/index.php\/fr\/sponsorship_fr\/","og_locale":"en_US","og_type":"article","og_title":"Parrainage - Consortium for North American Higher Education Collaboration","og_description":"\u00a0 Soutenez la conf\u00e9rence de CONAHEC en tant que sponsor ! Aidez-nous \u00e0 rassembler des experts en engagement international de toute l&#8217;Am\u00e9rique du Nord et du monde entier pour r\u00e9seauter, partager et apprendre. Les sponsors qui le souhaitent peuvent organiser des \u00e9v\u00e9nements et des activit\u00e9s pendant les moments de &#8220;R\u00e9seautage&#8221;. Si nous recevons l&#8217;information \u00e0 [&hellip;]","og_url":"https:\/\/www.conahec.org\/index.php\/fr\/sponsorship_fr\/","og_site_name":"Consortium for North American Higher Education Collaboration","article_publisher":"https:\/\/www.facebook.com\/CONAHEC1\/","article_modified_time":"2024-08-26T23:44:10+00:00","og_image":[{"url":"https:\/\/www.conahec.org\/wp-content\/uploads\/2024\/05\/cropped-CONAHEC165x165.png","type":"","width":"","height":""}],"twitter_card":"summary_large_image","twitter_site":"@conahec","twitter_misc":{"Est. reading time":"1 minute"},"schema":{"@context":"https:\/\/schema.org","@graph":[{"@type":"WebPage","@id":"https:\/\/www.conahec.org\/index.php\/fr\/sponsorship_fr\/","url":"https:\/\/www.conahec.org\/index.php\/fr\/sponsorship_fr\/","name":"Parrainage - Consortium for North American Higher Education Collaboration","isPartOf":{"@id":"https:\/\/www.conahec.org\/#website"},"primaryImageOfPage":{"@id":"https:\/\/www.conahec.org\/index.php\/fr\/sponsorship_fr\/#primaryimage"},"image":{"@id":"https:\/\/www.conahec.org\/index.php\/fr\/sponsorship_fr\/#primaryimage"},"thumbnailUrl":"https:\/\/www.conahec.org\/wp-content\/uploads\/2024\/05\/cropped-CONAHEC165x165.png","datePublished":"2024-04-09T19:36:47+00:00","dateModified":"2024-08-26T23:44:10+00:00","breadcrumb":{"@id":"https:\/\/www.conahec.org\/index.php\/fr\/sponsorship_fr\/#breadcrumb"},"inLanguage":"en-US","potentialAction":[{"@type":"ReadAction","target":["https:\/\/www.conahec.org\/index.php\/fr\/sponsorship_fr\/"]}]},{"@type":"ImageObject","inLanguage":"en-US","@id":"https:\/\/www.conahec.org\/index.php\/fr\/sponsorship_fr\/#primaryimage","url":"https:\/\/www.conahec.org\/wp-content\/uploads\/2024\/05\/cropped-CONAHEC165x165.png","contentUrl":"https:\/\/www.conahec.org\/wp-content\/uploads\/2024\/05\/cropped-CONAHEC165x165.png","width":165,"height":142,"caption":"Consortium for North American Higher Education Collaboration Logo - All Rights Reserved"},{"@type":"BreadcrumbList","@id":"https:\/\/www.conahec.org\/index.php\/fr\/sponsorship_fr\/#breadcrumb","itemListElement":[{"@type":"ListItem","position":1,"name":"Home","item":"https:\/\/www.conahec.org\/"},{"@type":"ListItem","position":2,"name":"Parrainage"}]},{"@type":"WebSite","@id":"https:\/\/www.conahec.org\/#website","url":"https:\/\/www.conahec.org\/","name":"conahec.org","description":"Facilitating Higher Education Collaboration in North America and Beyond","publisher":{"@id":"https:\/\/www.conahec.org\/#organization"},"potentialAction":[{"@type":"SearchAction","target":{"@type":"EntryPoint","urlTemplate":"https:\/\/www.conahec.org\/?s={search_term_string}"},"query-input":{"@type":"PropertyValueSpecification","valueRequired":true,"valueName":"search_term_string"}}],"inLanguage":"en-US"},{"@type":"Organization","@id":"https:\/\/www.conahec.org\/#organization","name":"Consortium for North American Higher Education Collaboration (CONAHEC)","url":"https:\/\/www.conahec.org\/","logo":{"@type":"ImageObject","inLanguage":"en-US","@id":"https:\/\/www.conahec.org\/#\/schema\/logo\/image\/","url":"https:\/\/www.conahec.org\/wp-content\/uploads\/2024\/05\/CONAHECFavicon.jpg","contentUrl":"https:\/\/www.conahec.org\/wp-content\/uploads\/2024\/05\/CONAHECFavicon.jpg","width":512,"height":512,"caption":"Consortium for North American Higher Education Collaboration (CONAHEC)"},"image":{"@id":"https:\/\/www.conahec.org\/#\/schema\/logo\/image\/"},"sameAs":["https:\/\/www.facebook.com\/CONAHEC1\/","https:\/\/x.com\/conahec"]}]}},"_links":{"self":[{"href":"https:\/\/www.conahec.org\/index.php\/wp-json\/wp\/v2\/pages\/1428","targetHints":{"allow":["GET"]}}],"collection":[{"href":"https:\/\/www.conahec.org\/index.php\/wp-json\/wp\/v2\/pages"}],"about":[{"href":"https:\/\/www.conahec.org\/index.php\/wp-json\/wp\/v2\/types\/page"}],"author":[{"embeddable":true,"href":"https:\/\/www.conahec.org\/index.php\/wp-json\/wp\/v2\/users\/4"}],"replies":[{"embeddable":true,"href":"https:\/\/www.conahec.org\/index.php\/wp-json\/wp\/v2\/comments?post=1428"}],"version-history":[{"count":28,"href":"https:\/\/www.conahec.org\/index.php\/wp-json\/wp\/v2\/pages\/1428\/revisions"}],"predecessor-version":[{"id":2736,"href":"https:\/\/www.conahec.org\/index.php\/wp-json\/wp\/v2\/pages\/1428\/revisions\/2736"}],"wp:attachment":[{"href":"https:\/\/www.conahec.org\/index.php\/wp-json\/wp\/v2\/media?parent=1428"}],"wp:term":[{"taxonomy":"wf_page_folders","embeddable":true,"href":"https:\/\/www.conahec.org\/index.php\/wp-json\/wp\/v2\/wf_page_folders?post=1428"}],"curies":[{"name":"wp","href":"https:\/\/api.w.org\/{rel}","templated":true}]}}