{"id":1437,"date":"2024-05-22T22:58:31","date_gmt":"2024-05-22T22:58:31","guid":{"rendered":"https:\/\/www.conahec.org\/?page_id=1437"},"modified":"2024-08-26T22:50:17","modified_gmt":"2024-08-26T22:50:17","slug":"presentacion-de-la-conferencia","status":"publish","type":"page","link":"https:\/\/www.conahec.org\/index.php\/es\/presentacion-de-la-conferencia\/","title":{"rendered":"Presentaci\u00f3n de la Conferencia"},"content":{"rendered":"\t\t<div data-elementor-type=\"wp-page\" data-elementor-id=\"1437\" class=\"elementor elementor-1437\" data-elementor-post-type=\"page\">\n\t\t\t\t<div class=\"elementor-element elementor-element-7a3cc64b e-flex e-con-boxed e-con e-parent\" data-id=\"7a3cc64b\" data-element_type=\"container\">\n\t\t\t\t\t<div class=\"e-con-inner\">\n\t\t\t\t<div class=\"elementor-element elementor-element-4e93a57e elementor-widget elementor-widget-heading\" data-id=\"4e93a57e\" data-element_type=\"widget\" data-widget_type=\"heading.default\">\n\t\t\t\t<div class=\"elementor-widget-container\">\n\t\t\t<style>\/*! elementor - v3.23.0 - 05-08-2024 *\/\n.elementor-heading-title{padding:0;margin:0;line-height:1}.elementor-widget-heading .elementor-heading-title[class*=elementor-size-]>a{color:inherit;font-size:inherit;line-height:inherit}.elementor-widget-heading .elementor-heading-title.elementor-size-small{font-size:15px}.elementor-widget-heading .elementor-heading-title.elementor-size-medium{font-size:19px}.elementor-widget-heading .elementor-heading-title.elementor-size-large{font-size:29px}.elementor-widget-heading .elementor-heading-title.elementor-size-xl{font-size:39px}.elementor-widget-heading .elementor-heading-title.elementor-size-xxl{font-size:59px}<\/style><h2 class=\"elementor-heading-title elementor-size-default\">Favor de tomar nota:  La XXII edici\u00f3n de la<br>Conferencia de Educaci\u00f3n Superior en Am\u00e9rica del Norte<br>ha sido postergada hasta la primavera del 2025<\/h2>\t\t<\/div>\n\t\t\t\t<\/div>\n\t\t\t\t<div class=\"elementor-element elementor-element-2375c89 elementor-widget elementor-widget-image\" data-id=\"2375c89\" data-element_type=\"widget\" data-widget_type=\"image.default\">\n\t\t\t\t<div class=\"elementor-widget-container\">\n\t\t\t<style>\/*! elementor - v3.23.0 - 05-08-2024 *\/\n.elementor-widget-image{text-align:center}.elementor-widget-image a{display:inline-block}.elementor-widget-image a img[src$=\".svg\"]{width:48px}.elementor-widget-image img{vertical-align:middle;display:inline-block}<\/style>\t\t\t\t\t\t\t\t\t\t<img decoding=\"async\" width=\"165\" height=\"142\" src=\"https:\/\/www.conahec.org\/wp-content\/uploads\/2024\/05\/cropped-CONAHEC165x165.png\" class=\"attachment-large size-large wp-image-48\" alt=\"Consortium for North American Higher Education Collaboration Logo - All Rights Reserved\" \/>\t\t\t\t\t\t\t\t\t\t\t\t\t<\/div>\n\t\t\t\t<\/div>\n\t\t\t\t\t<\/div>\n\t\t\t\t<\/div>\n\t\t<div class=\"elementor-element elementor-element-4c2791f7 e-flex e-con-boxed e-con e-parent\" data-id=\"4c2791f7\" data-element_type=\"container\">\n\t\t\t\t\t<div class=\"e-con-inner\">\n\t\t\t\t<div class=\"elementor-element elementor-element-5e1669d8 elementor-widget elementor-widget-text-editor\" data-id=\"5e1669d8\" data-element_type=\"widget\" data-widget_type=\"text-editor.default\">\n\t\t\t\t<div class=\"elementor-widget-container\">\n\t\t\t<style>\/*! elementor - v3.23.0 - 05-08-2024 *\/\n.elementor-widget-text-editor.elementor-drop-cap-view-stacked .elementor-drop-cap{background-color:#69727d;color:#fff}.elementor-widget-text-editor.elementor-drop-cap-view-framed .elementor-drop-cap{color:#69727d;border:3px solid;background-color:transparent}.elementor-widget-text-editor:not(.elementor-drop-cap-view-default) .elementor-drop-cap{margin-top:8px}.elementor-widget-text-editor:not(.elementor-drop-cap-view-default) .elementor-drop-cap-letter{width:1em;height:1em}.elementor-widget-text-editor .elementor-drop-cap{float:left;text-align:center;line-height:1;font-size:50px}.elementor-widget-text-editor .elementor-drop-cap-letter{display:inline-block}<\/style>\t\t\t\t<p>Las instituciones de educaci\u00f3n superior de Am\u00e9rica del Norte est\u00e1n a la vanguardia de las fronteras acad\u00e9micas. Son reconocidas por fomentar un ecosistema colaborativo que ha generado una de las fuerzas laborales m\u00e1s sofisticadas del mundo y ha producido innovaciones de investigaci\u00f3n pioneras. Estos logros son los pilares del progreso tecnol\u00f3gico y social, que nos impulsan hacia una sociedad que valora la libertad de pensamiento y la prosperidad colectiva. La participaci\u00f3n entre las instituciones de educaci\u00f3n superior de Am\u00e9rica del Norte es una estrategia imperativa para cualquier instituci\u00f3n de educaci\u00f3n superior que planee posicionarse en las fronteras de la producci\u00f3n del conocimiento y elevar su perfil internacional.<\/p><p>Estos notables logros acad\u00e9micos son el resultado de los incansables esfuerzos de visionarios precedentes que creyeron en trascender fronteras a trav\u00e9s de la educaci\u00f3n. A pesar de enfrentar oposici\u00f3n, indiferencia y las empinadas pendientes de los desaf\u00edos, es el compromiso inquebrantable de los defensores de la educaci\u00f3n internacional lo que ha trazado los caminos que ahora seguimos para la colaboraci\u00f3n. Por favor, acepte esta sincera invitaci\u00f3n para unirse a otros pioneros y campeones de la educaci\u00f3n internacional para continuar viendo m\u00e1s all\u00e1 del horizonte. La colaboraci\u00f3n internacional es transformadora, no solo para nuestros estudiantes y comunidades acad\u00e9micas, sino para nuestras sociedades colectivas.<\/p><p>Este a\u00f1o, ponemos la mira en rejuvenecer y fortalecer nuestra red internacional de educaci\u00f3n superior, prepar\u00e1ndonos para una nueva era de colaboraci\u00f3n enriquecida. Esta es una oportunidad sin igual para profundizar en estrategias innovadoras, tecnolog\u00edas de vanguardia y forjar asociaciones duraderas. Hacemos un llamado a los agentes activos de la internacionalizaci\u00f3n para que unan a sus equipos, se conecten, aprendan y sienten las bases para proyectos que redefinir\u00e1n el panorama acad\u00e9mico. Esta es una gran oportunidad para que los internacionalistas en las primeras etapas de su carrera formen una red que pueda apoyar sus ambiciones durante d\u00e9cadas. El viaje de internacionalizar la educaci\u00f3n superior se realiza mediante nuestra fuerza colectiva amplificada por la diversidad, la unidad de prop\u00f3sito y las visiones compartidas.<\/p><p>La conferencia de CONAHEC reunir\u00e1 a l\u00edderes de pensamiento en la internacionalizaci\u00f3n de la educaci\u00f3n superior y a practicantes experimentados y nuevos en el campo. Si tiene asociaciones activas con instituciones norteamericanas o est\u00e1 interesado en explorar y establecer algunas, esta conferencia es para usted. Los asistentes fortalecer\u00e1n sus redes profesionales, encontrar\u00e1n socios y amigos para proyectos internacionales y tendr\u00e1n un tiempo inolvidable. No pierda esta oportunidad de ser parte de un movimiento que reimagina el futuro de la educaci\u00f3n superior internacional.<\/p><p>\u00danase a nosotros en el nexo de la innovaci\u00f3n, la colaboraci\u00f3n y el cambio transformador. \u00danase a nosotros para afirmar y fortalecer el papel invaluable de la colaboraci\u00f3n en la educaci\u00f3n superior internacional. Juntos, podemos crear un legado de progreso y excelencia que trascienda fronteras y transforme el mundo. \u00a1Esperamos compartir un tiempo con usted!<\/p>\t\t\t\t\t\t<\/div>\n\t\t\t\t<\/div>\n\t\t\t\t\t<\/div>\n\t\t\t\t<\/div>\n\t\t<div class=\"elementor-element elementor-element-1d6cf12 e-flex e-con-boxed e-con e-parent\" data-id=\"1d6cf12\" data-element_type=\"container\">\n\t\t\t\t\t<div class=\"e-con-inner\">\n\t\t\t\t<div class=\"elementor-element elementor-element-627c81d elementor-countdown--label-block elementor-widget elementor-widget-countdown\" data-id=\"627c81d\" data-element_type=\"widget\" data-widget_type=\"countdown.default\">\n\t\t\t\t<div class=\"elementor-widget-container\">\n\t\t\t<style>\/*! elementor-pro - v3.23.0 - 05-08-2024 *\/\n.elementor-widget-countdown .elementor-countdown-expire--message{display:none;padding:20px;text-align:center}.elementor-widget-countdown .elementor-countdown-wrapper{flex-direction:row}.elementor-widget-countdown .elementor-countdown-item{padding:20px 0;text-align:center;color:#fff}.elementor-widget-countdown .elementor-countdown-digits,.elementor-widget-countdown .elementor-countdown-label{line-height:1}.elementor-widget-countdown .elementor-countdown-digits{font-size:69px}.elementor-widget-countdown .elementor-countdown-label{font-size:19px}.elementor-widget-countdown.elementor-countdown--label-block .elementor-countdown-wrapper{display:flex;justify-content:center;margin-right:auto;margin-left:auto}.elementor-widget-countdown.elementor-countdown--label-block .elementor-countdown-digits,.elementor-widget-countdown.elementor-countdown--label-block .elementor-countdown-label{display:block}.elementor-widget-countdown.elementor-countdown--label-block .elementor-countdown-item{flex-basis:0;flex-grow:1}.elementor-widget-countdown.elementor-countdown--label-inline{text-align:center}.elementor-widget-countdown.elementor-countdown--label-inline .elementor-countdown-item{display:inline-block;padding-left:5px;padding-right:5px}<\/style>\t\t<div class=\"elementor-countdown-wrapper\" data-date=\"1729674000\">\n\t\t\t<div class=\"elementor-countdown-item\"><span class=\"elementor-countdown-digits elementor-countdown-days\"><\/span> <span class=\"elementor-countdown-label\">D\u00edas<\/span><\/div><div class=\"elementor-countdown-item\"><span class=\"elementor-countdown-digits elementor-countdown-hours\"><\/span> <span class=\"elementor-countdown-label\">Horas<\/span><\/div><div class=\"elementor-countdown-item\"><span class=\"elementor-countdown-digits elementor-countdown-minutes\"><\/span> <span class=\"elementor-countdown-label\">Minutos<\/span><\/div><div class=\"elementor-countdown-item\"><span class=\"elementor-countdown-digits elementor-countdown-seconds\"><\/span> <span class=\"elementor-countdown-label\">Segundos<\/span><\/div>\t\t<\/div>\n\t\t\t\t<\/div>\n\t\t\t\t<\/div>\n\t\t\t\t\t<\/div>\n\t\t\t\t<\/div>\n\t\t\t\t<\/div>\n\t\t","protected":false},"excerpt":{"rendered":"<p>Favor de tomar nota: La XXII edici\u00f3n de laConferencia de Educaci\u00f3n Superior en Am\u00e9rica del Norteha sido postergada hasta la primavera del 2025 Las instituciones de educaci\u00f3n superior de Am\u00e9rica del Norte est\u00e1n a la vanguardia de las fronteras acad\u00e9micas. Son reconocidas por fomentar un ecosistema colaborativo que ha generado una de las fuerzas laborales [&hellip;]<\/p>\n","protected":false},"author":4,"featured_media":0,"parent":0,"menu_order":0,"comment_status":"closed","ping_status":"closed","template":"elementor_header_footer","meta":{"ocean_post_layout":"","ocean_both_sidebars_style":"","ocean_both_sidebars_content_width":0,"ocean_both_sidebars_sidebars_width":0,"ocean_sidebar":"","ocean_second_sidebar":"","ocean_disable_margins":"enable","ocean_add_body_class":"","ocean_shortcode_before_top_bar":"","ocean_shortcode_after_top_bar":"","ocean_shortcode_before_header":"","ocean_shortcode_after_header":"","ocean_has_shortcode":"","ocean_shortcode_after_title":"","ocean_shortcode_before_footer_widgets":"","ocean_shortcode_after_footer_widgets":"","ocean_shortcode_before_footer_bottom":"","ocean_shortcode_after_footer_bottom":"","ocean_display_top_bar":"default","ocean_display_header":"default","ocean_header_style":"","ocean_center_header_left_menu":"","ocean_custom_header_template":"","ocean_custom_logo":0,"ocean_custom_retina_logo":0,"ocean_custom_logo_max_width":0,"ocean_custom_logo_tablet_max_width":0,"ocean_custom_logo_mobile_max_width":0,"ocean_custom_logo_max_height":0,"ocean_custom_logo_tablet_max_height":0,"ocean_custom_logo_mobile_max_height":0,"ocean_header_custom_menu":"","ocean_menu_typo_font_family":"","ocean_menu_typo_font_subset":"","ocean_menu_typo_font_size":0,"ocean_menu_typo_font_size_tablet":0,"ocean_menu_typo_font_size_mobile":0,"ocean_menu_typo_font_size_unit":"px","ocean_menu_typo_font_weight":"","ocean_menu_typo_font_weight_tablet":"","ocean_menu_typo_font_weight_mobile":"","ocean_menu_typo_transform":"","ocean_menu_typo_transform_tablet":"","ocean_menu_typo_transform_mobile":"","ocean_menu_typo_line_height":0,"ocean_menu_typo_line_height_tablet":0,"ocean_menu_typo_line_height_mobile":0,"ocean_menu_typo_line_height_unit":"","ocean_menu_typo_spacing":0,"ocean_menu_typo_spacing_tablet":0,"ocean_menu_typo_spacing_mobile":0,"ocean_menu_typo_spacing_unit":"","ocean_menu_link_color":"","ocean_menu_link_color_hover":"","ocean_menu_link_color_active":"","ocean_menu_link_background":"","ocean_menu_link_hover_background":"","ocean_menu_link_active_background":"","ocean_menu_social_links_bg":"","ocean_menu_social_hover_links_bg":"","ocean_menu_social_links_color":"","ocean_menu_social_hover_links_color":"","ocean_disable_title":"default","ocean_disable_heading":"default","ocean_post_title":"","ocean_post_subheading":"","ocean_post_title_style":"","ocean_post_title_background_color":"","ocean_post_title_background":0,"ocean_post_title_bg_image_position":"","ocean_post_title_bg_image_attachment":"","ocean_post_title_bg_image_repeat":"","ocean_post_title_bg_image_size":"","ocean_post_title_height":0,"ocean_post_title_bg_overlay":0.5,"ocean_post_title_bg_overlay_color":"","ocean_disable_breadcrumbs":"default","ocean_breadcrumbs_color":"","ocean_breadcrumbs_separator_color":"","ocean_breadcrumbs_links_color":"","ocean_breadcrumbs_links_hover_color":"","ocean_display_footer_widgets":"default","ocean_display_footer_bottom":"default","ocean_custom_footer_template":"","footnotes":""},"wf_page_folders":[61],"class_list":["post-1437","page","type-page","status-publish","hentry","entry"],"yoast_head":"<!-- This site is optimized with the Yoast SEO plugin v24.3 - https:\/\/yoast.com\/wordpress\/plugins\/seo\/ -->\r\n<title>Presentaci\u00f3n de la Conferencia - Consortium for North American Higher Education Collaboration<\/title>\r\n<meta name=\"robots\" content=\"index, follow, max-snippet:-1, max-image-preview:large, max-video-preview:-1\" \/>\r\n<link rel=\"canonical\" href=\"https:\/\/www.conahec.org\/index.php\/es\/presentacion-de-la-conferencia\/\" \/>\r\n<meta property=\"og:locale\" content=\"en_US\" \/>\r\n<meta property=\"og:type\" content=\"article\" \/>\r\n<meta property=\"og:title\" content=\"Presentaci\u00f3n de la Conferencia - Consortium for North American Higher Education Collaboration\" \/>\r\n<meta property=\"og:description\" content=\"Favor de tomar nota: La XXII edici\u00f3n de laConferencia de Educaci\u00f3n Superior en Am\u00e9rica del Norteha sido postergada hasta la primavera del 2025 Las instituciones de educaci\u00f3n superior de Am\u00e9rica del Norte est\u00e1n a la vanguardia de las fronteras acad\u00e9micas. Son reconocidas por fomentar un ecosistema colaborativo que ha generado una de las fuerzas laborales [&hellip;]\" \/>\r\n<meta property=\"og:url\" content=\"https:\/\/www.conahec.org\/index.php\/es\/presentacion-de-la-conferencia\/\" \/>\r\n<meta property=\"og:site_name\" content=\"Consortium for North American Higher Education Collaboration\" \/>\r\n<meta property=\"article:publisher\" content=\"https:\/\/www.facebook.com\/CONAHEC1\/\" \/>\r\n<meta property=\"article:modified_time\" content=\"2024-08-26T22:50:17+00:00\" \/>\r\n<meta property=\"og:image\" content=\"https:\/\/www.conahec.org\/wp-content\/uploads\/2024\/05\/cropped-CONAHEC165x165.png\" \/>\r\n<meta name=\"twitter:card\" content=\"summary_large_image\" \/>\r\n<meta name=\"twitter:site\" content=\"@conahec\" \/>\r\n<meta name=\"twitter:label1\" content=\"Est. reading time\" \/>\n\t<meta name=\"twitter:data1\" content=\"3 minutes\" \/>\r\n<script type=\"application\/ld+json\" class=\"yoast-schema-graph\">{\"@context\":\"https:\/\/schema.org\",\"@graph\":[{\"@type\":\"WebPage\",\"@id\":\"https:\/\/www.conahec.org\/index.php\/es\/presentacion-de-la-conferencia\/\",\"url\":\"https:\/\/www.conahec.org\/index.php\/es\/presentacion-de-la-conferencia\/\",\"name\":\"Presentaci\u00f3n de la Conferencia - Consortium for North American Higher Education Collaboration\",\"isPartOf\":{\"@id\":\"https:\/\/www.conahec.org\/#website\"},\"primaryImageOfPage\":{\"@id\":\"https:\/\/www.conahec.org\/index.php\/es\/presentacion-de-la-conferencia\/#primaryimage\"},\"image\":{\"@id\":\"https:\/\/www.conahec.org\/index.php\/es\/presentacion-de-la-conferencia\/#primaryimage\"},\"thumbnailUrl\":\"https:\/\/www.conahec.org\/wp-content\/uploads\/2024\/05\/cropped-CONAHEC165x165.png\",\"datePublished\":\"2024-05-22T22:58:31+00:00\",\"dateModified\":\"2024-08-26T22:50:17+00:00\",\"breadcrumb\":{\"@id\":\"https:\/\/www.conahec.org\/index.php\/es\/presentacion-de-la-conferencia\/#breadcrumb\"},\"inLanguage\":\"en-US\",\"potentialAction\":[{\"@type\":\"ReadAction\",\"target\":[\"https:\/\/www.conahec.org\/index.php\/es\/presentacion-de-la-conferencia\/\"]}]},{\"@type\":\"ImageObject\",\"inLanguage\":\"en-US\",\"@id\":\"https:\/\/www.conahec.org\/index.php\/es\/presentacion-de-la-conferencia\/#primaryimage\",\"url\":\"https:\/\/www.conahec.org\/wp-content\/uploads\/2024\/05\/cropped-CONAHEC165x165.png\",\"contentUrl\":\"https:\/\/www.conahec.org\/wp-content\/uploads\/2024\/05\/cropped-CONAHEC165x165.png\",\"width\":165,\"height\":142,\"caption\":\"Consortium for North American Higher Education Collaboration Logo - All Rights Reserved\"},{\"@type\":\"BreadcrumbList\",\"@id\":\"https:\/\/www.conahec.org\/index.php\/es\/presentacion-de-la-conferencia\/#breadcrumb\",\"itemListElement\":[{\"@type\":\"ListItem\",\"position\":1,\"name\":\"Home\",\"item\":\"https:\/\/www.conahec.org\/\"},{\"@type\":\"ListItem\",\"position\":2,\"name\":\"Presentaci\u00f3n de la Conferencia\"}]},{\"@type\":\"WebSite\",\"@id\":\"https:\/\/www.conahec.org\/#website\",\"url\":\"https:\/\/www.conahec.org\/\",\"name\":\"conahec.org\",\"description\":\"Facilitating Higher Education Collaboration in North America and Beyond\",\"publisher\":{\"@id\":\"https:\/\/www.conahec.org\/#organization\"},\"potentialAction\":[{\"@type\":\"SearchAction\",\"target\":{\"@type\":\"EntryPoint\",\"urlTemplate\":\"https:\/\/www.conahec.org\/?s={search_term_string}\"},\"query-input\":{\"@type\":\"PropertyValueSpecification\",\"valueRequired\":true,\"valueName\":\"search_term_string\"}}],\"inLanguage\":\"en-US\"},{\"@type\":\"Organization\",\"@id\":\"https:\/\/www.conahec.org\/#organization\",\"name\":\"Consortium for North American Higher Education Collaboration (CONAHEC)\",\"url\":\"https:\/\/www.conahec.org\/\",\"logo\":{\"@type\":\"ImageObject\",\"inLanguage\":\"en-US\",\"@id\":\"https:\/\/www.conahec.org\/#\/schema\/logo\/image\/\",\"url\":\"https:\/\/www.conahec.org\/wp-content\/uploads\/2024\/05\/CONAHECFavicon.jpg\",\"contentUrl\":\"https:\/\/www.conahec.org\/wp-content\/uploads\/2024\/05\/CONAHECFavicon.jpg\",\"width\":512,\"height\":512,\"caption\":\"Consortium for North American Higher Education Collaboration (CONAHEC)\"},\"image\":{\"@id\":\"https:\/\/www.conahec.org\/#\/schema\/logo\/image\/\"},\"sameAs\":[\"https:\/\/www.facebook.com\/CONAHEC1\/\",\"https:\/\/x.com\/conahec\"]}]}<\/script>\r\n<!-- \/ Yoast SEO plugin. -->","yoast_head_json":{"title":"Presentaci\u00f3n de la Conferencia - Consortium for North American Higher Education Collaboration","robots":{"index":"index","follow":"follow","max-snippet":"max-snippet:-1","max-image-preview":"max-image-preview:large","max-video-preview":"max-video-preview:-1"},"canonical":"https:\/\/www.conahec.org\/index.php\/es\/presentacion-de-la-conferencia\/","og_locale":"en_US","og_type":"article","og_title":"Presentaci\u00f3n de la Conferencia - Consortium for North American Higher Education Collaboration","og_description":"Favor de tomar nota: La XXII edici\u00f3n de laConferencia de Educaci\u00f3n Superior en Am\u00e9rica del Norteha sido postergada hasta la primavera del 2025 Las instituciones de educaci\u00f3n superior de Am\u00e9rica del Norte est\u00e1n a la vanguardia de las fronteras acad\u00e9micas. Son reconocidas por fomentar un ecosistema colaborativo que ha generado una de las fuerzas laborales [&hellip;]","og_url":"https:\/\/www.conahec.org\/index.php\/es\/presentacion-de-la-conferencia\/","og_site_name":"Consortium for North American Higher Education Collaboration","article_publisher":"https:\/\/www.facebook.com\/CONAHEC1\/","article_modified_time":"2024-08-26T22:50:17+00:00","og_image":[{"url":"https:\/\/www.conahec.org\/wp-content\/uploads\/2024\/05\/cropped-CONAHEC165x165.png","type":"","width":"","height":""}],"twitter_card":"summary_large_image","twitter_site":"@conahec","twitter_misc":{"Est. reading time":"3 minutes"},"schema":{"@context":"https:\/\/schema.org","@graph":[{"@type":"WebPage","@id":"https:\/\/www.conahec.org\/index.php\/es\/presentacion-de-la-conferencia\/","url":"https:\/\/www.conahec.org\/index.php\/es\/presentacion-de-la-conferencia\/","name":"Presentaci\u00f3n de la Conferencia - Consortium for North American Higher Education Collaboration","isPartOf":{"@id":"https:\/\/www.conahec.org\/#website"},"primaryImageOfPage":{"@id":"https:\/\/www.conahec.org\/index.php\/es\/presentacion-de-la-conferencia\/#primaryimage"},"image":{"@id":"https:\/\/www.conahec.org\/index.php\/es\/presentacion-de-la-conferencia\/#primaryimage"},"thumbnailUrl":"https:\/\/www.conahec.org\/wp-content\/uploads\/2024\/05\/cropped-CONAHEC165x165.png","datePublished":"2024-05-22T22:58:31+00:00","dateModified":"2024-08-26T22:50:17+00:00","breadcrumb":{"@id":"https:\/\/www.conahec.org\/index.php\/es\/presentacion-de-la-conferencia\/#breadcrumb"},"inLanguage":"en-US","potentialAction":[{"@type":"ReadAction","target":["https:\/\/www.conahec.org\/index.php\/es\/presentacion-de-la-conferencia\/"]}]},{"@type":"ImageObject","inLanguage":"en-US","@id":"https:\/\/www.conahec.org\/index.php\/es\/presentacion-de-la-conferencia\/#primaryimage","url":"https:\/\/www.conahec.org\/wp-content\/uploads\/2024\/05\/cropped-CONAHEC165x165.png","contentUrl":"https:\/\/www.conahec.org\/wp-content\/uploads\/2024\/05\/cropped-CONAHEC165x165.png","width":165,"height":142,"caption":"Consortium for North American Higher Education Collaboration Logo - All Rights Reserved"},{"@type":"BreadcrumbList","@id":"https:\/\/www.conahec.org\/index.php\/es\/presentacion-de-la-conferencia\/#breadcrumb","itemListElement":[{"@type":"ListItem","position":1,"name":"Home","item":"https:\/\/www.conahec.org\/"},{"@type":"ListItem","position":2,"name":"Presentaci\u00f3n de la Conferencia"}]},{"@type":"WebSite","@id":"https:\/\/www.conahec.org\/#website","url":"https:\/\/www.conahec.org\/","name":"conahec.org","description":"Facilitating Higher Education Collaboration in North America and Beyond","publisher":{"@id":"https:\/\/www.conahec.org\/#organization"},"potentialAction":[{"@type":"SearchAction","target":{"@type":"EntryPoint","urlTemplate":"https:\/\/www.conahec.org\/?s={search_term_string}"},"query-input":{"@type":"PropertyValueSpecification","valueRequired":true,"valueName":"search_term_string"}}],"inLanguage":"en-US"},{"@type":"Organization","@id":"https:\/\/www.conahec.org\/#organization","name":"Consortium for North American Higher Education Collaboration (CONAHEC)","url":"https:\/\/www.conahec.org\/","logo":{"@type":"ImageObject","inLanguage":"en-US","@id":"https:\/\/www.conahec.org\/#\/schema\/logo\/image\/","url":"https:\/\/www.conahec.org\/wp-content\/uploads\/2024\/05\/CONAHECFavicon.jpg","contentUrl":"https:\/\/www.conahec.org\/wp-content\/uploads\/2024\/05\/CONAHECFavicon.jpg","width":512,"height":512,"caption":"Consortium for North American Higher Education Collaboration (CONAHEC)"},"image":{"@id":"https:\/\/www.conahec.org\/#\/schema\/logo\/image\/"},"sameAs":["https:\/\/www.facebook.com\/CONAHEC1\/","https:\/\/x.com\/conahec"]}]}},"_links":{"self":[{"href":"https:\/\/www.conahec.org\/index.php\/wp-json\/wp\/v2\/pages\/1437","targetHints":{"allow":["GET"]}}],"collection":[{"href":"https:\/\/www.conahec.org\/index.php\/wp-json\/wp\/v2\/pages"}],"about":[{"href":"https:\/\/www.conahec.org\/index.php\/wp-json\/wp\/v2\/types\/page"}],"author":[{"embeddable":true,"href":"https:\/\/www.conahec.org\/index.php\/wp-json\/wp\/v2\/users\/4"}],"replies":[{"embeddable":true,"href":"https:\/\/www.conahec.org\/index.php\/wp-json\/wp\/v2\/comments?post=1437"}],"version-history":[{"count":14,"href":"https:\/\/www.conahec.org\/index.php\/wp-json\/wp\/v2\/pages\/1437\/revisions"}],"predecessor-version":[{"id":2600,"href":"https:\/\/www.conahec.org\/index.php\/wp-json\/wp\/v2\/pages\/1437\/revisions\/2600"}],"wp:attachment":[{"href":"https:\/\/www.conahec.org\/index.php\/wp-json\/wp\/v2\/media?parent=1437"}],"wp:term":[{"taxonomy":"wf_page_folders","embeddable":true,"href":"https:\/\/www.conahec.org\/index.php\/wp-json\/wp\/v2\/wf_page_folders?post=1437"}],"curies":[{"name":"wp","href":"https:\/\/api.w.org\/{rel}","templated":true}]}}