{"id":1464,"date":"2024-05-06T19:37:47","date_gmt":"2024-05-06T19:37:47","guid":{"rendered":"https:\/\/www.conahec.org\/?page_id=1464"},"modified":"2024-05-23T23:28:19","modified_gmt":"2024-05-23T23:28:19","slug":"programa-explorador-de-colaboracion-spanol","status":"publish","type":"page","link":"https:\/\/www.conahec.org\/index.php\/es\/programa-explorador-de-colaboracion-spanol\/","title":{"rendered":"Programa Explorador de Colaboraci\u00f3n"},"content":{"rendered":"\t\t<div data-elementor-type=\"wp-page\" data-elementor-id=\"1464\" class=\"elementor elementor-1464\" data-elementor-post-type=\"page\">\n\t\t\t\t<div class=\"elementor-element elementor-element-faa200d e-flex e-con-boxed e-con e-parent\" data-id=\"faa200d\" data-element_type=\"container\">\n\t\t\t\t\t<div class=\"e-con-inner\">\n\t\t\t\t<div class=\"elementor-element elementor-element-2571c14 elementor-widget elementor-widget-text-editor\" data-id=\"2571c14\" data-element_type=\"widget\" data-widget_type=\"text-editor.default\">\n\t\t\t\t<div class=\"elementor-widget-container\">\n\t\t\t<style>\/*! elementor - v3.23.0 - 05-08-2024 *\/\n.elementor-widget-text-editor.elementor-drop-cap-view-stacked .elementor-drop-cap{background-color:#69727d;color:#fff}.elementor-widget-text-editor.elementor-drop-cap-view-framed .elementor-drop-cap{color:#69727d;border:3px solid;background-color:transparent}.elementor-widget-text-editor:not(.elementor-drop-cap-view-default) .elementor-drop-cap{margin-top:8px}.elementor-widget-text-editor:not(.elementor-drop-cap-view-default) .elementor-drop-cap-letter{width:1em;height:1em}.elementor-widget-text-editor .elementor-drop-cap{float:left;text-align:center;line-height:1;font-size:50px}.elementor-widget-text-editor .elementor-drop-cap-letter{display:inline-block}<\/style>\t\t\t\t<h2><strong>\u00a1Organiza una Visita del Programa Explorador de Colaboraci\u00f3n!<\/strong><\/h2><p><strong>El Programa Explorador de Colaboraci\u00f3n de CONAHEC (anteriormente &#8220;Incubadora de Movilidad&#8221;)<\/strong> es una iniciativa que busca profundizar las relaciones interinstitucionales entre nuestros miembros y sus socios internacionales a trav\u00e9s de una mayor interacci\u00f3n espec\u00edfica de alta calidad en \u00e1reas acad\u00e9micas. El objetivo del programa es generar oportunidades para proyectos administrados conjuntamente, investigaciones, aprendizaje-servicio y pr\u00e1cticas profesionales, en algunos casos con un componente de movilidad, para estudiantes, profesores y\/o administradores. Una de las razones clave para la creaci\u00f3n del programa es la necesidad urgente de aumentar la colaboraci\u00f3n intra-regional dentro de Am\u00e9rica del Norte, donde los indicadores de internacionalizaci\u00f3n indican una prioridad relativamente baja por parte de muchas instituciones en la colaboraci\u00f3n con la regi\u00f3n de Am\u00e9rica del Norte. CONAHEC asiste a las instituciones de educaci\u00f3n superior participantes y los gu\u00eda durante las fases de planificaci\u00f3n, organizaci\u00f3n y evaluaci\u00f3n de esta visita.<\/p><h2><strong>Beneficios:<\/strong><\/h2><ul><li>Destaca las fortalezas de tu instituci\u00f3n\/regi\u00f3n.<br \/>Muestra tu campus e instalaciones.<\/li><li>Aumenta el conocimiento sobre oportunidades de colaboraci\u00f3n internacional con tu instituci\u00f3n.<\/li><li>Crea relaciones personales con otros representantes de instituciones de Am\u00e9rica del Norte.<\/li><li>Adquiere conocimiento sobre mecanismos y oportunidades de financiaci\u00f3n que apoyan la colaboraci\u00f3n y movilidad internacional.<\/li><li>Identifica socios y\/o inicia y fortalece actividades de colaboraci\u00f3n internacional.<\/li><li>Convi\u00e9rtete en un participante activo en la comunidad de educaci\u00f3n superior de Am\u00e9rica del Norte.<\/li><\/ul><h2><strong>\u00bfQu\u00e9 contribuye CONAHEC?<\/strong><\/h2><ul><li>Consultas con instituciones de educaci\u00f3n superior\/government potentiales para ser anfitrionas regionales.<\/li><li>Dise\u00f1o de programas colaborativos.<\/li><li>Desarrollo de sitio web y contenido.<\/li><li>Desarrollo del sistema de registro.<\/li><li>Acceso a nuestra extensa red de contactos para atraer la atenci\u00f3n hacia las instituciones participantes.<\/li><li>Publicidad y promoci\u00f3n dirigida identificando socios potenciales y atrayendo a los representantes adecuados.<\/li><li>Recopilaci\u00f3n y compartici\u00f3n de informaci\u00f3n sobre los participantes con y de las instituciones anfitrionas.<\/li><li>Evaluaci\u00f3n y seguimiento post-visita.<\/li><li>Posibilidad de visitas subsecuentes repetidas.<\/li><\/ul><h2><strong>Compromiso de las Instituciones\/Agencias Anfitrionas:<\/strong><\/h2><ul><li>Hospedar a los visitantes en tu campus durante el tiempo acordado con el comit\u00e9 de planificaci\u00f3n.<\/li><li>Financiar algunos o todos los gastos tales como: coordinaci\u00f3n del personal de CONAHEC, transporte del grupo visitante, alojamiento, comidas y entretenimiento. (Se recomienda que las instituciones anfitrionas tambi\u00e9n cubran o subsidien el alojamiento para aumentar la participaci\u00f3n).<\/li><li>Proveer a CONAHEC la informaci\u00f3n necesaria sobre tu instituci\u00f3n y otras agencias participantes, representantes institucionales y la regi\u00f3n en un tiempo oportuno.<\/li><li>Incluir una oportunidad para que CONAHEC presente y participe en todas las ocasiones formales del programa.<\/li><li>Incluir el logo de CONAHEC junto a los de las instituciones y organizaciones participantes en todos los materiales relacionados con la visita.<\/li><li>Facilitar reuniones con aquellos administradores, profesores y personal de tu instituci\u00f3n interesados en colaborar con las instituciones visitantes y sus representantes.<\/li><\/ul><h2><strong>Proceso de Organizaci\u00f3n:<\/strong><\/h2><p>(Se recomienda comenzar a planificar al menos 6 meses antes de la visita).<\/p><ul><li>Contactar a CONAHEC.<\/li><li>Obtener el compromiso de participaci\u00f3n de agencias gubernamentales\/consulados, buscando apoyo financiero y log\u00edstico donde sea apropiado.<\/li><li>Identificar y contactar a instituciones de educaci\u00f3n superior en tu regi\u00f3n interesadas en colaborar para hospedar a un grupo de representantes de instituciones extranjeras.<\/li><li>Coordinar con CONAHEC para elegir un rango de fechas y especificar la log\u00edstica.<\/li><li>Identificar a un l\u00edder del programa en cada instituci\u00f3n participante.<\/li><li>Crear un calendario de reuniones para un comit\u00e9 de planificaci\u00f3n con representantes de cada instituci\u00f3n y agencia junto con uno o m\u00e1s representantes de CONAHEC.<\/li><li>Monitorear la lista de inscritos y la informaci\u00f3n del perfil para identificar posibles oportunidades de colaboraci\u00f3n en las organizaciones anfitrionas participantes.<\/li><li>Contactar a los representantes apropiados de las organizaciones anfitrionas para coordinar su participaci\u00f3n en reuniones con los visitantes.<\/li><li>Hospedar al grupo de visitantes y convocar reuniones con representantes de la organizaci\u00f3n anfitriona.<\/li><li>Recopilar informaci\u00f3n sobre los resultados de las reuniones y prioridades de seguimiento.<\/li><li>Administrar la evaluaci\u00f3n del programa.<\/li><li>Considerar visitas subsecuentes.<\/li><\/ul>\t\t\t\t\t\t<\/div>\n\t\t\t\t<\/div>\n\t\t\t\t\t<\/div>\n\t\t\t\t<\/div>\n\t\t\t\t<\/div>\n\t\t","protected":false},"excerpt":{"rendered":"<p>\u00a1Organiza una Visita del Programa Explorador de Colaboraci\u00f3n! El Programa Explorador de Colaboraci\u00f3n de CONAHEC (anteriormente &#8220;Incubadora de Movilidad&#8221;) es una iniciativa que busca profundizar las relaciones interinstitucionales entre nuestros miembros y sus socios internacionales a trav\u00e9s de una mayor interacci\u00f3n espec\u00edfica de alta calidad en \u00e1reas acad\u00e9micas. El objetivo del programa es generar oportunidades [&hellip;]<\/p>\n","protected":false},"author":7,"featured_media":0,"parent":0,"menu_order":0,"comment_status":"closed","ping_status":"closed","template":"elementor_header_footer","meta":{"ocean_post_layout":"","ocean_both_sidebars_style":"","ocean_both_sidebars_content_width":0,"ocean_both_sidebars_sidebars_width":0,"ocean_sidebar":"","ocean_second_sidebar":"","ocean_disable_margins":"enable","ocean_add_body_class":"","ocean_shortcode_before_top_bar":"","ocean_shortcode_after_top_bar":"","ocean_shortcode_before_header":"","ocean_shortcode_after_header":"","ocean_has_shortcode":"","ocean_shortcode_after_title":"","ocean_shortcode_before_footer_widgets":"","ocean_shortcode_after_footer_widgets":"","ocean_shortcode_before_footer_bottom":"","ocean_shortcode_after_footer_bottom":"","ocean_display_top_bar":"default","ocean_display_header":"default","ocean_header_style":"","ocean_center_header_left_menu":"","ocean_custom_header_template":"","ocean_custom_logo":0,"ocean_custom_retina_logo":0,"ocean_custom_logo_max_width":0,"ocean_custom_logo_tablet_max_width":0,"ocean_custom_logo_mobile_max_width":0,"ocean_custom_logo_max_height":0,"ocean_custom_logo_tablet_max_height":0,"ocean_custom_logo_mobile_max_height":0,"ocean_header_custom_menu":"","ocean_menu_typo_font_family":"","ocean_menu_typo_font_subset":"","ocean_menu_typo_font_size":0,"ocean_menu_typo_font_size_tablet":0,"ocean_menu_typo_font_size_mobile":0,"ocean_menu_typo_font_size_unit":"px","ocean_menu_typo_font_weight":"","ocean_menu_typo_font_weight_tablet":"","ocean_menu_typo_font_weight_mobile":"","ocean_menu_typo_transform":"","ocean_menu_typo_transform_tablet":"","ocean_menu_typo_transform_mobile":"","ocean_menu_typo_line_height":0,"ocean_menu_typo_line_height_tablet":0,"ocean_menu_typo_line_height_mobile":0,"ocean_menu_typo_line_height_unit":"","ocean_menu_typo_spacing":0,"ocean_menu_typo_spacing_tablet":0,"ocean_menu_typo_spacing_mobile":0,"ocean_menu_typo_spacing_unit":"","ocean_menu_link_color":"","ocean_menu_link_color_hover":"","ocean_menu_link_color_active":"","ocean_menu_link_background":"","ocean_menu_link_hover_background":"","ocean_menu_link_active_background":"","ocean_menu_social_links_bg":"","ocean_menu_social_hover_links_bg":"","ocean_menu_social_links_color":"","ocean_menu_social_hover_links_color":"","ocean_disable_title":"default","ocean_disable_heading":"default","ocean_post_title":"","ocean_post_subheading":"","ocean_post_title_style":"","ocean_post_title_background_color":"","ocean_post_title_background":0,"ocean_post_title_bg_image_position":"","ocean_post_title_bg_image_attachment":"","ocean_post_title_bg_image_repeat":"","ocean_post_title_bg_image_size":"","ocean_post_title_height":0,"ocean_post_title_bg_overlay":0.5,"ocean_post_title_bg_overlay_color":"","ocean_disable_breadcrumbs":"default","ocean_breadcrumbs_color":"","ocean_breadcrumbs_separator_color":"","ocean_breadcrumbs_links_color":"","ocean_breadcrumbs_links_hover_color":"","ocean_display_footer_widgets":"default","ocean_display_footer_bottom":"default","ocean_custom_footer_template":"","footnotes":""},"wf_page_folders":[28],"class_list":["post-1464","page","type-page","status-publish","hentry","entry"],"yoast_head":"<!-- This site is optimized with the Yoast SEO plugin v24.3 - https:\/\/yoast.com\/wordpress\/plugins\/seo\/ -->\r\n<title>Programa Explorador de Colaboraci\u00f3n - Consortium for North American Higher Education Collaboration<\/title>\r\n<meta name=\"robots\" content=\"index, follow, max-snippet:-1, max-image-preview:large, max-video-preview:-1\" \/>\r\n<link rel=\"canonical\" href=\"https:\/\/www.conahec.org\/index.php\/es\/programa-explorador-de-colaboracion-spanol\/\" \/>\r\n<meta property=\"og:locale\" content=\"en_US\" \/>\r\n<meta property=\"og:type\" content=\"article\" \/>\r\n<meta property=\"og:title\" content=\"Programa Explorador de Colaboraci\u00f3n - Consortium for North American Higher Education Collaboration\" \/>\r\n<meta property=\"og:description\" content=\"\u00a1Organiza una Visita del Programa Explorador de Colaboraci\u00f3n! El Programa Explorador de Colaboraci\u00f3n de CONAHEC (anteriormente &#8220;Incubadora de Movilidad&#8221;) es una iniciativa que busca profundizar las relaciones interinstitucionales entre nuestros miembros y sus socios internacionales a trav\u00e9s de una mayor interacci\u00f3n espec\u00edfica de alta calidad en \u00e1reas acad\u00e9micas. El objetivo del programa es generar oportunidades [&hellip;]\" \/>\r\n<meta property=\"og:url\" content=\"https:\/\/www.conahec.org\/index.php\/es\/programa-explorador-de-colaboracion-spanol\/\" \/>\r\n<meta property=\"og:site_name\" content=\"Consortium for North American Higher Education Collaboration\" \/>\r\n<meta property=\"article:publisher\" content=\"https:\/\/www.facebook.com\/CONAHEC1\/\" \/>\r\n<meta property=\"article:modified_time\" content=\"2024-05-23T23:28:19+00:00\" \/>\r\n<meta name=\"twitter:card\" content=\"summary_large_image\" \/>\r\n<meta name=\"twitter:site\" content=\"@conahec\" \/>\r\n<meta name=\"twitter:label1\" content=\"Est. reading time\" \/>\n\t<meta name=\"twitter:data1\" content=\"3 minutes\" \/>\r\n<script type=\"application\/ld+json\" class=\"yoast-schema-graph\">{\"@context\":\"https:\/\/schema.org\",\"@graph\":[{\"@type\":\"WebPage\",\"@id\":\"https:\/\/www.conahec.org\/index.php\/es\/programa-explorador-de-colaboracion-spanol\/\",\"url\":\"https:\/\/www.conahec.org\/index.php\/es\/programa-explorador-de-colaboracion-spanol\/\",\"name\":\"Programa Explorador de Colaboraci\u00f3n - Consortium for North American Higher Education Collaboration\",\"isPartOf\":{\"@id\":\"https:\/\/www.conahec.org\/#website\"},\"datePublished\":\"2024-05-06T19:37:47+00:00\",\"dateModified\":\"2024-05-23T23:28:19+00:00\",\"breadcrumb\":{\"@id\":\"https:\/\/www.conahec.org\/index.php\/es\/programa-explorador-de-colaboracion-spanol\/#breadcrumb\"},\"inLanguage\":\"en-US\",\"potentialAction\":[{\"@type\":\"ReadAction\",\"target\":[\"https:\/\/www.conahec.org\/index.php\/es\/programa-explorador-de-colaboracion-spanol\/\"]}]},{\"@type\":\"BreadcrumbList\",\"@id\":\"https:\/\/www.conahec.org\/index.php\/es\/programa-explorador-de-colaboracion-spanol\/#breadcrumb\",\"itemListElement\":[{\"@type\":\"ListItem\",\"position\":1,\"name\":\"Home\",\"item\":\"https:\/\/www.conahec.org\/\"},{\"@type\":\"ListItem\",\"position\":2,\"name\":\"Programa Explorador de Colaboraci\u00f3n\"}]},{\"@type\":\"WebSite\",\"@id\":\"https:\/\/www.conahec.org\/#website\",\"url\":\"https:\/\/www.conahec.org\/\",\"name\":\"conahec.org\",\"description\":\"Facilitating Higher Education Collaboration in North America and Beyond\",\"publisher\":{\"@id\":\"https:\/\/www.conahec.org\/#organization\"},\"potentialAction\":[{\"@type\":\"SearchAction\",\"target\":{\"@type\":\"EntryPoint\",\"urlTemplate\":\"https:\/\/www.conahec.org\/?s={search_term_string}\"},\"query-input\":{\"@type\":\"PropertyValueSpecification\",\"valueRequired\":true,\"valueName\":\"search_term_string\"}}],\"inLanguage\":\"en-US\"},{\"@type\":\"Organization\",\"@id\":\"https:\/\/www.conahec.org\/#organization\",\"name\":\"Consortium for North American Higher Education Collaboration (CONAHEC)\",\"url\":\"https:\/\/www.conahec.org\/\",\"logo\":{\"@type\":\"ImageObject\",\"inLanguage\":\"en-US\",\"@id\":\"https:\/\/www.conahec.org\/#\/schema\/logo\/image\/\",\"url\":\"https:\/\/www.conahec.org\/wp-content\/uploads\/2024\/05\/CONAHECFavicon.jpg\",\"contentUrl\":\"https:\/\/www.conahec.org\/wp-content\/uploads\/2024\/05\/CONAHECFavicon.jpg\",\"width\":512,\"height\":512,\"caption\":\"Consortium for North American Higher Education Collaboration (CONAHEC)\"},\"image\":{\"@id\":\"https:\/\/www.conahec.org\/#\/schema\/logo\/image\/\"},\"sameAs\":[\"https:\/\/www.facebook.com\/CONAHEC1\/\",\"https:\/\/x.com\/conahec\"]}]}<\/script>\r\n<!-- \/ Yoast SEO plugin. -->","yoast_head_json":{"title":"Programa Explorador de Colaboraci\u00f3n - Consortium for North American Higher Education Collaboration","robots":{"index":"index","follow":"follow","max-snippet":"max-snippet:-1","max-image-preview":"max-image-preview:large","max-video-preview":"max-video-preview:-1"},"canonical":"https:\/\/www.conahec.org\/index.php\/es\/programa-explorador-de-colaboracion-spanol\/","og_locale":"en_US","og_type":"article","og_title":"Programa Explorador de Colaboraci\u00f3n - Consortium for North American Higher Education Collaboration","og_description":"\u00a1Organiza una Visita del Programa Explorador de Colaboraci\u00f3n! El Programa Explorador de Colaboraci\u00f3n de CONAHEC (anteriormente &#8220;Incubadora de Movilidad&#8221;) es una iniciativa que busca profundizar las relaciones interinstitucionales entre nuestros miembros y sus socios internacionales a trav\u00e9s de una mayor interacci\u00f3n espec\u00edfica de alta calidad en \u00e1reas acad\u00e9micas. El objetivo del programa es generar oportunidades [&hellip;]","og_url":"https:\/\/www.conahec.org\/index.php\/es\/programa-explorador-de-colaboracion-spanol\/","og_site_name":"Consortium for North American Higher Education Collaboration","article_publisher":"https:\/\/www.facebook.com\/CONAHEC1\/","article_modified_time":"2024-05-23T23:28:19+00:00","twitter_card":"summary_large_image","twitter_site":"@conahec","twitter_misc":{"Est. reading time":"3 minutes"},"schema":{"@context":"https:\/\/schema.org","@graph":[{"@type":"WebPage","@id":"https:\/\/www.conahec.org\/index.php\/es\/programa-explorador-de-colaboracion-spanol\/","url":"https:\/\/www.conahec.org\/index.php\/es\/programa-explorador-de-colaboracion-spanol\/","name":"Programa Explorador de Colaboraci\u00f3n - Consortium for North American Higher Education Collaboration","isPartOf":{"@id":"https:\/\/www.conahec.org\/#website"},"datePublished":"2024-05-06T19:37:47+00:00","dateModified":"2024-05-23T23:28:19+00:00","breadcrumb":{"@id":"https:\/\/www.conahec.org\/index.php\/es\/programa-explorador-de-colaboracion-spanol\/#breadcrumb"},"inLanguage":"en-US","potentialAction":[{"@type":"ReadAction","target":["https:\/\/www.conahec.org\/index.php\/es\/programa-explorador-de-colaboracion-spanol\/"]}]},{"@type":"BreadcrumbList","@id":"https:\/\/www.conahec.org\/index.php\/es\/programa-explorador-de-colaboracion-spanol\/#breadcrumb","itemListElement":[{"@type":"ListItem","position":1,"name":"Home","item":"https:\/\/www.conahec.org\/"},{"@type":"ListItem","position":2,"name":"Programa Explorador de Colaboraci\u00f3n"}]},{"@type":"WebSite","@id":"https:\/\/www.conahec.org\/#website","url":"https:\/\/www.conahec.org\/","name":"conahec.org","description":"Facilitating Higher Education Collaboration in North America and Beyond","publisher":{"@id":"https:\/\/www.conahec.org\/#organization"},"potentialAction":[{"@type":"SearchAction","target":{"@type":"EntryPoint","urlTemplate":"https:\/\/www.conahec.org\/?s={search_term_string}"},"query-input":{"@type":"PropertyValueSpecification","valueRequired":true,"valueName":"search_term_string"}}],"inLanguage":"en-US"},{"@type":"Organization","@id":"https:\/\/www.conahec.org\/#organization","name":"Consortium for North American Higher Education Collaboration (CONAHEC)","url":"https:\/\/www.conahec.org\/","logo":{"@type":"ImageObject","inLanguage":"en-US","@id":"https:\/\/www.conahec.org\/#\/schema\/logo\/image\/","url":"https:\/\/www.conahec.org\/wp-content\/uploads\/2024\/05\/CONAHECFavicon.jpg","contentUrl":"https:\/\/www.conahec.org\/wp-content\/uploads\/2024\/05\/CONAHECFavicon.jpg","width":512,"height":512,"caption":"Consortium for North American Higher Education Collaboration (CONAHEC)"},"image":{"@id":"https:\/\/www.conahec.org\/#\/schema\/logo\/image\/"},"sameAs":["https:\/\/www.facebook.com\/CONAHEC1\/","https:\/\/x.com\/conahec"]}]}},"_links":{"self":[{"href":"https:\/\/www.conahec.org\/index.php\/wp-json\/wp\/v2\/pages\/1464","targetHints":{"allow":["GET"]}}],"collection":[{"href":"https:\/\/www.conahec.org\/index.php\/wp-json\/wp\/v2\/pages"}],"about":[{"href":"https:\/\/www.conahec.org\/index.php\/wp-json\/wp\/v2\/types\/page"}],"author":[{"embeddable":true,"href":"https:\/\/www.conahec.org\/index.php\/wp-json\/wp\/v2\/users\/7"}],"replies":[{"embeddable":true,"href":"https:\/\/www.conahec.org\/index.php\/wp-json\/wp\/v2\/comments?post=1464"}],"version-history":[{"count":10,"href":"https:\/\/www.conahec.org\/index.php\/wp-json\/wp\/v2\/pages\/1464\/revisions"}],"predecessor-version":[{"id":1478,"href":"https:\/\/www.conahec.org\/index.php\/wp-json\/wp\/v2\/pages\/1464\/revisions\/1478"}],"wp:attachment":[{"href":"https:\/\/www.conahec.org\/index.php\/wp-json\/wp\/v2\/media?parent=1464"}],"wp:term":[{"taxonomy":"wf_page_folders","embeddable":true,"href":"https:\/\/www.conahec.org\/index.php\/wp-json\/wp\/v2\/wf_page_folders?post=1464"}],"curies":[{"name":"wp","href":"https:\/\/api.w.org\/{rel}","templated":true}]}}