{"id":1495,"date":"2024-05-06T19:37:47","date_gmt":"2024-05-06T19:37:47","guid":{"rendered":"https:\/\/www.conahec.org\/?page_id=1495"},"modified":"2024-05-24T00:54:54","modified_gmt":"2024-05-24T00:54:54","slug":"programme-explorateur-de-collaboration","status":"publish","type":"page","link":"https:\/\/www.conahec.org\/index.php\/fr\/programme-explorateur-de-collaboration\/","title":{"rendered":"Programme Explorateur de Collaboration"},"content":{"rendered":"\t\t<div data-elementor-type=\"wp-page\" data-elementor-id=\"1495\" class=\"elementor elementor-1495\" data-elementor-post-type=\"page\">\n\t\t\t\t<div class=\"elementor-element elementor-element-faa200d e-flex e-con-boxed e-con e-parent\" data-id=\"faa200d\" data-element_type=\"container\">\n\t\t\t\t\t<div class=\"e-con-inner\">\n\t\t\t\t<div class=\"elementor-element elementor-element-2571c14 elementor-widget elementor-widget-text-editor\" data-id=\"2571c14\" data-element_type=\"widget\" data-widget_type=\"text-editor.default\">\n\t\t\t\t<div class=\"elementor-widget-container\">\n\t\t\t<style>\/*! elementor - v3.23.0 - 05-08-2024 *\/\n.elementor-widget-text-editor.elementor-drop-cap-view-stacked .elementor-drop-cap{background-color:#69727d;color:#fff}.elementor-widget-text-editor.elementor-drop-cap-view-framed .elementor-drop-cap{color:#69727d;border:3px solid;background-color:transparent}.elementor-widget-text-editor:not(.elementor-drop-cap-view-default) .elementor-drop-cap{margin-top:8px}.elementor-widget-text-editor:not(.elementor-drop-cap-view-default) .elementor-drop-cap-letter{width:1em;height:1em}.elementor-widget-text-editor .elementor-drop-cap{float:left;text-align:center;line-height:1;font-size:50px}.elementor-widget-text-editor .elementor-drop-cap-letter{display:inline-block}<\/style>\t\t\t\t<h2><strong>Organisez une visite du Collaboration Explorer !<\/strong><\/h2>\n<strong>Le Programme Collaboration Explorer de CONAHEC (anciennement \u00ab Programme Incubateur de Mobilit\u00e9 \u00bb) est une initiative qui cherche \u00e0 approfondir les relations interinstitutionnelles entre nos membres et leurs partenaires internationaux \u00e0 travers une interaction accrue de haute qualit\u00e9 sp\u00e9cifique aux domaines acad\u00e9miques. L&#8217;objectif du programme est de cr\u00e9er des opportunit\u00e9s pour des projets conjointement administr\u00e9s, des recherches, des apprentissages par le service et des stages, dans certains cas avec un composant de mobilit\u00e9, pour les \u00e9tudiants, les professeurs et\/ou les administrateurs. Une raison cl\u00e9 pour la cr\u00e9ation du programme est le besoin urgent d&#8217;augmenter la collaboration intra-r\u00e9gionale en Am\u00e9rique du Nord, o\u00f9 les indicateurs d&#8217;internationalisation indiquent une priorit\u00e9 relativement faible accord\u00e9e par de nombreuses institutions \u00e0 la collaboration avec la r\u00e9gion nord-am\u00e9ricaine. CONAHEC assiste les \u00e9tablissements d&#8217;enseignement sup\u00e9rieur participants et vous guide pendant les phases de planification, d&#8217;accueil et d&#8217;\u00e9valuation de cette visite.\n<h2><strong>Avantages :<\/strong><\/h2>\n<ul>\n \t<li>Mettre en valeur les atouts de votre institution\/r\u00e9gion.<\/li>\n \t<li>Pr\u00e9senter votre campus et vos installations.<\/li>\n<li>Augmenter les connaissances sur les opportunit\u00e9s de collaboration internationale avec votre institution.<\/li>\n \t<li>Cr\u00e9er des relations personnelles avec des repr\u00e9sentants d&#8217;autres institutions nord-am\u00e9ricaines.<\/li>\n \t<li>Acqu\u00e9rir des connaissances sur les m\u00e9canismes\/opportunit\u00e9s de financement qui soutiennent la collaboration et la mobilit\u00e9 internationales.<\/li>\n \t<li>Identifier des partenaires pour et\/ou initier et renforcer les activit\u00e9s de collaboration internationale.<\/li>\n \t<li>Devenir un participant actif dans la communaut\u00e9 de l&#8217;enseignement sup\u00e9rieur en Am\u00e9rique du Nord.<\/li>\n<\/ul>\n<h2><strong>Que contribue CONAHEC ?<\/strong><\/h2>\n<ul>\n \t<li>Consultations avec les institutions d&#8217;enseignement sup\u00e9rieur\/gouvernements r\u00e9gionaux h\u00f4tes potentiels.<\/li>\n \t<li>Conception collaborative du programme.<\/li>\n \t<li>D\u00e9veloppement de sites Web et de contenu.<\/li>\n \t<li>D\u00e9veloppement du syst\u00e8me d&#8217;inscription.<\/li>\n \t<li>Acc\u00e8s \u00e0 notre vaste r\u00e9seau de contacts pour attirer l&#8217;attention sur les institutions participantes.<\/li>\n \t<li>Publicit\u00e9 cibl\u00e9e et promotion pour identifier des partenaires potentiels et attirer des repr\u00e9sentants appropri\u00e9s.<\/li>\n \t<li>Collecte et partage d&#8217;informations sur les participants avec et des institutions h\u00f4tes.<\/li>\n \t<li>\u00c9valuation post-visite et suivi.<\/li>\n \t<li>Possibilit\u00e9 de visites r\u00e9p\u00e9t\u00e9es ult\u00e9rieures.<\/li>\n<\/ul>\n<h2><strong>Engagement des Institutions\/Agences H\u00f4tes :<\/strong><\/h2>\n<ul>\n \t<li>Accueillir les visiteurs sur votre campus pour la p\u00e9riode de temps convenue avec le comit\u00e9 de planification.<\/li>\n \t<li>Financer certains ou tous les frais tels que : la coordination du personnel de CONAHEC, le transport du groupe visiteur, l&#8217;h\u00e9bergement, les repas et les divertissements.\n(Il est recommand\u00e9 que l&#8217;h\u00e9bergement soit \u00e9galement pay\u00e9 ou subventionn\u00e9 par les institutions h\u00f4tes pour augmenter la participation).<\/li>\n \t<li>Fournir \u00e0 CONAHEC les informations n\u00e9cessaires sur votre institution et d&#8217;autres agences participantes, repr\u00e9sentants institutionnels et la r\u00e9gion en temps opportun.<\/li>\n \t<li>Inclure une opportunit\u00e9 pour que CONAHEC pr\u00e9sente et participe \u00e0 toutes les occasions formelles du programme.<\/li>\n<li>Inclure le logo de CONAHEC aux c\u00f4t\u00e9s de ceux des institutions et organisations participantes dans tous les documents li\u00e9s \u00e0 la visite.<\/li>\n \t<li>Faciliter les rencontres avec les administrateurs, les professeurs et le personnel de votre institution int\u00e9ress\u00e9s \u00e0 collaborer avec les institutions visiteuses et leurs repr\u00e9sentants.<\/li>\n<\/ul>\n<h2><strong>Processus d&#8217;Organisation :<\/strong><\/h2>\n(Il est recommand\u00e9 de commencer \u00e0 planifier au moins 6 mois avant la visite).\n<ul>\n \t<li>Contactez CONAHEC.<\/li>\n \t<li>Obtenez l&#8217;engagement des agences gouvernementales\/consulats, en cherchant un soutien financier et logistique lorsque cela est appropri\u00e9.<\/li>\n \t<li>Identifiez et contactez les \u00e9tablissements d&#8217;enseignement sup\u00e9rieur de votre r\u00e9gion int\u00e9ress\u00e9s \u00e0 collaborer pour accueillir un groupe de repr\u00e9sentants d&#8217;institutions \u00e9trang\u00e8res.<\/li>\n \t<li>Coordonnez avec CONAHEC pour choisir une plage de dates et pr\u00e9ciser la logistique.<\/li>\n \t<li>Identifiez un leader de programme dans chaque institution participante.<\/li>\n \t<li>Cr\u00e9ez un calendrier de r\u00e9unions pour un comit\u00e9 de planification avec des repr\u00e9sentants de chaque institution et agence ainsi qu&#8217;un ou plusieurs repr\u00e9sentants de CONAHEC.<\/li>\n \t<li>Surveillez la liste des inscrits et les informations de profil pour identifier les opportunit\u00e9s de collaboration possibles dans les organisations h\u00f4tes participantes.<\/li>\n \t<li>Contactez les repr\u00e9sentants appropri\u00e9s des organisations h\u00f4tes pour coordonner leur participation aux r\u00e9unions avec les visiteurs.<\/li>\n \t<li>Accueillez le groupe de visiteurs et convoquez des r\u00e9unions avec les repr\u00e9sentants de l&#8217;organisation h\u00f4te.<\/li>\n \t<li>Recueillez des informations sur les r\u00e9sultats des r\u00e9unions et les priorit\u00e9s de suivi.<\/li>\n \t<li>Administrez l&#8217;\u00e9valuation du programme.<\/li>\n \t<li>Envisagez des visites ult\u00e9rieures.<\/li>\n<\/ul>\t\t\t\t\t\t<\/div>\n\t\t\t\t<\/div>\n\t\t\t\t\t<\/div>\n\t\t\t\t<\/div>\n\t\t\t\t<\/div>\n\t\t","protected":false},"excerpt":{"rendered":"<p>Organisez une visite du Collaboration Explorer ! Le Programme Collaboration Explorer de CONAHEC (anciennement \u00ab Programme Incubateur de Mobilit\u00e9 \u00bb) est une initiative qui cherche \u00e0 approfondir les relations interinstitutionnelles entre nos membres et leurs partenaires internationaux \u00e0 travers une interaction accrue de haute qualit\u00e9 sp\u00e9cifique aux domaines acad\u00e9miques. L&#8217;objectif du programme est de cr\u00e9er [&hellip;]<\/p>\n","protected":false},"author":4,"featured_media":0,"parent":0,"menu_order":0,"comment_status":"closed","ping_status":"closed","template":"elementor_header_footer","meta":{"ocean_post_layout":"","ocean_both_sidebars_style":"","ocean_both_sidebars_content_width":0,"ocean_both_sidebars_sidebars_width":0,"ocean_sidebar":"","ocean_second_sidebar":"","ocean_disable_margins":"enable","ocean_add_body_class":"","ocean_shortcode_before_top_bar":"","ocean_shortcode_after_top_bar":"","ocean_shortcode_before_header":"","ocean_shortcode_after_header":"","ocean_has_shortcode":"","ocean_shortcode_after_title":"","ocean_shortcode_before_footer_widgets":"","ocean_shortcode_after_footer_widgets":"","ocean_shortcode_before_footer_bottom":"","ocean_shortcode_after_footer_bottom":"","ocean_display_top_bar":"default","ocean_display_header":"default","ocean_header_style":"","ocean_center_header_left_menu":"","ocean_custom_header_template":"","ocean_custom_logo":0,"ocean_custom_retina_logo":0,"ocean_custom_logo_max_width":0,"ocean_custom_logo_tablet_max_width":0,"ocean_custom_logo_mobile_max_width":0,"ocean_custom_logo_max_height":0,"ocean_custom_logo_tablet_max_height":0,"ocean_custom_logo_mobile_max_height":0,"ocean_header_custom_menu":"","ocean_menu_typo_font_family":"","ocean_menu_typo_font_subset":"","ocean_menu_typo_font_size":0,"ocean_menu_typo_font_size_tablet":0,"ocean_menu_typo_font_size_mobile":0,"ocean_menu_typo_font_size_unit":"px","ocean_menu_typo_font_weight":"","ocean_menu_typo_font_weight_tablet":"","ocean_menu_typo_font_weight_mobile":"","ocean_menu_typo_transform":"","ocean_menu_typo_transform_tablet":"","ocean_menu_typo_transform_mobile":"","ocean_menu_typo_line_height":0,"ocean_menu_typo_line_height_tablet":0,"ocean_menu_typo_line_height_mobile":0,"ocean_menu_typo_line_height_unit":"","ocean_menu_typo_spacing":0,"ocean_menu_typo_spacing_tablet":0,"ocean_menu_typo_spacing_mobile":0,"ocean_menu_typo_spacing_unit":"","ocean_menu_link_color":"","ocean_menu_link_color_hover":"","ocean_menu_link_color_active":"","ocean_menu_link_background":"","ocean_menu_link_hover_background":"","ocean_menu_link_active_background":"","ocean_menu_social_links_bg":"","ocean_menu_social_hover_links_bg":"","ocean_menu_social_links_color":"","ocean_menu_social_hover_links_color":"","ocean_disable_title":"default","ocean_disable_heading":"default","ocean_post_title":"","ocean_post_subheading":"","ocean_post_title_style":"","ocean_post_title_background_color":"","ocean_post_title_background":0,"ocean_post_title_bg_image_position":"","ocean_post_title_bg_image_attachment":"","ocean_post_title_bg_image_repeat":"","ocean_post_title_bg_image_size":"","ocean_post_title_height":0,"ocean_post_title_bg_overlay":0.5,"ocean_post_title_bg_overlay_color":"","ocean_disable_breadcrumbs":"default","ocean_breadcrumbs_color":"","ocean_breadcrumbs_separator_color":"","ocean_breadcrumbs_links_color":"","ocean_breadcrumbs_links_hover_color":"","ocean_display_footer_widgets":"default","ocean_display_footer_bottom":"default","ocean_custom_footer_template":"","footnotes":""},"wf_page_folders":[29],"class_list":["post-1495","page","type-page","status-publish","hentry","entry"],"yoast_head":"<!-- This site is optimized with the Yoast SEO plugin v24.3 - https:\/\/yoast.com\/wordpress\/plugins\/seo\/ -->\r\n<title>Programme Explorateur de Collaboration - Consortium for North American Higher Education Collaboration<\/title>\r\n<meta name=\"robots\" content=\"index, follow, max-snippet:-1, max-image-preview:large, max-video-preview:-1\" \/>\r\n<link rel=\"canonical\" href=\"https:\/\/www.conahec.org\/index.php\/fr\/programme-explorateur-de-collaboration\/\" \/>\r\n<meta property=\"og:locale\" content=\"en_US\" \/>\r\n<meta property=\"og:type\" content=\"article\" \/>\r\n<meta property=\"og:title\" content=\"Programme Explorateur de Collaboration - Consortium for North American Higher Education Collaboration\" \/>\r\n<meta property=\"og:description\" content=\"Organisez une visite du Collaboration Explorer ! Le Programme Collaboration Explorer de CONAHEC (anciennement \u00ab Programme Incubateur de Mobilit\u00e9 \u00bb) est une initiative qui cherche \u00e0 approfondir les relations interinstitutionnelles entre nos membres et leurs partenaires internationaux \u00e0 travers une interaction accrue de haute qualit\u00e9 sp\u00e9cifique aux domaines acad\u00e9miques. L&#8217;objectif du programme est de cr\u00e9er [&hellip;]\" \/>\r\n<meta property=\"og:url\" content=\"https:\/\/www.conahec.org\/index.php\/fr\/programme-explorateur-de-collaboration\/\" \/>\r\n<meta property=\"og:site_name\" content=\"Consortium for North American Higher Education Collaboration\" \/>\r\n<meta property=\"article:publisher\" content=\"https:\/\/www.facebook.com\/CONAHEC1\/\" \/>\r\n<meta property=\"article:modified_time\" content=\"2024-05-24T00:54:54+00:00\" \/>\r\n<meta name=\"twitter:card\" content=\"summary_large_image\" \/>\r\n<meta name=\"twitter:site\" content=\"@conahec\" \/>\r\n<meta name=\"twitter:label1\" content=\"Est. reading time\" \/>\n\t<meta name=\"twitter:data1\" content=\"3 minutes\" \/>\r\n<script type=\"application\/ld+json\" class=\"yoast-schema-graph\">{\"@context\":\"https:\/\/schema.org\",\"@graph\":[{\"@type\":\"WebPage\",\"@id\":\"https:\/\/www.conahec.org\/index.php\/fr\/programme-explorateur-de-collaboration\/\",\"url\":\"https:\/\/www.conahec.org\/index.php\/fr\/programme-explorateur-de-collaboration\/\",\"name\":\"Programme Explorateur de Collaboration - Consortium for North American Higher Education Collaboration\",\"isPartOf\":{\"@id\":\"https:\/\/www.conahec.org\/#website\"},\"datePublished\":\"2024-05-06T19:37:47+00:00\",\"dateModified\":\"2024-05-24T00:54:54+00:00\",\"breadcrumb\":{\"@id\":\"https:\/\/www.conahec.org\/index.php\/fr\/programme-explorateur-de-collaboration\/#breadcrumb\"},\"inLanguage\":\"en-US\",\"potentialAction\":[{\"@type\":\"ReadAction\",\"target\":[\"https:\/\/www.conahec.org\/index.php\/fr\/programme-explorateur-de-collaboration\/\"]}]},{\"@type\":\"BreadcrumbList\",\"@id\":\"https:\/\/www.conahec.org\/index.php\/fr\/programme-explorateur-de-collaboration\/#breadcrumb\",\"itemListElement\":[{\"@type\":\"ListItem\",\"position\":1,\"name\":\"Home\",\"item\":\"https:\/\/www.conahec.org\/\"},{\"@type\":\"ListItem\",\"position\":2,\"name\":\"Programme Explorateur de Collaboration\"}]},{\"@type\":\"WebSite\",\"@id\":\"https:\/\/www.conahec.org\/#website\",\"url\":\"https:\/\/www.conahec.org\/\",\"name\":\"conahec.org\",\"description\":\"Facilitating Higher Education Collaboration in North America and Beyond\",\"publisher\":{\"@id\":\"https:\/\/www.conahec.org\/#organization\"},\"potentialAction\":[{\"@type\":\"SearchAction\",\"target\":{\"@type\":\"EntryPoint\",\"urlTemplate\":\"https:\/\/www.conahec.org\/?s={search_term_string}\"},\"query-input\":{\"@type\":\"PropertyValueSpecification\",\"valueRequired\":true,\"valueName\":\"search_term_string\"}}],\"inLanguage\":\"en-US\"},{\"@type\":\"Organization\",\"@id\":\"https:\/\/www.conahec.org\/#organization\",\"name\":\"Consortium for North American Higher Education Collaboration (CONAHEC)\",\"url\":\"https:\/\/www.conahec.org\/\",\"logo\":{\"@type\":\"ImageObject\",\"inLanguage\":\"en-US\",\"@id\":\"https:\/\/www.conahec.org\/#\/schema\/logo\/image\/\",\"url\":\"https:\/\/www.conahec.org\/wp-content\/uploads\/2024\/05\/CONAHECFavicon.jpg\",\"contentUrl\":\"https:\/\/www.conahec.org\/wp-content\/uploads\/2024\/05\/CONAHECFavicon.jpg\",\"width\":512,\"height\":512,\"caption\":\"Consortium for North American Higher Education Collaboration (CONAHEC)\"},\"image\":{\"@id\":\"https:\/\/www.conahec.org\/#\/schema\/logo\/image\/\"},\"sameAs\":[\"https:\/\/www.facebook.com\/CONAHEC1\/\",\"https:\/\/x.com\/conahec\"]}]}<\/script>\r\n<!-- \/ Yoast SEO plugin. -->","yoast_head_json":{"title":"Programme Explorateur de Collaboration - Consortium for North American Higher Education Collaboration","robots":{"index":"index","follow":"follow","max-snippet":"max-snippet:-1","max-image-preview":"max-image-preview:large","max-video-preview":"max-video-preview:-1"},"canonical":"https:\/\/www.conahec.org\/index.php\/fr\/programme-explorateur-de-collaboration\/","og_locale":"en_US","og_type":"article","og_title":"Programme Explorateur de Collaboration - Consortium for North American Higher Education Collaboration","og_description":"Organisez une visite du Collaboration Explorer ! Le Programme Collaboration Explorer de CONAHEC (anciennement \u00ab Programme Incubateur de Mobilit\u00e9 \u00bb) est une initiative qui cherche \u00e0 approfondir les relations interinstitutionnelles entre nos membres et leurs partenaires internationaux \u00e0 travers une interaction accrue de haute qualit\u00e9 sp\u00e9cifique aux domaines acad\u00e9miques. L&#8217;objectif du programme est de cr\u00e9er [&hellip;]","og_url":"https:\/\/www.conahec.org\/index.php\/fr\/programme-explorateur-de-collaboration\/","og_site_name":"Consortium for North American Higher Education Collaboration","article_publisher":"https:\/\/www.facebook.com\/CONAHEC1\/","article_modified_time":"2024-05-24T00:54:54+00:00","twitter_card":"summary_large_image","twitter_site":"@conahec","twitter_misc":{"Est. reading time":"3 minutes"},"schema":{"@context":"https:\/\/schema.org","@graph":[{"@type":"WebPage","@id":"https:\/\/www.conahec.org\/index.php\/fr\/programme-explorateur-de-collaboration\/","url":"https:\/\/www.conahec.org\/index.php\/fr\/programme-explorateur-de-collaboration\/","name":"Programme Explorateur de Collaboration - Consortium for North American Higher Education Collaboration","isPartOf":{"@id":"https:\/\/www.conahec.org\/#website"},"datePublished":"2024-05-06T19:37:47+00:00","dateModified":"2024-05-24T00:54:54+00:00","breadcrumb":{"@id":"https:\/\/www.conahec.org\/index.php\/fr\/programme-explorateur-de-collaboration\/#breadcrumb"},"inLanguage":"en-US","potentialAction":[{"@type":"ReadAction","target":["https:\/\/www.conahec.org\/index.php\/fr\/programme-explorateur-de-collaboration\/"]}]},{"@type":"BreadcrumbList","@id":"https:\/\/www.conahec.org\/index.php\/fr\/programme-explorateur-de-collaboration\/#breadcrumb","itemListElement":[{"@type":"ListItem","position":1,"name":"Home","item":"https:\/\/www.conahec.org\/"},{"@type":"ListItem","position":2,"name":"Programme Explorateur de Collaboration"}]},{"@type":"WebSite","@id":"https:\/\/www.conahec.org\/#website","url":"https:\/\/www.conahec.org\/","name":"conahec.org","description":"Facilitating Higher Education Collaboration in North America and Beyond","publisher":{"@id":"https:\/\/www.conahec.org\/#organization"},"potentialAction":[{"@type":"SearchAction","target":{"@type":"EntryPoint","urlTemplate":"https:\/\/www.conahec.org\/?s={search_term_string}"},"query-input":{"@type":"PropertyValueSpecification","valueRequired":true,"valueName":"search_term_string"}}],"inLanguage":"en-US"},{"@type":"Organization","@id":"https:\/\/www.conahec.org\/#organization","name":"Consortium for North American Higher Education Collaboration (CONAHEC)","url":"https:\/\/www.conahec.org\/","logo":{"@type":"ImageObject","inLanguage":"en-US","@id":"https:\/\/www.conahec.org\/#\/schema\/logo\/image\/","url":"https:\/\/www.conahec.org\/wp-content\/uploads\/2024\/05\/CONAHECFavicon.jpg","contentUrl":"https:\/\/www.conahec.org\/wp-content\/uploads\/2024\/05\/CONAHECFavicon.jpg","width":512,"height":512,"caption":"Consortium for North American Higher Education Collaboration (CONAHEC)"},"image":{"@id":"https:\/\/www.conahec.org\/#\/schema\/logo\/image\/"},"sameAs":["https:\/\/www.facebook.com\/CONAHEC1\/","https:\/\/x.com\/conahec"]}]}},"_links":{"self":[{"href":"https:\/\/www.conahec.org\/index.php\/wp-json\/wp\/v2\/pages\/1495","targetHints":{"allow":["GET"]}}],"collection":[{"href":"https:\/\/www.conahec.org\/index.php\/wp-json\/wp\/v2\/pages"}],"about":[{"href":"https:\/\/www.conahec.org\/index.php\/wp-json\/wp\/v2\/types\/page"}],"author":[{"embeddable":true,"href":"https:\/\/www.conahec.org\/index.php\/wp-json\/wp\/v2\/users\/4"}],"replies":[{"embeddable":true,"href":"https:\/\/www.conahec.org\/index.php\/wp-json\/wp\/v2\/comments?post=1495"}],"version-history":[{"count":4,"href":"https:\/\/www.conahec.org\/index.php\/wp-json\/wp\/v2\/pages\/1495\/revisions"}],"predecessor-version":[{"id":1500,"href":"https:\/\/www.conahec.org\/index.php\/wp-json\/wp\/v2\/pages\/1495\/revisions\/1500"}],"wp:attachment":[{"href":"https:\/\/www.conahec.org\/index.php\/wp-json\/wp\/v2\/media?parent=1495"}],"wp:term":[{"taxonomy":"wf_page_folders","embeddable":true,"href":"https:\/\/www.conahec.org\/index.php\/wp-json\/wp\/v2\/wf_page_folders?post=1495"}],"curies":[{"name":"wp","href":"https:\/\/api.w.org\/{rel}","templated":true}]}}