{"id":1534,"date":"2024-05-15T16:21:56","date_gmt":"2024-05-15T16:21:56","guid":{"rendered":"https:\/\/www.conahec.org\/?page_id=1534"},"modified":"2024-05-23T22:59:09","modified_gmt":"2024-05-23T22:59:09","slug":"asegurate-de-recibir-nuestros-correos-electronicos","status":"publish","type":"page","link":"https:\/\/www.conahec.org\/index.php\/es\/asegurate-de-recibir-nuestros-correos-electronicos\/","title":{"rendered":"\u00a1Aseg\u00farate de recibir nuestros correos electr\u00f3nicos!"},"content":{"rendered":"\t\t<div data-elementor-type=\"wp-page\" data-elementor-id=\"1534\" class=\"elementor elementor-1534\" data-elementor-post-type=\"page\">\n\t\t\t\t<div class=\"elementor-element elementor-element-28eedb2 e-flex e-con-boxed e-con e-parent\" data-id=\"28eedb2\" data-element_type=\"container\">\n\t\t\t\t\t<div class=\"e-con-inner\">\n\t\t\t\t<div class=\"elementor-element elementor-element-99a9445 elementor-widget elementor-widget-text-editor\" data-id=\"99a9445\" data-element_type=\"widget\" data-widget_type=\"text-editor.default\">\n\t\t\t\t<div class=\"elementor-widget-container\">\n\t\t\t<style>\/*! elementor - v3.23.0 - 05-08-2024 *\/\n.elementor-widget-text-editor.elementor-drop-cap-view-stacked .elementor-drop-cap{background-color:#69727d;color:#fff}.elementor-widget-text-editor.elementor-drop-cap-view-framed .elementor-drop-cap{color:#69727d;border:3px solid;background-color:transparent}.elementor-widget-text-editor:not(.elementor-drop-cap-view-default) .elementor-drop-cap{margin-top:8px}.elementor-widget-text-editor:not(.elementor-drop-cap-view-default) .elementor-drop-cap-letter{width:1em;height:1em}.elementor-widget-text-editor .elementor-drop-cap{float:left;text-align:center;line-height:1;font-size:50px}.elementor-widget-text-editor .elementor-drop-cap-letter{display:inline-block}<\/style>\t\t\t\t<h2>Aquellos que deseen recibir informaci\u00f3n de los sitios web de CONAHEC, incluidos conahec.org, conahecstudentexchange.org, elnet.org, deben agregar conahec@gmail.com y mail@conahec.org, as\u00ed como el dominio mailchimpapp.com, a la lista de remitentes seguros de su cliente de correo electr\u00f3nico.<\/h2><table><tbody><tr><td><strong>Email Client Software<\/strong><\/td><td><strong>A\u00f1ade <a target=\"_new\" rel=\"noreferrer\">conahec@gmail.com<\/a> y <a target=\"_new\" rel=\"noreferrer\">mail@conahec.org<\/a> a tu lista de remitentes seguros<\/strong><\/td><td><strong>Recuperar de la carpeta de correo no deseado<\/strong><\/td><\/tr><tr><td><a href=\"https:\/\/www.apple.com\/support\/mac-apps\/mail\/\" target=\"_blank\" rel=\"noopener noreferrer\">Apple Mail (escritorio)<\/a><\/td><td><p>1.Selecciona el correo electr\u00f3nico para abrirlo<br \/>2.Pasa el cursor sobre la direcci\u00f3n de <strong>Remitente<\/strong><br \/>3.Haz clic en la flecha hacia abajo y selecciona <strong>A\u00f1adir a contactos<\/strong><\/p><\/td><td><p>1.Selecciona el correo electr\u00f3nico<br \/>2.Haz clic en <strong>Mover<\/strong> a la <strong>bandeja de entrada<\/strong><\/p><\/td><\/tr><tr><td><a href=\"https:\/\/support.apple.com\/mail\" target=\"_blank\" rel=\"noopener noreferrer\">Apple Mail (iPhone)<\/a><\/td><td><p>1.Selecciona el correo electr\u00f3nico para abrirlo<br \/>2.Haz clic en la direcci\u00f3n de Remitente<br \/>3.Haz clic en la flecha hacia abajo<br \/>4.Haz clic en <strong>Crear nuevo contacto &gt; Hecho<\/strong><\/p><\/td><td><p>1.Selecciona el correo electr\u00f3nico<br \/>2.Haz clic en la flecha hacia abajo<br \/>3.Selecciona <strong>Marcar<\/strong> como <strong>no correo no deseado<\/strong><\/p><\/td><\/tr><tr><td><a id=\"\" title=\"\" href=\"https:\/\/support.google.com\/\" target=\"_blank\" rel=\"noopener noreferrer\">Gmail<\/a><\/td><td>1.Selecciona el correo electr\u00f3nico para abrirlo<br \/>2.Pasa el cursor sobre la direcci\u00f3n de <strong>Remitente<\/strong><br \/>3.Haz clic en la flecha hacia abajo y selecciona <strong>A\u00f1adir a contactos<\/strong><\/td><td>1.Selecciona el correo electr\u00f3nico para abrirlo<br \/>2.Haz clic en <strong>Informar que no es spam<\/strong><\/td><\/tr><tr><td><a href=\"https:\/\/support.microsoft.com\/en-us\/outlook\" target=\"_blank\" rel=\"noopener noreferrer\">Outlook<\/a><\/td><td><p>1.Selecciona el correo electr\u00f3nico para abrirlo<br \/>En la pesta\u00f1a\u00a0<strong>Mensaje<\/strong>, selecciona\u00a0<strong>Correo no deseado\u00a0&gt;\u00a0Nunca bloquear remitente<\/strong><\/p><\/td><td><p>1.Selecciona el correo electr\u00f3nico para abrirlo<br \/>2.En la pesta\u00f1a Mensaje, selecciona <strong>Informar mensaje &gt; No es correo no deseado<\/strong><\/p><\/td><\/tr><tr><td><a href=\"https:\/\/help.yahoo.com\/kb\/helpcentral\" target=\"_blank\" rel=\"noopener noreferrer\">Yahoo Mail<\/a><\/td><td><p>1.Selecciona el correo electr\u00f3nico para abrirlo<br \/>Pasa el cursor sobre la direcci\u00f3n de\u00a0<strong>Remitente<\/strong><br \/>Selecciona\u00a0<strong>A\u00f1adir a contactos<\/strong>\u00a0luego\u00a0<strong>Guardar<\/strong><\/p><\/td><td>1.Selecciona el correo electr\u00f3nico para abrirlo<br \/>2.Haz clic en <strong>Informar que no es spam<\/strong><\/td><\/tr><\/tbody><\/table>\t\t\t\t\t\t<\/div>\n\t\t\t\t<\/div>\n\t\t\t\t\t<\/div>\n\t\t\t\t<\/div>\n\t\t\t\t<\/div>\n\t\t","protected":false},"excerpt":{"rendered":"<p>Aquellos que deseen recibir informaci\u00f3n de los sitios web de CONAHEC, incluidos conahec.org, conahecstudentexchange.org, elnet.org, deben agregar conahec@gmail.com y mail@conahec.org, as\u00ed como el dominio mailchimpapp.com, a la lista de remitentes seguros de su cliente de correo electr\u00f3nico. Email Client Software A\u00f1ade conahec@gmail.com y mail@conahec.org a tu lista de remitentes seguros Recuperar de la carpeta de [&hellip;]<\/p>\n","protected":false},"author":7,"featured_media":0,"parent":0,"menu_order":0,"comment_status":"closed","ping_status":"closed","template":"elementor_header_footer","meta":{"ocean_post_layout":"","ocean_both_sidebars_style":"","ocean_both_sidebars_content_width":0,"ocean_both_sidebars_sidebars_width":0,"ocean_sidebar":"","ocean_second_sidebar":"","ocean_disable_margins":"enable","ocean_add_body_class":"","ocean_shortcode_before_top_bar":"","ocean_shortcode_after_top_bar":"","ocean_shortcode_before_header":"","ocean_shortcode_after_header":"","ocean_has_shortcode":"","ocean_shortcode_after_title":"","ocean_shortcode_before_footer_widgets":"","ocean_shortcode_after_footer_widgets":"","ocean_shortcode_before_footer_bottom":"","ocean_shortcode_after_footer_bottom":"","ocean_display_top_bar":"default","ocean_display_header":"default","ocean_header_style":"","ocean_center_header_left_menu":"","ocean_custom_header_template":"","ocean_custom_logo":0,"ocean_custom_retina_logo":0,"ocean_custom_logo_max_width":0,"ocean_custom_logo_tablet_max_width":0,"ocean_custom_logo_mobile_max_width":0,"ocean_custom_logo_max_height":0,"ocean_custom_logo_tablet_max_height":0,"ocean_custom_logo_mobile_max_height":0,"ocean_header_custom_menu":"","ocean_menu_typo_font_family":"","ocean_menu_typo_font_subset":"","ocean_menu_typo_font_size":0,"ocean_menu_typo_font_size_tablet":0,"ocean_menu_typo_font_size_mobile":0,"ocean_menu_typo_font_size_unit":"px","ocean_menu_typo_font_weight":"","ocean_menu_typo_font_weight_tablet":"","ocean_menu_typo_font_weight_mobile":"","ocean_menu_typo_transform":"","ocean_menu_typo_transform_tablet":"","ocean_menu_typo_transform_mobile":"","ocean_menu_typo_line_height":0,"ocean_menu_typo_line_height_tablet":0,"ocean_menu_typo_line_height_mobile":0,"ocean_menu_typo_line_height_unit":"","ocean_menu_typo_spacing":0,"ocean_menu_typo_spacing_tablet":0,"ocean_menu_typo_spacing_mobile":0,"ocean_menu_typo_spacing_unit":"","ocean_menu_link_color":"","ocean_menu_link_color_hover":"","ocean_menu_link_color_active":"","ocean_menu_link_background":"","ocean_menu_link_hover_background":"","ocean_menu_link_active_background":"","ocean_menu_social_links_bg":"","ocean_menu_social_hover_links_bg":"","ocean_menu_social_links_color":"","ocean_menu_social_hover_links_color":"","ocean_disable_title":"default","ocean_disable_heading":"default","ocean_post_title":"","ocean_post_subheading":"","ocean_post_title_style":"","ocean_post_title_background_color":"","ocean_post_title_background":0,"ocean_post_title_bg_image_position":"","ocean_post_title_bg_image_attachment":"","ocean_post_title_bg_image_repeat":"","ocean_post_title_bg_image_size":"","ocean_post_title_height":0,"ocean_post_title_bg_overlay":0.5,"ocean_post_title_bg_overlay_color":"","ocean_disable_breadcrumbs":"default","ocean_breadcrumbs_color":"","ocean_breadcrumbs_separator_color":"","ocean_breadcrumbs_links_color":"","ocean_breadcrumbs_links_hover_color":"","ocean_display_footer_widgets":"default","ocean_display_footer_bottom":"default","ocean_custom_footer_template":"","footnotes":""},"wf_page_folders":[28],"class_list":["post-1534","page","type-page","status-publish","hentry","entry"],"yoast_head":"<!-- This site is optimized with the Yoast SEO plugin v24.3 - https:\/\/yoast.com\/wordpress\/plugins\/seo\/ -->\r\n<title>\u00a1Aseg\u00farate de recibir nuestros correos electr\u00f3nicos! - Consortium for North American Higher Education Collaboration<\/title>\r\n<meta name=\"robots\" content=\"index, follow, max-snippet:-1, max-image-preview:large, max-video-preview:-1\" \/>\r\n<link rel=\"canonical\" href=\"https:\/\/www.conahec.org\/index.php\/es\/asegurate-de-recibir-nuestros-correos-electronicos\/\" \/>\r\n<meta property=\"og:locale\" content=\"en_US\" \/>\r\n<meta property=\"og:type\" content=\"article\" \/>\r\n<meta property=\"og:title\" content=\"\u00a1Aseg\u00farate de recibir nuestros correos electr\u00f3nicos! - Consortium for North American Higher Education Collaboration\" \/>\r\n<meta property=\"og:description\" content=\"Aquellos que deseen recibir informaci\u00f3n de los sitios web de CONAHEC, incluidos conahec.org, conahecstudentexchange.org, elnet.org, deben agregar conahec@gmail.com y mail@conahec.org, as\u00ed como el dominio mailchimpapp.com, a la lista de remitentes seguros de su cliente de correo electr\u00f3nico. Email Client Software A\u00f1ade conahec@gmail.com y mail@conahec.org a tu lista de remitentes seguros Recuperar de la carpeta de [&hellip;]\" \/>\r\n<meta property=\"og:url\" content=\"https:\/\/www.conahec.org\/index.php\/es\/asegurate-de-recibir-nuestros-correos-electronicos\/\" \/>\r\n<meta property=\"og:site_name\" content=\"Consortium for North American Higher Education Collaboration\" \/>\r\n<meta property=\"article:publisher\" content=\"https:\/\/www.facebook.com\/CONAHEC1\/\" \/>\r\n<meta property=\"article:modified_time\" content=\"2024-05-23T22:59:09+00:00\" \/>\r\n<meta name=\"twitter:card\" content=\"summary_large_image\" \/>\r\n<meta name=\"twitter:site\" content=\"@conahec\" \/>\r\n<meta name=\"twitter:label1\" content=\"Est. reading time\" \/>\n\t<meta name=\"twitter:data1\" content=\"2 minutes\" \/>\r\n<script type=\"application\/ld+json\" class=\"yoast-schema-graph\">{\"@context\":\"https:\/\/schema.org\",\"@graph\":[{\"@type\":\"WebPage\",\"@id\":\"https:\/\/www.conahec.org\/index.php\/es\/asegurate-de-recibir-nuestros-correos-electronicos\/\",\"url\":\"https:\/\/www.conahec.org\/index.php\/es\/asegurate-de-recibir-nuestros-correos-electronicos\/\",\"name\":\"\u00a1Aseg\u00farate de recibir nuestros correos electr\u00f3nicos! - Consortium for North American Higher Education Collaboration\",\"isPartOf\":{\"@id\":\"https:\/\/www.conahec.org\/#website\"},\"datePublished\":\"2024-05-15T16:21:56+00:00\",\"dateModified\":\"2024-05-23T22:59:09+00:00\",\"breadcrumb\":{\"@id\":\"https:\/\/www.conahec.org\/index.php\/es\/asegurate-de-recibir-nuestros-correos-electronicos\/#breadcrumb\"},\"inLanguage\":\"en-US\",\"potentialAction\":[{\"@type\":\"ReadAction\",\"target\":[\"https:\/\/www.conahec.org\/index.php\/es\/asegurate-de-recibir-nuestros-correos-electronicos\/\"]}]},{\"@type\":\"BreadcrumbList\",\"@id\":\"https:\/\/www.conahec.org\/index.php\/es\/asegurate-de-recibir-nuestros-correos-electronicos\/#breadcrumb\",\"itemListElement\":[{\"@type\":\"ListItem\",\"position\":1,\"name\":\"Home\",\"item\":\"https:\/\/www.conahec.org\/\"},{\"@type\":\"ListItem\",\"position\":2,\"name\":\"\u00a1Aseg\u00farate de recibir nuestros correos electr\u00f3nicos!\"}]},{\"@type\":\"WebSite\",\"@id\":\"https:\/\/www.conahec.org\/#website\",\"url\":\"https:\/\/www.conahec.org\/\",\"name\":\"conahec.org\",\"description\":\"Facilitating Higher Education Collaboration in North America and Beyond\",\"publisher\":{\"@id\":\"https:\/\/www.conahec.org\/#organization\"},\"potentialAction\":[{\"@type\":\"SearchAction\",\"target\":{\"@type\":\"EntryPoint\",\"urlTemplate\":\"https:\/\/www.conahec.org\/?s={search_term_string}\"},\"query-input\":{\"@type\":\"PropertyValueSpecification\",\"valueRequired\":true,\"valueName\":\"search_term_string\"}}],\"inLanguage\":\"en-US\"},{\"@type\":\"Organization\",\"@id\":\"https:\/\/www.conahec.org\/#organization\",\"name\":\"Consortium for North American Higher Education Collaboration (CONAHEC)\",\"url\":\"https:\/\/www.conahec.org\/\",\"logo\":{\"@type\":\"ImageObject\",\"inLanguage\":\"en-US\",\"@id\":\"https:\/\/www.conahec.org\/#\/schema\/logo\/image\/\",\"url\":\"https:\/\/www.conahec.org\/wp-content\/uploads\/2024\/05\/CONAHECFavicon.jpg\",\"contentUrl\":\"https:\/\/www.conahec.org\/wp-content\/uploads\/2024\/05\/CONAHECFavicon.jpg\",\"width\":512,\"height\":512,\"caption\":\"Consortium for North American Higher Education Collaboration (CONAHEC)\"},\"image\":{\"@id\":\"https:\/\/www.conahec.org\/#\/schema\/logo\/image\/\"},\"sameAs\":[\"https:\/\/www.facebook.com\/CONAHEC1\/\",\"https:\/\/x.com\/conahec\"]}]}<\/script>\r\n<!-- \/ Yoast SEO plugin. -->","yoast_head_json":{"title":"\u00a1Aseg\u00farate de recibir nuestros correos electr\u00f3nicos! - Consortium for North American Higher Education Collaboration","robots":{"index":"index","follow":"follow","max-snippet":"max-snippet:-1","max-image-preview":"max-image-preview:large","max-video-preview":"max-video-preview:-1"},"canonical":"https:\/\/www.conahec.org\/index.php\/es\/asegurate-de-recibir-nuestros-correos-electronicos\/","og_locale":"en_US","og_type":"article","og_title":"\u00a1Aseg\u00farate de recibir nuestros correos electr\u00f3nicos! - Consortium for North American Higher Education Collaboration","og_description":"Aquellos que deseen recibir informaci\u00f3n de los sitios web de CONAHEC, incluidos conahec.org, conahecstudentexchange.org, elnet.org, deben agregar conahec@gmail.com y mail@conahec.org, as\u00ed como el dominio mailchimpapp.com, a la lista de remitentes seguros de su cliente de correo electr\u00f3nico. Email Client Software A\u00f1ade conahec@gmail.com y mail@conahec.org a tu lista de remitentes seguros Recuperar de la carpeta de [&hellip;]","og_url":"https:\/\/www.conahec.org\/index.php\/es\/asegurate-de-recibir-nuestros-correos-electronicos\/","og_site_name":"Consortium for North American Higher Education Collaboration","article_publisher":"https:\/\/www.facebook.com\/CONAHEC1\/","article_modified_time":"2024-05-23T22:59:09+00:00","twitter_card":"summary_large_image","twitter_site":"@conahec","twitter_misc":{"Est. reading time":"2 minutes"},"schema":{"@context":"https:\/\/schema.org","@graph":[{"@type":"WebPage","@id":"https:\/\/www.conahec.org\/index.php\/es\/asegurate-de-recibir-nuestros-correos-electronicos\/","url":"https:\/\/www.conahec.org\/index.php\/es\/asegurate-de-recibir-nuestros-correos-electronicos\/","name":"\u00a1Aseg\u00farate de recibir nuestros correos electr\u00f3nicos! - Consortium for North American Higher Education Collaboration","isPartOf":{"@id":"https:\/\/www.conahec.org\/#website"},"datePublished":"2024-05-15T16:21:56+00:00","dateModified":"2024-05-23T22:59:09+00:00","breadcrumb":{"@id":"https:\/\/www.conahec.org\/index.php\/es\/asegurate-de-recibir-nuestros-correos-electronicos\/#breadcrumb"},"inLanguage":"en-US","potentialAction":[{"@type":"ReadAction","target":["https:\/\/www.conahec.org\/index.php\/es\/asegurate-de-recibir-nuestros-correos-electronicos\/"]}]},{"@type":"BreadcrumbList","@id":"https:\/\/www.conahec.org\/index.php\/es\/asegurate-de-recibir-nuestros-correos-electronicos\/#breadcrumb","itemListElement":[{"@type":"ListItem","position":1,"name":"Home","item":"https:\/\/www.conahec.org\/"},{"@type":"ListItem","position":2,"name":"\u00a1Aseg\u00farate de recibir nuestros correos electr\u00f3nicos!"}]},{"@type":"WebSite","@id":"https:\/\/www.conahec.org\/#website","url":"https:\/\/www.conahec.org\/","name":"conahec.org","description":"Facilitating Higher Education Collaboration in North America and Beyond","publisher":{"@id":"https:\/\/www.conahec.org\/#organization"},"potentialAction":[{"@type":"SearchAction","target":{"@type":"EntryPoint","urlTemplate":"https:\/\/www.conahec.org\/?s={search_term_string}"},"query-input":{"@type":"PropertyValueSpecification","valueRequired":true,"valueName":"search_term_string"}}],"inLanguage":"en-US"},{"@type":"Organization","@id":"https:\/\/www.conahec.org\/#organization","name":"Consortium for North American Higher Education Collaboration (CONAHEC)","url":"https:\/\/www.conahec.org\/","logo":{"@type":"ImageObject","inLanguage":"en-US","@id":"https:\/\/www.conahec.org\/#\/schema\/logo\/image\/","url":"https:\/\/www.conahec.org\/wp-content\/uploads\/2024\/05\/CONAHECFavicon.jpg","contentUrl":"https:\/\/www.conahec.org\/wp-content\/uploads\/2024\/05\/CONAHECFavicon.jpg","width":512,"height":512,"caption":"Consortium for North American Higher Education Collaboration (CONAHEC)"},"image":{"@id":"https:\/\/www.conahec.org\/#\/schema\/logo\/image\/"},"sameAs":["https:\/\/www.facebook.com\/CONAHEC1\/","https:\/\/x.com\/conahec"]}]}},"_links":{"self":[{"href":"https:\/\/www.conahec.org\/index.php\/wp-json\/wp\/v2\/pages\/1534","targetHints":{"allow":["GET"]}}],"collection":[{"href":"https:\/\/www.conahec.org\/index.php\/wp-json\/wp\/v2\/pages"}],"about":[{"href":"https:\/\/www.conahec.org\/index.php\/wp-json\/wp\/v2\/types\/page"}],"author":[{"embeddable":true,"href":"https:\/\/www.conahec.org\/index.php\/wp-json\/wp\/v2\/users\/7"}],"replies":[{"embeddable":true,"href":"https:\/\/www.conahec.org\/index.php\/wp-json\/wp\/v2\/comments?post=1534"}],"version-history":[{"count":7,"href":"https:\/\/www.conahec.org\/index.php\/wp-json\/wp\/v2\/pages\/1534\/revisions"}],"predecessor-version":[{"id":1549,"href":"https:\/\/www.conahec.org\/index.php\/wp-json\/wp\/v2\/pages\/1534\/revisions\/1549"}],"wp:attachment":[{"href":"https:\/\/www.conahec.org\/index.php\/wp-json\/wp\/v2\/media?parent=1534"}],"wp:term":[{"taxonomy":"wf_page_folders","embeddable":true,"href":"https:\/\/www.conahec.org\/index.php\/wp-json\/wp\/v2\/wf_page_folders?post=1534"}],"curies":[{"name":"wp","href":"https:\/\/api.w.org\/{rel}","templated":true}]}}