{"id":1665,"date":"2024-04-10T20:06:23","date_gmt":"2024-04-10T20:06:23","guid":{"rendered":"https:\/\/www.conahec.org\/?page_id=1665"},"modified":"2024-08-26T23:14:01","modified_gmt":"2024-08-26T23:14:01","slug":"nominations-pour-les-reconnaissances","status":"publish","type":"page","link":"https:\/\/www.conahec.org\/index.php\/fr\/nominations-pour-les-reconnaissances\/","title":{"rendered":"Nominations pour les reconnaissances"},"content":{"rendered":"\t\t<div data-elementor-type=\"wp-page\" data-elementor-id=\"1665\" class=\"elementor elementor-1665\" data-elementor-post-type=\"page\">\n\t\t\t\t<div class=\"elementor-element elementor-element-21992e69 e-flex e-con-boxed e-con e-parent\" data-id=\"21992e69\" data-element_type=\"container\">\n\t\t\t\t\t<div class=\"e-con-inner\">\n\t\t\t\t<div class=\"elementor-element elementor-element-3f624ce7 elementor-widget elementor-widget-text-editor\" data-id=\"3f624ce7\" data-element_type=\"widget\" data-widget_type=\"text-editor.default\">\n\t\t\t\t<div class=\"elementor-widget-container\">\n\t\t\t<style>\/*! elementor - v3.23.0 - 05-08-2024 *\/\n.elementor-widget-text-editor.elementor-drop-cap-view-stacked .elementor-drop-cap{background-color:#69727d;color:#fff}.elementor-widget-text-editor.elementor-drop-cap-view-framed .elementor-drop-cap{color:#69727d;border:3px solid;background-color:transparent}.elementor-widget-text-editor:not(.elementor-drop-cap-view-default) .elementor-drop-cap{margin-top:8px}.elementor-widget-text-editor:not(.elementor-drop-cap-view-default) .elementor-drop-cap-letter{width:1em;height:1em}.elementor-widget-text-editor .elementor-drop-cap{float:left;text-align:center;line-height:1;font-size:50px}.elementor-widget-text-editor .elementor-drop-cap-letter{display:inline-block}<\/style>\t\t\t\t<p><span style=\"font-weight: 400;\">Le Consortium pour la Collaboration en Enseignement Sup\u00e9rieur en Am\u00e9rique du Nord (CONAHEC) invite les institutions membres et la communaut\u00e9 de l&#8217;enseignement sup\u00e9rieur \u00e0 nominer des individus et\/ou des institutions pour les deux prix suivants :<\/span><\/p><ul><li><span style=\"font-weight: 500;\">Prix de Distinction pour des Contributions Remarquables \u00e0 la Collaboration en Enseignement Sup\u00e9rieur en Am\u00e9rique du Nord<\/span><\/li><li><span style=\"font-weight: 500;\">Prix Manuel T. Pacheco<\/span><\/li><\/ul><p><span style=\"font-weight: 400;\">Pour \u00eatre consid\u00e9r\u00e9es, les nominations doivent :<\/span><\/p><ul><li><span style=\"font-weight: 400;\">Sp\u00e9cifier pour quel prix est la nomination<\/span><\/li><li><span style=\"font-weight: 400;\">Inclure le nom et les coordonn\u00e9es compl\u00e8tes du NOMIN\u00c9<\/span><\/li><li><span style=\"font-weight: 400;\">Inclure le nom et les coordonn\u00e9es compl\u00e8tes du nominator<\/span><\/li><li><span style=\"font-weight: 400;\">Inclure une br\u00e8ve description biographique du NOMIN\u00c9<\/span><\/li><li><span style=\"font-weight: 400;\">Sp\u00e9cifier les raisons pour lesquelles le nomin\u00e9 devrait \u00eatre consid\u00e9r\u00e9<\/span><\/li><li><span style=\"font-weight: 400;\">\u00catre envoy\u00e9es par email \u00e0 Sean Manley-Casimir \u00e0 <a href=\"mailto:membership@conahec.org\">membership@conahec.org<\/a> d\u00e8s que possible et au plus tard le <\/span><span style=\"font-weight: 400;\">30 septembre 2024<\/span><\/li><\/ul><p><span style=\"font-weight: 400;\">Les nominations seront examin\u00e9es par un Comit\u00e9 de R\u00e9compenses trinational d\u00e9sign\u00e9 par le Conseil d&#8217;Administration de CONAHEC. La s\u00e9lection de chaque prix sera pr\u00e9sent\u00e9e lors de la prochaine Conf\u00e9rence de l&#8217;Enseignement Sup\u00e9rieur en Am\u00e9rique du Nord de CONAHEC.<\/span><\/p><h2>\u00c0 propos des R\u00e9compenses<\/h2><h2>Prix de Distinction pour des Contributions Remarquables \u00e0 la Collaboration en Enseignement Sup\u00e9rieur en Am\u00e9rique du Nord<\/h2><p><span style=\"font-weight: 400;\">Le Prix de Distinction de CONAHEC est con\u00e7u pour reconna\u00eetre les r\u00e9alisations et les contributions des individus ou des organisations impliqu\u00e9s dans l&#8217;enseignement sup\u00e9rieur international au Canada, au Mexique ou aux \u00c9tats-Unis, et dont l&#8217;engagement a d\u00e9montr\u00e9 une contribution substantielle et efficace aux objectifs d&#8217;int\u00e9gration \u00e9ducative, de collaboration et de leadership. Ce prix sera d\u00e9cern\u00e9 aux individus ou aux organisations qui ont apport\u00e9 des contributions significatives aux niveaux institutionnel ou national.<\/span><br \/><span style=\"font-weight: 400;\">\u00c9ligibilit\u00e9 :<\/span><\/p><ul><li><span style=\"font-weight: 400;\">Les nomin\u00e9s ne sont pas tenus d&#8217;\u00eatre affili\u00e9s \u00e0 une institution membre de CONAHEC.<\/span><\/li><\/ul><p><span style=\"font-weight: 400;\">Crit\u00e8res de S\u00e9lection :<\/span><\/p><ul><li><span style=\"font-weight: 400;\">Ce prix est d\u00e9cern\u00e9 \u00e0 un **individu ou une organisation**<\/span> <span style=\"font-weight: 400;\">qui a apport\u00e9 une contribution remarquable \u00e0 :<\/span><\/li><li><span style=\"font-weight: 400;\"> Le processus d&#8217;int\u00e9gration de la communaut\u00e9 acad\u00e9mique nord-am\u00e9ricaine et des syst\u00e8mes \u00e9ducatifs des trois pays.<\/span><\/li><li><span style=\"font-weight: 400;\">Le d\u00e9veloppement de l&#8217;\u00e9ducation dans son propre pays.<\/span><\/li><li><span style=\"font-weight: 400;\">Le d\u00e9veloppement de l&#8217;\u00e9ducation internationale et de la collaboration en Am\u00e9rique du Nord.<\/span><\/li><\/ul><h2>Les anciens r\u00e9cipiendaires du Prix de Distinction de CONAHEC sont :<\/h2><ul><li><span style=\"font-weight: 400;\"><strong>Partners of the Americas<\/strong>, (2020)<\/span><\/li><li><strong>H\u00e9ctor Arreola Soria<\/strong>, Coordinateur G\u00e9n\u00e9ral, Coordination G\u00e9n\u00e9rale des Universit\u00e9s Technologiques et Polytechniques (CGUTyP), Secr\u00e9tariat de l&#8217;\u00c9ducation Publique, Mexique (2019)<\/li><li><strong>Livia Castellanos<\/strong>, Vice-Pr\u00e9sidente Associ\u00e9e (International) &amp; Directrice Internationale de l&#8217;Universit\u00e9 de Regina (2017)<\/li><li><strong>Fernando Le\u00f3n Garc\u00eda<\/strong>, Pr\u00e9sident, CETYS Universidad (2016)<\/li><li><span style=\"font-weight: 400;\"><strong>Sergio Alcocer<\/strong>, Sous-Secr\u00e9taire aux Affaires Nord-Am\u00e9ricaines, Secr\u00e9tariat des Affaires \u00c9trang\u00e8res au Mexique (2014)<\/span><\/li><li><span style=\"font-weight: 400;\"><strong>Francisco Marmolejo<\/strong>, Coordinateur de l&#8217;\u00c9ducation Tertiaire, R\u00e9seau de D\u00e9veloppement Humain pour l&#8217;\u00c9ducation, Banque Mondiale (2013)<\/span><\/li><li><span style=\"font-weight: 400;\"><strong>Robert A. Pastor<\/strong>, Professeur de Relations Internationales, Directeur Fondateur du Centre d&#8217;\u00c9tudes Nord-Am\u00e9ricaines, Universit\u00e9 Am\u00e9ricaine &amp; auteur de nombreux livres sur l&#8217;Am\u00e9rique du Nord, y compris &#8220;L&#8217;Id\u00e9e de l&#8217;Am\u00e9rique du Nord&#8221; (2011)<\/span><\/li><li><span style=\"font-weight: 400;\"><strong>Jocelyne Gacel<\/strong>, Coordinatrice G\u00e9n\u00e9rale de la Coop\u00e9ration Internationale, Universidad de Guadalajara (2010)<\/span><\/li><li><span style=\"font-weight: 400;\">Les agences gouvernementales parrainant le Programme de Mobilit\u00e9 en Enseignement Sup\u00e9rieur en Am\u00e9rique du Nord, offert depuis 1995 gr\u00e2ce \u00e0 la coop\u00e9ration des Ressources Humaines et D\u00e9veloppement Social Canada (RHDSC), le Fonds pour l&#8217;Am\u00e9lioration de l&#8217;\u00c9ducation Postsecondaire (FIPSE) du D\u00e9partement de l&#8217;\u00c9ducation des \u00c9tats-Unis et le Secr\u00e9tariat de l&#8217;\u00c9ducation Publique du Mexique (SEP) (2007)<\/span><\/li><li><span style=\"font-weight: 400;\"><strong>Augie P. Gallego<\/strong>, Chancelier \u00c9m\u00e9rite, San Diego Community College District (2005)<\/span><\/li><li><span style=\"font-weight: 400;\"><strong>Tom L. Wood<\/strong>, ancien Pr\u00e9sident, Mount Royal College (2004)<\/span><\/li><li><span style=\"font-weight: 400;\"><strong>Fran\u00e7ois Tavenas<\/strong>, Recteur \u00c9m\u00e9rite, Universit\u00e9 Laval (2002)<\/span><\/li><li><span style=\"font-weight: 400;\"><strong>Diana Natalicio<\/strong>, Pr\u00e9sidente de l&#8217;Universit\u00e9 du Texas, El Paso (2001)<\/span><\/li><li><span style=\"font-weight: 400;\"><strong>Victor Arredondo<\/strong>, ancien Directeur G\u00e9n\u00e9ral de l&#8217;\u00c9ducation Sup\u00e9rieure au Mexique et actuel Secr\u00e9taire d&#8217;\u00c9tat \u00e0 l&#8217;\u00c9ducation \u00e0 Veracruz, Mexique (1999)<\/span><\/li><li><span style=\"font-weight: 400;\"><strong>David Strangway<\/strong>, ancien Pr\u00e9sident de l&#8217;Universit\u00e9 de la Colombie-Britannique (1998)<\/span><\/li><li><span style=\"font-weight: 400;\"><strong>Sylvia Ortega<\/strong>, pr\u00e9sidente fondatrice de l&#8217;AMPEI (1997)<\/span><\/li><\/ul><h2>Prix Manuel T. Pacheco<\/h2><p><span style=\"font-weight: 400;\">Nomm\u00e9 en l&#8217;honneur de Manuel T. Pacheco, un \u00e9minent \u00e9ducateur international, ce prix reconna\u00eet son travail et ses efforts dans la promotion de CONAHEC et son accent sur la collaboration trilat\u00e9rale en enseignement sup\u00e9rieur. Ce prix est d\u00e9cern\u00e9 \u00e0 un individu exceptionnel du Mexique, du Canada ou des \u00c9tats-Unis qui a d\u00e9montr\u00e9 des r\u00e9alisations et des contributions exceptionnelles au d\u00e9veloppement et au progr\u00e8s de CONAHEC, sa mission et dans la r\u00e9alisation de ses objectifs programmatiques.<\/span><br \/><span style=\"font-weight: 400;\">\u00c9ligibilit\u00e9 :<\/span><\/p><ul><li>Le laur\u00e9at du prix doit \u00eatre membre d&#8217;une institution membre de CONAHEC.<\/li><\/ul><p>\u00a0<br \/><span style=\"font-weight: 400;\">Crit\u00e8res de S\u00e9lection :<\/span><\/p><ul><li><span style=\"font-weight: 400;\">Le prix sera d\u00e9cern\u00e9 \u00e0 un **individu** du Mexique, du Canada ou des \u00c9tats-Unis qui remplit au moins un ou plusieurs des crit\u00e8res suivants :<\/span><\/li><li><span style=\"font-weight: 400;\">A apport\u00e9 une contribution exceptionnelle au d\u00e9veloppement et au renforcement de CONAHEC en tant qu&#8217;organisation et a fait progresser la mission et les objectifs de l&#8217;organisation.<\/span><\/li><li><span style=\"font-weight: 400;\">Est ou a \u00e9t\u00e9 membre d&#8217;une institution membre de CONAHEC.<\/span><\/li><li><span style=\"font-weight: 400;\">A apport\u00e9 une contribution exceptionnelle au d\u00e9veloppement des opportunit\u00e9s d&#8217;enseignement sup\u00e9rieur dans son pays et, ce faisant, a renforc\u00e9 l&#8217;int\u00e9gration de son pays \u00e0 la communaut\u00e9 acad\u00e9mique nord-am\u00e9ricaine.<\/span><\/li><\/ul><h2>Les anciens r\u00e9cipiendaires du prix &#8220;MANUEL T. PACHECO&#8221; sont :<\/h2><ul><li><span style=\"font-weight: 400;\"><strong>Thomas Buntru<\/strong>, Directeur des Programmes Internationaux, Universidad de Monterrey (2020)<\/span><\/li><li><strong>Joan Landeros<\/strong>, Directrice et fondatrice du Centre d&#8217;\u00c9ducation Internationale. Universidad La Salle, Mexique (2019)<\/li><li><strong>David Longanecker<\/strong>, ancien Pr\u00e9sident de WICHE (2017)<\/li><li><strong>Mike Proctor<\/strong>, ancien Vice-Pr\u00e9sident des Initiatives Globales de l&#8217;Universit\u00e9 de l&#8217;Arizona (2017)<\/li><li><strong>Lorna Smith<\/strong>, ancienne Directrice de l&#8217;\u00c9ducation Internationale, Mount Royal University (2016)<\/li><li><span style=\"font-weight: 400;\"><strong>Jaime Gutierrez<\/strong>, ancien Vice-Pr\u00e9sident des Affaires Ext\u00e9rieures de l&#8217;Universit\u00e9 de l&#8217;Arizona (2014)<\/span><\/li><li><span style=\"font-weight: 400;\"><strong>Araceli Partearroyo<\/strong>, Directrice de la Coop\u00e9ration Acad\u00e9mique, Bureau des Affaires \u00c9ducatives et Culturelles, Ambassade des \u00c9tats-Unis au Mexique (2011)<\/span><\/li><li><span style=\"font-weight: 400;\"><strong>Daniel Guay<\/strong>, ancien Directeur Ex\u00e9cutif du Bureau du Pr\u00e9sident du Syst\u00e8me de l&#8217;Universit\u00e9 du Qu\u00e9bec (2010)<\/span><\/li><li><span style=\"font-weight: 400;\"><strong>Dewayne Matthews<\/strong>, Directeur Principal de la Recherche, Fondation Lumina pour l&#8217;\u00c9ducation (2007)<\/span><\/li><li><span style=\"font-weight: 400;\"><strong>Margo Schultz<\/strong>, ancienne Directrice Associ\u00e9e, CONAHEC (2005)<\/span><\/li><li><span style=\"font-weight: 400;\"><strong>Juan Carlos Romero Hicks<\/strong>, ancien Pr\u00e9sident de l&#8217;Universit\u00e9 de Guanajuato (2004)<\/span><\/li><li><span style=\"font-weight: 400;\"><strong>Walter Uegama<\/strong>, ancien Vice-Pr\u00e9sident de l&#8217;\u00c9ducation Continue, Universit\u00e9 de la Colombie-Britannique (2002)<\/span><\/li><li><span style=\"font-weight: 400;\"><strong>Richard W. Jonsen<\/strong>, ancien Directeur Ex\u00e9cutif de WICHE (la Commission Inter-\u00c9tats de l&#8217;Ouest pour l&#8217;Enseignement Sup\u00e9rieur) (2001)<\/span><\/li><li><span style=\"font-weight: 400;\"><strong>Norman Collins<\/strong>, ancien repr\u00e9sentant de la Fondation Ford au Mexique et en Am\u00e9rique Centrale (1999)<\/span><\/li><li><span style=\"font-weight: 400;\"><strong>Manuel T. Pacheco<\/strong>, ancien Pr\u00e9sident de l&#8217;Universit\u00e9 de l&#8217;Arizona (1998)<\/span><\/li><\/ul>\t\t\t\t\t\t<\/div>\n\t\t\t\t<\/div>\n\t\t\t\t\t<\/div>\n\t\t\t\t<\/div>\n\t\t\t\t<\/div>\n\t\t","protected":false},"excerpt":{"rendered":"<p>Le Consortium pour la Collaboration en Enseignement Sup\u00e9rieur en Am\u00e9rique du Nord (CONAHEC) invite les institutions membres et la communaut\u00e9 de l&#8217;enseignement sup\u00e9rieur \u00e0 nominer des individus et\/ou des institutions pour les deux prix suivants : Prix de Distinction pour des Contributions Remarquables \u00e0 la Collaboration en Enseignement Sup\u00e9rieur en Am\u00e9rique du Nord Prix Manuel [&hellip;]<\/p>\n","protected":false},"author":4,"featured_media":0,"parent":0,"menu_order":0,"comment_status":"closed","ping_status":"closed","template":"elementor_header_footer","meta":{"ocean_post_layout":"","ocean_both_sidebars_style":"","ocean_both_sidebars_content_width":0,"ocean_both_sidebars_sidebars_width":0,"ocean_sidebar":"","ocean_second_sidebar":"","ocean_disable_margins":"enable","ocean_add_body_class":"","ocean_shortcode_before_top_bar":"","ocean_shortcode_after_top_bar":"","ocean_shortcode_before_header":"","ocean_shortcode_after_header":"","ocean_has_shortcode":"","ocean_shortcode_after_title":"","ocean_shortcode_before_footer_widgets":"","ocean_shortcode_after_footer_widgets":"","ocean_shortcode_before_footer_bottom":"","ocean_shortcode_after_footer_bottom":"","ocean_display_top_bar":"default","ocean_display_header":"default","ocean_header_style":"","ocean_center_header_left_menu":"","ocean_custom_header_template":"","ocean_custom_logo":0,"ocean_custom_retina_logo":0,"ocean_custom_logo_max_width":0,"ocean_custom_logo_tablet_max_width":0,"ocean_custom_logo_mobile_max_width":0,"ocean_custom_logo_max_height":0,"ocean_custom_logo_tablet_max_height":0,"ocean_custom_logo_mobile_max_height":0,"ocean_header_custom_menu":"","ocean_menu_typo_font_family":"","ocean_menu_typo_font_subset":"","ocean_menu_typo_font_size":0,"ocean_menu_typo_font_size_tablet":0,"ocean_menu_typo_font_size_mobile":0,"ocean_menu_typo_font_size_unit":"px","ocean_menu_typo_font_weight":"","ocean_menu_typo_font_weight_tablet":"","ocean_menu_typo_font_weight_mobile":"","ocean_menu_typo_transform":"","ocean_menu_typo_transform_tablet":"","ocean_menu_typo_transform_mobile":"","ocean_menu_typo_line_height":0,"ocean_menu_typo_line_height_tablet":0,"ocean_menu_typo_line_height_mobile":0,"ocean_menu_typo_line_height_unit":"","ocean_menu_typo_spacing":0,"ocean_menu_typo_spacing_tablet":0,"ocean_menu_typo_spacing_mobile":0,"ocean_menu_typo_spacing_unit":"","ocean_menu_link_color":"","ocean_menu_link_color_hover":"","ocean_menu_link_color_active":"","ocean_menu_link_background":"","ocean_menu_link_hover_background":"","ocean_menu_link_active_background":"","ocean_menu_social_links_bg":"","ocean_menu_social_hover_links_bg":"","ocean_menu_social_links_color":"","ocean_menu_social_hover_links_color":"","ocean_disable_title":"default","ocean_disable_heading":"default","ocean_post_title":"","ocean_post_subheading":"","ocean_post_title_style":"","ocean_post_title_background_color":"","ocean_post_title_background":0,"ocean_post_title_bg_image_position":"","ocean_post_title_bg_image_attachment":"","ocean_post_title_bg_image_repeat":"","ocean_post_title_bg_image_size":"","ocean_post_title_height":0,"ocean_post_title_bg_overlay":0.5,"ocean_post_title_bg_overlay_color":"","ocean_disable_breadcrumbs":"default","ocean_breadcrumbs_color":"","ocean_breadcrumbs_separator_color":"","ocean_breadcrumbs_links_color":"","ocean_breadcrumbs_links_hover_color":"","ocean_display_footer_widgets":"default","ocean_display_footer_bottom":"default","ocean_custom_footer_template":"","footnotes":""},"wf_page_folders":[62],"class_list":["post-1665","page","type-page","status-publish","hentry","entry"],"yoast_head":"<!-- This site is optimized with the Yoast SEO plugin v24.3 - https:\/\/yoast.com\/wordpress\/plugins\/seo\/ -->\r\n<title>Nominations pour les reconnaissances - Consortium for North American Higher Education Collaboration<\/title>\r\n<meta name=\"robots\" content=\"index, follow, max-snippet:-1, max-image-preview:large, max-video-preview:-1\" \/>\r\n<link rel=\"canonical\" href=\"https:\/\/www.conahec.org\/index.php\/fr\/nominations-pour-les-reconnaissances\/\" \/>\r\n<meta property=\"og:locale\" content=\"en_US\" \/>\r\n<meta property=\"og:type\" content=\"article\" \/>\r\n<meta property=\"og:title\" content=\"Nominations pour les reconnaissances - Consortium for North American Higher Education Collaboration\" \/>\r\n<meta property=\"og:description\" content=\"Le Consortium pour la Collaboration en Enseignement Sup\u00e9rieur en Am\u00e9rique du Nord (CONAHEC) invite les institutions membres et la communaut\u00e9 de l&#8217;enseignement sup\u00e9rieur \u00e0 nominer des individus et\/ou des institutions pour les deux prix suivants : Prix de Distinction pour des Contributions Remarquables \u00e0 la Collaboration en Enseignement Sup\u00e9rieur en Am\u00e9rique du Nord Prix Manuel [&hellip;]\" \/>\r\n<meta property=\"og:url\" content=\"https:\/\/www.conahec.org\/index.php\/fr\/nominations-pour-les-reconnaissances\/\" \/>\r\n<meta property=\"og:site_name\" content=\"Consortium for North American Higher Education Collaboration\" \/>\r\n<meta property=\"article:publisher\" content=\"https:\/\/www.facebook.com\/CONAHEC1\/\" \/>\r\n<meta property=\"article:modified_time\" content=\"2024-08-26T23:14:01+00:00\" \/>\r\n<meta name=\"twitter:card\" content=\"summary_large_image\" \/>\r\n<meta name=\"twitter:site\" content=\"@conahec\" \/>\r\n<meta name=\"twitter:label1\" content=\"Est. reading time\" \/>\n\t<meta name=\"twitter:data1\" content=\"5 minutes\" \/>\r\n<script type=\"application\/ld+json\" class=\"yoast-schema-graph\">{\"@context\":\"https:\/\/schema.org\",\"@graph\":[{\"@type\":\"WebPage\",\"@id\":\"https:\/\/www.conahec.org\/index.php\/fr\/nominations-pour-les-reconnaissances\/\",\"url\":\"https:\/\/www.conahec.org\/index.php\/fr\/nominations-pour-les-reconnaissances\/\",\"name\":\"Nominations pour les reconnaissances - Consortium for North American Higher Education Collaboration\",\"isPartOf\":{\"@id\":\"https:\/\/www.conahec.org\/#website\"},\"datePublished\":\"2024-04-10T20:06:23+00:00\",\"dateModified\":\"2024-08-26T23:14:01+00:00\",\"breadcrumb\":{\"@id\":\"https:\/\/www.conahec.org\/index.php\/fr\/nominations-pour-les-reconnaissances\/#breadcrumb\"},\"inLanguage\":\"en-US\",\"potentialAction\":[{\"@type\":\"ReadAction\",\"target\":[\"https:\/\/www.conahec.org\/index.php\/fr\/nominations-pour-les-reconnaissances\/\"]}]},{\"@type\":\"BreadcrumbList\",\"@id\":\"https:\/\/www.conahec.org\/index.php\/fr\/nominations-pour-les-reconnaissances\/#breadcrumb\",\"itemListElement\":[{\"@type\":\"ListItem\",\"position\":1,\"name\":\"Home\",\"item\":\"https:\/\/www.conahec.org\/\"},{\"@type\":\"ListItem\",\"position\":2,\"name\":\"Nominations pour les reconnaissances\"}]},{\"@type\":\"WebSite\",\"@id\":\"https:\/\/www.conahec.org\/#website\",\"url\":\"https:\/\/www.conahec.org\/\",\"name\":\"conahec.org\",\"description\":\"Facilitating Higher Education Collaboration in North America and Beyond\",\"publisher\":{\"@id\":\"https:\/\/www.conahec.org\/#organization\"},\"potentialAction\":[{\"@type\":\"SearchAction\",\"target\":{\"@type\":\"EntryPoint\",\"urlTemplate\":\"https:\/\/www.conahec.org\/?s={search_term_string}\"},\"query-input\":{\"@type\":\"PropertyValueSpecification\",\"valueRequired\":true,\"valueName\":\"search_term_string\"}}],\"inLanguage\":\"en-US\"},{\"@type\":\"Organization\",\"@id\":\"https:\/\/www.conahec.org\/#organization\",\"name\":\"Consortium for North American Higher Education Collaboration (CONAHEC)\",\"url\":\"https:\/\/www.conahec.org\/\",\"logo\":{\"@type\":\"ImageObject\",\"inLanguage\":\"en-US\",\"@id\":\"https:\/\/www.conahec.org\/#\/schema\/logo\/image\/\",\"url\":\"https:\/\/www.conahec.org\/wp-content\/uploads\/2024\/05\/CONAHECFavicon.jpg\",\"contentUrl\":\"https:\/\/www.conahec.org\/wp-content\/uploads\/2024\/05\/CONAHECFavicon.jpg\",\"width\":512,\"height\":512,\"caption\":\"Consortium for North American Higher Education Collaboration (CONAHEC)\"},\"image\":{\"@id\":\"https:\/\/www.conahec.org\/#\/schema\/logo\/image\/\"},\"sameAs\":[\"https:\/\/www.facebook.com\/CONAHEC1\/\",\"https:\/\/x.com\/conahec\"]}]}<\/script>\r\n<!-- \/ Yoast SEO plugin. -->","yoast_head_json":{"title":"Nominations pour les reconnaissances - Consortium for North American Higher Education Collaboration","robots":{"index":"index","follow":"follow","max-snippet":"max-snippet:-1","max-image-preview":"max-image-preview:large","max-video-preview":"max-video-preview:-1"},"canonical":"https:\/\/www.conahec.org\/index.php\/fr\/nominations-pour-les-reconnaissances\/","og_locale":"en_US","og_type":"article","og_title":"Nominations pour les reconnaissances - Consortium for North American Higher Education Collaboration","og_description":"Le Consortium pour la Collaboration en Enseignement Sup\u00e9rieur en Am\u00e9rique du Nord (CONAHEC) invite les institutions membres et la communaut\u00e9 de l&#8217;enseignement sup\u00e9rieur \u00e0 nominer des individus et\/ou des institutions pour les deux prix suivants : Prix de Distinction pour des Contributions Remarquables \u00e0 la Collaboration en Enseignement Sup\u00e9rieur en Am\u00e9rique du Nord Prix Manuel [&hellip;]","og_url":"https:\/\/www.conahec.org\/index.php\/fr\/nominations-pour-les-reconnaissances\/","og_site_name":"Consortium for North American Higher Education Collaboration","article_publisher":"https:\/\/www.facebook.com\/CONAHEC1\/","article_modified_time":"2024-08-26T23:14:01+00:00","twitter_card":"summary_large_image","twitter_site":"@conahec","twitter_misc":{"Est. reading time":"5 minutes"},"schema":{"@context":"https:\/\/schema.org","@graph":[{"@type":"WebPage","@id":"https:\/\/www.conahec.org\/index.php\/fr\/nominations-pour-les-reconnaissances\/","url":"https:\/\/www.conahec.org\/index.php\/fr\/nominations-pour-les-reconnaissances\/","name":"Nominations pour les reconnaissances - Consortium for North American Higher Education Collaboration","isPartOf":{"@id":"https:\/\/www.conahec.org\/#website"},"datePublished":"2024-04-10T20:06:23+00:00","dateModified":"2024-08-26T23:14:01+00:00","breadcrumb":{"@id":"https:\/\/www.conahec.org\/index.php\/fr\/nominations-pour-les-reconnaissances\/#breadcrumb"},"inLanguage":"en-US","potentialAction":[{"@type":"ReadAction","target":["https:\/\/www.conahec.org\/index.php\/fr\/nominations-pour-les-reconnaissances\/"]}]},{"@type":"BreadcrumbList","@id":"https:\/\/www.conahec.org\/index.php\/fr\/nominations-pour-les-reconnaissances\/#breadcrumb","itemListElement":[{"@type":"ListItem","position":1,"name":"Home","item":"https:\/\/www.conahec.org\/"},{"@type":"ListItem","position":2,"name":"Nominations pour les reconnaissances"}]},{"@type":"WebSite","@id":"https:\/\/www.conahec.org\/#website","url":"https:\/\/www.conahec.org\/","name":"conahec.org","description":"Facilitating Higher Education Collaboration in North America and Beyond","publisher":{"@id":"https:\/\/www.conahec.org\/#organization"},"potentialAction":[{"@type":"SearchAction","target":{"@type":"EntryPoint","urlTemplate":"https:\/\/www.conahec.org\/?s={search_term_string}"},"query-input":{"@type":"PropertyValueSpecification","valueRequired":true,"valueName":"search_term_string"}}],"inLanguage":"en-US"},{"@type":"Organization","@id":"https:\/\/www.conahec.org\/#organization","name":"Consortium for North American Higher Education Collaboration (CONAHEC)","url":"https:\/\/www.conahec.org\/","logo":{"@type":"ImageObject","inLanguage":"en-US","@id":"https:\/\/www.conahec.org\/#\/schema\/logo\/image\/","url":"https:\/\/www.conahec.org\/wp-content\/uploads\/2024\/05\/CONAHECFavicon.jpg","contentUrl":"https:\/\/www.conahec.org\/wp-content\/uploads\/2024\/05\/CONAHECFavicon.jpg","width":512,"height":512,"caption":"Consortium for North American Higher Education Collaboration (CONAHEC)"},"image":{"@id":"https:\/\/www.conahec.org\/#\/schema\/logo\/image\/"},"sameAs":["https:\/\/www.facebook.com\/CONAHEC1\/","https:\/\/x.com\/conahec"]}]}},"_links":{"self":[{"href":"https:\/\/www.conahec.org\/index.php\/wp-json\/wp\/v2\/pages\/1665","targetHints":{"allow":["GET"]}}],"collection":[{"href":"https:\/\/www.conahec.org\/index.php\/wp-json\/wp\/v2\/pages"}],"about":[{"href":"https:\/\/www.conahec.org\/index.php\/wp-json\/wp\/v2\/types\/page"}],"author":[{"embeddable":true,"href":"https:\/\/www.conahec.org\/index.php\/wp-json\/wp\/v2\/users\/4"}],"replies":[{"embeddable":true,"href":"https:\/\/www.conahec.org\/index.php\/wp-json\/wp\/v2\/comments?post=1665"}],"version-history":[{"count":7,"href":"https:\/\/www.conahec.org\/index.php\/wp-json\/wp\/v2\/pages\/1665\/revisions"}],"predecessor-version":[{"id":2646,"href":"https:\/\/www.conahec.org\/index.php\/wp-json\/wp\/v2\/pages\/1665\/revisions\/2646"}],"wp:attachment":[{"href":"https:\/\/www.conahec.org\/index.php\/wp-json\/wp\/v2\/media?parent=1665"}],"wp:term":[{"taxonomy":"wf_page_folders","embeddable":true,"href":"https:\/\/www.conahec.org\/index.php\/wp-json\/wp\/v2\/wf_page_folders?post=1665"}],"curies":[{"name":"wp","href":"https:\/\/api.w.org\/{rel}","templated":true}]}}