{"id":1674,"date":"2024-05-23T23:38:07","date_gmt":"2024-05-23T23:38:07","guid":{"rendered":"https:\/\/www.conahec.org\/index.php\/about-conahec-francais-2\/"},"modified":"2024-05-24T19:26:12","modified_gmt":"2024-05-24T19:26:12","slug":"about-conahec-francais-2","status":"publish","type":"page","link":"https:\/\/www.conahec.org\/index.php\/fr\/","title":{"rendered":"\u00c0 propos de CONAHEC"},"content":{"rendered":"\t\t<div data-elementor-type=\"wp-page\" data-elementor-id=\"1674\" class=\"elementor elementor-1674\" data-elementor-post-type=\"page\">\n\t\t\t\t<div class=\"elementor-element elementor-element-f3aa1d6 e-flex e-con-boxed e-con e-parent\" data-id=\"f3aa1d6\" data-element_type=\"container\">\n\t\t\t\t\t<div class=\"e-con-inner\">\n\t\t\t\t<div class=\"elementor-element elementor-element-01b03ba elementor-widget elementor-widget-text-editor\" data-id=\"01b03ba\" data-element_type=\"widget\" data-widget_type=\"text-editor.default\">\n\t\t\t\t<div class=\"elementor-widget-container\">\n\t\t\t<style>\/*! elementor - v3.23.0 - 05-08-2024 *\/\n.elementor-widget-text-editor.elementor-drop-cap-view-stacked .elementor-drop-cap{background-color:#69727d;color:#fff}.elementor-widget-text-editor.elementor-drop-cap-view-framed .elementor-drop-cap{color:#69727d;border:3px solid;background-color:transparent}.elementor-widget-text-editor:not(.elementor-drop-cap-view-default) .elementor-drop-cap{margin-top:8px}.elementor-widget-text-editor:not(.elementor-drop-cap-view-default) .elementor-drop-cap-letter{width:1em;height:1em}.elementor-widget-text-editor .elementor-drop-cap{float:left;text-align:center;line-height:1;font-size:50px}.elementor-widget-text-editor .elementor-drop-cap-letter{display:inline-block}<\/style>\t\t\t\t<p><strong><!-- wp:paragraph --><\/strong><\/p>\n<p>Le Consortium pour la Collaboration en \u00c9ducation Sup\u00e9rieure en Am\u00e9rique du Nord (CONAHEC) est un r\u00e9seau international d&#8217;institutions d&#8217;enseignement sup\u00e9rieur bas\u00e9 sur l&#8217;adh\u00e9sion, int\u00e9ress\u00e9 \u00e0 collaborer activement avec des institutions d&#8217;enseignement sup\u00e9rieur dans la r\u00e9gion de l&#8217;Am\u00e9rique du Nord.<\/p>\n<p>Les membres actifs de CONAHEC peuvent atteindre des objectifs d&#8217;internationalisation qui ne seraient pas possibles en tant qu&#8217;institutions individuelles, notamment en trouvant rapidement des partenaires pour des projets collaboratifs et en obtenant des informations sur le soutien des agences de financement. Tous les \u00e9tudiants, professeurs et employ\u00e9s des institutions membres de CONAHEC sont consid\u00e9r\u00e9s comme membres. CONAHEC travaille le plus \u00e9troitement avec nos contacts principaux d\u00e9sign\u00e9s dans les institutions membres, souvent situ\u00e9s dans le bureau des programmes\/\u00e9ducation internationale de l&#8217;institution.<\/p>\n<p>Nous offrons \u00e0 nos membres une vari\u00e9t\u00e9 de programmes et d&#8217;activit\u00e9s qui les aident \u00e0 se connecter avec des contacts cl\u00e9s dans d&#8217;autres institutions, \u00e0 trouver des partenaires pour des projets collaboratifs, \u00e0 \u00e9changer des \u00e9tudiants, des professeurs et du personnel administratif, et \u00e0 participer \u00e0 des activit\u00e9s de d\u00e9veloppement professionnel. CONAHEC s&#8217;appuie \u00e9galement sur un r\u00e9seau de consultants experts en internationalisation des institutions d&#8217;enseignement sup\u00e9rieur pour fournir des conseils sur des th\u00e8mes tels que : le d\u00e9veloppement de strat\u00e9gies internationales ; le d\u00e9veloppement et la gestion des bureaux internationaux ; les pratiques r\u00e9ussies dans le d\u00e9veloppement de programmes de collaboration internationale ; et le d\u00e9veloppement de partenariats internationaux strat\u00e9giques. CONAHEC partage r\u00e9guli\u00e8rement des informations sur les \u00e9v\u00e9nements et initiatives internationaux des membres, y compris les programmes \u00e0 court terme \/ d&#8217;\u00e9t\u00e9, via son vaste r\u00e9seau mondial de contacts en enseignement sup\u00e9rieur international que nous avons d\u00e9velopp\u00e9 et maintenu depuis des d\u00e9cennies. Si vous souhaitez vous inscrire \u00e0 nos listes de diffusion gratuites pour recevoir p\u00e9riodiquement des informations sur les opportunit\u00e9s d&#8217;\u00e9ducation et de collaboration internationale, veuillez remplir le formulaire dans le pied de page.<\/p>\n<p>Pour demander l&#8217;adh\u00e9sion, veuillez compl\u00e9ter et soumettre le formulaire de demande suivant :<\/p>\n<p><strong><!-- \/wp:paragraph --><\/strong><\/p>\t\t\t\t\t\t<\/div>\n\t\t\t\t<\/div>\n\t\t\t\t<div class=\"elementor-element elementor-element-7669e7d elementor-align-center elementor-widget elementor-widget-button\" data-id=\"7669e7d\" data-element_type=\"widget\" data-widget_type=\"button.default\">\n\t\t\t\t<div class=\"elementor-widget-container\">\n\t\t\t\t\t<div class=\"elementor-button-wrapper\">\n\t\t\t<a class=\"elementor-button elementor-button-link elementor-size-sm\" href=\"https:\/\/www.conahec.org\/index.php\/fr\/rejoignez-conahec\/\">\n\t\t\t\t\t\t<span class=\"elementor-button-content-wrapper\">\n\t\t\t\t\t\t\t\t\t<span class=\"elementor-button-text\">Rejoignez CONAHEC aujourd\u2019hui\u00a0!<\/span>\n\t\t\t\t\t<\/span>\n\t\t\t\t\t<\/a>\n\t\t<\/div>\n\t\t\t\t<\/div>\n\t\t\t\t<\/div>\n\t\t\t\t\t<\/div>\n\t\t\t\t<\/div>\n\t\t\t\t<\/div>\n\t\t","protected":false},"excerpt":{"rendered":"<p>Le Consortium pour la Collaboration en \u00c9ducation Sup\u00e9rieure en Am\u00e9rique du Nord (CONAHEC) est un r\u00e9seau international d&#8217;institutions d&#8217;enseignement sup\u00e9rieur bas\u00e9 sur l&#8217;adh\u00e9sion, int\u00e9ress\u00e9 \u00e0 collaborer activement avec des institutions d&#8217;enseignement sup\u00e9rieur dans la r\u00e9gion de l&#8217;Am\u00e9rique du Nord. Les membres actifs de CONAHEC peuvent atteindre des objectifs d&#8217;internationalisation qui ne seraient pas possibles en [&hellip;]<\/p>\n","protected":false},"author":4,"featured_media":0,"parent":0,"menu_order":0,"comment_status":"closed","ping_status":"closed","template":"elementor_header_footer","meta":{"ocean_post_layout":"","ocean_both_sidebars_style":"","ocean_both_sidebars_content_width":0,"ocean_both_sidebars_sidebars_width":0,"ocean_sidebar":"","ocean_second_sidebar":"","ocean_disable_margins":"enable","ocean_add_body_class":"","ocean_shortcode_before_top_bar":"","ocean_shortcode_after_top_bar":"","ocean_shortcode_before_header":"","ocean_shortcode_after_header":"","ocean_has_shortcode":"","ocean_shortcode_after_title":"","ocean_shortcode_before_footer_widgets":"","ocean_shortcode_after_footer_widgets":"","ocean_shortcode_before_footer_bottom":"","ocean_shortcode_after_footer_bottom":"","ocean_display_top_bar":"default","ocean_display_header":"default","ocean_header_style":"","ocean_center_header_left_menu":"","ocean_custom_header_template":"","ocean_custom_logo":0,"ocean_custom_retina_logo":0,"ocean_custom_logo_max_width":0,"ocean_custom_logo_tablet_max_width":0,"ocean_custom_logo_mobile_max_width":0,"ocean_custom_logo_max_height":0,"ocean_custom_logo_tablet_max_height":0,"ocean_custom_logo_mobile_max_height":0,"ocean_header_custom_menu":"","ocean_menu_typo_font_family":"","ocean_menu_typo_font_subset":"","ocean_menu_typo_font_size":0,"ocean_menu_typo_font_size_tablet":0,"ocean_menu_typo_font_size_mobile":0,"ocean_menu_typo_font_size_unit":"px","ocean_menu_typo_font_weight":"","ocean_menu_typo_font_weight_tablet":"","ocean_menu_typo_font_weight_mobile":"","ocean_menu_typo_transform":"","ocean_menu_typo_transform_tablet":"","ocean_menu_typo_transform_mobile":"","ocean_menu_typo_line_height":0,"ocean_menu_typo_line_height_tablet":0,"ocean_menu_typo_line_height_mobile":0,"ocean_menu_typo_line_height_unit":"","ocean_menu_typo_spacing":0,"ocean_menu_typo_spacing_tablet":0,"ocean_menu_typo_spacing_mobile":0,"ocean_menu_typo_spacing_unit":"","ocean_menu_link_color":"","ocean_menu_link_color_hover":"","ocean_menu_link_color_active":"","ocean_menu_link_background":"","ocean_menu_link_hover_background":"","ocean_menu_link_active_background":"","ocean_menu_social_links_bg":"","ocean_menu_social_hover_links_bg":"","ocean_menu_social_links_color":"","ocean_menu_social_hover_links_color":"","ocean_disable_title":"default","ocean_disable_heading":"default","ocean_post_title":"","ocean_post_subheading":"","ocean_post_title_style":"","ocean_post_title_background_color":"","ocean_post_title_background":0,"ocean_post_title_bg_image_position":"","ocean_post_title_bg_image_attachment":"","ocean_post_title_bg_image_repeat":"","ocean_post_title_bg_image_size":"","ocean_post_title_height":0,"ocean_post_title_bg_overlay":0.5,"ocean_post_title_bg_overlay_color":"","ocean_disable_breadcrumbs":"default","ocean_breadcrumbs_color":"","ocean_breadcrumbs_separator_color":"","ocean_breadcrumbs_links_color":"","ocean_breadcrumbs_links_hover_color":"","ocean_display_footer_widgets":"default","ocean_display_footer_bottom":"default","ocean_custom_footer_template":"","footnotes":""},"wf_page_folders":[29],"class_list":["post-1674","page","type-page","status-publish","hentry","entry"],"yoast_head":"<!-- This site is optimized with the Yoast SEO plugin v24.3 - https:\/\/yoast.com\/wordpress\/plugins\/seo\/ -->\r\n<title>\u00c0 propos de CONAHEC - Consortium for North American Higher Education Collaboration<\/title>\r\n<meta name=\"robots\" content=\"index, follow, max-snippet:-1, max-image-preview:large, max-video-preview:-1\" \/>\r\n<link rel=\"canonical\" href=\"https:\/\/www.conahec.org\/index.php\/fr\/\" \/>\r\n<meta property=\"og:locale\" content=\"en_US\" \/>\r\n<meta property=\"og:type\" content=\"article\" \/>\r\n<meta property=\"og:title\" content=\"\u00c0 propos de CONAHEC - Consortium for North American Higher Education Collaboration\" \/>\r\n<meta property=\"og:description\" content=\"Le Consortium pour la Collaboration en \u00c9ducation Sup\u00e9rieure en Am\u00e9rique du Nord (CONAHEC) est un r\u00e9seau international d&#8217;institutions d&#8217;enseignement sup\u00e9rieur bas\u00e9 sur l&#8217;adh\u00e9sion, int\u00e9ress\u00e9 \u00e0 collaborer activement avec des institutions d&#8217;enseignement sup\u00e9rieur dans la r\u00e9gion de l&#8217;Am\u00e9rique du Nord. Les membres actifs de CONAHEC peuvent atteindre des objectifs d&#8217;internationalisation qui ne seraient pas possibles en [&hellip;]\" \/>\r\n<meta property=\"og:url\" content=\"https:\/\/www.conahec.org\/index.php\/fr\/\" \/>\r\n<meta property=\"og:site_name\" content=\"Consortium for North American Higher Education Collaboration\" \/>\r\n<meta property=\"article:publisher\" content=\"https:\/\/www.facebook.com\/CONAHEC1\/\" \/>\r\n<meta property=\"article:modified_time\" content=\"2024-05-24T19:26:12+00:00\" \/>\r\n<meta name=\"twitter:card\" content=\"summary_large_image\" \/>\r\n<meta name=\"twitter:site\" content=\"@conahec\" \/>\r\n<meta name=\"twitter:label1\" content=\"Est. reading time\" \/>\n\t<meta name=\"twitter:data1\" content=\"2 minutes\" \/>\r\n<script type=\"application\/ld+json\" class=\"yoast-schema-graph\">{\"@context\":\"https:\/\/schema.org\",\"@graph\":[{\"@type\":\"WebPage\",\"@id\":\"https:\/\/www.conahec.org\/index.php\/fr\/\",\"url\":\"https:\/\/www.conahec.org\/index.php\/fr\/\",\"name\":\"\u00c0 propos de CONAHEC - Consortium for North American Higher Education Collaboration\",\"isPartOf\":{\"@id\":\"https:\/\/www.conahec.org\/#website\"},\"datePublished\":\"2024-05-23T23:38:07+00:00\",\"dateModified\":\"2024-05-24T19:26:12+00:00\",\"breadcrumb\":{\"@id\":\"https:\/\/www.conahec.org\/index.php\/fr\/#breadcrumb\"},\"inLanguage\":\"en-US\",\"potentialAction\":[{\"@type\":\"ReadAction\",\"target\":[\"https:\/\/www.conahec.org\/index.php\/fr\/\"]}]},{\"@type\":\"BreadcrumbList\",\"@id\":\"https:\/\/www.conahec.org\/index.php\/fr\/#breadcrumb\",\"itemListElement\":[{\"@type\":\"ListItem\",\"position\":1,\"name\":\"Home\",\"item\":\"https:\/\/www.conahec.org\/\"},{\"@type\":\"ListItem\",\"position\":2,\"name\":\"\u00c0 propos de CONAHEC\"}]},{\"@type\":\"WebSite\",\"@id\":\"https:\/\/www.conahec.org\/#website\",\"url\":\"https:\/\/www.conahec.org\/\",\"name\":\"conahec.org\",\"description\":\"Facilitating Higher Education Collaboration in North America and Beyond\",\"publisher\":{\"@id\":\"https:\/\/www.conahec.org\/#organization\"},\"potentialAction\":[{\"@type\":\"SearchAction\",\"target\":{\"@type\":\"EntryPoint\",\"urlTemplate\":\"https:\/\/www.conahec.org\/?s={search_term_string}\"},\"query-input\":{\"@type\":\"PropertyValueSpecification\",\"valueRequired\":true,\"valueName\":\"search_term_string\"}}],\"inLanguage\":\"en-US\"},{\"@type\":\"Organization\",\"@id\":\"https:\/\/www.conahec.org\/#organization\",\"name\":\"Consortium for North American Higher Education Collaboration (CONAHEC)\",\"url\":\"https:\/\/www.conahec.org\/\",\"logo\":{\"@type\":\"ImageObject\",\"inLanguage\":\"en-US\",\"@id\":\"https:\/\/www.conahec.org\/#\/schema\/logo\/image\/\",\"url\":\"https:\/\/www.conahec.org\/wp-content\/uploads\/2024\/05\/CONAHECFavicon.jpg\",\"contentUrl\":\"https:\/\/www.conahec.org\/wp-content\/uploads\/2024\/05\/CONAHECFavicon.jpg\",\"width\":512,\"height\":512,\"caption\":\"Consortium for North American Higher Education Collaboration (CONAHEC)\"},\"image\":{\"@id\":\"https:\/\/www.conahec.org\/#\/schema\/logo\/image\/\"},\"sameAs\":[\"https:\/\/www.facebook.com\/CONAHEC1\/\",\"https:\/\/x.com\/conahec\"]}]}<\/script>\r\n<!-- \/ Yoast SEO plugin. -->","yoast_head_json":{"title":"\u00c0 propos de CONAHEC - Consortium for North American Higher Education Collaboration","robots":{"index":"index","follow":"follow","max-snippet":"max-snippet:-1","max-image-preview":"max-image-preview:large","max-video-preview":"max-video-preview:-1"},"canonical":"https:\/\/www.conahec.org\/index.php\/fr\/","og_locale":"en_US","og_type":"article","og_title":"\u00c0 propos de CONAHEC - Consortium for North American Higher Education Collaboration","og_description":"Le Consortium pour la Collaboration en \u00c9ducation Sup\u00e9rieure en Am\u00e9rique du Nord (CONAHEC) est un r\u00e9seau international d&#8217;institutions d&#8217;enseignement sup\u00e9rieur bas\u00e9 sur l&#8217;adh\u00e9sion, int\u00e9ress\u00e9 \u00e0 collaborer activement avec des institutions d&#8217;enseignement sup\u00e9rieur dans la r\u00e9gion de l&#8217;Am\u00e9rique du Nord. Les membres actifs de CONAHEC peuvent atteindre des objectifs d&#8217;internationalisation qui ne seraient pas possibles en [&hellip;]","og_url":"https:\/\/www.conahec.org\/index.php\/fr\/","og_site_name":"Consortium for North American Higher Education Collaboration","article_publisher":"https:\/\/www.facebook.com\/CONAHEC1\/","article_modified_time":"2024-05-24T19:26:12+00:00","twitter_card":"summary_large_image","twitter_site":"@conahec","twitter_misc":{"Est. reading time":"2 minutes"},"schema":{"@context":"https:\/\/schema.org","@graph":[{"@type":"WebPage","@id":"https:\/\/www.conahec.org\/index.php\/fr\/","url":"https:\/\/www.conahec.org\/index.php\/fr\/","name":"\u00c0 propos de CONAHEC - Consortium for North American Higher Education Collaboration","isPartOf":{"@id":"https:\/\/www.conahec.org\/#website"},"datePublished":"2024-05-23T23:38:07+00:00","dateModified":"2024-05-24T19:26:12+00:00","breadcrumb":{"@id":"https:\/\/www.conahec.org\/index.php\/fr\/#breadcrumb"},"inLanguage":"en-US","potentialAction":[{"@type":"ReadAction","target":["https:\/\/www.conahec.org\/index.php\/fr\/"]}]},{"@type":"BreadcrumbList","@id":"https:\/\/www.conahec.org\/index.php\/fr\/#breadcrumb","itemListElement":[{"@type":"ListItem","position":1,"name":"Home","item":"https:\/\/www.conahec.org\/"},{"@type":"ListItem","position":2,"name":"\u00c0 propos de CONAHEC"}]},{"@type":"WebSite","@id":"https:\/\/www.conahec.org\/#website","url":"https:\/\/www.conahec.org\/","name":"conahec.org","description":"Facilitating Higher Education Collaboration in North America and Beyond","publisher":{"@id":"https:\/\/www.conahec.org\/#organization"},"potentialAction":[{"@type":"SearchAction","target":{"@type":"EntryPoint","urlTemplate":"https:\/\/www.conahec.org\/?s={search_term_string}"},"query-input":{"@type":"PropertyValueSpecification","valueRequired":true,"valueName":"search_term_string"}}],"inLanguage":"en-US"},{"@type":"Organization","@id":"https:\/\/www.conahec.org\/#organization","name":"Consortium for North American Higher Education Collaboration (CONAHEC)","url":"https:\/\/www.conahec.org\/","logo":{"@type":"ImageObject","inLanguage":"en-US","@id":"https:\/\/www.conahec.org\/#\/schema\/logo\/image\/","url":"https:\/\/www.conahec.org\/wp-content\/uploads\/2024\/05\/CONAHECFavicon.jpg","contentUrl":"https:\/\/www.conahec.org\/wp-content\/uploads\/2024\/05\/CONAHECFavicon.jpg","width":512,"height":512,"caption":"Consortium for North American Higher Education Collaboration (CONAHEC)"},"image":{"@id":"https:\/\/www.conahec.org\/#\/schema\/logo\/image\/"},"sameAs":["https:\/\/www.facebook.com\/CONAHEC1\/","https:\/\/x.com\/conahec"]}]}},"_links":{"self":[{"href":"https:\/\/www.conahec.org\/index.php\/wp-json\/wp\/v2\/pages\/1674","targetHints":{"allow":["GET"]}}],"collection":[{"href":"https:\/\/www.conahec.org\/index.php\/wp-json\/wp\/v2\/pages"}],"about":[{"href":"https:\/\/www.conahec.org\/index.php\/wp-json\/wp\/v2\/types\/page"}],"author":[{"embeddable":true,"href":"https:\/\/www.conahec.org\/index.php\/wp-json\/wp\/v2\/users\/4"}],"replies":[{"embeddable":true,"href":"https:\/\/www.conahec.org\/index.php\/wp-json\/wp\/v2\/comments?post=1674"}],"version-history":[{"count":4,"href":"https:\/\/www.conahec.org\/index.php\/wp-json\/wp\/v2\/pages\/1674\/revisions"}],"predecessor-version":[{"id":1945,"href":"https:\/\/www.conahec.org\/index.php\/wp-json\/wp\/v2\/pages\/1674\/revisions\/1945"}],"wp:attachment":[{"href":"https:\/\/www.conahec.org\/index.php\/wp-json\/wp\/v2\/media?parent=1674"}],"wp:term":[{"taxonomy":"wf_page_folders","embeddable":true,"href":"https:\/\/www.conahec.org\/index.php\/wp-json\/wp\/v2\/wf_page_folders?post=1674"}],"curies":[{"name":"wp","href":"https:\/\/api.w.org\/{rel}","templated":true}]}}