{"id":1684,"date":"2024-04-12T15:37:47","date_gmt":"2024-04-12T15:37:47","guid":{"rendered":"https:\/\/www.conahec.org\/?page_id=1684"},"modified":"2024-08-26T23:28:09","modified_gmt":"2024-08-26T23:28:09","slug":"questions-frequemment-posees","status":"publish","type":"page","link":"https:\/\/www.conahec.org\/index.php\/fr\/questions-frequemment-posees\/","title":{"rendered":"Questions fr\u00e9quemment pos\u00e9es"},"content":{"rendered":"\t\t<div data-elementor-type=\"wp-page\" data-elementor-id=\"1684\" class=\"elementor elementor-1684\" data-elementor-post-type=\"page\">\n\t\t\t\t<div class=\"elementor-element elementor-element-264e0cd e-flex e-con-boxed e-con e-parent\" data-id=\"264e0cd\" data-element_type=\"container\">\n\t\t\t\t\t<div class=\"e-con-inner\">\n\t\t\t\t<div class=\"elementor-element elementor-element-9edd9e5 elementor-widget elementor-widget-text-editor\" data-id=\"9edd9e5\" data-element_type=\"widget\" data-widget_type=\"text-editor.default\">\n\t\t\t\t<div class=\"elementor-widget-container\">\n\t\t\t<style>\/*! elementor - v3.23.0 - 05-08-2024 *\/\n.elementor-widget-text-editor.elementor-drop-cap-view-stacked .elementor-drop-cap{background-color:#69727d;color:#fff}.elementor-widget-text-editor.elementor-drop-cap-view-framed .elementor-drop-cap{color:#69727d;border:3px solid;background-color:transparent}.elementor-widget-text-editor:not(.elementor-drop-cap-view-default) .elementor-drop-cap{margin-top:8px}.elementor-widget-text-editor:not(.elementor-drop-cap-view-default) .elementor-drop-cap-letter{width:1em;height:1em}.elementor-widget-text-editor .elementor-drop-cap{float:left;text-align:center;line-height:1;font-size:50px}.elementor-widget-text-editor .elementor-drop-cap-letter{display:inline-block}<\/style>\t\t\t\t<ol><li style=\"list-style-type: none;\"><ol><li>Quelle est la date et le lieu de la conf\u00e9rence ?<br \/>La conf\u00e9rence a \u00e9t\u00e9 report\u00e9e au printemps 2025. Les \u00e9v\u00e9nements de la conf\u00e9rence se d\u00e9rouleront sur le campus de l&#8217;Universit\u00e9 CETYS ou sur le campus de l&#8217;Universit\u00e9 Autonome de Basse-Californie situ\u00e9s \u00e0 Ensenada, Basse-Californie, Mexique.<\/li><\/ol><\/li><\/ol><ol><li style=\"list-style-type: none;\"><ol><li>Quel est le public cible de la conf\u00e9rence ?<br \/>Experts et professionnels de l&#8217;enseignement sup\u00e9rieur engag\u00e9s au niveau international. Cet \u00e9v\u00e9nement attire le personnel administratif des bureaux internationaux, les membres du corps professoral int\u00e9ress\u00e9s par la collaboration internationale en personne ou en ligne, ainsi que ceux qui souhaitent \u00e9tablir des connexions avec des institutions internationales pour initier ou approfondir la collaboration internationale dans les initiatives d&#8217;enseignement, de recherche et\/ou de service. Ces \u00e9v\u00e9nements sont un excellent moyen d&#8217;\u00e9largir votre r\u00e9seau international, donc les professionnels et universitaires en d\u00e9but de carri\u00e8re sont encourag\u00e9s \u00e0 y assister.<\/li><\/ol><\/li><\/ol><ol><li style=\"list-style-type: none;\"><ol><li>Quel est le th\u00e8me ou l&#8217;objectif de la conf\u00e9rence ?<br \/>En r\u00e9ponse aux retours de nos parties prenantes, nous recentrons nos conf\u00e9rences sur le r\u00e9seautage. Notre programme de conf\u00e9rence et nos activit\u00e9s ont \u00e9t\u00e9 enti\u00e8rement repens\u00e9s dans cette optique. Veuillez pr\u00e9voir d&#8217;apporter des informations \u00e0 partager puisque cet \u00e9v\u00e9nement permettra beaucoup d&#8217;interaction avec les autres participants et intervenants.<\/li><\/ol><\/li><\/ol><ol><li style=\"list-style-type: none;\"><ol><li>Comment puis-je m&#8217;inscrire \u00e0 la conf\u00e9rence ?<br \/>Veuillez consulter la page &#8220;Inscription&#8221; de la conf\u00e9rence en utilisant le lien dans le coin sup\u00e9rieur droit de cette page.\u00a0<\/li><\/ol><\/li><\/ol><ol><li style=\"list-style-type: none;\"><ol><li>Y a-t-il des tarifs r\u00e9duits pour les \u00e9tudiants, les groupes ou les sponsors ?<br \/><span style=\"font-family: 'Work Sans', sans-serif; font-size: 17px; font-style: normal; font-variant-ligatures: normal; font-variant-caps: normal; font-weight: bold;\">Il y a des r\u00e9ductions pour les d\u00e9l\u00e9gations, nous<\/span> encourageons donc \u00e0 amener les membres de votre \u00e9quipe qui pourraient b\u00e9n\u00e9ficier de l&#8217;\u00e9largissement de leurs r\u00e9seaux de contacts internationaux. Il y a des inscriptions gratuites disponibles pour les sponsors qui augmentent en fonction du niveau de parrainage &#8211; veuillez consulter la page des parrainages. Veuillez consulter la page d&#8217;inscription pour toutes les autres informations sur les tarifs d&#8217;inscription.<\/li><\/ol><\/li><\/ol><ol><li style=\"list-style-type: none;\"><ol><li>Quelles options d&#8217;h\u00e9bergement sont disponibles pr\u00e8s du lieu de la conf\u00e9rence ?<br \/>Il y a plusieurs h\u00f4tels qui offrent des chambres pour les participants \u00e0 la conf\u00e9rence. Veuillez consulter la page &#8220;H\u00e9bergement&#8221; via le lien en haut \u00e0 droite de cette page pour choisir parmi les h\u00f4tels de la conf\u00e9rence.\u00a0<\/li><\/ol><\/li><\/ol><ol><li style=\"list-style-type: none;\"><ol><li>Y aura-t-il un transport fourni vers et depuis le lieu de la conf\u00e9rence ?<br \/>Oui, CONAHEC fournira des bus qui circuleront des h\u00f4tels nomm\u00e9s sur la page H\u00e9bergement vers le lieu de la conf\u00e9rence, l&#8217;Universit\u00e9 CETYS, le matin avant le d\u00e9but des activit\u00e9s programm\u00e9es et \u00e0 la fin des activit\u00e9s de la journ\u00e9e. Les distances sont relativement courtes et des taxis et des v\u00e9hicules Uber sont disponibles.<\/li><\/ol><\/li><\/ol><ol><li style=\"list-style-type: none;\"><ol><li>Puis-je obtenir un remboursement si je dois annuler mon inscription ?<br \/>Vous pouvez obtenir un remboursement partiel si vous annulez votre inscription avant la date limite. Vous pouvez en savoir plus sur la politique d&#8217;annulation lors de votre inscription via le syst\u00e8me Whova, disponible via la page &#8220;Inscription&#8221; mentionn\u00e9e ci-dessus.<\/li><\/ol><\/li><\/ol><ol><li>Comment puis-je contacter les organisateurs de la conf\u00e9rence si j&#8217;ai d&#8217;autres questions ?<br \/>Vous pouvez contacter les organisateurs de la conf\u00e9rence par email \u00e0 cette adresse : <a href=\"mailto:events@conahec.org?cc=conahec@gmail.com &amp;subject=Inquiry%20from%20Conference%20FAQ%20Page\">events@conahec.org<\/a><\/li><\/ol>\t\t\t\t\t\t<\/div>\n\t\t\t\t<\/div>\n\t\t\t\t\t<\/div>\n\t\t\t\t<\/div>\n\t\t\t\t<\/div>\n\t\t","protected":false},"excerpt":{"rendered":"<p>Quelle est la date et le lieu de la conf\u00e9rence ?La conf\u00e9rence a \u00e9t\u00e9 report\u00e9e au printemps 2025. Les \u00e9v\u00e9nements de la conf\u00e9rence se d\u00e9rouleront sur le campus de l&#8217;Universit\u00e9 CETYS ou sur le campus de l&#8217;Universit\u00e9 Autonome de Basse-Californie situ\u00e9s \u00e0 Ensenada, Basse-Californie, Mexique. Quel est le public cible de la conf\u00e9rence ?Experts et [&hellip;]<\/p>\n","protected":false},"author":4,"featured_media":0,"parent":0,"menu_order":0,"comment_status":"closed","ping_status":"closed","template":"elementor_header_footer","meta":{"ocean_post_layout":"","ocean_both_sidebars_style":"","ocean_both_sidebars_content_width":0,"ocean_both_sidebars_sidebars_width":0,"ocean_sidebar":"","ocean_second_sidebar":"","ocean_disable_margins":"enable","ocean_add_body_class":"","ocean_shortcode_before_top_bar":"","ocean_shortcode_after_top_bar":"","ocean_shortcode_before_header":"","ocean_shortcode_after_header":"","ocean_has_shortcode":"","ocean_shortcode_after_title":"","ocean_shortcode_before_footer_widgets":"","ocean_shortcode_after_footer_widgets":"","ocean_shortcode_before_footer_bottom":"","ocean_shortcode_after_footer_bottom":"","ocean_display_top_bar":"default","ocean_display_header":"default","ocean_header_style":"","ocean_center_header_left_menu":"","ocean_custom_header_template":"","ocean_custom_logo":0,"ocean_custom_retina_logo":0,"ocean_custom_logo_max_width":0,"ocean_custom_logo_tablet_max_width":0,"ocean_custom_logo_mobile_max_width":0,"ocean_custom_logo_max_height":0,"ocean_custom_logo_tablet_max_height":0,"ocean_custom_logo_mobile_max_height":0,"ocean_header_custom_menu":"","ocean_menu_typo_font_family":"","ocean_menu_typo_font_subset":"","ocean_menu_typo_font_size":0,"ocean_menu_typo_font_size_tablet":0,"ocean_menu_typo_font_size_mobile":0,"ocean_menu_typo_font_size_unit":"px","ocean_menu_typo_font_weight":"","ocean_menu_typo_font_weight_tablet":"","ocean_menu_typo_font_weight_mobile":"","ocean_menu_typo_transform":"","ocean_menu_typo_transform_tablet":"","ocean_menu_typo_transform_mobile":"","ocean_menu_typo_line_height":0,"ocean_menu_typo_line_height_tablet":0,"ocean_menu_typo_line_height_mobile":0,"ocean_menu_typo_line_height_unit":"","ocean_menu_typo_spacing":0,"ocean_menu_typo_spacing_tablet":0,"ocean_menu_typo_spacing_mobile":0,"ocean_menu_typo_spacing_unit":"","ocean_menu_link_color":"","ocean_menu_link_color_hover":"","ocean_menu_link_color_active":"","ocean_menu_link_background":"","ocean_menu_link_hover_background":"","ocean_menu_link_active_background":"","ocean_menu_social_links_bg":"","ocean_menu_social_hover_links_bg":"","ocean_menu_social_links_color":"","ocean_menu_social_hover_links_color":"","ocean_disable_title":"default","ocean_disable_heading":"default","ocean_post_title":"","ocean_post_subheading":"","ocean_post_title_style":"","ocean_post_title_background_color":"","ocean_post_title_background":0,"ocean_post_title_bg_image_position":"","ocean_post_title_bg_image_attachment":"","ocean_post_title_bg_image_repeat":"","ocean_post_title_bg_image_size":"","ocean_post_title_height":0,"ocean_post_title_bg_overlay":0.5,"ocean_post_title_bg_overlay_color":"","ocean_disable_breadcrumbs":"default","ocean_breadcrumbs_color":"","ocean_breadcrumbs_separator_color":"","ocean_breadcrumbs_links_color":"","ocean_breadcrumbs_links_hover_color":"","ocean_display_footer_widgets":"default","ocean_display_footer_bottom":"default","ocean_custom_footer_template":"","footnotes":""},"wf_page_folders":[62],"class_list":["post-1684","page","type-page","status-publish","hentry","entry"],"yoast_head":"<!-- This site is optimized with the Yoast SEO plugin v24.3 - https:\/\/yoast.com\/wordpress\/plugins\/seo\/ -->\r\n<title>Questions fr\u00e9quemment pos\u00e9es - Consortium for North American Higher Education Collaboration<\/title>\r\n<meta name=\"robots\" content=\"index, follow, max-snippet:-1, max-image-preview:large, max-video-preview:-1\" \/>\r\n<link rel=\"canonical\" href=\"https:\/\/www.conahec.org\/index.php\/fr\/questions-frequemment-posees\/\" \/>\r\n<meta property=\"og:locale\" content=\"en_US\" \/>\r\n<meta property=\"og:type\" content=\"article\" \/>\r\n<meta property=\"og:title\" content=\"Questions fr\u00e9quemment pos\u00e9es - Consortium for North American Higher Education Collaboration\" \/>\r\n<meta property=\"og:description\" content=\"Quelle est la date et le lieu de la conf\u00e9rence ?La conf\u00e9rence a \u00e9t\u00e9 report\u00e9e au printemps 2025. Les \u00e9v\u00e9nements de la conf\u00e9rence se d\u00e9rouleront sur le campus de l&#8217;Universit\u00e9 CETYS ou sur le campus de l&#8217;Universit\u00e9 Autonome de Basse-Californie situ\u00e9s \u00e0 Ensenada, Basse-Californie, Mexique. Quel est le public cible de la conf\u00e9rence ?Experts et [&hellip;]\" \/>\r\n<meta property=\"og:url\" content=\"https:\/\/www.conahec.org\/index.php\/fr\/questions-frequemment-posees\/\" \/>\r\n<meta property=\"og:site_name\" content=\"Consortium for North American Higher Education Collaboration\" \/>\r\n<meta property=\"article:publisher\" content=\"https:\/\/www.facebook.com\/CONAHEC1\/\" \/>\r\n<meta property=\"article:modified_time\" content=\"2024-08-26T23:28:09+00:00\" \/>\r\n<meta name=\"twitter:card\" content=\"summary_large_image\" \/>\r\n<meta name=\"twitter:site\" content=\"@conahec\" \/>\r\n<meta name=\"twitter:label1\" content=\"Est. reading time\" \/>\n\t<meta name=\"twitter:data1\" content=\"3 minutes\" \/>\r\n<script type=\"application\/ld+json\" class=\"yoast-schema-graph\">{\"@context\":\"https:\/\/schema.org\",\"@graph\":[{\"@type\":\"WebPage\",\"@id\":\"https:\/\/www.conahec.org\/index.php\/fr\/questions-frequemment-posees\/\",\"url\":\"https:\/\/www.conahec.org\/index.php\/fr\/questions-frequemment-posees\/\",\"name\":\"Questions fr\u00e9quemment pos\u00e9es - Consortium for North American Higher Education Collaboration\",\"isPartOf\":{\"@id\":\"https:\/\/www.conahec.org\/#website\"},\"datePublished\":\"2024-04-12T15:37:47+00:00\",\"dateModified\":\"2024-08-26T23:28:09+00:00\",\"breadcrumb\":{\"@id\":\"https:\/\/www.conahec.org\/index.php\/fr\/questions-frequemment-posees\/#breadcrumb\"},\"inLanguage\":\"en-US\",\"potentialAction\":[{\"@type\":\"ReadAction\",\"target\":[\"https:\/\/www.conahec.org\/index.php\/fr\/questions-frequemment-posees\/\"]}]},{\"@type\":\"BreadcrumbList\",\"@id\":\"https:\/\/www.conahec.org\/index.php\/fr\/questions-frequemment-posees\/#breadcrumb\",\"itemListElement\":[{\"@type\":\"ListItem\",\"position\":1,\"name\":\"Home\",\"item\":\"https:\/\/www.conahec.org\/\"},{\"@type\":\"ListItem\",\"position\":2,\"name\":\"Questions fr\u00e9quemment pos\u00e9es\"}]},{\"@type\":\"WebSite\",\"@id\":\"https:\/\/www.conahec.org\/#website\",\"url\":\"https:\/\/www.conahec.org\/\",\"name\":\"conahec.org\",\"description\":\"Facilitating Higher Education Collaboration in North America and Beyond\",\"publisher\":{\"@id\":\"https:\/\/www.conahec.org\/#organization\"},\"potentialAction\":[{\"@type\":\"SearchAction\",\"target\":{\"@type\":\"EntryPoint\",\"urlTemplate\":\"https:\/\/www.conahec.org\/?s={search_term_string}\"},\"query-input\":{\"@type\":\"PropertyValueSpecification\",\"valueRequired\":true,\"valueName\":\"search_term_string\"}}],\"inLanguage\":\"en-US\"},{\"@type\":\"Organization\",\"@id\":\"https:\/\/www.conahec.org\/#organization\",\"name\":\"Consortium for North American Higher Education Collaboration (CONAHEC)\",\"url\":\"https:\/\/www.conahec.org\/\",\"logo\":{\"@type\":\"ImageObject\",\"inLanguage\":\"en-US\",\"@id\":\"https:\/\/www.conahec.org\/#\/schema\/logo\/image\/\",\"url\":\"https:\/\/www.conahec.org\/wp-content\/uploads\/2024\/05\/CONAHECFavicon.jpg\",\"contentUrl\":\"https:\/\/www.conahec.org\/wp-content\/uploads\/2024\/05\/CONAHECFavicon.jpg\",\"width\":512,\"height\":512,\"caption\":\"Consortium for North American Higher Education Collaboration (CONAHEC)\"},\"image\":{\"@id\":\"https:\/\/www.conahec.org\/#\/schema\/logo\/image\/\"},\"sameAs\":[\"https:\/\/www.facebook.com\/CONAHEC1\/\",\"https:\/\/x.com\/conahec\"]}]}<\/script>\r\n<!-- \/ Yoast SEO plugin. -->","yoast_head_json":{"title":"Questions fr\u00e9quemment pos\u00e9es - Consortium for North American Higher Education Collaboration","robots":{"index":"index","follow":"follow","max-snippet":"max-snippet:-1","max-image-preview":"max-image-preview:large","max-video-preview":"max-video-preview:-1"},"canonical":"https:\/\/www.conahec.org\/index.php\/fr\/questions-frequemment-posees\/","og_locale":"en_US","og_type":"article","og_title":"Questions fr\u00e9quemment pos\u00e9es - Consortium for North American Higher Education Collaboration","og_description":"Quelle est la date et le lieu de la conf\u00e9rence ?La conf\u00e9rence a \u00e9t\u00e9 report\u00e9e au printemps 2025. Les \u00e9v\u00e9nements de la conf\u00e9rence se d\u00e9rouleront sur le campus de l&#8217;Universit\u00e9 CETYS ou sur le campus de l&#8217;Universit\u00e9 Autonome de Basse-Californie situ\u00e9s \u00e0 Ensenada, Basse-Californie, Mexique. Quel est le public cible de la conf\u00e9rence ?Experts et [&hellip;]","og_url":"https:\/\/www.conahec.org\/index.php\/fr\/questions-frequemment-posees\/","og_site_name":"Consortium for North American Higher Education Collaboration","article_publisher":"https:\/\/www.facebook.com\/CONAHEC1\/","article_modified_time":"2024-08-26T23:28:09+00:00","twitter_card":"summary_large_image","twitter_site":"@conahec","twitter_misc":{"Est. reading time":"3 minutes"},"schema":{"@context":"https:\/\/schema.org","@graph":[{"@type":"WebPage","@id":"https:\/\/www.conahec.org\/index.php\/fr\/questions-frequemment-posees\/","url":"https:\/\/www.conahec.org\/index.php\/fr\/questions-frequemment-posees\/","name":"Questions fr\u00e9quemment pos\u00e9es - Consortium for North American Higher Education Collaboration","isPartOf":{"@id":"https:\/\/www.conahec.org\/#website"},"datePublished":"2024-04-12T15:37:47+00:00","dateModified":"2024-08-26T23:28:09+00:00","breadcrumb":{"@id":"https:\/\/www.conahec.org\/index.php\/fr\/questions-frequemment-posees\/#breadcrumb"},"inLanguage":"en-US","potentialAction":[{"@type":"ReadAction","target":["https:\/\/www.conahec.org\/index.php\/fr\/questions-frequemment-posees\/"]}]},{"@type":"BreadcrumbList","@id":"https:\/\/www.conahec.org\/index.php\/fr\/questions-frequemment-posees\/#breadcrumb","itemListElement":[{"@type":"ListItem","position":1,"name":"Home","item":"https:\/\/www.conahec.org\/"},{"@type":"ListItem","position":2,"name":"Questions fr\u00e9quemment pos\u00e9es"}]},{"@type":"WebSite","@id":"https:\/\/www.conahec.org\/#website","url":"https:\/\/www.conahec.org\/","name":"conahec.org","description":"Facilitating Higher Education Collaboration in North America and Beyond","publisher":{"@id":"https:\/\/www.conahec.org\/#organization"},"potentialAction":[{"@type":"SearchAction","target":{"@type":"EntryPoint","urlTemplate":"https:\/\/www.conahec.org\/?s={search_term_string}"},"query-input":{"@type":"PropertyValueSpecification","valueRequired":true,"valueName":"search_term_string"}}],"inLanguage":"en-US"},{"@type":"Organization","@id":"https:\/\/www.conahec.org\/#organization","name":"Consortium for North American Higher Education Collaboration (CONAHEC)","url":"https:\/\/www.conahec.org\/","logo":{"@type":"ImageObject","inLanguage":"en-US","@id":"https:\/\/www.conahec.org\/#\/schema\/logo\/image\/","url":"https:\/\/www.conahec.org\/wp-content\/uploads\/2024\/05\/CONAHECFavicon.jpg","contentUrl":"https:\/\/www.conahec.org\/wp-content\/uploads\/2024\/05\/CONAHECFavicon.jpg","width":512,"height":512,"caption":"Consortium for North American Higher Education Collaboration (CONAHEC)"},"image":{"@id":"https:\/\/www.conahec.org\/#\/schema\/logo\/image\/"},"sameAs":["https:\/\/www.facebook.com\/CONAHEC1\/","https:\/\/x.com\/conahec"]}]}},"_links":{"self":[{"href":"https:\/\/www.conahec.org\/index.php\/wp-json\/wp\/v2\/pages\/1684","targetHints":{"allow":["GET"]}}],"collection":[{"href":"https:\/\/www.conahec.org\/index.php\/wp-json\/wp\/v2\/pages"}],"about":[{"href":"https:\/\/www.conahec.org\/index.php\/wp-json\/wp\/v2\/types\/page"}],"author":[{"embeddable":true,"href":"https:\/\/www.conahec.org\/index.php\/wp-json\/wp\/v2\/users\/4"}],"replies":[{"embeddable":true,"href":"https:\/\/www.conahec.org\/index.php\/wp-json\/wp\/v2\/comments?post=1684"}],"version-history":[{"count":22,"href":"https:\/\/www.conahec.org\/index.php\/wp-json\/wp\/v2\/pages\/1684\/revisions"}],"predecessor-version":[{"id":2685,"href":"https:\/\/www.conahec.org\/index.php\/wp-json\/wp\/v2\/pages\/1684\/revisions\/2685"}],"wp:attachment":[{"href":"https:\/\/www.conahec.org\/index.php\/wp-json\/wp\/v2\/media?parent=1684"}],"wp:term":[{"taxonomy":"wf_page_folders","embeddable":true,"href":"https:\/\/www.conahec.org\/index.php\/wp-json\/wp\/v2\/wf_page_folders?post=1684"}],"curies":[{"name":"wp","href":"https:\/\/api.w.org\/{rel}","templated":true}]}}