{"id":1695,"date":"2024-04-12T15:37:47","date_gmt":"2024-04-12T15:37:47","guid":{"rendered":"https:\/\/www.conahec.org\/?page_id=1695"},"modified":"2024-08-26T23:24:26","modified_gmt":"2024-08-26T23:24:26","slug":"preguntas-frecuentes","status":"publish","type":"page","link":"https:\/\/www.conahec.org\/index.php\/es\/preguntas-frecuentes\/","title":{"rendered":"Preguntas frecuentes"},"content":{"rendered":"\t\t<div data-elementor-type=\"wp-page\" data-elementor-id=\"1695\" class=\"elementor elementor-1695\" data-elementor-post-type=\"page\">\n\t\t\t\t<div class=\"elementor-element elementor-element-264e0cd e-flex e-con-boxed e-con e-parent\" data-id=\"264e0cd\" data-element_type=\"container\">\n\t\t\t\t\t<div class=\"e-con-inner\">\n\t\t\t\t<div class=\"elementor-element elementor-element-9edd9e5 elementor-widget elementor-widget-text-editor\" data-id=\"9edd9e5\" data-element_type=\"widget\" data-widget_type=\"text-editor.default\">\n\t\t\t\t<div class=\"elementor-widget-container\">\n\t\t\t<style>\/*! elementor - v3.23.0 - 05-08-2024 *\/\n.elementor-widget-text-editor.elementor-drop-cap-view-stacked .elementor-drop-cap{background-color:#69727d;color:#fff}.elementor-widget-text-editor.elementor-drop-cap-view-framed .elementor-drop-cap{color:#69727d;border:3px solid;background-color:transparent}.elementor-widget-text-editor:not(.elementor-drop-cap-view-default) .elementor-drop-cap{margin-top:8px}.elementor-widget-text-editor:not(.elementor-drop-cap-view-default) .elementor-drop-cap-letter{width:1em;height:1em}.elementor-widget-text-editor .elementor-drop-cap{float:left;text-align:center;line-height:1;font-size:50px}.elementor-widget-text-editor .elementor-drop-cap-letter{display:inline-block}<\/style>\t\t\t\t<ol><li style=\"list-style-type: none;\"><ol><li>\u00bfCu\u00e1l es la fecha y ubicaci\u00f3n de la conferencia?<br \/>La conferencia se ha pospuesto hasta la primavera de 2025. Los eventos de la conferencia se llevar\u00e1n a cabo en el campus de la Universidad CETYS o en el campus de la Universidad Aut\u00f3noma de Baja California ubicados en Ensenada, Baja California, M\u00e9xico.<\/li><\/ol><\/li><\/ol><p>\u00a0<\/p><ol><li style=\"list-style-type: none;\"><ol><li>\u00bfCu\u00e1l es el p\u00fablico objetivo de la conferencia?<br \/>Expertos y profesionales de la educaci\u00f3n superior comprometidos a nivel internacional. Este evento atrae al personal administrativo de oficinas internacionales, a los miembros del cuerpo docente interesados en la colaboraci\u00f3n internacional en persona o en l\u00ednea, y a aquellos interesados en establecer conexiones con instituciones internacionales para iniciar o profundizar la colaboraci\u00f3n internacional en iniciativas de ense\u00f1anza, investigaci\u00f3n y\/o servicio. Estos eventos son una excelente manera de ampliar su red internacional, por lo que se anima a los profesionales y acad\u00e9micos en el inicio de su carrera a asistir.<\/li><\/ol><\/li><\/ol><p>\u00a0<\/p><ol><li style=\"list-style-type: none;\"><ol><li>\u00bfCu\u00e1l es el tema o enfoque de la conferencia?<br \/>En respuesta a los comentarios de nuestros interesados, estamos reenfocando nuestras conferencias en el establecimiento de redes. Nuestro programa de conferencias y actividades ha sido completamente redise\u00f1ado con esto en mente. Planee traer informaci\u00f3n para compartir, ya que este evento permitir\u00e1 mucha interacci\u00f3n con otros asistentes y presentadores.<\/li><\/ol><\/li><\/ol><p>\u00a0<\/p><ol><li style=\"list-style-type: none;\"><ol><li>\u00bfC\u00f3mo puedo inscribirme en la conferencia?<br \/>Por favor, consulte la p\u00e1gina de &#8220;Inscripci\u00f3n&#8221; de la conferencia utilizando el enlace en la esquina superior derecha de esta p\u00e1gina.\u00a0<\/li><\/ol><\/li><\/ol><p>\u00a0<\/p><ol><li style=\"list-style-type: none;\"><ol><li>\u00bfHay tarifas con descuento para estudiantes, grupos o patrocinadores?<br \/><span style=\"font-family: 'Work Sans', sans-serif; font-size: 17px; font-style: normal; font-variant-ligatures: normal; font-variant-caps: normal; font-weight: bold;\">Hay descuentos para delegaciones, as\u00ed que<\/span> animamos a que traigan a aquellos miembros del equipo que consideren que se beneficiar\u00edan de expandir sus redes de contactos internacionales. Hay inscripciones gratuitas disponibles para patrocinadores que aumentan seg\u00fan el nivel de patrocinio &#8211; por favor consulte la p\u00e1gina de Patrocinio. Consulte la p\u00e1gina de inscripci\u00f3n para obtener informaci\u00f3n sobre todos los dem\u00e1s precios de inscripci\u00f3n.<\/li><\/ol><\/li><\/ol><p>\u00a0<\/p><ol><li style=\"list-style-type: none;\"><ol><li>\u00bfQu\u00e9 opciones de alojamiento hay disponibles cerca del lugar de la conferencia?<br \/>Hay varios hoteles que ofrecen habitaciones para los asistentes a la conferencia. Por favor, consulte la p\u00e1gina de &#8220;Alojamiento&#8221; a trav\u00e9s del enlace en la parte superior derecha de esta p\u00e1gina para elegir entre los hoteles de la conferencia.\u00a0<\/li><\/ol><\/li><\/ol><p>\u00a0<\/p><ol><li style=\"list-style-type: none;\"><ol><li>\u00bfHabr\u00e1 transporte proporcionado hacia y desde el lugar de la conferencia?<br \/>S\u00ed, CONAHEC proporcionar\u00e1 autobuses que circular\u00e1n desde los hoteles mencionados en la p\u00e1gina de Alojamiento hasta el lugar de la conferencia, la Universidad CETYS, por la ma\u00f1ana antes del inicio de las actividades programadas y al final de las actividades del d\u00eda. Las distancias son relativamente cortas y hay taxis y veh\u00edculos de Uber disponibles.<\/li><\/ol><\/li><\/ol><p>\u00a0<\/p><ol><li style=\"list-style-type: none;\"><ol><li>\u00bfPuedo recibir un reembolso si necesito cancelar mi inscripci\u00f3n?<br \/>Puede obtener un reembolso parcial si cancela su inscripci\u00f3n antes de la fecha l\u00edmite. Puede leer m\u00e1s sobre la pol\u00edtica de cancelaci\u00f3n cuando se inscriba a trav\u00e9s del sistema Whova, disponible a trav\u00e9s de la p\u00e1gina de &#8220;Inscripci\u00f3n&#8221; mencionada anteriormente.<\/li><\/ol><\/li><\/ol><p>\u00a0<\/p><ol><li>\u00bfC\u00f3mo puedo contactar a los organizadores de la conferencia si tengo m\u00e1s preguntas?<br \/>Puede contactar a los organizadores de la conferencia a trav\u00e9s de este correo electr\u00f3nico: <a href=\"mailto:events@conahec.org?cc=conahec@gmail.com &amp;subject=Inquiry%20from%20Conference%20FAQ%20Page\">events@conahec.org<\/a><\/li><\/ol>\t\t\t\t\t\t<\/div>\n\t\t\t\t<\/div>\n\t\t\t\t\t<\/div>\n\t\t\t\t<\/div>\n\t\t\t\t<\/div>\n\t\t","protected":false},"excerpt":{"rendered":"<p>\u00bfCu\u00e1l es la fecha y ubicaci\u00f3n de la conferencia?La conferencia se ha pospuesto hasta la primavera de 2025. Los eventos de la conferencia se llevar\u00e1n a cabo en el campus de la Universidad CETYS o en el campus de la Universidad Aut\u00f3noma de Baja California ubicados en Ensenada, Baja California, M\u00e9xico. \u00a0 \u00bfCu\u00e1l es el [&hellip;]<\/p>\n","protected":false},"author":4,"featured_media":0,"parent":0,"menu_order":0,"comment_status":"closed","ping_status":"closed","template":"elementor_header_footer","meta":{"ocean_post_layout":"","ocean_both_sidebars_style":"","ocean_both_sidebars_content_width":0,"ocean_both_sidebars_sidebars_width":0,"ocean_sidebar":"","ocean_second_sidebar":"","ocean_disable_margins":"enable","ocean_add_body_class":"","ocean_shortcode_before_top_bar":"","ocean_shortcode_after_top_bar":"","ocean_shortcode_before_header":"","ocean_shortcode_after_header":"","ocean_has_shortcode":"","ocean_shortcode_after_title":"","ocean_shortcode_before_footer_widgets":"","ocean_shortcode_after_footer_widgets":"","ocean_shortcode_before_footer_bottom":"","ocean_shortcode_after_footer_bottom":"","ocean_display_top_bar":"default","ocean_display_header":"default","ocean_header_style":"","ocean_center_header_left_menu":"","ocean_custom_header_template":"","ocean_custom_logo":0,"ocean_custom_retina_logo":0,"ocean_custom_logo_max_width":0,"ocean_custom_logo_tablet_max_width":0,"ocean_custom_logo_mobile_max_width":0,"ocean_custom_logo_max_height":0,"ocean_custom_logo_tablet_max_height":0,"ocean_custom_logo_mobile_max_height":0,"ocean_header_custom_menu":"","ocean_menu_typo_font_family":"","ocean_menu_typo_font_subset":"","ocean_menu_typo_font_size":0,"ocean_menu_typo_font_size_tablet":0,"ocean_menu_typo_font_size_mobile":0,"ocean_menu_typo_font_size_unit":"px","ocean_menu_typo_font_weight":"","ocean_menu_typo_font_weight_tablet":"","ocean_menu_typo_font_weight_mobile":"","ocean_menu_typo_transform":"","ocean_menu_typo_transform_tablet":"","ocean_menu_typo_transform_mobile":"","ocean_menu_typo_line_height":0,"ocean_menu_typo_line_height_tablet":0,"ocean_menu_typo_line_height_mobile":0,"ocean_menu_typo_line_height_unit":"","ocean_menu_typo_spacing":0,"ocean_menu_typo_spacing_tablet":0,"ocean_menu_typo_spacing_mobile":0,"ocean_menu_typo_spacing_unit":"","ocean_menu_link_color":"","ocean_menu_link_color_hover":"","ocean_menu_link_color_active":"","ocean_menu_link_background":"","ocean_menu_link_hover_background":"","ocean_menu_link_active_background":"","ocean_menu_social_links_bg":"","ocean_menu_social_hover_links_bg":"","ocean_menu_social_links_color":"","ocean_menu_social_hover_links_color":"","ocean_disable_title":"default","ocean_disable_heading":"default","ocean_post_title":"","ocean_post_subheading":"","ocean_post_title_style":"","ocean_post_title_background_color":"","ocean_post_title_background":0,"ocean_post_title_bg_image_position":"","ocean_post_title_bg_image_attachment":"","ocean_post_title_bg_image_repeat":"","ocean_post_title_bg_image_size":"","ocean_post_title_height":0,"ocean_post_title_bg_overlay":0.5,"ocean_post_title_bg_overlay_color":"","ocean_disable_breadcrumbs":"default","ocean_breadcrumbs_color":"","ocean_breadcrumbs_separator_color":"","ocean_breadcrumbs_links_color":"","ocean_breadcrumbs_links_hover_color":"","ocean_display_footer_widgets":"default","ocean_display_footer_bottom":"default","ocean_custom_footer_template":"","footnotes":""},"wf_page_folders":[61],"class_list":["post-1695","page","type-page","status-publish","hentry","entry"],"yoast_head":"<!-- This site is optimized with the Yoast SEO plugin v24.3 - https:\/\/yoast.com\/wordpress\/plugins\/seo\/ -->\r\n<title>Preguntas frecuentes - Consortium for North American Higher Education Collaboration<\/title>\r\n<meta name=\"robots\" content=\"index, follow, max-snippet:-1, max-image-preview:large, max-video-preview:-1\" \/>\r\n<link rel=\"canonical\" href=\"https:\/\/www.conahec.org\/index.php\/es\/preguntas-frecuentes\/\" \/>\r\n<meta property=\"og:locale\" content=\"en_US\" \/>\r\n<meta property=\"og:type\" content=\"article\" \/>\r\n<meta property=\"og:title\" content=\"Preguntas frecuentes - Consortium for North American Higher Education Collaboration\" \/>\r\n<meta property=\"og:description\" content=\"\u00bfCu\u00e1l es la fecha y ubicaci\u00f3n de la conferencia?La conferencia se ha pospuesto hasta la primavera de 2025. Los eventos de la conferencia se llevar\u00e1n a cabo en el campus de la Universidad CETYS o en el campus de la Universidad Aut\u00f3noma de Baja California ubicados en Ensenada, Baja California, M\u00e9xico. \u00a0 \u00bfCu\u00e1l es el [&hellip;]\" \/>\r\n<meta property=\"og:url\" content=\"https:\/\/www.conahec.org\/index.php\/es\/preguntas-frecuentes\/\" \/>\r\n<meta property=\"og:site_name\" content=\"Consortium for North American Higher Education Collaboration\" \/>\r\n<meta property=\"article:publisher\" content=\"https:\/\/www.facebook.com\/CONAHEC1\/\" \/>\r\n<meta property=\"article:modified_time\" content=\"2024-08-26T23:24:26+00:00\" \/>\r\n<meta name=\"twitter:card\" content=\"summary_large_image\" \/>\r\n<meta name=\"twitter:site\" content=\"@conahec\" \/>\r\n<meta name=\"twitter:label1\" content=\"Est. reading time\" \/>\n\t<meta name=\"twitter:data1\" content=\"3 minutes\" \/>\r\n<script type=\"application\/ld+json\" class=\"yoast-schema-graph\">{\"@context\":\"https:\/\/schema.org\",\"@graph\":[{\"@type\":\"WebPage\",\"@id\":\"https:\/\/www.conahec.org\/index.php\/es\/preguntas-frecuentes\/\",\"url\":\"https:\/\/www.conahec.org\/index.php\/es\/preguntas-frecuentes\/\",\"name\":\"Preguntas frecuentes - Consortium for North American Higher Education Collaboration\",\"isPartOf\":{\"@id\":\"https:\/\/www.conahec.org\/#website\"},\"datePublished\":\"2024-04-12T15:37:47+00:00\",\"dateModified\":\"2024-08-26T23:24:26+00:00\",\"breadcrumb\":{\"@id\":\"https:\/\/www.conahec.org\/index.php\/es\/preguntas-frecuentes\/#breadcrumb\"},\"inLanguage\":\"en-US\",\"potentialAction\":[{\"@type\":\"ReadAction\",\"target\":[\"https:\/\/www.conahec.org\/index.php\/es\/preguntas-frecuentes\/\"]}]},{\"@type\":\"BreadcrumbList\",\"@id\":\"https:\/\/www.conahec.org\/index.php\/es\/preguntas-frecuentes\/#breadcrumb\",\"itemListElement\":[{\"@type\":\"ListItem\",\"position\":1,\"name\":\"Home\",\"item\":\"https:\/\/www.conahec.org\/\"},{\"@type\":\"ListItem\",\"position\":2,\"name\":\"Preguntas frecuentes\"}]},{\"@type\":\"WebSite\",\"@id\":\"https:\/\/www.conahec.org\/#website\",\"url\":\"https:\/\/www.conahec.org\/\",\"name\":\"conahec.org\",\"description\":\"Facilitating Higher Education Collaboration in North America and Beyond\",\"publisher\":{\"@id\":\"https:\/\/www.conahec.org\/#organization\"},\"potentialAction\":[{\"@type\":\"SearchAction\",\"target\":{\"@type\":\"EntryPoint\",\"urlTemplate\":\"https:\/\/www.conahec.org\/?s={search_term_string}\"},\"query-input\":{\"@type\":\"PropertyValueSpecification\",\"valueRequired\":true,\"valueName\":\"search_term_string\"}}],\"inLanguage\":\"en-US\"},{\"@type\":\"Organization\",\"@id\":\"https:\/\/www.conahec.org\/#organization\",\"name\":\"Consortium for North American Higher Education Collaboration (CONAHEC)\",\"url\":\"https:\/\/www.conahec.org\/\",\"logo\":{\"@type\":\"ImageObject\",\"inLanguage\":\"en-US\",\"@id\":\"https:\/\/www.conahec.org\/#\/schema\/logo\/image\/\",\"url\":\"https:\/\/www.conahec.org\/wp-content\/uploads\/2024\/05\/CONAHECFavicon.jpg\",\"contentUrl\":\"https:\/\/www.conahec.org\/wp-content\/uploads\/2024\/05\/CONAHECFavicon.jpg\",\"width\":512,\"height\":512,\"caption\":\"Consortium for North American Higher Education Collaboration (CONAHEC)\"},\"image\":{\"@id\":\"https:\/\/www.conahec.org\/#\/schema\/logo\/image\/\"},\"sameAs\":[\"https:\/\/www.facebook.com\/CONAHEC1\/\",\"https:\/\/x.com\/conahec\"]}]}<\/script>\r\n<!-- \/ Yoast SEO plugin. -->","yoast_head_json":{"title":"Preguntas frecuentes - Consortium for North American Higher Education Collaboration","robots":{"index":"index","follow":"follow","max-snippet":"max-snippet:-1","max-image-preview":"max-image-preview:large","max-video-preview":"max-video-preview:-1"},"canonical":"https:\/\/www.conahec.org\/index.php\/es\/preguntas-frecuentes\/","og_locale":"en_US","og_type":"article","og_title":"Preguntas frecuentes - Consortium for North American Higher Education Collaboration","og_description":"\u00bfCu\u00e1l es la fecha y ubicaci\u00f3n de la conferencia?La conferencia se ha pospuesto hasta la primavera de 2025. Los eventos de la conferencia se llevar\u00e1n a cabo en el campus de la Universidad CETYS o en el campus de la Universidad Aut\u00f3noma de Baja California ubicados en Ensenada, Baja California, M\u00e9xico. \u00a0 \u00bfCu\u00e1l es el [&hellip;]","og_url":"https:\/\/www.conahec.org\/index.php\/es\/preguntas-frecuentes\/","og_site_name":"Consortium for North American Higher Education Collaboration","article_publisher":"https:\/\/www.facebook.com\/CONAHEC1\/","article_modified_time":"2024-08-26T23:24:26+00:00","twitter_card":"summary_large_image","twitter_site":"@conahec","twitter_misc":{"Est. reading time":"3 minutes"},"schema":{"@context":"https:\/\/schema.org","@graph":[{"@type":"WebPage","@id":"https:\/\/www.conahec.org\/index.php\/es\/preguntas-frecuentes\/","url":"https:\/\/www.conahec.org\/index.php\/es\/preguntas-frecuentes\/","name":"Preguntas frecuentes - Consortium for North American Higher Education Collaboration","isPartOf":{"@id":"https:\/\/www.conahec.org\/#website"},"datePublished":"2024-04-12T15:37:47+00:00","dateModified":"2024-08-26T23:24:26+00:00","breadcrumb":{"@id":"https:\/\/www.conahec.org\/index.php\/es\/preguntas-frecuentes\/#breadcrumb"},"inLanguage":"en-US","potentialAction":[{"@type":"ReadAction","target":["https:\/\/www.conahec.org\/index.php\/es\/preguntas-frecuentes\/"]}]},{"@type":"BreadcrumbList","@id":"https:\/\/www.conahec.org\/index.php\/es\/preguntas-frecuentes\/#breadcrumb","itemListElement":[{"@type":"ListItem","position":1,"name":"Home","item":"https:\/\/www.conahec.org\/"},{"@type":"ListItem","position":2,"name":"Preguntas frecuentes"}]},{"@type":"WebSite","@id":"https:\/\/www.conahec.org\/#website","url":"https:\/\/www.conahec.org\/","name":"conahec.org","description":"Facilitating Higher Education Collaboration in North America and Beyond","publisher":{"@id":"https:\/\/www.conahec.org\/#organization"},"potentialAction":[{"@type":"SearchAction","target":{"@type":"EntryPoint","urlTemplate":"https:\/\/www.conahec.org\/?s={search_term_string}"},"query-input":{"@type":"PropertyValueSpecification","valueRequired":true,"valueName":"search_term_string"}}],"inLanguage":"en-US"},{"@type":"Organization","@id":"https:\/\/www.conahec.org\/#organization","name":"Consortium for North American Higher Education Collaboration (CONAHEC)","url":"https:\/\/www.conahec.org\/","logo":{"@type":"ImageObject","inLanguage":"en-US","@id":"https:\/\/www.conahec.org\/#\/schema\/logo\/image\/","url":"https:\/\/www.conahec.org\/wp-content\/uploads\/2024\/05\/CONAHECFavicon.jpg","contentUrl":"https:\/\/www.conahec.org\/wp-content\/uploads\/2024\/05\/CONAHECFavicon.jpg","width":512,"height":512,"caption":"Consortium for North American Higher Education Collaboration (CONAHEC)"},"image":{"@id":"https:\/\/www.conahec.org\/#\/schema\/logo\/image\/"},"sameAs":["https:\/\/www.facebook.com\/CONAHEC1\/","https:\/\/x.com\/conahec"]}]}},"_links":{"self":[{"href":"https:\/\/www.conahec.org\/index.php\/wp-json\/wp\/v2\/pages\/1695","targetHints":{"allow":["GET"]}}],"collection":[{"href":"https:\/\/www.conahec.org\/index.php\/wp-json\/wp\/v2\/pages"}],"about":[{"href":"https:\/\/www.conahec.org\/index.php\/wp-json\/wp\/v2\/types\/page"}],"author":[{"embeddable":true,"href":"https:\/\/www.conahec.org\/index.php\/wp-json\/wp\/v2\/users\/4"}],"replies":[{"embeddable":true,"href":"https:\/\/www.conahec.org\/index.php\/wp-json\/wp\/v2\/comments?post=1695"}],"version-history":[{"count":16,"href":"https:\/\/www.conahec.org\/index.php\/wp-json\/wp\/v2\/pages\/1695\/revisions"}],"predecessor-version":[{"id":2670,"href":"https:\/\/www.conahec.org\/index.php\/wp-json\/wp\/v2\/pages\/1695\/revisions\/2670"}],"wp:attachment":[{"href":"https:\/\/www.conahec.org\/index.php\/wp-json\/wp\/v2\/media?parent=1695"}],"wp:term":[{"taxonomy":"wf_page_folders","embeddable":true,"href":"https:\/\/www.conahec.org\/index.php\/wp-json\/wp\/v2\/wf_page_folders?post=1695"}],"curies":[{"name":"wp","href":"https:\/\/api.w.org\/{rel}","templated":true}]}}