{"id":1747,"date":"2024-05-15T16:21:56","date_gmt":"2024-05-15T16:21:56","guid":{"rendered":"https:\/\/www.conahec.org\/?page_id=1747"},"modified":"2024-05-24T04:45:55","modified_gmt":"2024-05-24T04:45:55","slug":"assurez-vous-de-recevoir-nos-messages-electroniques","status":"publish","type":"page","link":"https:\/\/www.conahec.org\/index.php\/fr\/assurez-vous-de-recevoir-nos-messages-electroniques\/","title":{"rendered":"Assurez-vous de recevoir nos messages \u00e9lectroniques\u00a0!"},"content":{"rendered":"\t\t<div data-elementor-type=\"wp-page\" data-elementor-id=\"1747\" class=\"elementor elementor-1747\" data-elementor-post-type=\"page\">\n\t\t\t\t<div class=\"elementor-element elementor-element-28eedb2 e-flex e-con-boxed e-con e-parent\" data-id=\"28eedb2\" data-element_type=\"container\">\n\t\t\t\t\t<div class=\"e-con-inner\">\n\t\t\t\t<div class=\"elementor-element elementor-element-99a9445 elementor-widget elementor-widget-text-editor\" data-id=\"99a9445\" data-element_type=\"widget\" data-widget_type=\"text-editor.default\">\n\t\t\t\t<div class=\"elementor-widget-container\">\n\t\t\t<style>\/*! elementor - v3.23.0 - 05-08-2024 *\/\n.elementor-widget-text-editor.elementor-drop-cap-view-stacked .elementor-drop-cap{background-color:#69727d;color:#fff}.elementor-widget-text-editor.elementor-drop-cap-view-framed .elementor-drop-cap{color:#69727d;border:3px solid;background-color:transparent}.elementor-widget-text-editor:not(.elementor-drop-cap-view-default) .elementor-drop-cap{margin-top:8px}.elementor-widget-text-editor:not(.elementor-drop-cap-view-default) .elementor-drop-cap-letter{width:1em;height:1em}.elementor-widget-text-editor .elementor-drop-cap{float:left;text-align:center;line-height:1;font-size:50px}.elementor-widget-text-editor .elementor-drop-cap-letter{display:inline-block}<\/style>\t\t\t\t<h2>Ceux qui souhaitent recevoir des informations des sites Web de CONAHEC, y compris conahec.org, conahecstudentexchange.org, elnet.org, doivent ajouter conahec@gmail.com et mail@conahec.org ainsi que le domaine mailchimpapp.com \u00e0 la liste des exp\u00e9diteurs autoris\u00e9s de leur client de messagerie :<\/h2>\n<table>\n<tbody>\n<tr>\n<td><strong>Logiciel de messagerie<\/strong><\/td>\n<td><strong>Ajoutez conahec@gmail.com et mail@conahec.org \u00e0 votre liste d&#8217;exp\u00e9diteurs autoris\u00e9s<\/strong><\/td>\n<td><strong>R\u00e9cup\u00e9rer \u00e0 partir du dossier des courriers ind\u00e9sirables<\/strong><\/td>\n<\/tr>\n<tr>\n<td><a href=\"https:\/\/www.apple.com\/support\/mac-apps\/mail\/\" target=\"_blank\" rel=\"noopener noreferrer\">Apple Mail (bureau)<\/a><\/td>\n<td>1. S\u00e9lectionnez l&#8217;email pour l&#8217;ouvrir\n2. Passez la souris sur l&#8217;adresse <strong>De<\/strong>\n3. Cliquez sur la fl\u00e8che vers le bas et s\u00e9lectionnez <strong>Ajouter aux contacts<\/strong><\/td>\n<td>1. S\u00e9lectionnez l&#8217;email\n2. Cliquez sur <strong>D\u00e9placer vers la bo\u00eete de r\u00e9ception<\/strong><\/td>\n<\/tr>\n<tr>\n<td><a href=\"https:\/\/support.apple.com\/mail\" target=\"_blank\" rel=\"noopener noreferrer\">Apple Mail (iPhone)<\/a><\/td>\n<td>1. S\u00e9lectionnez l&#8217;email pour l&#8217;ouvrir\n2. Cliquez sur l&#8217;adresse <strong>De<\/strong>\n3. Cliquez sur la fl\u00e8che vers le bas\n4. Cliquez sur <strong>Cr\u00e9er un nouveau contact<\/strong> &gt; <strong>Termin\u00e9<\/strong><\/td>\n<td>1. S\u00e9lectionnez l&#8217;email\n2. Cliquez sur la fl\u00e8che vers le bas\n3. S\u00e9lectionnez <strong>Marquer comme non ind\u00e9sirable<\/strong><\/td>\n<\/tr>\n<tr>\n<td><a id=\"\" title=\"\" href=\"https:\/\/support.google.com\/\" target=\"_blank\" rel=\"noopener noreferrer\">Gmail<\/a><\/td>\n<td>1. S\u00e9lectionnez l&#8217;email pour l&#8217;ouvrir\n2. Passez la souris sur l&#8217;adresse <strong>De<\/strong>\n3. S\u00e9lectionnez <strong>Ajouter aux contacts<\/strong><\/td>\n<td>1. S\u00e9lectionnez l&#8217;email pour l&#8217;ouvrir\n2. Cliquez sur <strong>Signaler comme non spam<\/strong><\/td>\n<\/tr>\n<tr>\n<td><a href=\"https:\/\/support.microsoft.com\/en-us\/outlook\" target=\"_blank\" rel=\"noopener noreferrer\">Outlook<\/a><\/td>\n<td>1. S\u00e9lectionnez l&#8217;email pour l&#8217;ouvrir\n2. Dans l&#8217;onglet <strong>Message<\/strong>, s\u00e9lectionnez <strong>Courrier ind\u00e9sirable<\/strong> &gt; <strong>Ne jamais bloquer l&#8217;exp\u00e9diteur<\/strong><\/td>\n<td>1. S\u00e9lectionnez l&#8217;email pour l&#8217;ouvrir\n2. Dans l&#8217;onglet <strong>Message<\/strong>, s\u00e9lectionnez <strong>Signaler le message<\/strong> &gt; <strong>Non ind\u00e9sirable<\/strong><\/td>\n<\/tr>\n<tr>\n<td><a href=\"https:\/\/help.yahoo.com\/kb\/helpcentral\" target=\"_blank\" rel=\"noopener noreferrer\">Yahoo Mail<\/a><\/td>\n<td>1. S\u00e9lectionnez l&#8217;email pour l&#8217;ouvrir\n2. Passez la souris sur l&#8217;adresse <strong>De<\/strong>\n3. S\u00e9lectionnez <strong>Ajouter aux contacts<\/strong> puis <strong>Enregistrer<\/strong><\/td>\n<td>1. S\u00e9lectionnez l&#8217;email pour l&#8217;ouvrir\n2. Cliquez ensuite sur <strong>Non spam<\/strong><\/td>\n<\/tr>\n<\/tbody>\n<\/table>\t\t\t\t\t\t<\/div>\n\t\t\t\t<\/div>\n\t\t\t\t\t<\/div>\n\t\t\t\t<\/div>\n\t\t\t\t<\/div>\n\t\t","protected":false},"excerpt":{"rendered":"<p>Ceux qui souhaitent recevoir des informations des sites Web de CONAHEC, y compris conahec.org, conahecstudentexchange.org, elnet.org, doivent ajouter conahec@gmail.com et mail@conahec.org ainsi que le domaine mailchimpapp.com \u00e0 la liste des exp\u00e9diteurs autoris\u00e9s de leur client de messagerie : Logiciel de messagerie Ajoutez conahec@gmail.com et mail@conahec.org \u00e0 votre liste d&#8217;exp\u00e9diteurs autoris\u00e9s R\u00e9cup\u00e9rer \u00e0 partir du dossier [&hellip;]<\/p>\n","protected":false},"author":4,"featured_media":0,"parent":0,"menu_order":0,"comment_status":"closed","ping_status":"closed","template":"elementor_header_footer","meta":{"ocean_post_layout":"","ocean_both_sidebars_style":"","ocean_both_sidebars_content_width":0,"ocean_both_sidebars_sidebars_width":0,"ocean_sidebar":"","ocean_second_sidebar":"","ocean_disable_margins":"enable","ocean_add_body_class":"","ocean_shortcode_before_top_bar":"","ocean_shortcode_after_top_bar":"","ocean_shortcode_before_header":"","ocean_shortcode_after_header":"","ocean_has_shortcode":"","ocean_shortcode_after_title":"","ocean_shortcode_before_footer_widgets":"","ocean_shortcode_after_footer_widgets":"","ocean_shortcode_before_footer_bottom":"","ocean_shortcode_after_footer_bottom":"","ocean_display_top_bar":"default","ocean_display_header":"default","ocean_header_style":"","ocean_center_header_left_menu":"","ocean_custom_header_template":"","ocean_custom_logo":0,"ocean_custom_retina_logo":0,"ocean_custom_logo_max_width":0,"ocean_custom_logo_tablet_max_width":0,"ocean_custom_logo_mobile_max_width":0,"ocean_custom_logo_max_height":0,"ocean_custom_logo_tablet_max_height":0,"ocean_custom_logo_mobile_max_height":0,"ocean_header_custom_menu":"","ocean_menu_typo_font_family":"","ocean_menu_typo_font_subset":"","ocean_menu_typo_font_size":0,"ocean_menu_typo_font_size_tablet":0,"ocean_menu_typo_font_size_mobile":0,"ocean_menu_typo_font_size_unit":"px","ocean_menu_typo_font_weight":"","ocean_menu_typo_font_weight_tablet":"","ocean_menu_typo_font_weight_mobile":"","ocean_menu_typo_transform":"","ocean_menu_typo_transform_tablet":"","ocean_menu_typo_transform_mobile":"","ocean_menu_typo_line_height":0,"ocean_menu_typo_line_height_tablet":0,"ocean_menu_typo_line_height_mobile":0,"ocean_menu_typo_line_height_unit":"","ocean_menu_typo_spacing":0,"ocean_menu_typo_spacing_tablet":0,"ocean_menu_typo_spacing_mobile":0,"ocean_menu_typo_spacing_unit":"","ocean_menu_link_color":"","ocean_menu_link_color_hover":"","ocean_menu_link_color_active":"","ocean_menu_link_background":"","ocean_menu_link_hover_background":"","ocean_menu_link_active_background":"","ocean_menu_social_links_bg":"","ocean_menu_social_hover_links_bg":"","ocean_menu_social_links_color":"","ocean_menu_social_hover_links_color":"","ocean_disable_title":"default","ocean_disable_heading":"default","ocean_post_title":"","ocean_post_subheading":"","ocean_post_title_style":"","ocean_post_title_background_color":"","ocean_post_title_background":0,"ocean_post_title_bg_image_position":"","ocean_post_title_bg_image_attachment":"","ocean_post_title_bg_image_repeat":"","ocean_post_title_bg_image_size":"","ocean_post_title_height":0,"ocean_post_title_bg_overlay":0.5,"ocean_post_title_bg_overlay_color":"","ocean_disable_breadcrumbs":"default","ocean_breadcrumbs_color":"","ocean_breadcrumbs_separator_color":"","ocean_breadcrumbs_links_color":"","ocean_breadcrumbs_links_hover_color":"","ocean_display_footer_widgets":"default","ocean_display_footer_bottom":"default","ocean_custom_footer_template":"","footnotes":""},"wf_page_folders":[29],"class_list":["post-1747","page","type-page","status-publish","hentry","entry"],"yoast_head":"<!-- This site is optimized with the Yoast SEO plugin v24.3 - https:\/\/yoast.com\/wordpress\/plugins\/seo\/ -->\r\n<title>Assurez-vous de recevoir nos messages \u00e9lectroniques\u00a0! - Consortium for North American Higher Education Collaboration<\/title>\r\n<meta name=\"robots\" content=\"index, follow, max-snippet:-1, max-image-preview:large, max-video-preview:-1\" \/>\r\n<link rel=\"canonical\" href=\"https:\/\/www.conahec.org\/index.php\/fr\/assurez-vous-de-recevoir-nos-messages-electroniques\/\" \/>\r\n<meta property=\"og:locale\" content=\"en_US\" \/>\r\n<meta property=\"og:type\" content=\"article\" \/>\r\n<meta property=\"og:title\" content=\"Assurez-vous de recevoir nos messages \u00e9lectroniques\u00a0! - Consortium for North American Higher Education Collaboration\" \/>\r\n<meta property=\"og:description\" content=\"Ceux qui souhaitent recevoir des informations des sites Web de CONAHEC, y compris conahec.org, conahecstudentexchange.org, elnet.org, doivent ajouter conahec@gmail.com et mail@conahec.org ainsi que le domaine mailchimpapp.com \u00e0 la liste des exp\u00e9diteurs autoris\u00e9s de leur client de messagerie : Logiciel de messagerie Ajoutez conahec@gmail.com et mail@conahec.org \u00e0 votre liste d&#8217;exp\u00e9diteurs autoris\u00e9s R\u00e9cup\u00e9rer \u00e0 partir du dossier [&hellip;]\" \/>\r\n<meta property=\"og:url\" content=\"https:\/\/www.conahec.org\/index.php\/fr\/assurez-vous-de-recevoir-nos-messages-electroniques\/\" \/>\r\n<meta property=\"og:site_name\" content=\"Consortium for North American Higher Education Collaboration\" \/>\r\n<meta property=\"article:publisher\" content=\"https:\/\/www.facebook.com\/CONAHEC1\/\" \/>\r\n<meta property=\"article:modified_time\" content=\"2024-05-24T04:45:55+00:00\" \/>\r\n<meta name=\"twitter:card\" content=\"summary_large_image\" \/>\r\n<meta name=\"twitter:site\" content=\"@conahec\" \/>\r\n<meta name=\"twitter:label1\" content=\"Est. reading time\" \/>\n\t<meta name=\"twitter:data1\" content=\"1 minute\" \/>\r\n<script type=\"application\/ld+json\" class=\"yoast-schema-graph\">{\"@context\":\"https:\/\/schema.org\",\"@graph\":[{\"@type\":\"WebPage\",\"@id\":\"https:\/\/www.conahec.org\/index.php\/fr\/assurez-vous-de-recevoir-nos-messages-electroniques\/\",\"url\":\"https:\/\/www.conahec.org\/index.php\/fr\/assurez-vous-de-recevoir-nos-messages-electroniques\/\",\"name\":\"Assurez-vous de recevoir nos messages \u00e9lectroniques\u00a0! - Consortium for North American Higher Education Collaboration\",\"isPartOf\":{\"@id\":\"https:\/\/www.conahec.org\/#website\"},\"datePublished\":\"2024-05-15T16:21:56+00:00\",\"dateModified\":\"2024-05-24T04:45:55+00:00\",\"breadcrumb\":{\"@id\":\"https:\/\/www.conahec.org\/index.php\/fr\/assurez-vous-de-recevoir-nos-messages-electroniques\/#breadcrumb\"},\"inLanguage\":\"en-US\",\"potentialAction\":[{\"@type\":\"ReadAction\",\"target\":[\"https:\/\/www.conahec.org\/index.php\/fr\/assurez-vous-de-recevoir-nos-messages-electroniques\/\"]}]},{\"@type\":\"BreadcrumbList\",\"@id\":\"https:\/\/www.conahec.org\/index.php\/fr\/assurez-vous-de-recevoir-nos-messages-electroniques\/#breadcrumb\",\"itemListElement\":[{\"@type\":\"ListItem\",\"position\":1,\"name\":\"Home\",\"item\":\"https:\/\/www.conahec.org\/\"},{\"@type\":\"ListItem\",\"position\":2,\"name\":\"Assurez-vous de recevoir nos messages \u00e9lectroniques\u00a0!\"}]},{\"@type\":\"WebSite\",\"@id\":\"https:\/\/www.conahec.org\/#website\",\"url\":\"https:\/\/www.conahec.org\/\",\"name\":\"conahec.org\",\"description\":\"Facilitating Higher Education Collaboration in North America and Beyond\",\"publisher\":{\"@id\":\"https:\/\/www.conahec.org\/#organization\"},\"potentialAction\":[{\"@type\":\"SearchAction\",\"target\":{\"@type\":\"EntryPoint\",\"urlTemplate\":\"https:\/\/www.conahec.org\/?s={search_term_string}\"},\"query-input\":{\"@type\":\"PropertyValueSpecification\",\"valueRequired\":true,\"valueName\":\"search_term_string\"}}],\"inLanguage\":\"en-US\"},{\"@type\":\"Organization\",\"@id\":\"https:\/\/www.conahec.org\/#organization\",\"name\":\"Consortium for North American Higher Education Collaboration (CONAHEC)\",\"url\":\"https:\/\/www.conahec.org\/\",\"logo\":{\"@type\":\"ImageObject\",\"inLanguage\":\"en-US\",\"@id\":\"https:\/\/www.conahec.org\/#\/schema\/logo\/image\/\",\"url\":\"https:\/\/www.conahec.org\/wp-content\/uploads\/2024\/05\/CONAHECFavicon.jpg\",\"contentUrl\":\"https:\/\/www.conahec.org\/wp-content\/uploads\/2024\/05\/CONAHECFavicon.jpg\",\"width\":512,\"height\":512,\"caption\":\"Consortium for North American Higher Education Collaboration (CONAHEC)\"},\"image\":{\"@id\":\"https:\/\/www.conahec.org\/#\/schema\/logo\/image\/\"},\"sameAs\":[\"https:\/\/www.facebook.com\/CONAHEC1\/\",\"https:\/\/x.com\/conahec\"]}]}<\/script>\r\n<!-- \/ Yoast SEO plugin. -->","yoast_head_json":{"title":"Assurez-vous de recevoir nos messages \u00e9lectroniques\u00a0! - Consortium for North American Higher Education Collaboration","robots":{"index":"index","follow":"follow","max-snippet":"max-snippet:-1","max-image-preview":"max-image-preview:large","max-video-preview":"max-video-preview:-1"},"canonical":"https:\/\/www.conahec.org\/index.php\/fr\/assurez-vous-de-recevoir-nos-messages-electroniques\/","og_locale":"en_US","og_type":"article","og_title":"Assurez-vous de recevoir nos messages \u00e9lectroniques\u00a0! - Consortium for North American Higher Education Collaboration","og_description":"Ceux qui souhaitent recevoir des informations des sites Web de CONAHEC, y compris conahec.org, conahecstudentexchange.org, elnet.org, doivent ajouter conahec@gmail.com et mail@conahec.org ainsi que le domaine mailchimpapp.com \u00e0 la liste des exp\u00e9diteurs autoris\u00e9s de leur client de messagerie : Logiciel de messagerie Ajoutez conahec@gmail.com et mail@conahec.org \u00e0 votre liste d&#8217;exp\u00e9diteurs autoris\u00e9s R\u00e9cup\u00e9rer \u00e0 partir du dossier [&hellip;]","og_url":"https:\/\/www.conahec.org\/index.php\/fr\/assurez-vous-de-recevoir-nos-messages-electroniques\/","og_site_name":"Consortium for North American Higher Education Collaboration","article_publisher":"https:\/\/www.facebook.com\/CONAHEC1\/","article_modified_time":"2024-05-24T04:45:55+00:00","twitter_card":"summary_large_image","twitter_site":"@conahec","twitter_misc":{"Est. reading time":"1 minute"},"schema":{"@context":"https:\/\/schema.org","@graph":[{"@type":"WebPage","@id":"https:\/\/www.conahec.org\/index.php\/fr\/assurez-vous-de-recevoir-nos-messages-electroniques\/","url":"https:\/\/www.conahec.org\/index.php\/fr\/assurez-vous-de-recevoir-nos-messages-electroniques\/","name":"Assurez-vous de recevoir nos messages \u00e9lectroniques\u00a0! - Consortium for North American Higher Education Collaboration","isPartOf":{"@id":"https:\/\/www.conahec.org\/#website"},"datePublished":"2024-05-15T16:21:56+00:00","dateModified":"2024-05-24T04:45:55+00:00","breadcrumb":{"@id":"https:\/\/www.conahec.org\/index.php\/fr\/assurez-vous-de-recevoir-nos-messages-electroniques\/#breadcrumb"},"inLanguage":"en-US","potentialAction":[{"@type":"ReadAction","target":["https:\/\/www.conahec.org\/index.php\/fr\/assurez-vous-de-recevoir-nos-messages-electroniques\/"]}]},{"@type":"BreadcrumbList","@id":"https:\/\/www.conahec.org\/index.php\/fr\/assurez-vous-de-recevoir-nos-messages-electroniques\/#breadcrumb","itemListElement":[{"@type":"ListItem","position":1,"name":"Home","item":"https:\/\/www.conahec.org\/"},{"@type":"ListItem","position":2,"name":"Assurez-vous de recevoir nos messages \u00e9lectroniques\u00a0!"}]},{"@type":"WebSite","@id":"https:\/\/www.conahec.org\/#website","url":"https:\/\/www.conahec.org\/","name":"conahec.org","description":"Facilitating Higher Education Collaboration in North America and Beyond","publisher":{"@id":"https:\/\/www.conahec.org\/#organization"},"potentialAction":[{"@type":"SearchAction","target":{"@type":"EntryPoint","urlTemplate":"https:\/\/www.conahec.org\/?s={search_term_string}"},"query-input":{"@type":"PropertyValueSpecification","valueRequired":true,"valueName":"search_term_string"}}],"inLanguage":"en-US"},{"@type":"Organization","@id":"https:\/\/www.conahec.org\/#organization","name":"Consortium for North American Higher Education Collaboration (CONAHEC)","url":"https:\/\/www.conahec.org\/","logo":{"@type":"ImageObject","inLanguage":"en-US","@id":"https:\/\/www.conahec.org\/#\/schema\/logo\/image\/","url":"https:\/\/www.conahec.org\/wp-content\/uploads\/2024\/05\/CONAHECFavicon.jpg","contentUrl":"https:\/\/www.conahec.org\/wp-content\/uploads\/2024\/05\/CONAHECFavicon.jpg","width":512,"height":512,"caption":"Consortium for North American Higher Education Collaboration (CONAHEC)"},"image":{"@id":"https:\/\/www.conahec.org\/#\/schema\/logo\/image\/"},"sameAs":["https:\/\/www.facebook.com\/CONAHEC1\/","https:\/\/x.com\/conahec"]}]}},"_links":{"self":[{"href":"https:\/\/www.conahec.org\/index.php\/wp-json\/wp\/v2\/pages\/1747","targetHints":{"allow":["GET"]}}],"collection":[{"href":"https:\/\/www.conahec.org\/index.php\/wp-json\/wp\/v2\/pages"}],"about":[{"href":"https:\/\/www.conahec.org\/index.php\/wp-json\/wp\/v2\/types\/page"}],"author":[{"embeddable":true,"href":"https:\/\/www.conahec.org\/index.php\/wp-json\/wp\/v2\/users\/4"}],"replies":[{"embeddable":true,"href":"https:\/\/www.conahec.org\/index.php\/wp-json\/wp\/v2\/comments?post=1747"}],"version-history":[{"count":4,"href":"https:\/\/www.conahec.org\/index.php\/wp-json\/wp\/v2\/pages\/1747\/revisions"}],"predecessor-version":[{"id":1751,"href":"https:\/\/www.conahec.org\/index.php\/wp-json\/wp\/v2\/pages\/1747\/revisions\/1751"}],"wp:attachment":[{"href":"https:\/\/www.conahec.org\/index.php\/wp-json\/wp\/v2\/media?parent=1747"}],"wp:term":[{"taxonomy":"wf_page_folders","embeddable":true,"href":"https:\/\/www.conahec.org\/index.php\/wp-json\/wp\/v2\/wf_page_folders?post=1747"}],"curies":[{"name":"wp","href":"https:\/\/api.w.org\/{rel}","templated":true}]}}