{"id":1777,"date":"2024-04-10T09:06:30","date_gmt":"2024-04-10T09:06:30","guid":{"rendered":"https:\/\/www.conahec.org\/?page_id=1777"},"modified":"2024-05-24T04:46:59","modified_gmt":"2024-05-24T04:46:59","slug":"politica-de-privacidad-y-uso-de-la-informacion","status":"publish","type":"page","link":"https:\/\/www.conahec.org\/index.php\/es\/politica-de-privacidad-y-uso-de-la-informacion\/","title":{"rendered":"Pol\u00edtica de privacidad y uso de la informaci\u00f3n"},"content":{"rendered":"\t\t<div data-elementor-type=\"wp-page\" data-elementor-id=\"1777\" class=\"elementor elementor-1777\" data-elementor-post-type=\"page\">\n\t\t\t\t<div class=\"elementor-element elementor-element-1c93d997 e-flex e-con-boxed e-con e-parent\" data-id=\"1c93d997\" data-element_type=\"container\">\n\t\t\t\t\t<div class=\"e-con-inner\">\n\t\t\t\t<div class=\"elementor-element elementor-element-1eef774e elementor-widget elementor-widget-text-editor\" data-id=\"1eef774e\" data-element_type=\"widget\" data-widget_type=\"text-editor.default\">\n\t\t\t\t<div class=\"elementor-widget-container\">\n\t\t\t<style>\/*! elementor - v3.23.0 - 05-08-2024 *\/\n.elementor-widget-text-editor.elementor-drop-cap-view-stacked .elementor-drop-cap{background-color:#69727d;color:#fff}.elementor-widget-text-editor.elementor-drop-cap-view-framed .elementor-drop-cap{color:#69727d;border:3px solid;background-color:transparent}.elementor-widget-text-editor:not(.elementor-drop-cap-view-default) .elementor-drop-cap{margin-top:8px}.elementor-widget-text-editor:not(.elementor-drop-cap-view-default) .elementor-drop-cap-letter{width:1em;height:1em}.elementor-widget-text-editor .elementor-drop-cap{float:left;text-align:center;line-height:1;font-size:50px}.elementor-widget-text-editor .elementor-drop-cap-letter{display:inline-block}<\/style>\t\t\t\t<!-- wp:heading -->\n<h2 class=\"wp-block-heading\">Qui\u00e9nes somos<\/h2>\n<!-- \/wp:heading -->\n<!-- wp:paragraph -->\nNuestras direcciones web incluyen: www.conahec.org, www.conahec.com, www.conahecstudentexchange.org, www.elnet.org y www.languagesmarketplace.com.\n\n<!-- \/wp:paragraph -->\n<!-- wp:heading -->\n<h2 class=\"wp-block-heading\">Comentarios<\/h2>\n<!-- \/wp:heading -->\n<!-- wp:paragraph -->\nCuando los visitantes dejan comentarios en nuestros sitios, recopilamos los datos que se muestran en el formulario de comentarios, as\u00ed como la direcci\u00f3n IP del visitante y la cadena de agentes de usuario del navegador para ayudar a detectar spam.\n\n<!-- \/wp:paragraph -->\n<!-- wp:paragraph -->\nUna cadena anonimizada creada a partir de su direcci\u00f3n de correo electr\u00f3nico (tambi\u00e9n llamada hash) puede ser proporcionada al servicio Gravatar para ver si lo est\u00e1 utilizando. La pol\u00edtica de privacidad del servicio Gravatar est\u00e1 disponible aqu\u00ed: <a href=\"https:\/\/automattic.com\/privacy\/\">https:\/\/automattic.com\/privacy\/<\/a>. Despu\u00e9s de la aprobaci\u00f3n de su comentario, su foto de perfil es visible para el p\u00fablico en el contexto de su comentario. CONAHEC se reserva el derecho de eliminar cualquier contenido de nuestros sitios por cualquier motivo en cualquier momento, independientemente de qui\u00e9n lo haya enviado y con qu\u00e9 prop\u00f3sito. Si ve contenido en este sitio que deber\u00eda ser revisado por CONAHEC, env\u00ede un correo electr\u00f3nico a <a href=\"mailto:membership@conahec.org\">membership@conahec.org<\/a> con una copia a <a href=\"mailto:conahec@gmail.com\">conahec@gmail.com<\/a>. Aseg\u00farese de especificar la direcci\u00f3n web (URL) en la que encontr\u00f3 el contenido en cuesti\u00f3n.\n\n<!-- \/wp:paragraph -->\n<!-- wp:heading -->\n<h2 class=\"wp-block-heading\">Medios<\/h2>\n<!-- \/wp:heading -->\n<!-- wp:paragraph -->\nSi carga im\u00e1genes en cualquiera de nuestros sitios web, tenga en cuenta que pueden contener datos de ubicaci\u00f3n incrustados (EXIF GPS). Los visitantes del sitio web pueden descargar y extraer cualquier dato de ubicaci\u00f3n de las im\u00e1genes en el sitio web. CONAHEC no es responsable de la circulaci\u00f3n o el mal uso de cualquier dato que surja del uso de este sitio web; solo env\u00ede informaci\u00f3n con la que se sienta c\u00f3modo compartiendo p\u00fablicamente y de manera permanente con todos, incluso dentro de la parte del sitio que requiere autenticaci\u00f3n. Informe cualquier mal uso de la informaci\u00f3n o inquietudes relacionadas con la informaci\u00f3n en este sitio lo antes posible a <a href=\"mailto:membership@conahec.org\">membership@conahec.org<\/a> con copia a <a href=\"mailto:conahec@gmail.com\">conahec@gmail.com<\/a>. Sea lo m\u00e1s espec\u00edfico posible, especialmente sobre d\u00f3nde podemos localizar la informaci\u00f3n en cuesti\u00f3n.\n\n<!-- \/wp:paragraph -->\n<!-- wp:heading -->\n<h2 class=\"wp-block-heading\">Cookies<\/h2>\n<!-- \/wp:heading -->\n<!-- wp:paragraph -->\nSi deja un comentario en nuestro sitio, puede optar por guardar su nombre, direcci\u00f3n de correo electr\u00f3nico y sitio web en cookies. Estas son para su comodidad, de modo que no tenga que completar sus datos nuevamente cuando deje otro comentario. Estas cookies durar\u00e1n un a\u00f1o.\n\n<!-- \/wp:paragraph -->\n<!-- wp:paragraph -->\nSi visita nuestra p\u00e1gina de inicio de sesi\u00f3n, configuraremos una cookie temporal para determinar si su navegador acepta cookies. Esta cookie no contiene datos personales y se descarta cuando cierra su navegador.\n\n<!-- \/wp:paragraph -->\n<!-- wp:paragraph -->\nCuando inicia sesi\u00f3n, tambi\u00e9n configuraremos varias cookies para guardar su informaci\u00f3n de inicio de sesi\u00f3n y sus opciones de visualizaci\u00f3n de pantalla. Las cookies de inicio de sesi\u00f3n duran dos d\u00edas y las cookies de opciones de pantalla duran un a\u00f1o. Si selecciona &#8220;Recordarme&#8221;, su inicio de sesi\u00f3n persistir\u00e1 durante dos semanas. Si cierra sesi\u00f3n en su cuenta, se eliminar\u00e1n las cookies de inicio de sesi\u00f3n.\n\n<!-- \/wp:paragraph -->\n<!-- wp:paragraph -->\nSi edita o publica un art\u00edculo, se guardar\u00e1 una cookie adicional en su navegador. Esta cookie no incluye datos personales y simplemente indica el ID de la publicaci\u00f3n del art\u00edculo que acaba de editar. Expira despu\u00e9s de 1 d\u00eda.\n\n<!-- \/wp:paragraph -->\n<!-- wp:paragraph -->\nPuede borrar las cookies a su conveniencia desde su navegador siguiendo las instrucciones espec\u00edficas del navegador que utiliza y que se pueden encontrar f\u00e1cilmente en la web.\n\n<!-- \/wp:paragraph -->\n<!-- wp:heading -->\n<h2 class=\"wp-block-heading\">Contenido incrustado de otros sitios web<\/h2>\n<!-- \/wp:heading -->\n<!-- wp:paragraph -->\nLos art\u00edculos en este sitio pueden incluir contenido incrustado (por ejemplo, videos, im\u00e1genes, art\u00edculos, etc.). El contenido incrustado de otros sitios web se comporta de la misma manera que si el visitante hubiera visitado el otro sitio web. CONAHEC no puede influir en c\u00f3mo se comportan esos sitios en relaci\u00f3n con la recopilaci\u00f3n y el uso de su informaci\u00f3n.\n\n<!-- \/wp:paragraph -->\n<!-- wp:paragraph -->\nEstos sitios web pueden recopilar datos sobre usted, usar cookies, incrustar un seguimiento adicional de terceros y monitorear su interacci\u00f3n con ese contenido incrustado, incluido el seguimiento de su interacci\u00f3n con el contenido incrustado si tiene una cuenta y ha iniciado sesi\u00f3n en ese sitio web.\n\n<!-- \/wp:paragraph -->\n<!-- wp:heading -->\n<h2 class=\"wp-block-heading\">Con qui\u00e9n compartimos sus datos<\/h2>\n<!-- \/wp:heading -->\n<!-- wp:paragraph -->\nSi solicita un restablecimiento de contrase\u00f1a, su direcci\u00f3n IP se incluir\u00e1 en el correo electr\u00f3nico de restablecimiento. Tenga en cuenta que cualquier informaci\u00f3n que env\u00ede a este sitio puede ser vista, copiada y retenida por terceros. Aunque CONAHEC intentar\u00e1 proteger su informaci\u00f3n personal utilizando SSL y pr\u00e1cticas cuidadosas de transmisi\u00f3n, almacenamiento, recuperaci\u00f3n y mantenimiento de datos, no compartirla intencionalmente sin su permiso y usarla solo para fines \u00e9ticos, el acceso a la informaci\u00f3n en Internet, incluidas las secciones p\u00fablicas y requeridas para la autenticaci\u00f3n de este sitio web, por parte de hackers sofisticados est\u00e1 m\u00e1s all\u00e1 de la capacidad de CONAHEC para prevenir y controlar. Solo comparta informaci\u00f3n que est\u00e9 dispuesto a hacer p\u00fablica. Informe cualquier mal uso de la informaci\u00f3n a <a href=\"mailto:membership@conahec.org\">membership@conahec.org<\/a> con una copia a <a href=\"mailto:conahec@gmail.com\">conahec@gmail.com<\/a>.\n\n<!-- \/wp:paragraph -->\n<!-- wp:heading -->\n<h2 class=\"wp-block-heading\">Cu\u00e1nto tiempo retenemos sus datos<\/h2>\n<!-- \/wp:heading -->\n<!-- wp:paragraph -->\nSi deja un comentario, el comentario y sus metadatos se conservan indefinidamente. Esto es para que podamos reconocer y aprobar autom\u00e1ticamente cualquier comentario de seguimiento en lugar de mantenerlos en una cola de moderaci\u00f3n. Esto tambi\u00e9n es para que podamos implementar nuestras reglas de moderaci\u00f3n de contenido. Todas las decisiones tomadas por el personal de CONAHEC sobre el contenido en este sitio que est\u00e1 bajo nuestro control son unilaterales y completamente a discreci\u00f3n de CONAHEC. Tenga en cuenta que se espera que todas las presentaciones de contenido, incluidos los comentarios, sean educadas, civilizadas y que toda cr\u00edtica sea constructiva. No toleraremos impropiedades, insultos o contenido que exceda nuestros est\u00e1ndares de decencia. Nuevamente, estos est\u00e1ndares son completamente decididos y aplicados por el personal de CONAHEC y no est\u00e1n sujetos a debate. Solo env\u00ede informaci\u00f3n y contenido con los que se sienta c\u00f3modo al convertirse en parte del registro p\u00fablico permanente y recuerde que ejerceremos nuestra exclusiva discreci\u00f3n con respecto a si ser\u00e1 editado (principalmente por ortograf\u00eda, gram\u00e1tica o brevedad), promovido para visibilidad en \u00e1reas adicionales del sitio o eliminado parcial o completamente. El personal de CONAHEC puede no ver toda la informaci\u00f3n enviada a nuestros sitios antes de que sea visible p\u00fablicamente. Nos disculpamos de antemano si alg\u00fan contenido ofensivo o cuestionable pasa por nuestros sistemas de filtraci\u00f3n. Si nota contenido en este sitio que debe ser revisado por los moderadores de contenido, inf\u00f3rmelo a <a href=\"mailto:membership@conahec.org\">membership@conahec.org<\/a> con una copia a <a href=\"mailto:conahec@gmail.com\">conahec@gmail.com<\/a>.\n\n<!-- \/wp:paragraph -->\n<!-- wp:paragraph -->\nPara los usuarios que se registren en nuestro sitio web (si los hay), tambi\u00e9n almacenamos la informaci\u00f3n personal que proporcionan en su perfil de usuario. Todos los usuarios pueden ver, editar o eliminar su informaci\u00f3n personal en cualquier momento (excepto que no pueden cambiar su nombre de usuario). Los administradores del sitio web pueden ver toda la informaci\u00f3n en este sitio y editar, cambiar, eliminar la mayor\u00eda de ella.\n\n<!-- \/wp:paragraph -->\n<!-- wp:heading -->\n<h2 class=\"wp-block-heading\">Qu\u00e9 derechos tiene sobre sus datos<\/h2>\n<!-- \/wp:heading -->\n<!-- wp:paragraph -->\nSi tiene una cuenta en este sitio, o ha dejado comentarios, puede solicitar recibir un archivo exportado de los datos personales que tenemos sobre usted, incluidos los datos que nos haya proporcionado. Tambi\u00e9n puede solicitar que borremos cualquier dato personal que tengamos sobre usted. Esto no incluye ning\u00fan dato que estemos obligados a conservar para fines administrativos, legales o de seguridad. Si consideramos que el contenido que ha enviado es inapropiado, conservaremos indefinidamente la informaci\u00f3n utilizada para identificar su cuenta para revisar y, potencialmente, restringir o prohibir futuras presentaciones de su parte.\n\n<!-- \/wp:paragraph -->\n<!-- wp:heading -->\n<h2 class=\"wp-block-heading\">D\u00f3nde se env\u00edan sus datos<\/h2>\n<!-- \/wp:heading -->\n<!-- wp:paragraph -->\nLos comentarios de los visitantes pueden ser revisados a trav\u00e9s de un servicio automatizado de detecci\u00f3n de spam o moderaci\u00f3n de contenido. Este servicio automatizado puede impedir que el contenido aparezca en nuestro sitio web. Esto ocurrir\u00e1 si el contenido contiene ciertas palabras clave, especialmente obscenidades. Esto tambi\u00e9n est\u00e1 m\u00e1s all\u00e1 del control directo de CONAHEC, pero es bastante intencional.\n\n<!-- \/wp:paragraph -->\t\t\t\t\t\t<\/div>\n\t\t\t\t<\/div>\n\t\t\t\t\t<\/div>\n\t\t\t\t<\/div>\n\t\t\t\t<\/div>\n\t\t","protected":false},"excerpt":{"rendered":"<p>Qui\u00e9nes somos Nuestras direcciones web incluyen: www.conahec.org, www.conahec.com, www.conahecstudentexchange.org, www.elnet.org y www.languagesmarketplace.com. Comentarios Cuando los visitantes dejan comentarios en nuestros sitios, recopilamos los datos que se muestran en el formulario de comentarios, as\u00ed como la direcci\u00f3n IP del visitante y la cadena de agentes de usuario del navegador para ayudar a detectar spam. Una cadena [&hellip;]<\/p>\n","protected":false},"author":4,"featured_media":0,"parent":0,"menu_order":0,"comment_status":"closed","ping_status":"closed","template":"elementor_header_footer","meta":{"ocean_post_layout":"","ocean_both_sidebars_style":"","ocean_both_sidebars_content_width":0,"ocean_both_sidebars_sidebars_width":0,"ocean_sidebar":"","ocean_second_sidebar":"","ocean_disable_margins":"enable","ocean_add_body_class":"","ocean_shortcode_before_top_bar":"","ocean_shortcode_after_top_bar":"","ocean_shortcode_before_header":"","ocean_shortcode_after_header":"","ocean_has_shortcode":"","ocean_shortcode_after_title":"","ocean_shortcode_before_footer_widgets":"","ocean_shortcode_after_footer_widgets":"","ocean_shortcode_before_footer_bottom":"","ocean_shortcode_after_footer_bottom":"","ocean_display_top_bar":"default","ocean_display_header":"default","ocean_header_style":"","ocean_center_header_left_menu":"","ocean_custom_header_template":"","ocean_custom_logo":0,"ocean_custom_retina_logo":0,"ocean_custom_logo_max_width":0,"ocean_custom_logo_tablet_max_width":0,"ocean_custom_logo_mobile_max_width":0,"ocean_custom_logo_max_height":0,"ocean_custom_logo_tablet_max_height":0,"ocean_custom_logo_mobile_max_height":0,"ocean_header_custom_menu":"","ocean_menu_typo_font_family":"","ocean_menu_typo_font_subset":"","ocean_menu_typo_font_size":0,"ocean_menu_typo_font_size_tablet":0,"ocean_menu_typo_font_size_mobile":0,"ocean_menu_typo_font_size_unit":"px","ocean_menu_typo_font_weight":"","ocean_menu_typo_font_weight_tablet":"","ocean_menu_typo_font_weight_mobile":"","ocean_menu_typo_transform":"","ocean_menu_typo_transform_tablet":"","ocean_menu_typo_transform_mobile":"","ocean_menu_typo_line_height":0,"ocean_menu_typo_line_height_tablet":0,"ocean_menu_typo_line_height_mobile":0,"ocean_menu_typo_line_height_unit":"","ocean_menu_typo_spacing":0,"ocean_menu_typo_spacing_tablet":0,"ocean_menu_typo_spacing_mobile":0,"ocean_menu_typo_spacing_unit":"","ocean_menu_link_color":"","ocean_menu_link_color_hover":"","ocean_menu_link_color_active":"","ocean_menu_link_background":"","ocean_menu_link_hover_background":"","ocean_menu_link_active_background":"","ocean_menu_social_links_bg":"","ocean_menu_social_hover_links_bg":"","ocean_menu_social_links_color":"","ocean_menu_social_hover_links_color":"","ocean_disable_title":"default","ocean_disable_heading":"default","ocean_post_title":"","ocean_post_subheading":"","ocean_post_title_style":"","ocean_post_title_background_color":"","ocean_post_title_background":0,"ocean_post_title_bg_image_position":"","ocean_post_title_bg_image_attachment":"","ocean_post_title_bg_image_repeat":"","ocean_post_title_bg_image_size":"","ocean_post_title_height":0,"ocean_post_title_bg_overlay":0.5,"ocean_post_title_bg_overlay_color":"","ocean_disable_breadcrumbs":"default","ocean_breadcrumbs_color":"","ocean_breadcrumbs_separator_color":"","ocean_breadcrumbs_links_color":"","ocean_breadcrumbs_links_hover_color":"","ocean_display_footer_widgets":"default","ocean_display_footer_bottom":"default","ocean_custom_footer_template":"","footnotes":""},"wf_page_folders":[28],"class_list":["post-1777","page","type-page","status-publish","hentry","entry"],"yoast_head":"<!-- This site is optimized with the Yoast SEO plugin v24.3 - https:\/\/yoast.com\/wordpress\/plugins\/seo\/ -->\r\n<title>Pol\u00edtica de privacidad y uso de la informaci\u00f3n - Consortium for North American Higher Education Collaboration<\/title>\r\n<meta name=\"robots\" content=\"index, follow, max-snippet:-1, max-image-preview:large, max-video-preview:-1\" \/>\r\n<link rel=\"canonical\" href=\"https:\/\/www.conahec.org\/index.php\/es\/politica-de-privacidad-y-uso-de-la-informacion\/\" \/>\r\n<meta property=\"og:locale\" content=\"en_US\" \/>\r\n<meta property=\"og:type\" content=\"article\" \/>\r\n<meta property=\"og:title\" content=\"Pol\u00edtica de privacidad y uso de la informaci\u00f3n - Consortium for North American Higher Education Collaboration\" \/>\r\n<meta property=\"og:description\" content=\"Qui\u00e9nes somos Nuestras direcciones web incluyen: www.conahec.org, www.conahec.com, www.conahecstudentexchange.org, www.elnet.org y www.languagesmarketplace.com. Comentarios Cuando los visitantes dejan comentarios en nuestros sitios, recopilamos los datos que se muestran en el formulario de comentarios, as\u00ed como la direcci\u00f3n IP del visitante y la cadena de agentes de usuario del navegador para ayudar a detectar spam. Una cadena [&hellip;]\" \/>\r\n<meta property=\"og:url\" content=\"https:\/\/www.conahec.org\/index.php\/es\/politica-de-privacidad-y-uso-de-la-informacion\/\" \/>\r\n<meta property=\"og:site_name\" content=\"Consortium for North American Higher Education Collaboration\" \/>\r\n<meta property=\"article:publisher\" content=\"https:\/\/www.facebook.com\/CONAHEC1\/\" \/>\r\n<meta property=\"article:modified_time\" content=\"2024-05-24T04:46:59+00:00\" \/>\r\n<meta name=\"twitter:card\" content=\"summary_large_image\" \/>\r\n<meta name=\"twitter:site\" content=\"@conahec\" \/>\r\n<meta name=\"twitter:label1\" content=\"Est. reading time\" \/>\n\t<meta name=\"twitter:data1\" content=\"6 minutes\" \/>\r\n<script type=\"application\/ld+json\" class=\"yoast-schema-graph\">{\"@context\":\"https:\/\/schema.org\",\"@graph\":[{\"@type\":\"WebPage\",\"@id\":\"https:\/\/www.conahec.org\/index.php\/es\/politica-de-privacidad-y-uso-de-la-informacion\/\",\"url\":\"https:\/\/www.conahec.org\/index.php\/es\/politica-de-privacidad-y-uso-de-la-informacion\/\",\"name\":\"Pol\u00edtica de privacidad y uso de la informaci\u00f3n - Consortium for North American Higher Education Collaboration\",\"isPartOf\":{\"@id\":\"https:\/\/www.conahec.org\/#website\"},\"datePublished\":\"2024-04-10T09:06:30+00:00\",\"dateModified\":\"2024-05-24T04:46:59+00:00\",\"breadcrumb\":{\"@id\":\"https:\/\/www.conahec.org\/index.php\/es\/politica-de-privacidad-y-uso-de-la-informacion\/#breadcrumb\"},\"inLanguage\":\"en-US\",\"potentialAction\":[{\"@type\":\"ReadAction\",\"target\":[\"https:\/\/www.conahec.org\/index.php\/es\/politica-de-privacidad-y-uso-de-la-informacion\/\"]}]},{\"@type\":\"BreadcrumbList\",\"@id\":\"https:\/\/www.conahec.org\/index.php\/es\/politica-de-privacidad-y-uso-de-la-informacion\/#breadcrumb\",\"itemListElement\":[{\"@type\":\"ListItem\",\"position\":1,\"name\":\"Home\",\"item\":\"https:\/\/www.conahec.org\/\"},{\"@type\":\"ListItem\",\"position\":2,\"name\":\"Pol\u00edtica de privacidad y uso de la informaci\u00f3n\"}]},{\"@type\":\"WebSite\",\"@id\":\"https:\/\/www.conahec.org\/#website\",\"url\":\"https:\/\/www.conahec.org\/\",\"name\":\"conahec.org\",\"description\":\"Facilitating Higher Education Collaboration in North America and Beyond\",\"publisher\":{\"@id\":\"https:\/\/www.conahec.org\/#organization\"},\"potentialAction\":[{\"@type\":\"SearchAction\",\"target\":{\"@type\":\"EntryPoint\",\"urlTemplate\":\"https:\/\/www.conahec.org\/?s={search_term_string}\"},\"query-input\":{\"@type\":\"PropertyValueSpecification\",\"valueRequired\":true,\"valueName\":\"search_term_string\"}}],\"inLanguage\":\"en-US\"},{\"@type\":\"Organization\",\"@id\":\"https:\/\/www.conahec.org\/#organization\",\"name\":\"Consortium for North American Higher Education Collaboration (CONAHEC)\",\"url\":\"https:\/\/www.conahec.org\/\",\"logo\":{\"@type\":\"ImageObject\",\"inLanguage\":\"en-US\",\"@id\":\"https:\/\/www.conahec.org\/#\/schema\/logo\/image\/\",\"url\":\"https:\/\/www.conahec.org\/wp-content\/uploads\/2024\/05\/CONAHECFavicon.jpg\",\"contentUrl\":\"https:\/\/www.conahec.org\/wp-content\/uploads\/2024\/05\/CONAHECFavicon.jpg\",\"width\":512,\"height\":512,\"caption\":\"Consortium for North American Higher Education Collaboration (CONAHEC)\"},\"image\":{\"@id\":\"https:\/\/www.conahec.org\/#\/schema\/logo\/image\/\"},\"sameAs\":[\"https:\/\/www.facebook.com\/CONAHEC1\/\",\"https:\/\/x.com\/conahec\"]}]}<\/script>\r\n<!-- \/ Yoast SEO plugin. -->","yoast_head_json":{"title":"Pol\u00edtica de privacidad y uso de la informaci\u00f3n - Consortium for North American Higher Education Collaboration","robots":{"index":"index","follow":"follow","max-snippet":"max-snippet:-1","max-image-preview":"max-image-preview:large","max-video-preview":"max-video-preview:-1"},"canonical":"https:\/\/www.conahec.org\/index.php\/es\/politica-de-privacidad-y-uso-de-la-informacion\/","og_locale":"en_US","og_type":"article","og_title":"Pol\u00edtica de privacidad y uso de la informaci\u00f3n - Consortium for North American Higher Education Collaboration","og_description":"Qui\u00e9nes somos Nuestras direcciones web incluyen: www.conahec.org, www.conahec.com, www.conahecstudentexchange.org, www.elnet.org y www.languagesmarketplace.com. Comentarios Cuando los visitantes dejan comentarios en nuestros sitios, recopilamos los datos que se muestran en el formulario de comentarios, as\u00ed como la direcci\u00f3n IP del visitante y la cadena de agentes de usuario del navegador para ayudar a detectar spam. Una cadena [&hellip;]","og_url":"https:\/\/www.conahec.org\/index.php\/es\/politica-de-privacidad-y-uso-de-la-informacion\/","og_site_name":"Consortium for North American Higher Education Collaboration","article_publisher":"https:\/\/www.facebook.com\/CONAHEC1\/","article_modified_time":"2024-05-24T04:46:59+00:00","twitter_card":"summary_large_image","twitter_site":"@conahec","twitter_misc":{"Est. reading time":"6 minutes"},"schema":{"@context":"https:\/\/schema.org","@graph":[{"@type":"WebPage","@id":"https:\/\/www.conahec.org\/index.php\/es\/politica-de-privacidad-y-uso-de-la-informacion\/","url":"https:\/\/www.conahec.org\/index.php\/es\/politica-de-privacidad-y-uso-de-la-informacion\/","name":"Pol\u00edtica de privacidad y uso de la informaci\u00f3n - Consortium for North American Higher Education Collaboration","isPartOf":{"@id":"https:\/\/www.conahec.org\/#website"},"datePublished":"2024-04-10T09:06:30+00:00","dateModified":"2024-05-24T04:46:59+00:00","breadcrumb":{"@id":"https:\/\/www.conahec.org\/index.php\/es\/politica-de-privacidad-y-uso-de-la-informacion\/#breadcrumb"},"inLanguage":"en-US","potentialAction":[{"@type":"ReadAction","target":["https:\/\/www.conahec.org\/index.php\/es\/politica-de-privacidad-y-uso-de-la-informacion\/"]}]},{"@type":"BreadcrumbList","@id":"https:\/\/www.conahec.org\/index.php\/es\/politica-de-privacidad-y-uso-de-la-informacion\/#breadcrumb","itemListElement":[{"@type":"ListItem","position":1,"name":"Home","item":"https:\/\/www.conahec.org\/"},{"@type":"ListItem","position":2,"name":"Pol\u00edtica de privacidad y uso de la informaci\u00f3n"}]},{"@type":"WebSite","@id":"https:\/\/www.conahec.org\/#website","url":"https:\/\/www.conahec.org\/","name":"conahec.org","description":"Facilitating Higher Education Collaboration in North America and Beyond","publisher":{"@id":"https:\/\/www.conahec.org\/#organization"},"potentialAction":[{"@type":"SearchAction","target":{"@type":"EntryPoint","urlTemplate":"https:\/\/www.conahec.org\/?s={search_term_string}"},"query-input":{"@type":"PropertyValueSpecification","valueRequired":true,"valueName":"search_term_string"}}],"inLanguage":"en-US"},{"@type":"Organization","@id":"https:\/\/www.conahec.org\/#organization","name":"Consortium for North American Higher Education Collaboration (CONAHEC)","url":"https:\/\/www.conahec.org\/","logo":{"@type":"ImageObject","inLanguage":"en-US","@id":"https:\/\/www.conahec.org\/#\/schema\/logo\/image\/","url":"https:\/\/www.conahec.org\/wp-content\/uploads\/2024\/05\/CONAHECFavicon.jpg","contentUrl":"https:\/\/www.conahec.org\/wp-content\/uploads\/2024\/05\/CONAHECFavicon.jpg","width":512,"height":512,"caption":"Consortium for North American Higher Education Collaboration (CONAHEC)"},"image":{"@id":"https:\/\/www.conahec.org\/#\/schema\/logo\/image\/"},"sameAs":["https:\/\/www.facebook.com\/CONAHEC1\/","https:\/\/x.com\/conahec"]}]}},"_links":{"self":[{"href":"https:\/\/www.conahec.org\/index.php\/wp-json\/wp\/v2\/pages\/1777","targetHints":{"allow":["GET"]}}],"collection":[{"href":"https:\/\/www.conahec.org\/index.php\/wp-json\/wp\/v2\/pages"}],"about":[{"href":"https:\/\/www.conahec.org\/index.php\/wp-json\/wp\/v2\/types\/page"}],"author":[{"embeddable":true,"href":"https:\/\/www.conahec.org\/index.php\/wp-json\/wp\/v2\/users\/4"}],"replies":[{"embeddable":true,"href":"https:\/\/www.conahec.org\/index.php\/wp-json\/wp\/v2\/comments?post=1777"}],"version-history":[{"count":4,"href":"https:\/\/www.conahec.org\/index.php\/wp-json\/wp\/v2\/pages\/1777\/revisions"}],"predecessor-version":[{"id":1782,"href":"https:\/\/www.conahec.org\/index.php\/wp-json\/wp\/v2\/pages\/1777\/revisions\/1782"}],"wp:attachment":[{"href":"https:\/\/www.conahec.org\/index.php\/wp-json\/wp\/v2\/media?parent=1777"}],"wp:term":[{"taxonomy":"wf_page_folders","embeddable":true,"href":"https:\/\/www.conahec.org\/index.php\/wp-json\/wp\/v2\/wf_page_folders?post=1777"}],"curies":[{"name":"wp","href":"https:\/\/api.w.org\/{rel}","templated":true}]}}