{"id":1783,"date":"2024-04-10T09:06:30","date_gmt":"2024-04-10T09:06:30","guid":{"rendered":"https:\/\/www.conahec.org\/?page_id=1783"},"modified":"2024-05-24T04:47:21","modified_gmt":"2024-05-24T04:47:21","slug":"politique-de-confidentialite-et-dutilisation-des-informations","status":"publish","type":"page","link":"https:\/\/www.conahec.org\/index.php\/fr\/politique-de-confidentialite-et-dutilisation-des-informations\/","title":{"rendered":"Politique de confidentialit\u00e9 et d&#8217;utilisation des informations"},"content":{"rendered":"\t\t<div data-elementor-type=\"wp-page\" data-elementor-id=\"1783\" class=\"elementor elementor-1783\" data-elementor-post-type=\"page\">\n\t\t\t\t<div class=\"elementor-element elementor-element-1c93d997 e-flex e-con-boxed e-con e-parent\" data-id=\"1c93d997\" data-element_type=\"container\">\n\t\t\t\t\t<div class=\"e-con-inner\">\n\t\t\t\t<div class=\"elementor-element elementor-element-1eef774e elementor-widget elementor-widget-text-editor\" data-id=\"1eef774e\" data-element_type=\"widget\" data-widget_type=\"text-editor.default\">\n\t\t\t\t<div class=\"elementor-widget-container\">\n\t\t\t<style>\/*! elementor - v3.23.0 - 05-08-2024 *\/\n.elementor-widget-text-editor.elementor-drop-cap-view-stacked .elementor-drop-cap{background-color:#69727d;color:#fff}.elementor-widget-text-editor.elementor-drop-cap-view-framed .elementor-drop-cap{color:#69727d;border:3px solid;background-color:transparent}.elementor-widget-text-editor:not(.elementor-drop-cap-view-default) .elementor-drop-cap{margin-top:8px}.elementor-widget-text-editor:not(.elementor-drop-cap-view-default) .elementor-drop-cap-letter{width:1em;height:1em}.elementor-widget-text-editor .elementor-drop-cap{float:left;text-align:center;line-height:1;font-size:50px}.elementor-widget-text-editor .elementor-drop-cap-letter{display:inline-block}<\/style>\t\t\t\t<!-- wp:heading -->\n<h2 class=\"wp-block-heading\">Qui nous sommes<\/h2>\n<!-- \/wp:heading -->\n<!-- wp:paragraph -->\nNos adresses web incluent : www.conahec.org, www.conahec.com, www.conahecstudentexchange.org, www.elnet.org et www.languagesmarketplace.com.\n\n<!-- \/wp:paragraph -->\n<!-- wp:heading -->\n<h2 class=\"wp-block-heading\">Commentaires<\/h2>\n<!-- \/wp:heading -->\n<!-- wp:paragraph -->\nLorsque les visiteurs laissent des commentaires sur nos sites, nous collectons les donn\u00e9es affich\u00e9es dans le formulaire de commentaires, ainsi que l&#8217;adresse IP du visiteur et la cha\u00eene d&#8217;agent utilisateur du navigateur pour aider \u00e0 la d\u00e9tection de spam.\n\n<!-- \/wp:paragraph -->\n<!-- wp:paragraph -->\nUne cha\u00eene anonymis\u00e9e cr\u00e9\u00e9e \u00e0 partir de votre adresse e-mail (\u00e9galement appel\u00e9e hash) peut \u00eatre fournie au service Gravatar pour voir si vous l&#8217;utilisez. La politique de confidentialit\u00e9 du service Gravatar est disponible ici : <a href=\"https:\/\/automattic.com\/privacy\/\">https:\/\/automattic.com\/privacy\/<\/a>. Apr\u00e8s approbation de votre commentaire, votre photo de profil est visible au public dans le contexte de votre commentaire. CONAHEC se r\u00e9serve le droit de supprimer tout contenu de nos sites pour quelque raison que ce soit \u00e0 tout moment, ind\u00e9pendamment de qui l&#8217;a soumis et dans quel but. Si vous voyez du contenu sur ce site qui devrait \u00eatre examin\u00e9 par CONAHEC, veuillez envoyer un e-mail \u00e0 <a href=\"mailto:membership@conahec.org\">membership@conahec.org<\/a> avec une copie \u00e0 <a href=\"mailto:conahec@gmail.com\">conahec@gmail.com<\/a>. Veuillez vous assurer de sp\u00e9cifier l&#8217;adresse web (URL) \u00e0 laquelle vous avez trouv\u00e9 le contenu en question.\n\n<!-- \/wp:paragraph -->\n<!-- wp:heading -->\n<h2 class=\"wp-block-heading\">M\u00e9dias<\/h2>\n<!-- \/wp:heading -->\n<!-- wp:paragraph -->\nSi vous t\u00e9l\u00e9chargez des images sur l&#8217;un de nos sites web, sachez qu&#8217;elles peuvent contenir des donn\u00e9es de localisation int\u00e9gr\u00e9es (EXIF GPS). Les visiteurs du site web peuvent t\u00e9l\u00e9charger et extraire les donn\u00e9es de localisation des images sur le site web. CONAHEC n&#8217;est pas responsable de la circulation ou de l&#8217;utilisation abusive de donn\u00e9es r\u00e9sultant de votre utilisation de ce site web &#8211; veuillez ne soumettre que des informations que vous \u00eates \u00e0 l&#8217;aise de partager publiquement et de mani\u00e8re permanente avec tout le monde, m\u00eame dans la partie du site qui n\u00e9cessite une authentification. Veuillez signaler toute utilisation abusive des informations ou toute pr\u00e9occupation concernant les informations de ce site d\u00e8s que possible \u00e0 <a href=\"mailto:membership@conahec.org\">membership@conahec.org<\/a> avec copie \u00e0 <a href=\"mailto:conahec@gmail.com\">conahec@gmail.com<\/a>. Veuillez \u00eatre aussi pr\u00e9cis que possible, en particulier en ce qui concerne l&#8217;endroit o\u00f9 les informations en question peuvent \u00eatre localis\u00e9es par nous.\n\n<!-- \/wp:paragraph -->\n<!-- wp:heading -->\n<h2 class=\"wp-block-heading\">Cookies<\/h2>\n<!-- \/wp:heading -->\n<!-- wp:paragraph -->\nSi vous laissez un commentaire sur notre site, vous pouvez choisir d&#8217;enregistrer votre nom, adresse e-mail et site web dans des cookies. Ceux-ci sont pour votre commodit\u00e9 afin que vous n&#8217;ayez pas \u00e0 remplir \u00e0 nouveau vos coordonn\u00e9es lorsque vous laissez un autre commentaire. Ces cookies dureront un an.\n\n<!-- \/wp:paragraph -->\n<!-- wp:paragraph -->\nSi vous visitez notre page de connexion, nous configurerons un cookie temporaire pour d\u00e9terminer si votre navigateur accepte les cookies. Ce cookie ne contient aucune donn\u00e9e personnelle et est supprim\u00e9 lorsque vous fermez votre navigateur.\n\n<!-- \/wp:paragraph -->\n<!-- wp:paragraph -->\nLorsque vous vous connectez, nous configurerons \u00e9galement plusieurs cookies pour enregistrer vos informations de connexion et vos choix d&#8217;affichage. Les cookies de connexion durent deux jours, et les cookies d&#8217;options d&#8217;\u00e9cran durent un an. Si vous s\u00e9lectionnez &#8220;Se souvenir de moi&#8221;, votre connexion persistera pendant deux semaines. Si vous vous d\u00e9connectez de votre compte, les cookies de connexion seront supprim\u00e9s.\n\n<!-- \/wp:paragraph -->\n<!-- wp:paragraph -->\nSi vous modifiez ou publiez un article, un cookie suppl\u00e9mentaire sera enregistr\u00e9 dans votre navigateur. Ce cookie ne contient aucune donn\u00e9e personnelle et indique simplement l&#8217;ID de la publication de l&#8217;article que vous venez de modifier. Il expire apr\u00e8s 1 jour.\n\n<!-- \/wp:paragraph -->\n<!-- wp:paragraph -->\nVous pouvez effacer les cookies \u00e0 votre convenance depuis votre navigateur en suivant les instructions sp\u00e9cifiques au navigateur que vous utilisez et qui peuvent \u00eatre facilement trouv\u00e9es sur le web.\n\n<!-- \/wp:paragraph -->\n<!-- wp:heading -->\n<h2 class=\"wp-block-heading\">Contenu int\u00e9gr\u00e9 provenant d&#8217;autres sites web<\/h2>\n<!-- \/wp:heading -->\n<!-- wp:paragraph -->\nLes articles sur ce site peuvent inclure du contenu int\u00e9gr\u00e9 (par exemple des vid\u00e9os, des images, des articles, etc.). Le contenu int\u00e9gr\u00e9 provenant d&#8217;autres sites web se comporte exactement de la m\u00eame mani\u00e8re que si le visiteur avait visit\u00e9 l&#8217;autre site web. CONAHEC est totalement incapable d&#8217;influencer la mani\u00e8re dont ces sites se comportent en ce qui concerne la collecte et l&#8217;utilisation de leurs informations.\n\n<!-- \/wp:paragraph -->\n<!-- wp:paragraph -->\nCes sites web peuvent collecter des donn\u00e9es sur vous, utiliser des cookies, int\u00e9grer un suivi suppl\u00e9mentaire de tiers et surveiller votre interaction avec ce contenu int\u00e9gr\u00e9, y compris suivre votre interaction avec le contenu int\u00e9gr\u00e9 si vous avez un compte et \u00eates connect\u00e9 \u00e0 ce site web.\n\n<!-- \/wp:paragraph -->\n<!-- wp:heading -->\n<h2 class=\"wp-block-heading\">Avec qui nous partageons vos donn\u00e9es<\/h2>\n<!-- \/wp:heading -->\n<!-- wp:paragraph -->\nSi vous demandez une r\u00e9initialisation de mot de passe, votre adresse IP sera incluse dans l&#8217;e-mail de r\u00e9initialisation. Sachez que toute information que vous soumettez \u00e0 ce site peut \u00eatre consult\u00e9e, copi\u00e9e et conserv\u00e9e par des tiers. Bien que CONAHEC tente de prot\u00e9ger vos informations personnelles en utilisant SSL et des pratiques soigneuses de transmission, stockage, r\u00e9cup\u00e9ration et maintenance des donn\u00e9es, ne pas les partager intentionnellement sans votre permission et les utiliser nous-m\u00eames uniquement \u00e0 des fins \u00e9thiques, l&#8217;acc\u00e8s aux informations sur Internet, y compris dans les sections publiques et n\u00e9cessitant une authentification de ce site web, par des hackers sophistiqu\u00e9s est au-del\u00e0 de la capacit\u00e9 de CONAHEC \u00e0 pr\u00e9venir et contr\u00f4ler. Ne partagez que les informations que vous \u00eates pr\u00eat \u00e0 rendre publiques. Veuillez signaler toute utilisation abusive des informations \u00e0 <a href=\"mailto:membership@conahec.org\">membership@conahec.org<\/a> avec une copie \u00e0 <a href=\"mailto:conahec@gmail.com\">conahec@gmail.com<\/a>.\n\n<!-- \/wp:paragraph -->\n<!-- wp:heading -->\n<h2 class=\"wp-block-heading\">Combien de temps nous conservons vos donn\u00e9es<\/h2>\n<!-- \/wp:heading -->\n<!-- wp:paragraph -->\nSi vous laissez un commentaire, le commentaire et ses m\u00e9tadonn\u00e9es sont conserv\u00e9s ind\u00e9finiment. C&#8217;est pour que nous puissions reconna\u00eetre et approuver automatiquement tout commentaire de suivi au lieu de les maintenir dans une file d&#8217;attente de mod\u00e9ration. C&#8217;est aussi pour que nous puissions appliquer nos r\u00e8gles de mod\u00e9ration de contenu. Toutes les d\u00e9cisions prises par le personnel de CONAHEC concernant le contenu de ce site qui est sous notre contr\u00f4le sont unilat\u00e9rales et enti\u00e8rement \u00e0 la discr\u00e9tion de CONAHEC. Veuillez noter que toutes les soumissions de contenu, y compris les commentaires, doivent \u00eatre polies, civiques et que toutes les critiques doivent \u00eatre constructives. Nous ne tol\u00e9rerons aucune impolitesse, insulte ou contenu qui d\u00e9passe nos normes de d\u00e9cence. Encore une fois, ces normes sont enti\u00e8rement d\u00e9cid\u00e9es et appliqu\u00e9es par le personnel de CONAHEC et ne sont pas sujettes \u00e0 d\u00e9bat. Soumettez uniquement des informations et du contenu avec lesquels vous vous sentez \u00e0 l&#8217;aise pour devenir une partie du dossier public permanent et rappelez-vous que nous exercerons notre seule discr\u00e9tion quant \u00e0 savoir s&#8217;il sera \u00e9dit\u00e9 (principalement pour l&#8217;orthographe, la grammaire ou la concision), promu pour \u00eatre visible dans des zones suppl\u00e9mentaires du site ou supprim\u00e9 partiellement ou totalement. Le personnel de CONAHEC peut ne pas voir toutes les informations soumises \u00e0 nos sites avant qu&#8217;elles ne soient visibles publiquement. Nous nous excusons \u00e0 l&#8217;avance si un contenu offensant ou autrement discutable passe \u00e0 travers nos syst\u00e8mes de filtrage. Si vous remarquez du contenu sur ce site qui devrait \u00eatre examin\u00e9 par les mod\u00e9rateurs de contenu, veuillez le signaler \u00e0 <a href=\"mailto:membership@conahec.org\">membership@conahec.org<\/a> avec une copie \u00e0 <a href=\"mailto:conahec@gmail.com\">conahec@gmail.com<\/a>.\n\n<!-- \/wp:paragraph -->\n<!-- wp:paragraph -->\nPour les utilisateurs qui s&#8217;enregistrent sur notre site web (le cas \u00e9ch\u00e9ant), nous stockons \u00e9galement les informations personnelles qu&#8217;ils fournissent dans leur profil utilisateur. Tous les utilisateurs peuvent voir, modifier ou supprimer leurs informations personnelles \u00e0 tout moment (sauf qu&#8217;ils ne peuvent pas changer leur nom d&#8217;utilisateur). Les administrateurs du site web peuvent voir toutes les informations de ce site et les modifier, les changer, les supprimer.\n\n<!-- \/wp:paragraph -->\n<!-- wp:heading -->\n<h2 class=\"wp-block-heading\">Quels droits vous avez sur vos donn\u00e9es<\/h2>\n<!-- \/wp:heading -->\n<!-- wp:paragraph -->\nSi vous avez un compte sur ce site, ou avez laiss\u00e9 des commentaires, vous pouvez demander \u00e0 recevoir un fichier export\u00e9 des donn\u00e9es personnelles que nous d\u00e9tenons \u00e0 votre sujet, y compris toutes les donn\u00e9es que vous nous avez fournies. Vous pouvez \u00e9galement demander que nous effacions toutes les donn\u00e9es personnelles que nous d\u00e9tenons \u00e0 votre sujet. Cela n&#8217;inclut pas les donn\u00e9es que nous sommes oblig\u00e9s de conserver \u00e0 des fins administratives, l\u00e9gales ou de s\u00e9curit\u00e9. Si nous jugeons que le contenu que vous avez soumis est inappropri\u00e9, nous conserverons ind\u00e9finiment les informations utilis\u00e9es pour identifier votre compte afin de revoir et, \u00e9ventuellement, restreindre ou interdire de futures soumissions de votre part.\n\n<!-- \/wp:paragraph -->\n<!-- wp:heading -->\n<h2 class=\"wp-block-heading\">O\u00f9 vos donn\u00e9es sont envoy\u00e9es<\/h2>\n<!-- \/wp:heading -->\n<!-- wp:paragraph -->\nLes commentaires des visiteurs peuvent \u00eatre v\u00e9rifi\u00e9s par un service automatis\u00e9 de d\u00e9tection de spam ou de mod\u00e9ration de contenu. Ce service automatis\u00e9 peut emp\u00eacher le contenu d&#8217;appara\u00eetre sur notre site web. Cela se produira si certains mots cl\u00e9s, en particulier les obsc\u00e9nit\u00e9s, sont contenus dans le contenu. Cela est \u00e9galement hors du contr\u00f4le direct de CONAHEC mais tout \u00e0 fait intentionnel.\n\n<!-- \/wp:paragraph -->\t\t\t\t\t\t<\/div>\n\t\t\t\t<\/div>\n\t\t\t\t\t<\/div>\n\t\t\t\t<\/div>\n\t\t\t\t<\/div>\n\t\t","protected":false},"excerpt":{"rendered":"<p>Qui nous sommes Nos adresses web incluent : www.conahec.org, www.conahec.com, www.conahecstudentexchange.org, www.elnet.org et www.languagesmarketplace.com. Commentaires Lorsque les visiteurs laissent des commentaires sur nos sites, nous collectons les donn\u00e9es affich\u00e9es dans le formulaire de commentaires, ainsi que l&#8217;adresse IP du visiteur et la cha\u00eene d&#8217;agent utilisateur du navigateur pour aider \u00e0 la d\u00e9tection de spam. Une [&hellip;]<\/p>\n","protected":false},"author":4,"featured_media":0,"parent":0,"menu_order":0,"comment_status":"closed","ping_status":"closed","template":"elementor_header_footer","meta":{"ocean_post_layout":"","ocean_both_sidebars_style":"","ocean_both_sidebars_content_width":0,"ocean_both_sidebars_sidebars_width":0,"ocean_sidebar":"","ocean_second_sidebar":"","ocean_disable_margins":"enable","ocean_add_body_class":"","ocean_shortcode_before_top_bar":"","ocean_shortcode_after_top_bar":"","ocean_shortcode_before_header":"","ocean_shortcode_after_header":"","ocean_has_shortcode":"","ocean_shortcode_after_title":"","ocean_shortcode_before_footer_widgets":"","ocean_shortcode_after_footer_widgets":"","ocean_shortcode_before_footer_bottom":"","ocean_shortcode_after_footer_bottom":"","ocean_display_top_bar":"default","ocean_display_header":"default","ocean_header_style":"","ocean_center_header_left_menu":"","ocean_custom_header_template":"","ocean_custom_logo":0,"ocean_custom_retina_logo":0,"ocean_custom_logo_max_width":0,"ocean_custom_logo_tablet_max_width":0,"ocean_custom_logo_mobile_max_width":0,"ocean_custom_logo_max_height":0,"ocean_custom_logo_tablet_max_height":0,"ocean_custom_logo_mobile_max_height":0,"ocean_header_custom_menu":"","ocean_menu_typo_font_family":"","ocean_menu_typo_font_subset":"","ocean_menu_typo_font_size":0,"ocean_menu_typo_font_size_tablet":0,"ocean_menu_typo_font_size_mobile":0,"ocean_menu_typo_font_size_unit":"px","ocean_menu_typo_font_weight":"","ocean_menu_typo_font_weight_tablet":"","ocean_menu_typo_font_weight_mobile":"","ocean_menu_typo_transform":"","ocean_menu_typo_transform_tablet":"","ocean_menu_typo_transform_mobile":"","ocean_menu_typo_line_height":0,"ocean_menu_typo_line_height_tablet":0,"ocean_menu_typo_line_height_mobile":0,"ocean_menu_typo_line_height_unit":"","ocean_menu_typo_spacing":0,"ocean_menu_typo_spacing_tablet":0,"ocean_menu_typo_spacing_mobile":0,"ocean_menu_typo_spacing_unit":"","ocean_menu_link_color":"","ocean_menu_link_color_hover":"","ocean_menu_link_color_active":"","ocean_menu_link_background":"","ocean_menu_link_hover_background":"","ocean_menu_link_active_background":"","ocean_menu_social_links_bg":"","ocean_menu_social_hover_links_bg":"","ocean_menu_social_links_color":"","ocean_menu_social_hover_links_color":"","ocean_disable_title":"default","ocean_disable_heading":"default","ocean_post_title":"","ocean_post_subheading":"","ocean_post_title_style":"","ocean_post_title_background_color":"","ocean_post_title_background":0,"ocean_post_title_bg_image_position":"","ocean_post_title_bg_image_attachment":"","ocean_post_title_bg_image_repeat":"","ocean_post_title_bg_image_size":"","ocean_post_title_height":0,"ocean_post_title_bg_overlay":0.5,"ocean_post_title_bg_overlay_color":"","ocean_disable_breadcrumbs":"default","ocean_breadcrumbs_color":"","ocean_breadcrumbs_separator_color":"","ocean_breadcrumbs_links_color":"","ocean_breadcrumbs_links_hover_color":"","ocean_display_footer_widgets":"default","ocean_display_footer_bottom":"default","ocean_custom_footer_template":"","footnotes":""},"wf_page_folders":[29],"class_list":["post-1783","page","type-page","status-publish","hentry","entry"],"yoast_head":"<!-- This site is optimized with the Yoast SEO plugin v24.3 - https:\/\/yoast.com\/wordpress\/plugins\/seo\/ -->\r\n<title>Politique de confidentialit\u00e9 et d&#039;utilisation des informations - Consortium for North American Higher Education Collaboration<\/title>\r\n<meta name=\"robots\" content=\"index, follow, max-snippet:-1, max-image-preview:large, max-video-preview:-1\" \/>\r\n<link rel=\"canonical\" href=\"https:\/\/www.conahec.org\/index.php\/fr\/politique-de-confidentialite-et-dutilisation-des-informations\/\" \/>\r\n<meta property=\"og:locale\" content=\"en_US\" \/>\r\n<meta property=\"og:type\" content=\"article\" \/>\r\n<meta property=\"og:title\" content=\"Politique de confidentialit\u00e9 et d&#039;utilisation des informations - Consortium for North American Higher Education Collaboration\" \/>\r\n<meta property=\"og:description\" content=\"Qui nous sommes Nos adresses web incluent : www.conahec.org, www.conahec.com, www.conahecstudentexchange.org, www.elnet.org et www.languagesmarketplace.com. Commentaires Lorsque les visiteurs laissent des commentaires sur nos sites, nous collectons les donn\u00e9es affich\u00e9es dans le formulaire de commentaires, ainsi que l&#8217;adresse IP du visiteur et la cha\u00eene d&#8217;agent utilisateur du navigateur pour aider \u00e0 la d\u00e9tection de spam. Une [&hellip;]\" \/>\r\n<meta property=\"og:url\" content=\"https:\/\/www.conahec.org\/index.php\/fr\/politique-de-confidentialite-et-dutilisation-des-informations\/\" \/>\r\n<meta property=\"og:site_name\" content=\"Consortium for North American Higher Education Collaboration\" \/>\r\n<meta property=\"article:publisher\" content=\"https:\/\/www.facebook.com\/CONAHEC1\/\" \/>\r\n<meta property=\"article:modified_time\" content=\"2024-05-24T04:47:21+00:00\" \/>\r\n<meta name=\"twitter:card\" content=\"summary_large_image\" \/>\r\n<meta name=\"twitter:site\" content=\"@conahec\" \/>\r\n<meta name=\"twitter:label1\" content=\"Est. reading time\" \/>\n\t<meta name=\"twitter:data1\" content=\"6 minutes\" \/>\r\n<script type=\"application\/ld+json\" class=\"yoast-schema-graph\">{\"@context\":\"https:\/\/schema.org\",\"@graph\":[{\"@type\":\"WebPage\",\"@id\":\"https:\/\/www.conahec.org\/index.php\/fr\/politique-de-confidentialite-et-dutilisation-des-informations\/\",\"url\":\"https:\/\/www.conahec.org\/index.php\/fr\/politique-de-confidentialite-et-dutilisation-des-informations\/\",\"name\":\"Politique de confidentialit\u00e9 et d'utilisation des informations - Consortium for North American Higher Education Collaboration\",\"isPartOf\":{\"@id\":\"https:\/\/www.conahec.org\/#website\"},\"datePublished\":\"2024-04-10T09:06:30+00:00\",\"dateModified\":\"2024-05-24T04:47:21+00:00\",\"breadcrumb\":{\"@id\":\"https:\/\/www.conahec.org\/index.php\/fr\/politique-de-confidentialite-et-dutilisation-des-informations\/#breadcrumb\"},\"inLanguage\":\"en-US\",\"potentialAction\":[{\"@type\":\"ReadAction\",\"target\":[\"https:\/\/www.conahec.org\/index.php\/fr\/politique-de-confidentialite-et-dutilisation-des-informations\/\"]}]},{\"@type\":\"BreadcrumbList\",\"@id\":\"https:\/\/www.conahec.org\/index.php\/fr\/politique-de-confidentialite-et-dutilisation-des-informations\/#breadcrumb\",\"itemListElement\":[{\"@type\":\"ListItem\",\"position\":1,\"name\":\"Home\",\"item\":\"https:\/\/www.conahec.org\/\"},{\"@type\":\"ListItem\",\"position\":2,\"name\":\"Politique de confidentialit\u00e9 et d&#8217;utilisation des informations\"}]},{\"@type\":\"WebSite\",\"@id\":\"https:\/\/www.conahec.org\/#website\",\"url\":\"https:\/\/www.conahec.org\/\",\"name\":\"conahec.org\",\"description\":\"Facilitating Higher Education Collaboration in North America and Beyond\",\"publisher\":{\"@id\":\"https:\/\/www.conahec.org\/#organization\"},\"potentialAction\":[{\"@type\":\"SearchAction\",\"target\":{\"@type\":\"EntryPoint\",\"urlTemplate\":\"https:\/\/www.conahec.org\/?s={search_term_string}\"},\"query-input\":{\"@type\":\"PropertyValueSpecification\",\"valueRequired\":true,\"valueName\":\"search_term_string\"}}],\"inLanguage\":\"en-US\"},{\"@type\":\"Organization\",\"@id\":\"https:\/\/www.conahec.org\/#organization\",\"name\":\"Consortium for North American Higher Education Collaboration (CONAHEC)\",\"url\":\"https:\/\/www.conahec.org\/\",\"logo\":{\"@type\":\"ImageObject\",\"inLanguage\":\"en-US\",\"@id\":\"https:\/\/www.conahec.org\/#\/schema\/logo\/image\/\",\"url\":\"https:\/\/www.conahec.org\/wp-content\/uploads\/2024\/05\/CONAHECFavicon.jpg\",\"contentUrl\":\"https:\/\/www.conahec.org\/wp-content\/uploads\/2024\/05\/CONAHECFavicon.jpg\",\"width\":512,\"height\":512,\"caption\":\"Consortium for North American Higher Education Collaboration (CONAHEC)\"},\"image\":{\"@id\":\"https:\/\/www.conahec.org\/#\/schema\/logo\/image\/\"},\"sameAs\":[\"https:\/\/www.facebook.com\/CONAHEC1\/\",\"https:\/\/x.com\/conahec\"]}]}<\/script>\r\n<!-- \/ Yoast SEO plugin. -->","yoast_head_json":{"title":"Politique de confidentialit\u00e9 et d'utilisation des informations - Consortium for North American Higher Education Collaboration","robots":{"index":"index","follow":"follow","max-snippet":"max-snippet:-1","max-image-preview":"max-image-preview:large","max-video-preview":"max-video-preview:-1"},"canonical":"https:\/\/www.conahec.org\/index.php\/fr\/politique-de-confidentialite-et-dutilisation-des-informations\/","og_locale":"en_US","og_type":"article","og_title":"Politique de confidentialit\u00e9 et d'utilisation des informations - Consortium for North American Higher Education Collaboration","og_description":"Qui nous sommes Nos adresses web incluent : www.conahec.org, www.conahec.com, www.conahecstudentexchange.org, www.elnet.org et www.languagesmarketplace.com. Commentaires Lorsque les visiteurs laissent des commentaires sur nos sites, nous collectons les donn\u00e9es affich\u00e9es dans le formulaire de commentaires, ainsi que l&#8217;adresse IP du visiteur et la cha\u00eene d&#8217;agent utilisateur du navigateur pour aider \u00e0 la d\u00e9tection de spam. Une [&hellip;]","og_url":"https:\/\/www.conahec.org\/index.php\/fr\/politique-de-confidentialite-et-dutilisation-des-informations\/","og_site_name":"Consortium for North American Higher Education Collaboration","article_publisher":"https:\/\/www.facebook.com\/CONAHEC1\/","article_modified_time":"2024-05-24T04:47:21+00:00","twitter_card":"summary_large_image","twitter_site":"@conahec","twitter_misc":{"Est. reading time":"6 minutes"},"schema":{"@context":"https:\/\/schema.org","@graph":[{"@type":"WebPage","@id":"https:\/\/www.conahec.org\/index.php\/fr\/politique-de-confidentialite-et-dutilisation-des-informations\/","url":"https:\/\/www.conahec.org\/index.php\/fr\/politique-de-confidentialite-et-dutilisation-des-informations\/","name":"Politique de confidentialit\u00e9 et d'utilisation des informations - Consortium for North American Higher Education Collaboration","isPartOf":{"@id":"https:\/\/www.conahec.org\/#website"},"datePublished":"2024-04-10T09:06:30+00:00","dateModified":"2024-05-24T04:47:21+00:00","breadcrumb":{"@id":"https:\/\/www.conahec.org\/index.php\/fr\/politique-de-confidentialite-et-dutilisation-des-informations\/#breadcrumb"},"inLanguage":"en-US","potentialAction":[{"@type":"ReadAction","target":["https:\/\/www.conahec.org\/index.php\/fr\/politique-de-confidentialite-et-dutilisation-des-informations\/"]}]},{"@type":"BreadcrumbList","@id":"https:\/\/www.conahec.org\/index.php\/fr\/politique-de-confidentialite-et-dutilisation-des-informations\/#breadcrumb","itemListElement":[{"@type":"ListItem","position":1,"name":"Home","item":"https:\/\/www.conahec.org\/"},{"@type":"ListItem","position":2,"name":"Politique de confidentialit\u00e9 et d&#8217;utilisation des informations"}]},{"@type":"WebSite","@id":"https:\/\/www.conahec.org\/#website","url":"https:\/\/www.conahec.org\/","name":"conahec.org","description":"Facilitating Higher Education Collaboration in North America and Beyond","publisher":{"@id":"https:\/\/www.conahec.org\/#organization"},"potentialAction":[{"@type":"SearchAction","target":{"@type":"EntryPoint","urlTemplate":"https:\/\/www.conahec.org\/?s={search_term_string}"},"query-input":{"@type":"PropertyValueSpecification","valueRequired":true,"valueName":"search_term_string"}}],"inLanguage":"en-US"},{"@type":"Organization","@id":"https:\/\/www.conahec.org\/#organization","name":"Consortium for North American Higher Education Collaboration (CONAHEC)","url":"https:\/\/www.conahec.org\/","logo":{"@type":"ImageObject","inLanguage":"en-US","@id":"https:\/\/www.conahec.org\/#\/schema\/logo\/image\/","url":"https:\/\/www.conahec.org\/wp-content\/uploads\/2024\/05\/CONAHECFavicon.jpg","contentUrl":"https:\/\/www.conahec.org\/wp-content\/uploads\/2024\/05\/CONAHECFavicon.jpg","width":512,"height":512,"caption":"Consortium for North American Higher Education Collaboration (CONAHEC)"},"image":{"@id":"https:\/\/www.conahec.org\/#\/schema\/logo\/image\/"},"sameAs":["https:\/\/www.facebook.com\/CONAHEC1\/","https:\/\/x.com\/conahec"]}]}},"_links":{"self":[{"href":"https:\/\/www.conahec.org\/index.php\/wp-json\/wp\/v2\/pages\/1783","targetHints":{"allow":["GET"]}}],"collection":[{"href":"https:\/\/www.conahec.org\/index.php\/wp-json\/wp\/v2\/pages"}],"about":[{"href":"https:\/\/www.conahec.org\/index.php\/wp-json\/wp\/v2\/types\/page"}],"author":[{"embeddable":true,"href":"https:\/\/www.conahec.org\/index.php\/wp-json\/wp\/v2\/users\/4"}],"replies":[{"embeddable":true,"href":"https:\/\/www.conahec.org\/index.php\/wp-json\/wp\/v2\/comments?post=1783"}],"version-history":[{"count":4,"href":"https:\/\/www.conahec.org\/index.php\/wp-json\/wp\/v2\/pages\/1783\/revisions"}],"predecessor-version":[{"id":1787,"href":"https:\/\/www.conahec.org\/index.php\/wp-json\/wp\/v2\/pages\/1783\/revisions\/1787"}],"wp:attachment":[{"href":"https:\/\/www.conahec.org\/index.php\/wp-json\/wp\/v2\/media?parent=1783"}],"wp:term":[{"taxonomy":"wf_page_folders","embeddable":true,"href":"https:\/\/www.conahec.org\/index.php\/wp-json\/wp\/v2\/wf_page_folders?post=1783"}],"curies":[{"name":"wp","href":"https:\/\/api.w.org\/{rel}","templated":true}]}}