{"id":1799,"date":"2024-05-06T18:48:20","date_gmt":"2024-05-06T18:48:20","guid":{"rendered":"https:\/\/www.conahec.org\/?page_id=1799"},"modified":"2024-05-24T04:50:01","modified_gmt":"2024-05-24T04:50:01","slug":"echange-intercontinental-de-personnel-stella","status":"publish","type":"page","link":"https:\/\/www.conahec.org\/index.php\/es\/echange-intercontinental-de-personnel-stella\/","title":{"rendered":"Intercambio Intercontinental de Personal STELLA"},"content":{"rendered":"\t\t<div data-elementor-type=\"wp-page\" data-elementor-id=\"1799\" class=\"elementor elementor-1799\" data-elementor-post-type=\"page\">\n\t\t\t\t<div class=\"elementor-element elementor-element-2839251 e-flex e-con-boxed e-con e-parent\" data-id=\"2839251\" data-element_type=\"container\">\n\t\t\t\t\t<div class=\"e-con-inner\">\n\t\t\t\t<div class=\"elementor-element elementor-element-77a5ebc elementor-widget elementor-widget-text-editor\" data-id=\"77a5ebc\" data-element_type=\"widget\" data-widget_type=\"text-editor.default\">\n\t\t\t\t<div class=\"elementor-widget-container\">\n\t\t\t<style>\/*! elementor - v3.23.0 - 05-08-2024 *\/\n.elementor-widget-text-editor.elementor-drop-cap-view-stacked .elementor-drop-cap{background-color:#69727d;color:#fff}.elementor-widget-text-editor.elementor-drop-cap-view-framed .elementor-drop-cap{color:#69727d;border:3px solid;background-color:transparent}.elementor-widget-text-editor:not(.elementor-drop-cap-view-default) .elementor-drop-cap{margin-top:8px}.elementor-widget-text-editor:not(.elementor-drop-cap-view-default) .elementor-drop-cap-letter{width:1em;height:1em}.elementor-widget-text-editor .elementor-drop-cap{float:left;text-align:center;line-height:1;font-size:50px}.elementor-widget-text-editor .elementor-drop-cap-letter{display:inline-block}<\/style>\t\t\t\tEl <a href=\"http:\/\/www.conahec.org\/\" target=\"_blank\" rel=\"noopener\">Consorcio para la Colaboraci\u00f3n en la Educaci\u00f3n Superior en Am\u00e9rica del Norte (CONAHEC)<\/a>, en asociaci\u00f3n con el <a href=\"http:\/\/web.gcompostela.org\/\" target=\"_blank\" rel=\"noopener\">Grupo Compostela de Universidades<\/a>, invita a las instituciones miembros de CONAHEC a participar en el <a href=\"http:\/\/web.gcompostela.org\/stella-for-staff\/\" target=\"_blank\" rel=\"noopener\">Programa de Movilidad Intercontinental para el Personal Administrativo STELLA<\/a>.\n\nEl <a href=\"http:\/\/www2.usc.es\/gcompostela\/en\/activities\/stella.html\" target=\"_blank\" rel=\"noopener\">Programa de Movilidad Intercontinental para el Personal Administrativo STELLA<\/a> est\u00e1 dise\u00f1ado para que el personal administrativo participe en una experiencia de movilidad intercontinental de corta duraci\u00f3n, de una a dos semanas. Esto brinda al personal administrativo la oportunidad de reunirse con colegas de otros pa\u00edses que realizan trabajos similares, mejorando sus experiencias interculturales y compartiendo y aprendiendo mejores pr\u00e1cticas.\n\n<h2>\u00bfC\u00f3mo funciona?<\/h2>\n<ul>\n \t<li><strong>Importante: Las instituciones de educaci\u00f3n superior miembros de CONAHEC interesadas deben ofrecer recibir al menos un visitante en uno de sus departamentos\/\u00e1reas de servicio por un per\u00edodo de una a dos semanas para ser elegibles para enviar la misma cantidad de solicitudes a los espacios abiertos que luego se publicar\u00e1n para este programa<\/strong>.<\/li>\n \t<li>Las instituciones miembros de CONAHEC deber\u00e1n <a href=\"https:\/\/airtable.com\/shr4X3fIVgEKn6iJ2\" target=\"_blank\" rel=\"noopener\">llenar un formulario electr\u00f3nico de oferta<\/a>.\n<ul>\n \t<li>Despu\u00e9s de enviar la solicitud, por favor env\u00ede un correo electr\u00f3nico a Jessica Amarilla (<a href=\"mailto:conahec@gmail.com\">conahec@gmail.com<\/a>) para informarnos que su instituci\u00f3n ofrecer\u00e1 un espacio.<\/li>\n \t<li>Tenga en cuenta que las instituciones miembros de CONAHEC que no son miembros independientes del Grupo Compostela de Universidades no son elegibles para la subvenci\u00f3n de viaje mencionada en el sitio web del Grupo Compostela de Universidades, por lo que la instituci\u00f3n de origen o los propios participantes son responsables de cubrir todos los gastos no cubiertos por la instituci\u00f3n anfitriona.<\/li>\n<\/ul>\n<\/li>\n<\/ul>\n<center><a href=\"chrome-extension:\/\/efaidnbmnnnibpcajpcglclefindmkaj\/https:\/\/web.gcompostela.org\/wp-content\/uploads\/2022\/03\/Guidelines-Stella-for-Staff-2022.pdf\" target=\"_blank\" rel=\"noopener\">Haga clic aqu\u00ed para ver los detalles del Programa 2022 como referencia (proporcionaremos un enlace actualizado aqu\u00ed en cuanto sea posible).<\/a><\/center>\t\t\t\t\t\t<\/div>\n\t\t\t\t<\/div>\n\t\t\t\t\t<\/div>\n\t\t\t\t<\/div>\n\t\t\t\t<\/div>\n\t\t","protected":false},"excerpt":{"rendered":"<p>El Consorcio para la Colaboraci\u00f3n en la Educaci\u00f3n Superior en Am\u00e9rica del Norte (CONAHEC), en asociaci\u00f3n con el Grupo Compostela de Universidades, invita a las instituciones miembros de CONAHEC a participar en el Programa de Movilidad Intercontinental para el Personal Administrativo STELLA. El Programa de Movilidad Intercontinental para el Personal Administrativo STELLA est\u00e1 dise\u00f1ado para [&hellip;]<\/p>\n","protected":false},"author":4,"featured_media":0,"parent":0,"menu_order":0,"comment_status":"closed","ping_status":"closed","template":"elementor_header_footer","meta":{"ocean_post_layout":"","ocean_both_sidebars_style":"","ocean_both_sidebars_content_width":0,"ocean_both_sidebars_sidebars_width":0,"ocean_sidebar":"","ocean_second_sidebar":"","ocean_disable_margins":"enable","ocean_add_body_class":"","ocean_shortcode_before_top_bar":"","ocean_shortcode_after_top_bar":"","ocean_shortcode_before_header":"","ocean_shortcode_after_header":"","ocean_has_shortcode":"","ocean_shortcode_after_title":"","ocean_shortcode_before_footer_widgets":"","ocean_shortcode_after_footer_widgets":"","ocean_shortcode_before_footer_bottom":"","ocean_shortcode_after_footer_bottom":"","ocean_display_top_bar":"default","ocean_display_header":"default","ocean_header_style":"","ocean_center_header_left_menu":"","ocean_custom_header_template":"","ocean_custom_logo":0,"ocean_custom_retina_logo":0,"ocean_custom_logo_max_width":0,"ocean_custom_logo_tablet_max_width":0,"ocean_custom_logo_mobile_max_width":0,"ocean_custom_logo_max_height":0,"ocean_custom_logo_tablet_max_height":0,"ocean_custom_logo_mobile_max_height":0,"ocean_header_custom_menu":"","ocean_menu_typo_font_family":"","ocean_menu_typo_font_subset":"","ocean_menu_typo_font_size":0,"ocean_menu_typo_font_size_tablet":0,"ocean_menu_typo_font_size_mobile":0,"ocean_menu_typo_font_size_unit":"px","ocean_menu_typo_font_weight":"","ocean_menu_typo_font_weight_tablet":"","ocean_menu_typo_font_weight_mobile":"","ocean_menu_typo_transform":"","ocean_menu_typo_transform_tablet":"","ocean_menu_typo_transform_mobile":"","ocean_menu_typo_line_height":0,"ocean_menu_typo_line_height_tablet":0,"ocean_menu_typo_line_height_mobile":0,"ocean_menu_typo_line_height_unit":"","ocean_menu_typo_spacing":0,"ocean_menu_typo_spacing_tablet":0,"ocean_menu_typo_spacing_mobile":0,"ocean_menu_typo_spacing_unit":"","ocean_menu_link_color":"","ocean_menu_link_color_hover":"","ocean_menu_link_color_active":"","ocean_menu_link_background":"","ocean_menu_link_hover_background":"","ocean_menu_link_active_background":"","ocean_menu_social_links_bg":"","ocean_menu_social_hover_links_bg":"","ocean_menu_social_links_color":"","ocean_menu_social_hover_links_color":"","ocean_disable_title":"default","ocean_disable_heading":"default","ocean_post_title":"","ocean_post_subheading":"","ocean_post_title_style":"","ocean_post_title_background_color":"","ocean_post_title_background":0,"ocean_post_title_bg_image_position":"","ocean_post_title_bg_image_attachment":"","ocean_post_title_bg_image_repeat":"","ocean_post_title_bg_image_size":"","ocean_post_title_height":0,"ocean_post_title_bg_overlay":0.5,"ocean_post_title_bg_overlay_color":"","ocean_disable_breadcrumbs":"default","ocean_breadcrumbs_color":"","ocean_breadcrumbs_separator_color":"","ocean_breadcrumbs_links_color":"","ocean_breadcrumbs_links_hover_color":"","ocean_display_footer_widgets":"default","ocean_display_footer_bottom":"default","ocean_custom_footer_template":"","footnotes":""},"wf_page_folders":[28],"class_list":["post-1799","page","type-page","status-publish","hentry","entry"],"yoast_head":"<!-- This site is optimized with the Yoast SEO plugin v24.3 - https:\/\/yoast.com\/wordpress\/plugins\/seo\/ -->\r\n<title>Intercambio Intercontinental de Personal STELLA - Consortium for North American Higher Education Collaboration<\/title>\r\n<meta name=\"robots\" content=\"index, follow, max-snippet:-1, max-image-preview:large, max-video-preview:-1\" \/>\r\n<link rel=\"canonical\" href=\"https:\/\/www.conahec.org\/index.php\/es\/echange-intercontinental-de-personnel-stella\/\" \/>\r\n<meta property=\"og:locale\" content=\"en_US\" \/>\r\n<meta property=\"og:type\" content=\"article\" \/>\r\n<meta property=\"og:title\" content=\"Intercambio Intercontinental de Personal STELLA - Consortium for North American Higher Education Collaboration\" \/>\r\n<meta property=\"og:description\" content=\"El Consorcio para la Colaboraci\u00f3n en la Educaci\u00f3n Superior en Am\u00e9rica del Norte (CONAHEC), en asociaci\u00f3n con el Grupo Compostela de Universidades, invita a las instituciones miembros de CONAHEC a participar en el Programa de Movilidad Intercontinental para el Personal Administrativo STELLA. El Programa de Movilidad Intercontinental para el Personal Administrativo STELLA est\u00e1 dise\u00f1ado para [&hellip;]\" \/>\r\n<meta property=\"og:url\" content=\"https:\/\/www.conahec.org\/index.php\/es\/echange-intercontinental-de-personnel-stella\/\" \/>\r\n<meta property=\"og:site_name\" content=\"Consortium for North American Higher Education Collaboration\" \/>\r\n<meta property=\"article:publisher\" content=\"https:\/\/www.facebook.com\/CONAHEC1\/\" \/>\r\n<meta property=\"article:modified_time\" content=\"2024-05-24T04:50:01+00:00\" \/>\r\n<meta name=\"twitter:card\" content=\"summary_large_image\" \/>\r\n<meta name=\"twitter:site\" content=\"@conahec\" \/>\r\n<meta name=\"twitter:label1\" content=\"Est. reading time\" \/>\n\t<meta name=\"twitter:data1\" content=\"2 minutes\" \/>\r\n<script type=\"application\/ld+json\" class=\"yoast-schema-graph\">{\"@context\":\"https:\/\/schema.org\",\"@graph\":[{\"@type\":\"WebPage\",\"@id\":\"https:\/\/www.conahec.org\/index.php\/es\/echange-intercontinental-de-personnel-stella\/\",\"url\":\"https:\/\/www.conahec.org\/index.php\/es\/echange-intercontinental-de-personnel-stella\/\",\"name\":\"Intercambio Intercontinental de Personal STELLA - Consortium for North American Higher Education Collaboration\",\"isPartOf\":{\"@id\":\"https:\/\/www.conahec.org\/#website\"},\"datePublished\":\"2024-05-06T18:48:20+00:00\",\"dateModified\":\"2024-05-24T04:50:01+00:00\",\"breadcrumb\":{\"@id\":\"https:\/\/www.conahec.org\/index.php\/es\/echange-intercontinental-de-personnel-stella\/#breadcrumb\"},\"inLanguage\":\"en-US\",\"potentialAction\":[{\"@type\":\"ReadAction\",\"target\":[\"https:\/\/www.conahec.org\/index.php\/es\/echange-intercontinental-de-personnel-stella\/\"]}]},{\"@type\":\"BreadcrumbList\",\"@id\":\"https:\/\/www.conahec.org\/index.php\/es\/echange-intercontinental-de-personnel-stella\/#breadcrumb\",\"itemListElement\":[{\"@type\":\"ListItem\",\"position\":1,\"name\":\"Home\",\"item\":\"https:\/\/www.conahec.org\/\"},{\"@type\":\"ListItem\",\"position\":2,\"name\":\"Intercambio Intercontinental de Personal STELLA\"}]},{\"@type\":\"WebSite\",\"@id\":\"https:\/\/www.conahec.org\/#website\",\"url\":\"https:\/\/www.conahec.org\/\",\"name\":\"conahec.org\",\"description\":\"Facilitating Higher Education Collaboration in North America and Beyond\",\"publisher\":{\"@id\":\"https:\/\/www.conahec.org\/#organization\"},\"potentialAction\":[{\"@type\":\"SearchAction\",\"target\":{\"@type\":\"EntryPoint\",\"urlTemplate\":\"https:\/\/www.conahec.org\/?s={search_term_string}\"},\"query-input\":{\"@type\":\"PropertyValueSpecification\",\"valueRequired\":true,\"valueName\":\"search_term_string\"}}],\"inLanguage\":\"en-US\"},{\"@type\":\"Organization\",\"@id\":\"https:\/\/www.conahec.org\/#organization\",\"name\":\"Consortium for North American Higher Education Collaboration (CONAHEC)\",\"url\":\"https:\/\/www.conahec.org\/\",\"logo\":{\"@type\":\"ImageObject\",\"inLanguage\":\"en-US\",\"@id\":\"https:\/\/www.conahec.org\/#\/schema\/logo\/image\/\",\"url\":\"https:\/\/www.conahec.org\/wp-content\/uploads\/2024\/05\/CONAHECFavicon.jpg\",\"contentUrl\":\"https:\/\/www.conahec.org\/wp-content\/uploads\/2024\/05\/CONAHECFavicon.jpg\",\"width\":512,\"height\":512,\"caption\":\"Consortium for North American Higher Education Collaboration (CONAHEC)\"},\"image\":{\"@id\":\"https:\/\/www.conahec.org\/#\/schema\/logo\/image\/\"},\"sameAs\":[\"https:\/\/www.facebook.com\/CONAHEC1\/\",\"https:\/\/x.com\/conahec\"]}]}<\/script>\r\n<!-- \/ Yoast SEO plugin. -->","yoast_head_json":{"title":"Intercambio Intercontinental de Personal STELLA - Consortium for North American Higher Education Collaboration","robots":{"index":"index","follow":"follow","max-snippet":"max-snippet:-1","max-image-preview":"max-image-preview:large","max-video-preview":"max-video-preview:-1"},"canonical":"https:\/\/www.conahec.org\/index.php\/es\/echange-intercontinental-de-personnel-stella\/","og_locale":"en_US","og_type":"article","og_title":"Intercambio Intercontinental de Personal STELLA - Consortium for North American Higher Education Collaboration","og_description":"El Consorcio para la Colaboraci\u00f3n en la Educaci\u00f3n Superior en Am\u00e9rica del Norte (CONAHEC), en asociaci\u00f3n con el Grupo Compostela de Universidades, invita a las instituciones miembros de CONAHEC a participar en el Programa de Movilidad Intercontinental para el Personal Administrativo STELLA. El Programa de Movilidad Intercontinental para el Personal Administrativo STELLA est\u00e1 dise\u00f1ado para [&hellip;]","og_url":"https:\/\/www.conahec.org\/index.php\/es\/echange-intercontinental-de-personnel-stella\/","og_site_name":"Consortium for North American Higher Education Collaboration","article_publisher":"https:\/\/www.facebook.com\/CONAHEC1\/","article_modified_time":"2024-05-24T04:50:01+00:00","twitter_card":"summary_large_image","twitter_site":"@conahec","twitter_misc":{"Est. reading time":"2 minutes"},"schema":{"@context":"https:\/\/schema.org","@graph":[{"@type":"WebPage","@id":"https:\/\/www.conahec.org\/index.php\/es\/echange-intercontinental-de-personnel-stella\/","url":"https:\/\/www.conahec.org\/index.php\/es\/echange-intercontinental-de-personnel-stella\/","name":"Intercambio Intercontinental de Personal STELLA - Consortium for North American Higher Education Collaboration","isPartOf":{"@id":"https:\/\/www.conahec.org\/#website"},"datePublished":"2024-05-06T18:48:20+00:00","dateModified":"2024-05-24T04:50:01+00:00","breadcrumb":{"@id":"https:\/\/www.conahec.org\/index.php\/es\/echange-intercontinental-de-personnel-stella\/#breadcrumb"},"inLanguage":"en-US","potentialAction":[{"@type":"ReadAction","target":["https:\/\/www.conahec.org\/index.php\/es\/echange-intercontinental-de-personnel-stella\/"]}]},{"@type":"BreadcrumbList","@id":"https:\/\/www.conahec.org\/index.php\/es\/echange-intercontinental-de-personnel-stella\/#breadcrumb","itemListElement":[{"@type":"ListItem","position":1,"name":"Home","item":"https:\/\/www.conahec.org\/"},{"@type":"ListItem","position":2,"name":"Intercambio Intercontinental de Personal STELLA"}]},{"@type":"WebSite","@id":"https:\/\/www.conahec.org\/#website","url":"https:\/\/www.conahec.org\/","name":"conahec.org","description":"Facilitating Higher Education Collaboration in North America and Beyond","publisher":{"@id":"https:\/\/www.conahec.org\/#organization"},"potentialAction":[{"@type":"SearchAction","target":{"@type":"EntryPoint","urlTemplate":"https:\/\/www.conahec.org\/?s={search_term_string}"},"query-input":{"@type":"PropertyValueSpecification","valueRequired":true,"valueName":"search_term_string"}}],"inLanguage":"en-US"},{"@type":"Organization","@id":"https:\/\/www.conahec.org\/#organization","name":"Consortium for North American Higher Education Collaboration (CONAHEC)","url":"https:\/\/www.conahec.org\/","logo":{"@type":"ImageObject","inLanguage":"en-US","@id":"https:\/\/www.conahec.org\/#\/schema\/logo\/image\/","url":"https:\/\/www.conahec.org\/wp-content\/uploads\/2024\/05\/CONAHECFavicon.jpg","contentUrl":"https:\/\/www.conahec.org\/wp-content\/uploads\/2024\/05\/CONAHECFavicon.jpg","width":512,"height":512,"caption":"Consortium for North American Higher Education Collaboration (CONAHEC)"},"image":{"@id":"https:\/\/www.conahec.org\/#\/schema\/logo\/image\/"},"sameAs":["https:\/\/www.facebook.com\/CONAHEC1\/","https:\/\/x.com\/conahec"]}]}},"_links":{"self":[{"href":"https:\/\/www.conahec.org\/index.php\/wp-json\/wp\/v2\/pages\/1799","targetHints":{"allow":["GET"]}}],"collection":[{"href":"https:\/\/www.conahec.org\/index.php\/wp-json\/wp\/v2\/pages"}],"about":[{"href":"https:\/\/www.conahec.org\/index.php\/wp-json\/wp\/v2\/types\/page"}],"author":[{"embeddable":true,"href":"https:\/\/www.conahec.org\/index.php\/wp-json\/wp\/v2\/users\/4"}],"replies":[{"embeddable":true,"href":"https:\/\/www.conahec.org\/index.php\/wp-json\/wp\/v2\/comments?post=1799"}],"version-history":[{"count":14,"href":"https:\/\/www.conahec.org\/index.php\/wp-json\/wp\/v2\/pages\/1799\/revisions"}],"predecessor-version":[{"id":1816,"href":"https:\/\/www.conahec.org\/index.php\/wp-json\/wp\/v2\/pages\/1799\/revisions\/1816"}],"wp:attachment":[{"href":"https:\/\/www.conahec.org\/index.php\/wp-json\/wp\/v2\/media?parent=1799"}],"wp:term":[{"taxonomy":"wf_page_folders","embeddable":true,"href":"https:\/\/www.conahec.org\/index.php\/wp-json\/wp\/v2\/wf_page_folders?post=1799"}],"curies":[{"name":"wp","href":"https:\/\/api.w.org\/{rel}","templated":true}]}}