{"id":1808,"date":"2024-05-06T18:48:20","date_gmt":"2024-05-06T18:48:20","guid":{"rendered":"https:\/\/www.conahec.org\/?page_id=1808"},"modified":"2024-05-24T04:46:33","modified_gmt":"2024-05-24T04:46:33","slug":"echange-intercontinental-de-personnel-stella-2","status":"publish","type":"page","link":"https:\/\/www.conahec.org\/index.php\/fr\/echange-intercontinental-de-personnel-stella-2\/","title":{"rendered":"\u00c9change intercontinental de personnel STELLA"},"content":{"rendered":"\t\t<div data-elementor-type=\"wp-page\" data-elementor-id=\"1808\" class=\"elementor elementor-1808\" data-elementor-post-type=\"page\">\n\t\t\t\t<div class=\"elementor-element elementor-element-2839251 e-flex e-con-boxed e-con e-parent\" data-id=\"2839251\" data-element_type=\"container\">\n\t\t\t\t\t<div class=\"e-con-inner\">\n\t\t\t\t<div class=\"elementor-element elementor-element-77a5ebc elementor-widget elementor-widget-text-editor\" data-id=\"77a5ebc\" data-element_type=\"widget\" data-widget_type=\"text-editor.default\">\n\t\t\t\t<div class=\"elementor-widget-container\">\n\t\t\t<style>\/*! elementor - v3.23.0 - 05-08-2024 *\/\n.elementor-widget-text-editor.elementor-drop-cap-view-stacked .elementor-drop-cap{background-color:#69727d;color:#fff}.elementor-widget-text-editor.elementor-drop-cap-view-framed .elementor-drop-cap{color:#69727d;border:3px solid;background-color:transparent}.elementor-widget-text-editor:not(.elementor-drop-cap-view-default) .elementor-drop-cap{margin-top:8px}.elementor-widget-text-editor:not(.elementor-drop-cap-view-default) .elementor-drop-cap-letter{width:1em;height:1em}.elementor-widget-text-editor .elementor-drop-cap{float:left;text-align:center;line-height:1;font-size:50px}.elementor-widget-text-editor .elementor-drop-cap-letter{display:inline-block}<\/style>\t\t\t\tLe <a href=\"http:\/\/www.conahec.org\/\" target=\"_blank\" rel=\"noopener\">Consortium pour la Collaboration en \u00c9ducation Sup\u00e9rieure en Am\u00e9rique du Nord (CONAHEC)<\/a>, en partenariat avec le <a href=\"http:\/\/web.gcompostela.org\/\" target=\"_blank\" rel=\"noopener\">Groupe Compostela des Universit\u00e9s<\/a>, invite les institutions membres de CONAHEC \u00e0 participer au <a href=\"http:\/\/web.gcompostela.org\/stella-for-staff\/\" target=\"_blank\" rel=\"noopener\">Programme de Mobilit\u00e9 Intercontinentale pour le Personnel Administratif STELLA<\/a>.\n\nLe <a href=\"http:\/\/www2.usc.es\/gcompostela\/en\/activities\/stella.html\" target=\"_blank\" rel=\"noopener\">Programme de Mobilit\u00e9 Intercontinentale pour le Personnel Administratif STELLA<\/a> est con\u00e7u pour que le personnel administratif participe \u00e0 une exp\u00e9rience de mobilit\u00e9 intercontinentale de courte dur\u00e9e, d&#8217;une \u00e0 deux semaines. Cela offre au personnel administratif l&#8217;occasion de rencontrer des coll\u00e8gues d&#8217;autres pays qui effectuent un travail similaire, d&#8217;am\u00e9liorer leurs exp\u00e9riences interculturelles et de partager et d&#8217;apprendre les meilleures pratiques.\n\n<h2>Comment \u00e7a fonctionne?<\/h2>\n<ul>\n \t<li><strong>Important : Les institutions membres de l&#8217;enseignement sup\u00e9rieur int\u00e9ress\u00e9es de CONAHEC doivent proposer d&#8217;accueillir au moins un visiteur dans l&#8217;un de leurs d\u00e9partements\/services pour une visite d&#8217;une \u00e0 deux semaines afin d&#8217;\u00eatre \u00e9ligibles pour soumettre le m\u00eame nombre de candidatures aux espaces ouverts qui seront ensuite publi\u00e9s pour ce programme<\/strong>.<\/li>\n \t<li>Les institutions membres de CONAHEC devront <a href=\"https:\/\/airtable.com\/shr4X3fIVgEKn6iJ2\" target=\"_blank\" rel=\"noopener\">remplir un formulaire \u00e9lectronique d&#8217;offre<\/a>.\n<ul>\n \t<li>Apr\u00e8s avoir soumis la candidature, veuillez envoyer un e-mail \u00e0 Jessica Amarilla (<a href=\"mailto:conahec@gmail.com\">conahec@gmail.com<\/a>) pour nous informer que votre institution proposera un espace.<\/li>\n \t<li>Veuillez noter que les institutions membres de CONAHEC qui ne sont pas ind\u00e9pendamment membres du Groupe Compostela des Universit\u00e9s ne sont PAS \u00e9ligibles pour la subvention de voyage mentionn\u00e9e sur le site web du Groupe Compostela des Universit\u00e9s, donc l&#8217;institution d&#8217;accueil ou les participants eux-m\u00eames sont responsables de couvrir toutes les d\u00e9penses non prises en charge par l&#8217;institution h\u00f4te.<\/li>\n<\/ul>\n<\/li>\n<\/ul>\n<center><a href=\"chrome-extension:\/\/efaidnbmnnnibpcajpcglclefindmkaj\/https:\/\/web.gcompostela.org\/wp-content\/uploads\/2022\/03\/Guidelines-Stella-for-Staff-2022.pdf\" target=\"_blank\" rel=\"noopener\">Cliquez ici pour consulter les d\u00e9tails du programme 2022 pour r\u00e9f\u00e9rence (nous fournirons un lien mis \u00e0 jour d\u00e8s que possible ici).<\/a><\/center>\t\t\t\t\t\t<\/div>\n\t\t\t\t<\/div>\n\t\t\t\t\t<\/div>\n\t\t\t\t<\/div>\n\t\t\t\t<\/div>\n\t\t","protected":false},"excerpt":{"rendered":"","protected":false},"author":4,"featured_media":0,"parent":0,"menu_order":0,"comment_status":"closed","ping_status":"closed","template":"elementor_header_footer","meta":{"ocean_post_layout":"","ocean_both_sidebars_style":"","ocean_both_sidebars_content_width":0,"ocean_both_sidebars_sidebars_width":0,"ocean_sidebar":"","ocean_second_sidebar":"","ocean_disable_margins":"enable","ocean_add_body_class":"","ocean_shortcode_before_top_bar":"","ocean_shortcode_after_top_bar":"","ocean_shortcode_before_header":"","ocean_shortcode_after_header":"","ocean_has_shortcode":"","ocean_shortcode_after_title":"","ocean_shortcode_before_footer_widgets":"","ocean_shortcode_after_footer_widgets":"","ocean_shortcode_before_footer_bottom":"","ocean_shortcode_after_footer_bottom":"","ocean_display_top_bar":"default","ocean_display_header":"default","ocean_header_style":"","ocean_center_header_left_menu":"","ocean_custom_header_template":"","ocean_custom_logo":0,"ocean_custom_retina_logo":0,"ocean_custom_logo_max_width":0,"ocean_custom_logo_tablet_max_width":0,"ocean_custom_logo_mobile_max_width":0,"ocean_custom_logo_max_height":0,"ocean_custom_logo_tablet_max_height":0,"ocean_custom_logo_mobile_max_height":0,"ocean_header_custom_menu":"","ocean_menu_typo_font_family":"","ocean_menu_typo_font_subset":"","ocean_menu_typo_font_size":0,"ocean_menu_typo_font_size_tablet":0,"ocean_menu_typo_font_size_mobile":0,"ocean_menu_typo_font_size_unit":"px","ocean_menu_typo_font_weight":"","ocean_menu_typo_font_weight_tablet":"","ocean_menu_typo_font_weight_mobile":"","ocean_menu_typo_transform":"","ocean_menu_typo_transform_tablet":"","ocean_menu_typo_transform_mobile":"","ocean_menu_typo_line_height":0,"ocean_menu_typo_line_height_tablet":0,"ocean_menu_typo_line_height_mobile":0,"ocean_menu_typo_line_height_unit":"","ocean_menu_typo_spacing":0,"ocean_menu_typo_spacing_tablet":0,"ocean_menu_typo_spacing_mobile":0,"ocean_menu_typo_spacing_unit":"","ocean_menu_link_color":"","ocean_menu_link_color_hover":"","ocean_menu_link_color_active":"","ocean_menu_link_background":"","ocean_menu_link_hover_background":"","ocean_menu_link_active_background":"","ocean_menu_social_links_bg":"","ocean_menu_social_hover_links_bg":"","ocean_menu_social_links_color":"","ocean_menu_social_hover_links_color":"","ocean_disable_title":"default","ocean_disable_heading":"default","ocean_post_title":"","ocean_post_subheading":"","ocean_post_title_style":"","ocean_post_title_background_color":"","ocean_post_title_background":0,"ocean_post_title_bg_image_position":"","ocean_post_title_bg_image_attachment":"","ocean_post_title_bg_image_repeat":"","ocean_post_title_bg_image_size":"","ocean_post_title_height":0,"ocean_post_title_bg_overlay":0.5,"ocean_post_title_bg_overlay_color":"","ocean_disable_breadcrumbs":"default","ocean_breadcrumbs_color":"","ocean_breadcrumbs_separator_color":"","ocean_breadcrumbs_links_color":"","ocean_breadcrumbs_links_hover_color":"","ocean_display_footer_widgets":"default","ocean_display_footer_bottom":"default","ocean_custom_footer_template":"","footnotes":""},"wf_page_folders":[29],"class_list":["post-1808","page","type-page","status-publish","hentry","entry"],"yoast_head":"<!-- This site is optimized with the Yoast SEO plugin v24.3 - https:\/\/yoast.com\/wordpress\/plugins\/seo\/ -->\r\n<title>\u00c9change intercontinental de personnel STELLA - Consortium for North American Higher Education Collaboration<\/title>\r\n<meta name=\"robots\" content=\"index, follow, max-snippet:-1, max-image-preview:large, max-video-preview:-1\" \/>\r\n<link rel=\"canonical\" href=\"https:\/\/www.conahec.org\/index.php\/fr\/echange-intercontinental-de-personnel-stella-2\/\" \/>\r\n<meta property=\"og:locale\" content=\"en_US\" \/>\r\n<meta property=\"og:type\" content=\"article\" \/>\r\n<meta property=\"og:title\" content=\"\u00c9change intercontinental de personnel STELLA - Consortium for North American Higher Education Collaboration\" \/>\r\n<meta property=\"og:url\" content=\"https:\/\/www.conahec.org\/index.php\/fr\/echange-intercontinental-de-personnel-stella-2\/\" \/>\r\n<meta property=\"og:site_name\" content=\"Consortium for North American Higher Education Collaboration\" \/>\r\n<meta property=\"article:publisher\" content=\"https:\/\/www.facebook.com\/CONAHEC1\/\" \/>\r\n<meta property=\"article:modified_time\" content=\"2024-05-24T04:46:33+00:00\" \/>\r\n<meta name=\"twitter:card\" content=\"summary_large_image\" \/>\r\n<meta name=\"twitter:site\" content=\"@conahec\" \/>\r\n<script type=\"application\/ld+json\" class=\"yoast-schema-graph\">{\"@context\":\"https:\/\/schema.org\",\"@graph\":[{\"@type\":\"WebPage\",\"@id\":\"https:\/\/www.conahec.org\/index.php\/fr\/echange-intercontinental-de-personnel-stella-2\/\",\"url\":\"https:\/\/www.conahec.org\/index.php\/fr\/echange-intercontinental-de-personnel-stella-2\/\",\"name\":\"\u00c9change intercontinental de personnel STELLA - Consortium for North American Higher Education Collaboration\",\"isPartOf\":{\"@id\":\"https:\/\/www.conahec.org\/#website\"},\"datePublished\":\"2024-05-06T18:48:20+00:00\",\"dateModified\":\"2024-05-24T04:46:33+00:00\",\"breadcrumb\":{\"@id\":\"https:\/\/www.conahec.org\/index.php\/fr\/echange-intercontinental-de-personnel-stella-2\/#breadcrumb\"},\"inLanguage\":\"en-US\",\"potentialAction\":[{\"@type\":\"ReadAction\",\"target\":[\"https:\/\/www.conahec.org\/index.php\/fr\/echange-intercontinental-de-personnel-stella-2\/\"]}]},{\"@type\":\"BreadcrumbList\",\"@id\":\"https:\/\/www.conahec.org\/index.php\/fr\/echange-intercontinental-de-personnel-stella-2\/#breadcrumb\",\"itemListElement\":[{\"@type\":\"ListItem\",\"position\":1,\"name\":\"Home\",\"item\":\"https:\/\/www.conahec.org\/\"},{\"@type\":\"ListItem\",\"position\":2,\"name\":\"\u00c9change intercontinental de personnel STELLA\"}]},{\"@type\":\"WebSite\",\"@id\":\"https:\/\/www.conahec.org\/#website\",\"url\":\"https:\/\/www.conahec.org\/\",\"name\":\"conahec.org\",\"description\":\"Facilitating Higher Education Collaboration in North America and Beyond\",\"publisher\":{\"@id\":\"https:\/\/www.conahec.org\/#organization\"},\"potentialAction\":[{\"@type\":\"SearchAction\",\"target\":{\"@type\":\"EntryPoint\",\"urlTemplate\":\"https:\/\/www.conahec.org\/?s={search_term_string}\"},\"query-input\":{\"@type\":\"PropertyValueSpecification\",\"valueRequired\":true,\"valueName\":\"search_term_string\"}}],\"inLanguage\":\"en-US\"},{\"@type\":\"Organization\",\"@id\":\"https:\/\/www.conahec.org\/#organization\",\"name\":\"Consortium for North American Higher Education Collaboration (CONAHEC)\",\"url\":\"https:\/\/www.conahec.org\/\",\"logo\":{\"@type\":\"ImageObject\",\"inLanguage\":\"en-US\",\"@id\":\"https:\/\/www.conahec.org\/#\/schema\/logo\/image\/\",\"url\":\"https:\/\/www.conahec.org\/wp-content\/uploads\/2024\/05\/CONAHECFavicon.jpg\",\"contentUrl\":\"https:\/\/www.conahec.org\/wp-content\/uploads\/2024\/05\/CONAHECFavicon.jpg\",\"width\":512,\"height\":512,\"caption\":\"Consortium for North American Higher Education Collaboration (CONAHEC)\"},\"image\":{\"@id\":\"https:\/\/www.conahec.org\/#\/schema\/logo\/image\/\"},\"sameAs\":[\"https:\/\/www.facebook.com\/CONAHEC1\/\",\"https:\/\/x.com\/conahec\"]}]}<\/script>\r\n<!-- \/ Yoast SEO plugin. -->","yoast_head_json":{"title":"\u00c9change intercontinental de personnel STELLA - Consortium for North American Higher Education Collaboration","robots":{"index":"index","follow":"follow","max-snippet":"max-snippet:-1","max-image-preview":"max-image-preview:large","max-video-preview":"max-video-preview:-1"},"canonical":"https:\/\/www.conahec.org\/index.php\/fr\/echange-intercontinental-de-personnel-stella-2\/","og_locale":"en_US","og_type":"article","og_title":"\u00c9change intercontinental de personnel STELLA - Consortium for North American Higher Education Collaboration","og_url":"https:\/\/www.conahec.org\/index.php\/fr\/echange-intercontinental-de-personnel-stella-2\/","og_site_name":"Consortium for North American Higher Education Collaboration","article_publisher":"https:\/\/www.facebook.com\/CONAHEC1\/","article_modified_time":"2024-05-24T04:46:33+00:00","twitter_card":"summary_large_image","twitter_site":"@conahec","schema":{"@context":"https:\/\/schema.org","@graph":[{"@type":"WebPage","@id":"https:\/\/www.conahec.org\/index.php\/fr\/echange-intercontinental-de-personnel-stella-2\/","url":"https:\/\/www.conahec.org\/index.php\/fr\/echange-intercontinental-de-personnel-stella-2\/","name":"\u00c9change intercontinental de personnel STELLA - Consortium for North American Higher Education Collaboration","isPartOf":{"@id":"https:\/\/www.conahec.org\/#website"},"datePublished":"2024-05-06T18:48:20+00:00","dateModified":"2024-05-24T04:46:33+00:00","breadcrumb":{"@id":"https:\/\/www.conahec.org\/index.php\/fr\/echange-intercontinental-de-personnel-stella-2\/#breadcrumb"},"inLanguage":"en-US","potentialAction":[{"@type":"ReadAction","target":["https:\/\/www.conahec.org\/index.php\/fr\/echange-intercontinental-de-personnel-stella-2\/"]}]},{"@type":"BreadcrumbList","@id":"https:\/\/www.conahec.org\/index.php\/fr\/echange-intercontinental-de-personnel-stella-2\/#breadcrumb","itemListElement":[{"@type":"ListItem","position":1,"name":"Home","item":"https:\/\/www.conahec.org\/"},{"@type":"ListItem","position":2,"name":"\u00c9change intercontinental de personnel STELLA"}]},{"@type":"WebSite","@id":"https:\/\/www.conahec.org\/#website","url":"https:\/\/www.conahec.org\/","name":"conahec.org","description":"Facilitating Higher Education Collaboration in North America and Beyond","publisher":{"@id":"https:\/\/www.conahec.org\/#organization"},"potentialAction":[{"@type":"SearchAction","target":{"@type":"EntryPoint","urlTemplate":"https:\/\/www.conahec.org\/?s={search_term_string}"},"query-input":{"@type":"PropertyValueSpecification","valueRequired":true,"valueName":"search_term_string"}}],"inLanguage":"en-US"},{"@type":"Organization","@id":"https:\/\/www.conahec.org\/#organization","name":"Consortium for North American Higher Education Collaboration (CONAHEC)","url":"https:\/\/www.conahec.org\/","logo":{"@type":"ImageObject","inLanguage":"en-US","@id":"https:\/\/www.conahec.org\/#\/schema\/logo\/image\/","url":"https:\/\/www.conahec.org\/wp-content\/uploads\/2024\/05\/CONAHECFavicon.jpg","contentUrl":"https:\/\/www.conahec.org\/wp-content\/uploads\/2024\/05\/CONAHECFavicon.jpg","width":512,"height":512,"caption":"Consortium for North American Higher Education Collaboration (CONAHEC)"},"image":{"@id":"https:\/\/www.conahec.org\/#\/schema\/logo\/image\/"},"sameAs":["https:\/\/www.facebook.com\/CONAHEC1\/","https:\/\/x.com\/conahec"]}]}},"_links":{"self":[{"href":"https:\/\/www.conahec.org\/index.php\/wp-json\/wp\/v2\/pages\/1808","targetHints":{"allow":["GET"]}}],"collection":[{"href":"https:\/\/www.conahec.org\/index.php\/wp-json\/wp\/v2\/pages"}],"about":[{"href":"https:\/\/www.conahec.org\/index.php\/wp-json\/wp\/v2\/types\/page"}],"author":[{"embeddable":true,"href":"https:\/\/www.conahec.org\/index.php\/wp-json\/wp\/v2\/users\/4"}],"replies":[{"embeddable":true,"href":"https:\/\/www.conahec.org\/index.php\/wp-json\/wp\/v2\/comments?post=1808"}],"version-history":[{"count":1,"href":"https:\/\/www.conahec.org\/index.php\/wp-json\/wp\/v2\/pages\/1808\/revisions"}],"predecessor-version":[{"id":1809,"href":"https:\/\/www.conahec.org\/index.php\/wp-json\/wp\/v2\/pages\/1808\/revisions\/1809"}],"wp:attachment":[{"href":"https:\/\/www.conahec.org\/index.php\/wp-json\/wp\/v2\/media?parent=1808"}],"wp:term":[{"taxonomy":"wf_page_folders","embeddable":true,"href":"https:\/\/www.conahec.org\/index.php\/wp-json\/wp\/v2\/wf_page_folders?post=1808"}],"curies":[{"name":"wp","href":"https:\/\/api.w.org\/{rel}","templated":true}]}}