{"id":1817,"date":"2024-05-06T18:06:37","date_gmt":"2024-05-06T18:06:37","guid":{"rendered":"https:\/\/www.conahec.org\/?page_id=1817"},"modified":"2024-05-24T04:47:41","modified_gmt":"2024-05-24T04:47:41","slug":"programa-de-asociaciones-internacionales-virtuales-vip","status":"publish","type":"page","link":"https:\/\/www.conahec.org\/index.php\/es\/programa-de-asociaciones-internacionales-virtuales-vip\/","title":{"rendered":"Programa de asociaciones internacionales virtuales (VIP)"},"content":{"rendered":"\t\t<div data-elementor-type=\"wp-page\" data-elementor-id=\"1817\" class=\"elementor elementor-1817\" data-elementor-post-type=\"page\">\n\t\t\t\t<div class=\"elementor-element elementor-element-e485bbb e-flex e-con-boxed e-con e-parent\" data-id=\"e485bbb\" data-element_type=\"container\">\n\t\t\t\t\t<div class=\"e-con-inner\">\n\t\t\t\t<div class=\"elementor-element elementor-element-a452e02 elementor-widget elementor-widget-text-editor\" data-id=\"a452e02\" data-element_type=\"widget\" data-widget_type=\"text-editor.default\">\n\t\t\t\t<div class=\"elementor-widget-container\">\n\t\t\t<style>\/*! elementor - v3.23.0 - 05-08-2024 *\/\n.elementor-widget-text-editor.elementor-drop-cap-view-stacked .elementor-drop-cap{background-color:#69727d;color:#fff}.elementor-widget-text-editor.elementor-drop-cap-view-framed .elementor-drop-cap{color:#69727d;border:3px solid;background-color:transparent}.elementor-widget-text-editor:not(.elementor-drop-cap-view-default) .elementor-drop-cap{margin-top:8px}.elementor-widget-text-editor:not(.elementor-drop-cap-view-default) .elementor-drop-cap-letter{width:1em;height:1em}.elementor-widget-text-editor .elementor-drop-cap{float:left;text-align:center;line-height:1;font-size:50px}.elementor-widget-text-editor .elementor-drop-cap-letter{display:inline-block}<\/style>\t\t\t\tEl prop\u00f3sito de este programa es emparejar a un miembro de la facultad de una instituci\u00f3n miembro de CONAHEC con uno o m\u00e1s miembros de la facultad de otra instituci\u00f3n miembro de CONAHEC en un segundo pa\u00eds, quienes, como pareja o grupo, colaborar\u00e1n en el dise\u00f1o y la ense\u00f1anza de una parte o de un curso completo utilizando tecnolog\u00edas de la informaci\u00f3n y metodolog\u00edas de desarrollo de cursos en l\u00ednea colaborativos. En circunstancias ideales, intentaremos emparejar a un tercer miembro de la facultad de un tercer pa\u00eds para crear una colaboraci\u00f3n trilateral. Aunque este programa est\u00e1 dise\u00f1ado para emparejarse muy bien con el Programa de Intercambio de Profesores a Corto Plazo de CONAHEC, en el caso de nuestro programa VIP, no se espera que los socios participantes viajen f\u00edsicamente a la instituci\u00f3n\/pa\u00eds de los dem\u00e1s. Se espera que cada profesor colabore con el socio para planificar, dise\u00f1ar y organizar una actividad virtual a trav\u00e9s de la cual ofrezcan a sus respectivos estudiantes la oportunidad de interactuar y colaborar con el grupo de estudiantes de su socio.\n\n<h2>Resultados Esperados:<\/h2>\nLos estudiantes de cada instituci\u00f3n participante estar\u00e1n expuestos a parte del contenido, an\u00e1lisis, metodolog\u00eda de ense\u00f1anza e interacciones en el aula de la instituci\u00f3n del profesor socio. Este proceso contribuir\u00e1 a la internacionalizaci\u00f3n del curr\u00edculo, promover\u00e1 actividades de ense\u00f1anza conjunta, abrir\u00e1 puertas a posibilidades de colaboraci\u00f3n posterior con los profesores socios y con otros acad\u00e9micos de la otra instituci\u00f3n. Implementado estrat\u00e9gicamente, la participaci\u00f3n en este programa puede crear un compromiso internacional continuo, colaboraciones que se vuelven m\u00e1s profundas y acad\u00e9micamente significativas con el tiempo, y puede crear caminos para que los estudiantes participen en trabajos acad\u00e9micos internacionales que cambian la vida. Con el tiempo, esto tambi\u00e9n puede establecer confianza entre los profesores, sus departamentos e instituciones, y puede resultar en la institucionalizaci\u00f3n de colaboraciones en forma de ofertas de programas de grado colaborativos, semestres dirigidos por profesores en el extranjero, estudios en el extranjero para estudiantes, etc.\n<h2>C\u00f3mo Funciona:<\/h2>\nLos representantes de las instituciones miembros de CONAHEC interesados ser\u00e1n responsables de contactar a las facultades y escuelas dentro de su propia instituci\u00f3n para identificar y alentar a los miembros de la facultad interesados en participar. Los miembros de la facultad interesados deben completar y enviar el formulario de Constructor de Perfil Acad\u00e9mico en el sitio web de CONAHEC. Adem\u00e1s de la informaci\u00f3n de contacto personal, este formulario de Constructor de Perfil Acad\u00e9mico se puede revisar peri\u00f3dicamente para registrar la producci\u00f3n acad\u00e9mica en t\u00e9rminos de publicaciones, cursos impartidos, intereses acad\u00e9micos, ideas para futuros proyectos, etc. Cuanto m\u00e1s completo sea el perfil proporcionado, m\u00e1s f\u00e1cil ser\u00e1 para el personal de CONAHEC y los contactos institucionales encontrar posibles socios para proyectos de colaboraci\u00f3n internacional. Se alientan las propuestas conjuntas de universidades que deseen colaborar, en cuyo caso se alienta a los respectivos miembros de la facultad en cuesti\u00f3n a completar el formulario de Constructor de Perfil Acad\u00e9mico identificando a su socio y la instituci\u00f3n en ese momento para que el emparejamiento pueda formalizarse dentro del programa de CONAHEC. CONAHEC utilizar\u00e1 las presentaciones a trav\u00e9s del sistema de Constructor de Perfil Acad\u00e9mico para identificar posibles socios y los notificar\u00e1 a ellos y a sus respectivos contactos institucionales para iniciar conversaciones exploratorias. Tenga en cuenta que sugerir un posible socio o instituci\u00f3n asociada aumentar\u00e1 considerablemente las posibilidades de CONAHEC y de nuestros contactos institucionales de ayudar a los miembros de la facultad a iniciar una asociaci\u00f3n a trav\u00e9s del programa. El grupo de miembros de la facultad colaboradores dise\u00f1ar\u00e1 los elementos del plan de estudios del curso involucrado en la colaboraci\u00f3n y los cronogramas y actividades a implementar durante el curso\/semestre en cuesti\u00f3n. Un cronograma preliminar, un plan acad\u00e9mico y de colaboraci\u00f3n se compartir\u00e1n con el personal del programa de CONAHEC como el entregable inicial requerido. Los miembros de la facultad seleccionados trabajar\u00e1n juntos antes del semestre en el que se implementar\u00e1n sus m\u00f3dulos o cursos colaborativos para asegurarse de que los estudiantes y los socios reciban una valiosa contribuci\u00f3n a trav\u00e9s de la colaboraci\u00f3n. Luego, cada miembro de la facultad participante participar\u00e1 en los elementos de ense\u00f1anza colaborativa de la asociaci\u00f3n internacional virtual durante el semestre posterior a aquel en el que se estableci\u00f3 el emparejamiento. Cualquier demora o cambio en el cronograma y el plan se comunicar\u00e1 a CONAHEC. Como se mencion\u00f3, este programa est\u00e1 dise\u00f1ado para emparejarse con el Programa de Intercambio de Profesores a Corto Plazo de CONAHEC y, como tal, se alienta a los miembros de la facultad participantes a enviar propuestas que involucren visitas internacionales a corto plazo a la instituci\u00f3n de su socio en caso de que el programa tambi\u00e9n sea de inter\u00e9s. Si es as\u00ed, consulte las pautas proporcionadas en la p\u00e1gina del Programa de Intercambio de Profesores a Corto Plazo. Alentamos a los miembros de la facultad participantes a revisar y actualizar peri\u00f3dicamente el sistema de Constructor de Perfil Acad\u00e9mico para mantenernos informados de este progreso.\n<h2>Se Espera que los Socios Completen las Siguientes Tareas:<\/h2>\n<h2>Antes de la Visita:<\/h2>\nCONAHEC y\/o el coordinador institucional del miembro de CONAHEC presenta un posible emparejamiento al miembro de la facultad. Se espera que los miembros de la facultad propuestos como posible asociaci\u00f3n establezcan comunicaci\u00f3n para tener una conversaci\u00f3n exploratoria inicial. Si la asociaci\u00f3n sigue adelante, este hecho debe comunicarse a CONAHEC y a los respectivos representantes institucionales miembros de CONAHEC.\nDespu\u00e9s de confirmar la asociaci\u00f3n, se espera que los miembros de la facultad establezcan una comunicaci\u00f3n peri\u00f3dica continua para identificar y acordar de manera cooperativa el alcance y las actividades planificadas para la colaboraci\u00f3n. Como parte del ejercicio de planificaci\u00f3n, tenga en cuenta que todas las actividades realizadas deben registrarse para su inclusi\u00f3n en los informes. Tambi\u00e9n se debe prever la recopilaci\u00f3n de encuestas de evaluaci\u00f3n de los estudiantes, los miembros de la facultad participantes y los representantes institucionales miembros de CONAHEC. Adem\u00e1s, informe a los estudiantes que se solicitar\u00e1n testimonios para que puedan atestiguar el valor acad\u00e9mico y personal de la experiencia. Un documento de actividad de planificaci\u00f3n completado debe enviarse a CONAHEC antes de que finalice el semestre anterior a aquel en el que se llevar\u00e1 a cabo la visita.\n<h2>Durante el Semestre de Implementaci\u00f3n:<\/h2>\n(se espera que cada profesor participe en todas las clases en las que sus propios estudiantes est\u00e9n presentes junto con el representante de la instituci\u00f3n socia):\n<ul>\n \t<li>Los profesores visitantes virtuales colaborar\u00e1n para ense\u00f1ar\/coense\u00f1ar las clases (el profesor de registro retiene ese estado durante todo el curso en cuesti\u00f3n).<\/li>\n \t<li>Se pueden hacer arreglos para que el profesor visitante virtual ofrezca una presentaci\u00f3n en su \u00e1rea de especializaci\u00f3n abierta a la comunidad acad\u00e9mica o general.<\/li>\n \t<li>Se pueden hacer arreglos para que el profesor visitante virtual se re\u00fana con representantes de los departamentos acad\u00e9micos apropiados en la instituci\u00f3n internacional para discutir posibles iniciativas de colaboraci\u00f3n posteriores.<\/li>\n \t<li>Se anima encarecidamente a los profesores visitantes virtuales a participar en actividades de divulgaci\u00f3n comunitaria facilitadas por la instituci\u00f3n de su socio internacional si las condiciones lo permiten.<\/li>\n \t<li>Los profesores socios organizar\u00e1n una actividad en l\u00ednea\/virtual para ofrecer a sus respectivos grupos de estudiantes en sus instituciones de origen la oportunidad de interactuar con el grupo de estudiantes del otro profesor. Esta actividad podr\u00eda llevarse a cabo en cualquier momento y con la frecuencia que permita el dise\u00f1o del curso durante el semestre y, en algunos casos, ha durado todo el semestre.<\/li>\n<\/ul>\n<h2>Despu\u00e9s del Semestre de Implementaci\u00f3n:<\/h2>\n<ul>\n \t<li>Se espera que los profesores completen la Encuesta de Evaluaci\u00f3n del Programa de Asociaciones Internacionales Virtuales de CONAHEC y la administren a su propio grupo de estudiantes.<\/li>\n \t<li>Cada profesor presentar\u00e1 un informe final a CONAHEC al final del semestre.<\/li>\n<\/ul>\t\t\t\t\t\t<\/div>\n\t\t\t\t<\/div>\n\t\t\t\t\t<\/div>\n\t\t\t\t<\/div>\n\t\t\t\t<\/div>\n\t\t","protected":false},"excerpt":{"rendered":"<p>El prop\u00f3sito de este programa es emparejar a un miembro de la facultad de una instituci\u00f3n miembro de CONAHEC con uno o m\u00e1s miembros de la facultad de otra instituci\u00f3n miembro de CONAHEC en un segundo pa\u00eds, quienes, como pareja o grupo, colaborar\u00e1n en el dise\u00f1o y la ense\u00f1anza de una parte o de un [&hellip;]<\/p>\n","protected":false},"author":4,"featured_media":0,"parent":0,"menu_order":0,"comment_status":"closed","ping_status":"closed","template":"elementor_header_footer","meta":{"ocean_post_layout":"","ocean_both_sidebars_style":"","ocean_both_sidebars_content_width":0,"ocean_both_sidebars_sidebars_width":0,"ocean_sidebar":"","ocean_second_sidebar":"","ocean_disable_margins":"enable","ocean_add_body_class":"","ocean_shortcode_before_top_bar":"","ocean_shortcode_after_top_bar":"","ocean_shortcode_before_header":"","ocean_shortcode_after_header":"","ocean_has_shortcode":"","ocean_shortcode_after_title":"","ocean_shortcode_before_footer_widgets":"","ocean_shortcode_after_footer_widgets":"","ocean_shortcode_before_footer_bottom":"","ocean_shortcode_after_footer_bottom":"","ocean_display_top_bar":"default","ocean_display_header":"default","ocean_header_style":"","ocean_center_header_left_menu":"","ocean_custom_header_template":"","ocean_custom_logo":0,"ocean_custom_retina_logo":0,"ocean_custom_logo_max_width":0,"ocean_custom_logo_tablet_max_width":0,"ocean_custom_logo_mobile_max_width":0,"ocean_custom_logo_max_height":0,"ocean_custom_logo_tablet_max_height":0,"ocean_custom_logo_mobile_max_height":0,"ocean_header_custom_menu":"","ocean_menu_typo_font_family":"","ocean_menu_typo_font_subset":"","ocean_menu_typo_font_size":0,"ocean_menu_typo_font_size_tablet":0,"ocean_menu_typo_font_size_mobile":0,"ocean_menu_typo_font_size_unit":"px","ocean_menu_typo_font_weight":"","ocean_menu_typo_font_weight_tablet":"","ocean_menu_typo_font_weight_mobile":"","ocean_menu_typo_transform":"","ocean_menu_typo_transform_tablet":"","ocean_menu_typo_transform_mobile":"","ocean_menu_typo_line_height":0,"ocean_menu_typo_line_height_tablet":0,"ocean_menu_typo_line_height_mobile":0,"ocean_menu_typo_line_height_unit":"","ocean_menu_typo_spacing":0,"ocean_menu_typo_spacing_tablet":0,"ocean_menu_typo_spacing_mobile":0,"ocean_menu_typo_spacing_unit":"","ocean_menu_link_color":"","ocean_menu_link_color_hover":"","ocean_menu_link_color_active":"","ocean_menu_link_background":"","ocean_menu_link_hover_background":"","ocean_menu_link_active_background":"","ocean_menu_social_links_bg":"","ocean_menu_social_hover_links_bg":"","ocean_menu_social_links_color":"","ocean_menu_social_hover_links_color":"","ocean_disable_title":"default","ocean_disable_heading":"default","ocean_post_title":"","ocean_post_subheading":"","ocean_post_title_style":"","ocean_post_title_background_color":"","ocean_post_title_background":0,"ocean_post_title_bg_image_position":"","ocean_post_title_bg_image_attachment":"","ocean_post_title_bg_image_repeat":"","ocean_post_title_bg_image_size":"","ocean_post_title_height":0,"ocean_post_title_bg_overlay":0.5,"ocean_post_title_bg_overlay_color":"","ocean_disable_breadcrumbs":"default","ocean_breadcrumbs_color":"","ocean_breadcrumbs_separator_color":"","ocean_breadcrumbs_links_color":"","ocean_breadcrumbs_links_hover_color":"","ocean_display_footer_widgets":"default","ocean_display_footer_bottom":"default","ocean_custom_footer_template":"","footnotes":""},"wf_page_folders":[28],"class_list":["post-1817","page","type-page","status-publish","hentry","entry"],"yoast_head":"<!-- This site is optimized with the Yoast SEO plugin v24.3 - https:\/\/yoast.com\/wordpress\/plugins\/seo\/ -->\r\n<title>Programa de asociaciones internacionales virtuales (VIP) - Consortium for North American Higher Education Collaboration<\/title>\r\n<meta name=\"robots\" content=\"index, follow, max-snippet:-1, max-image-preview:large, max-video-preview:-1\" \/>\r\n<link rel=\"canonical\" href=\"https:\/\/www.conahec.org\/index.php\/es\/programa-de-asociaciones-internacionales-virtuales-vip\/\" \/>\r\n<meta property=\"og:locale\" content=\"en_US\" \/>\r\n<meta property=\"og:type\" content=\"article\" \/>\r\n<meta property=\"og:title\" content=\"Programa de asociaciones internacionales virtuales (VIP) - Consortium for North American Higher Education Collaboration\" \/>\r\n<meta property=\"og:description\" content=\"El prop\u00f3sito de este programa es emparejar a un miembro de la facultad de una instituci\u00f3n miembro de CONAHEC con uno o m\u00e1s miembros de la facultad de otra instituci\u00f3n miembro de CONAHEC en un segundo pa\u00eds, quienes, como pareja o grupo, colaborar\u00e1n en el dise\u00f1o y la ense\u00f1anza de una parte o de un [&hellip;]\" \/>\r\n<meta property=\"og:url\" content=\"https:\/\/www.conahec.org\/index.php\/es\/programa-de-asociaciones-internacionales-virtuales-vip\/\" \/>\r\n<meta property=\"og:site_name\" content=\"Consortium for North American Higher Education Collaboration\" \/>\r\n<meta property=\"article:publisher\" content=\"https:\/\/www.facebook.com\/CONAHEC1\/\" \/>\r\n<meta property=\"article:modified_time\" content=\"2024-05-24T04:47:41+00:00\" \/>\r\n<meta name=\"twitter:card\" content=\"summary_large_image\" \/>\r\n<meta name=\"twitter:site\" content=\"@conahec\" \/>\r\n<meta name=\"twitter:label1\" content=\"Est. reading time\" \/>\n\t<meta name=\"twitter:data1\" content=\"6 minutes\" \/>\r\n<script type=\"application\/ld+json\" class=\"yoast-schema-graph\">{\"@context\":\"https:\/\/schema.org\",\"@graph\":[{\"@type\":\"WebPage\",\"@id\":\"https:\/\/www.conahec.org\/index.php\/es\/programa-de-asociaciones-internacionales-virtuales-vip\/\",\"url\":\"https:\/\/www.conahec.org\/index.php\/es\/programa-de-asociaciones-internacionales-virtuales-vip\/\",\"name\":\"Programa de asociaciones internacionales virtuales (VIP) - Consortium for North American Higher Education Collaboration\",\"isPartOf\":{\"@id\":\"https:\/\/www.conahec.org\/#website\"},\"datePublished\":\"2024-05-06T18:06:37+00:00\",\"dateModified\":\"2024-05-24T04:47:41+00:00\",\"breadcrumb\":{\"@id\":\"https:\/\/www.conahec.org\/index.php\/es\/programa-de-asociaciones-internacionales-virtuales-vip\/#breadcrumb\"},\"inLanguage\":\"en-US\",\"potentialAction\":[{\"@type\":\"ReadAction\",\"target\":[\"https:\/\/www.conahec.org\/index.php\/es\/programa-de-asociaciones-internacionales-virtuales-vip\/\"]}]},{\"@type\":\"BreadcrumbList\",\"@id\":\"https:\/\/www.conahec.org\/index.php\/es\/programa-de-asociaciones-internacionales-virtuales-vip\/#breadcrumb\",\"itemListElement\":[{\"@type\":\"ListItem\",\"position\":1,\"name\":\"Home\",\"item\":\"https:\/\/www.conahec.org\/\"},{\"@type\":\"ListItem\",\"position\":2,\"name\":\"Programa de asociaciones internacionales virtuales (VIP)\"}]},{\"@type\":\"WebSite\",\"@id\":\"https:\/\/www.conahec.org\/#website\",\"url\":\"https:\/\/www.conahec.org\/\",\"name\":\"conahec.org\",\"description\":\"Facilitating Higher Education Collaboration in North America and Beyond\",\"publisher\":{\"@id\":\"https:\/\/www.conahec.org\/#organization\"},\"potentialAction\":[{\"@type\":\"SearchAction\",\"target\":{\"@type\":\"EntryPoint\",\"urlTemplate\":\"https:\/\/www.conahec.org\/?s={search_term_string}\"},\"query-input\":{\"@type\":\"PropertyValueSpecification\",\"valueRequired\":true,\"valueName\":\"search_term_string\"}}],\"inLanguage\":\"en-US\"},{\"@type\":\"Organization\",\"@id\":\"https:\/\/www.conahec.org\/#organization\",\"name\":\"Consortium for North American Higher Education Collaboration (CONAHEC)\",\"url\":\"https:\/\/www.conahec.org\/\",\"logo\":{\"@type\":\"ImageObject\",\"inLanguage\":\"en-US\",\"@id\":\"https:\/\/www.conahec.org\/#\/schema\/logo\/image\/\",\"url\":\"https:\/\/www.conahec.org\/wp-content\/uploads\/2024\/05\/CONAHECFavicon.jpg\",\"contentUrl\":\"https:\/\/www.conahec.org\/wp-content\/uploads\/2024\/05\/CONAHECFavicon.jpg\",\"width\":512,\"height\":512,\"caption\":\"Consortium for North American Higher Education Collaboration (CONAHEC)\"},\"image\":{\"@id\":\"https:\/\/www.conahec.org\/#\/schema\/logo\/image\/\"},\"sameAs\":[\"https:\/\/www.facebook.com\/CONAHEC1\/\",\"https:\/\/x.com\/conahec\"]}]}<\/script>\r\n<!-- \/ Yoast SEO plugin. -->","yoast_head_json":{"title":"Programa de asociaciones internacionales virtuales (VIP) - Consortium for North American Higher Education Collaboration","robots":{"index":"index","follow":"follow","max-snippet":"max-snippet:-1","max-image-preview":"max-image-preview:large","max-video-preview":"max-video-preview:-1"},"canonical":"https:\/\/www.conahec.org\/index.php\/es\/programa-de-asociaciones-internacionales-virtuales-vip\/","og_locale":"en_US","og_type":"article","og_title":"Programa de asociaciones internacionales virtuales (VIP) - Consortium for North American Higher Education Collaboration","og_description":"El prop\u00f3sito de este programa es emparejar a un miembro de la facultad de una instituci\u00f3n miembro de CONAHEC con uno o m\u00e1s miembros de la facultad de otra instituci\u00f3n miembro de CONAHEC en un segundo pa\u00eds, quienes, como pareja o grupo, colaborar\u00e1n en el dise\u00f1o y la ense\u00f1anza de una parte o de un [&hellip;]","og_url":"https:\/\/www.conahec.org\/index.php\/es\/programa-de-asociaciones-internacionales-virtuales-vip\/","og_site_name":"Consortium for North American Higher Education Collaboration","article_publisher":"https:\/\/www.facebook.com\/CONAHEC1\/","article_modified_time":"2024-05-24T04:47:41+00:00","twitter_card":"summary_large_image","twitter_site":"@conahec","twitter_misc":{"Est. reading time":"6 minutes"},"schema":{"@context":"https:\/\/schema.org","@graph":[{"@type":"WebPage","@id":"https:\/\/www.conahec.org\/index.php\/es\/programa-de-asociaciones-internacionales-virtuales-vip\/","url":"https:\/\/www.conahec.org\/index.php\/es\/programa-de-asociaciones-internacionales-virtuales-vip\/","name":"Programa de asociaciones internacionales virtuales (VIP) - Consortium for North American Higher Education Collaboration","isPartOf":{"@id":"https:\/\/www.conahec.org\/#website"},"datePublished":"2024-05-06T18:06:37+00:00","dateModified":"2024-05-24T04:47:41+00:00","breadcrumb":{"@id":"https:\/\/www.conahec.org\/index.php\/es\/programa-de-asociaciones-internacionales-virtuales-vip\/#breadcrumb"},"inLanguage":"en-US","potentialAction":[{"@type":"ReadAction","target":["https:\/\/www.conahec.org\/index.php\/es\/programa-de-asociaciones-internacionales-virtuales-vip\/"]}]},{"@type":"BreadcrumbList","@id":"https:\/\/www.conahec.org\/index.php\/es\/programa-de-asociaciones-internacionales-virtuales-vip\/#breadcrumb","itemListElement":[{"@type":"ListItem","position":1,"name":"Home","item":"https:\/\/www.conahec.org\/"},{"@type":"ListItem","position":2,"name":"Programa de asociaciones internacionales virtuales (VIP)"}]},{"@type":"WebSite","@id":"https:\/\/www.conahec.org\/#website","url":"https:\/\/www.conahec.org\/","name":"conahec.org","description":"Facilitating Higher Education Collaboration in North America and Beyond","publisher":{"@id":"https:\/\/www.conahec.org\/#organization"},"potentialAction":[{"@type":"SearchAction","target":{"@type":"EntryPoint","urlTemplate":"https:\/\/www.conahec.org\/?s={search_term_string}"},"query-input":{"@type":"PropertyValueSpecification","valueRequired":true,"valueName":"search_term_string"}}],"inLanguage":"en-US"},{"@type":"Organization","@id":"https:\/\/www.conahec.org\/#organization","name":"Consortium for North American Higher Education Collaboration (CONAHEC)","url":"https:\/\/www.conahec.org\/","logo":{"@type":"ImageObject","inLanguage":"en-US","@id":"https:\/\/www.conahec.org\/#\/schema\/logo\/image\/","url":"https:\/\/www.conahec.org\/wp-content\/uploads\/2024\/05\/CONAHECFavicon.jpg","contentUrl":"https:\/\/www.conahec.org\/wp-content\/uploads\/2024\/05\/CONAHECFavicon.jpg","width":512,"height":512,"caption":"Consortium for North American Higher Education Collaboration (CONAHEC)"},"image":{"@id":"https:\/\/www.conahec.org\/#\/schema\/logo\/image\/"},"sameAs":["https:\/\/www.facebook.com\/CONAHEC1\/","https:\/\/x.com\/conahec"]}]}},"_links":{"self":[{"href":"https:\/\/www.conahec.org\/index.php\/wp-json\/wp\/v2\/pages\/1817","targetHints":{"allow":["GET"]}}],"collection":[{"href":"https:\/\/www.conahec.org\/index.php\/wp-json\/wp\/v2\/pages"}],"about":[{"href":"https:\/\/www.conahec.org\/index.php\/wp-json\/wp\/v2\/types\/page"}],"author":[{"embeddable":true,"href":"https:\/\/www.conahec.org\/index.php\/wp-json\/wp\/v2\/users\/4"}],"replies":[{"embeddable":true,"href":"https:\/\/www.conahec.org\/index.php\/wp-json\/wp\/v2\/comments?post=1817"}],"version-history":[{"count":4,"href":"https:\/\/www.conahec.org\/index.php\/wp-json\/wp\/v2\/pages\/1817\/revisions"}],"predecessor-version":[{"id":1822,"href":"https:\/\/www.conahec.org\/index.php\/wp-json\/wp\/v2\/pages\/1817\/revisions\/1822"}],"wp:attachment":[{"href":"https:\/\/www.conahec.org\/index.php\/wp-json\/wp\/v2\/media?parent=1817"}],"wp:term":[{"taxonomy":"wf_page_folders","embeddable":true,"href":"https:\/\/www.conahec.org\/index.php\/wp-json\/wp\/v2\/wf_page_folders?post=1817"}],"curies":[{"name":"wp","href":"https:\/\/api.w.org\/{rel}","templated":true}]}}