{"id":995,"date":"2024-04-10T20:06:23","date_gmt":"2024-04-10T20:06:23","guid":{"rendered":"https:\/\/www.elnet.org\/?page_id=419"},"modified":"2024-08-26T23:11:12","modified_gmt":"2024-08-26T23:11:12","slug":"award_nomination_en","status":"publish","type":"page","link":"https:\/\/www.conahec.org\/index.php\/award_nomination_en\/","title":{"rendered":"Awards Nominations"},"content":{"rendered":"\t\t<div data-elementor-type=\"wp-page\" data-elementor-id=\"995\" class=\"elementor elementor-995\" data-elementor-post-type=\"page\">\n\t\t\t\t<div class=\"elementor-element elementor-element-21992e69 e-flex e-con-boxed e-con e-parent\" data-id=\"21992e69\" data-element_type=\"container\">\n\t\t\t\t\t<div class=\"e-con-inner\">\n\t\t\t\t<div class=\"elementor-element elementor-element-3f624ce7 elementor-widget elementor-widget-text-editor\" data-id=\"3f624ce7\" data-element_type=\"widget\" data-widget_type=\"text-editor.default\">\n\t\t\t\t<div class=\"elementor-widget-container\">\n\t\t\t<style>\/*! elementor - v3.23.0 - 05-08-2024 *\/\n.elementor-widget-text-editor.elementor-drop-cap-view-stacked .elementor-drop-cap{background-color:#69727d;color:#fff}.elementor-widget-text-editor.elementor-drop-cap-view-framed .elementor-drop-cap{color:#69727d;border:3px solid;background-color:transparent}.elementor-widget-text-editor:not(.elementor-drop-cap-view-default) .elementor-drop-cap{margin-top:8px}.elementor-widget-text-editor:not(.elementor-drop-cap-view-default) .elementor-drop-cap-letter{width:1em;height:1em}.elementor-widget-text-editor .elementor-drop-cap{float:left;text-align:center;line-height:1;font-size:50px}.elementor-widget-text-editor .elementor-drop-cap-letter{display:inline-block}<\/style>\t\t\t\t<p><span style=\"font-weight: 400;\">The Consortium for North American Higher Education Collaboration (CONAHEC) invites member institutions and the higher education community, to nominate individuals and\/or institutions for the following two awards:<\/span><\/p><ul><li><span style=\"font-weight: 500;\">Award of Distinction for Outstanding Contributions to North American Higher Education Collaboration<\/span><\/li><li><span style=\"font-weight: 500;\">Manuel T. Pacheco Award<\/span><\/li><\/ul><p><span style=\"font-weight: 400;\">To be considered, nominations must:<\/span><\/p><ul><li><span style=\"font-weight: 400;\">Specify which award the nomination is for<\/span><\/li><li><span style=\"font-weight: 400;\">Include the name and full contact information of the NOMINEE<\/span><\/li><li><span style=\"font-weight: 400;\">Include the name and full contact information of the nominator<\/span><\/li><li><span style=\"font-weight: 400;\">Include a brief biographical description of the NOMINEE<\/span><\/li><li><span style=\"font-weight: 400;\">Specify reasons for which the nominee should be considered<\/span><\/li><li><span style=\"font-weight: 400;\">Be sent by email to Sean Manley-Casimir at\u00a0 <a href=\"mailto:membership@conahec.org\">membership@conahec.org<\/a> at your earliest convenience and no later than <\/span><span style=\"font-weight: 400;\">September 30, 2024<\/span><\/li><\/ul><p><span style=\"font-weight: 400;\">Submissions will be reviewed by a trinational Awards Committee designated by CONAHEC\u2019s Board of Directors. The selection for each award will be presented at CONAHEC\u2019s next North American Higher Education Conference.<\/span><br \/><br \/><\/p><h2>About the Awards<\/h2><h2>Award of Distinction for Outstanding Contributions to North American Higher Education Collaboration<\/h2><p><span style=\"font-weight: 400;\">The CONAHEC Award of Distinction is designed to acknowledge the achievements and contributions of individuals or organizations involved in international higher education in Canada, Mexico, or the United States, and whose involvement has demonstrated substantial and effective contribution to the goals of educational integration, collaboration, and leadership. This award will be presented to individuals or organizations that have made significant contributions at either institutional or national levels.<\/span><\/p><p><span style=\"font-weight: 400;\">Eligibility:<\/span><\/p><ul><li><span style=\"font-weight: 400;\">Nominees are not required to be affiliated with a CONAHEC member institution.<\/span><\/li><\/ul><p><span style=\"font-weight: 400;\">Selection Criteria:<\/span><\/p><ul><li><span style=\"font-weight: 400;\">This award is presented to an **individual or organization**<\/span> <span style=\"font-weight: 400;\">who has made an outstanding contribution to<\/span>:<\/li><li><span style=\"font-weight: 400;\"> The process of the integration of the North American academic community and educational systems of the three countries.<\/span><\/li><li><span style=\"font-weight: 400;\">The development of education in his\/her own country.<\/span><\/li><li><span style=\"font-weight: 400;\">The development of international education and collaboration in North America.<\/span><\/li><\/ul><h2>Past CONAHEC Awards of Distinction have been awarded to:<\/h2><ul><li><span style=\"font-weight: 400;\"><strong>Partners of the Americas<\/strong>, (2020)<\/span><\/li><li><strong>Hector Arreola Soria<\/strong>, Coordinator General, General Coordination of Technological and Polytechnic Universities (CGUTyP), Secretariat of Public Education, Mexico (2019)<\/li><li><strong>Livia Castellanos<\/strong>, Associate Vice-President (International) &amp; Chief International Officer of the University of Regina (2017)<\/li><li><strong>Fernando Le\u00f3n Garc\u00eda<\/strong>, President, CETYS Universidad (2016)<\/li><li><span style=\"font-weight: 400;\"><strong>Sergio Alcocer<\/strong>, Undersecretary for North American Affairs, Secretary of Foreing Affairs in Mexico (2014)<\/span><\/li><li><span style=\"font-weight: 400;\"><strong>Francisco Marmolejo<\/strong>, Tertiary Education Coordinator, Education Human Development Network, The World Bank (2013)<\/span><\/li><li><span style=\"font-weight: 400;\"><strong>Robert A. Pastor<\/strong>, Professor of International Relations, Founding Director of the Center for North American Studies, American University &amp; author of numerous books on North America including &#8220;The North American Idea&#8221; (2011)<\/span><\/li><li><span style=\"font-weight: 400;\"><strong>Jocelyne Gacel<\/strong>, Coordinator General for International Cooperation, Universidad de Guadalajara (2010)<\/span><\/li><li><span style=\"font-weight: 400;\">The government agencies sponsoring the Program for North American Mobility in Higher Education which has been offered since 1995 thanks to the cooperation of Human Resources and Social Development Canada (HRSDC), the Fund for the Improvement of Postsecondary Education (FIPSE) of the US Department of Education and the Mexican Secretar\u00eda de Educaci\u00f3n P\u00fablica (SEP) (2007)<\/span><\/li><li><span style=\"font-weight: 400;\"><strong>Augie P. Gallego<\/strong>, Chancellor Emeritus, San Diego Community College District (2005)<\/span><\/li><li><span style=\"font-weight: 400;\"><strong>Tom L. Wood<\/strong>, former President, Mount Royal College (2004)<\/span><\/li><li><span style=\"font-weight: 400;\"><strong>Fran\u00e7ois Tavenas<\/strong>, Rector Emeritus, Universit\u00e9 Laval (2002)<\/span><\/li><li><span style=\"font-weight: 400;\"><strong>Diana Natalicio<\/strong>, President of University of Texas, El Paso (2001)<\/span><\/li><li><span style=\"font-weight: 400;\"><strong>Victor Arredondo<\/strong>, former Mexican Director General of Higher Education and current State Secretary of Education in Veracruz, Mexico (1999)<\/span><\/li><li><span style=\"font-weight: 400;\"><strong>David Strangway<\/strong>, former President of the University of British Columbia (1998)<\/span><\/li><li><span style=\"font-weight: 400;\"><strong>Sylvia Ortega<\/strong>, founding president of AMPEI (1997)<\/span><\/li><\/ul><h2>Manuel T. Pacheco Award<\/h2><p><span style=\"font-weight: 400;\">Named on behalf of Manuel T. Pacheco, a distinguished international educator, this award acknowledges his work and effort in promoting CONAHEC and its focus on trilateral collaboration in higher education. This award is given to an outstanding individual from Mexico, Canada, or the United States who has demonstrated exceptional achievement and contribution to the development and progress of CONAHEC, its mission, and in meeting its program objectives.<\/span><\/p><p><span style=\"font-weight: 400;\">Eligibility:<\/span><\/p><p>\u00a0<\/p><ul><li>The award recipient must be a member of a CONAHEC member institution.<\/li><\/ul><p>\u00a0<\/p><p><span style=\"font-weight: 400;\">Selection Criteria:<\/span><\/p><ul><li><span style=\"font-weight: 400;\">The award will be presented to an **individual** either from Mexico, Canada, or the United States who meets at least one or more of the following criteria:<\/span><\/li><li><span style=\"font-weight: 400;\">Has made outstanding contribution to the development and strengthening of CONAHEC as an organization and has furthered the organization&#8217;s mission and goals.<\/span><\/li><li><span style=\"font-weight: 400;\">Is or has been a member of a CONAHEC member institution.<\/span><\/li><li><span style=\"font-weight: 400;\">Has made an outstanding contribution to the development of higher education opportunities in his\/her country and, by doing so, strengthened the country&#8217;s integration to the North American academic community.<\/span><\/li><\/ul><h2>Past &#8220;MANUEL T. PACHECO&#8221; Awards have been given to:<\/h2><ul><li><span style=\"font-weight: 400;\"><strong>Thomas Buntru<\/strong>, Director of International Programs, Universidad de Monterrey (2020)<\/span><\/li><li><strong>Joan Landeros<\/strong>, Director and founder of the Center for International Education. Universidad La Salle, Mexico (2019)<\/li><li><strong>David Longanecker<\/strong>, Former President of WICHE (2017)<\/li><li><strong>Mike Proctor<\/strong>, Former Vice President for Global Initiatives of the University of Arizona (2017)<\/li><li><strong>Lorna Smith<\/strong>, Former Director of International Education, Mount Royal University (2016)<\/li><li><span style=\"font-weight: 400;\"><strong>Jaime Gutierrez<\/strong>, former Vice President of External Affairs of the University of Arizona (2014)<\/span><\/li><li><span style=\"font-weight: 400;\"><strong>Araceli Partearroyo<\/strong>, Director of Academic Cooperation, Office of Educational and Cultural Affairs, United States Embassy in Mexico (2011)<\/span><\/li><li><span style=\"font-weight: 400;\"><strong>Daniel Guay<\/strong>, Former Executive Director of the Office of the President of the University of Quebec System (2010)<\/span><\/li><li><span style=\"font-weight: 400;\"><strong>Dewayne Matthews<\/strong>, Senior Research Director, The Lumina Foundation for Education (2007)<\/span><\/li><li><span style=\"font-weight: 400;\"><strong>Margo Schultz<\/strong>, Former Associate Director, CONAHEC (2005)<\/span><\/li><li><span style=\"font-weight: 400;\"><strong>Juan Carlos Romero Hicks<\/strong>, former President of Universidad de Guanajuato (2004)<\/span><\/li><li><span style=\"font-weight: 400;\"><strong>Walter Uegama<\/strong>, former Vice President of Continuing Education, University of British Columbia (2002)<\/span><\/li><li><span style=\"font-weight: 400;\"><strong>Richard W. Jonsen<\/strong>, former Executive Director of WICHE (the Western Interstate Commission for Higher Education) (2001)<\/span><\/li><li><span style=\"font-weight: 400;\"><strong>Norman Collins<\/strong>, former representative of The Ford Foundation in Mexico and Central America (1999)<\/span><\/li><li><span style=\"font-weight: 400;\"><strong>Manuel T. Pacheco<\/strong>, former President of University of Arizona (1998)<\/span><\/li><\/ul>\t\t\t\t\t\t<\/div>\n\t\t\t\t<\/div>\n\t\t\t\t\t<\/div>\n\t\t\t\t<\/div>\n\t\t\t\t<\/div>\n\t\t","protected":false},"excerpt":{"rendered":"<p>The Consortium for North American Higher Education Collaboration (CONAHEC) invites member institutions and the higher education community, to nominate individuals and\/or institutions for the following two awards: Award of Distinction for Outstanding Contributions to North American Higher Education Collaboration Manuel T. Pacheco Award To be considered, nominations must: Specify which award the nomination is for [&hellip;]<\/p>\n","protected":false},"author":6,"featured_media":0,"parent":0,"menu_order":0,"comment_status":"closed","ping_status":"closed","template":"elementor_header_footer","meta":{"ocean_post_layout":"","ocean_both_sidebars_style":"","ocean_both_sidebars_content_width":0,"ocean_both_sidebars_sidebars_width":0,"ocean_sidebar":"","ocean_second_sidebar":"","ocean_disable_margins":"enable","ocean_add_body_class":"","ocean_shortcode_before_top_bar":"","ocean_shortcode_after_top_bar":"","ocean_shortcode_before_header":"","ocean_shortcode_after_header":"","ocean_has_shortcode":"","ocean_shortcode_after_title":"","ocean_shortcode_before_footer_widgets":"","ocean_shortcode_after_footer_widgets":"","ocean_shortcode_before_footer_bottom":"","ocean_shortcode_after_footer_bottom":"","ocean_display_top_bar":"default","ocean_display_header":"default","ocean_header_style":"","ocean_center_header_left_menu":"","ocean_custom_header_template":"","ocean_custom_logo":0,"ocean_custom_retina_logo":0,"ocean_custom_logo_max_width":0,"ocean_custom_logo_tablet_max_width":0,"ocean_custom_logo_mobile_max_width":0,"ocean_custom_logo_max_height":0,"ocean_custom_logo_tablet_max_height":0,"ocean_custom_logo_mobile_max_height":0,"ocean_header_custom_menu":"","ocean_menu_typo_font_family":"","ocean_menu_typo_font_subset":"","ocean_menu_typo_font_size":0,"ocean_menu_typo_font_size_tablet":0,"ocean_menu_typo_font_size_mobile":0,"ocean_menu_typo_font_size_unit":"px","ocean_menu_typo_font_weight":"","ocean_menu_typo_font_weight_tablet":"","ocean_menu_typo_font_weight_mobile":"","ocean_menu_typo_transform":"","ocean_menu_typo_transform_tablet":"","ocean_menu_typo_transform_mobile":"","ocean_menu_typo_line_height":0,"ocean_menu_typo_line_height_tablet":0,"ocean_menu_typo_line_height_mobile":0,"ocean_menu_typo_line_height_unit":"","ocean_menu_typo_spacing":0,"ocean_menu_typo_spacing_tablet":0,"ocean_menu_typo_spacing_mobile":0,"ocean_menu_typo_spacing_unit":"","ocean_menu_link_color":"","ocean_menu_link_color_hover":"","ocean_menu_link_color_active":"","ocean_menu_link_background":"","ocean_menu_link_hover_background":"","ocean_menu_link_active_background":"","ocean_menu_social_links_bg":"","ocean_menu_social_hover_links_bg":"","ocean_menu_social_links_color":"","ocean_menu_social_hover_links_color":"","ocean_disable_title":"default","ocean_disable_heading":"default","ocean_post_title":"","ocean_post_subheading":"","ocean_post_title_style":"","ocean_post_title_background_color":"","ocean_post_title_background":0,"ocean_post_title_bg_image_position":"","ocean_post_title_bg_image_attachment":"","ocean_post_title_bg_image_repeat":"","ocean_post_title_bg_image_size":"","ocean_post_title_height":0,"ocean_post_title_bg_overlay":0.5,"ocean_post_title_bg_overlay_color":"","ocean_disable_breadcrumbs":"default","ocean_breadcrumbs_color":"","ocean_breadcrumbs_separator_color":"","ocean_breadcrumbs_links_color":"","ocean_breadcrumbs_links_hover_color":"","ocean_display_footer_widgets":"default","ocean_display_footer_bottom":"default","ocean_custom_footer_template":"","footnotes":""},"wf_page_folders":[11],"class_list":["post-995","page","type-page","status-publish","hentry","entry"],"yoast_head":"<!-- This site is optimized with the Yoast SEO plugin v24.3 - https:\/\/yoast.com\/wordpress\/plugins\/seo\/ -->\r\n<title>Awards Nominations - Consortium for North American Higher Education Collaboration<\/title>\r\n<meta name=\"robots\" content=\"index, follow, max-snippet:-1, max-image-preview:large, max-video-preview:-1\" \/>\r\n<link rel=\"canonical\" href=\"https:\/\/www.conahec.org\/index.php\/award_nomination_en\/\" \/>\r\n<meta property=\"og:locale\" content=\"en_US\" \/>\r\n<meta property=\"og:type\" content=\"article\" \/>\r\n<meta property=\"og:title\" content=\"Awards Nominations - Consortium for North American Higher Education Collaboration\" \/>\r\n<meta property=\"og:description\" content=\"The Consortium for North American Higher Education Collaboration (CONAHEC) invites member institutions and the higher education community, to nominate individuals and\/or institutions for the following two awards: Award of Distinction for Outstanding Contributions to North American Higher Education Collaboration Manuel T. Pacheco Award To be considered, nominations must: Specify which award the nomination is for [&hellip;]\" \/>\r\n<meta property=\"og:url\" content=\"https:\/\/www.conahec.org\/index.php\/award_nomination_en\/\" \/>\r\n<meta property=\"og:site_name\" content=\"Consortium for North American Higher Education Collaboration\" \/>\r\n<meta property=\"article:publisher\" content=\"https:\/\/www.facebook.com\/CONAHEC1\/\" \/>\r\n<meta property=\"article:modified_time\" content=\"2024-08-26T23:11:12+00:00\" \/>\r\n<meta name=\"twitter:card\" content=\"summary_large_image\" \/>\r\n<meta name=\"twitter:site\" content=\"@conahec\" \/>\r\n<meta name=\"twitter:label1\" content=\"Est. reading time\" \/>\n\t<meta name=\"twitter:data1\" content=\"5 minutes\" \/>\r\n<script type=\"application\/ld+json\" class=\"yoast-schema-graph\">{\"@context\":\"https:\/\/schema.org\",\"@graph\":[{\"@type\":\"WebPage\",\"@id\":\"https:\/\/www.conahec.org\/index.php\/award_nomination_en\/\",\"url\":\"https:\/\/www.conahec.org\/index.php\/award_nomination_en\/\",\"name\":\"Awards Nominations - Consortium for North American Higher Education Collaboration\",\"isPartOf\":{\"@id\":\"https:\/\/www.conahec.org\/#website\"},\"datePublished\":\"2024-04-10T20:06:23+00:00\",\"dateModified\":\"2024-08-26T23:11:12+00:00\",\"breadcrumb\":{\"@id\":\"https:\/\/www.conahec.org\/index.php\/award_nomination_en\/#breadcrumb\"},\"inLanguage\":\"en-US\",\"potentialAction\":[{\"@type\":\"ReadAction\",\"target\":[\"https:\/\/www.conahec.org\/index.php\/award_nomination_en\/\"]}]},{\"@type\":\"BreadcrumbList\",\"@id\":\"https:\/\/www.conahec.org\/index.php\/award_nomination_en\/#breadcrumb\",\"itemListElement\":[{\"@type\":\"ListItem\",\"position\":1,\"name\":\"Home\",\"item\":\"https:\/\/www.conahec.org\/\"},{\"@type\":\"ListItem\",\"position\":2,\"name\":\"Awards Nominations\"}]},{\"@type\":\"WebSite\",\"@id\":\"https:\/\/www.conahec.org\/#website\",\"url\":\"https:\/\/www.conahec.org\/\",\"name\":\"conahec.org\",\"description\":\"Facilitating Higher Education Collaboration in North America and Beyond\",\"publisher\":{\"@id\":\"https:\/\/www.conahec.org\/#organization\"},\"potentialAction\":[{\"@type\":\"SearchAction\",\"target\":{\"@type\":\"EntryPoint\",\"urlTemplate\":\"https:\/\/www.conahec.org\/?s={search_term_string}\"},\"query-input\":{\"@type\":\"PropertyValueSpecification\",\"valueRequired\":true,\"valueName\":\"search_term_string\"}}],\"inLanguage\":\"en-US\"},{\"@type\":\"Organization\",\"@id\":\"https:\/\/www.conahec.org\/#organization\",\"name\":\"Consortium for North American Higher Education Collaboration (CONAHEC)\",\"url\":\"https:\/\/www.conahec.org\/\",\"logo\":{\"@type\":\"ImageObject\",\"inLanguage\":\"en-US\",\"@id\":\"https:\/\/www.conahec.org\/#\/schema\/logo\/image\/\",\"url\":\"https:\/\/www.conahec.org\/wp-content\/uploads\/2024\/05\/CONAHECFavicon.jpg\",\"contentUrl\":\"https:\/\/www.conahec.org\/wp-content\/uploads\/2024\/05\/CONAHECFavicon.jpg\",\"width\":512,\"height\":512,\"caption\":\"Consortium for North American Higher Education Collaboration (CONAHEC)\"},\"image\":{\"@id\":\"https:\/\/www.conahec.org\/#\/schema\/logo\/image\/\"},\"sameAs\":[\"https:\/\/www.facebook.com\/CONAHEC1\/\",\"https:\/\/x.com\/conahec\"]}]}<\/script>\r\n<!-- \/ Yoast SEO plugin. -->","yoast_head_json":{"title":"Awards Nominations - Consortium for North American Higher Education Collaboration","robots":{"index":"index","follow":"follow","max-snippet":"max-snippet:-1","max-image-preview":"max-image-preview:large","max-video-preview":"max-video-preview:-1"},"canonical":"https:\/\/www.conahec.org\/index.php\/award_nomination_en\/","og_locale":"en_US","og_type":"article","og_title":"Awards Nominations - Consortium for North American Higher Education Collaboration","og_description":"The Consortium for North American Higher Education Collaboration (CONAHEC) invites member institutions and the higher education community, to nominate individuals and\/or institutions for the following two awards: Award of Distinction for Outstanding Contributions to North American Higher Education Collaboration Manuel T. Pacheco Award To be considered, nominations must: Specify which award the nomination is for [&hellip;]","og_url":"https:\/\/www.conahec.org\/index.php\/award_nomination_en\/","og_site_name":"Consortium for North American Higher Education Collaboration","article_publisher":"https:\/\/www.facebook.com\/CONAHEC1\/","article_modified_time":"2024-08-26T23:11:12+00:00","twitter_card":"summary_large_image","twitter_site":"@conahec","twitter_misc":{"Est. reading time":"5 minutes"},"schema":{"@context":"https:\/\/schema.org","@graph":[{"@type":"WebPage","@id":"https:\/\/www.conahec.org\/index.php\/award_nomination_en\/","url":"https:\/\/www.conahec.org\/index.php\/award_nomination_en\/","name":"Awards Nominations - Consortium for North American Higher Education Collaboration","isPartOf":{"@id":"https:\/\/www.conahec.org\/#website"},"datePublished":"2024-04-10T20:06:23+00:00","dateModified":"2024-08-26T23:11:12+00:00","breadcrumb":{"@id":"https:\/\/www.conahec.org\/index.php\/award_nomination_en\/#breadcrumb"},"inLanguage":"en-US","potentialAction":[{"@type":"ReadAction","target":["https:\/\/www.conahec.org\/index.php\/award_nomination_en\/"]}]},{"@type":"BreadcrumbList","@id":"https:\/\/www.conahec.org\/index.php\/award_nomination_en\/#breadcrumb","itemListElement":[{"@type":"ListItem","position":1,"name":"Home","item":"https:\/\/www.conahec.org\/"},{"@type":"ListItem","position":2,"name":"Awards Nominations"}]},{"@type":"WebSite","@id":"https:\/\/www.conahec.org\/#website","url":"https:\/\/www.conahec.org\/","name":"conahec.org","description":"Facilitating Higher Education Collaboration in North America and Beyond","publisher":{"@id":"https:\/\/www.conahec.org\/#organization"},"potentialAction":[{"@type":"SearchAction","target":{"@type":"EntryPoint","urlTemplate":"https:\/\/www.conahec.org\/?s={search_term_string}"},"query-input":{"@type":"PropertyValueSpecification","valueRequired":true,"valueName":"search_term_string"}}],"inLanguage":"en-US"},{"@type":"Organization","@id":"https:\/\/www.conahec.org\/#organization","name":"Consortium for North American Higher Education Collaboration (CONAHEC)","url":"https:\/\/www.conahec.org\/","logo":{"@type":"ImageObject","inLanguage":"en-US","@id":"https:\/\/www.conahec.org\/#\/schema\/logo\/image\/","url":"https:\/\/www.conahec.org\/wp-content\/uploads\/2024\/05\/CONAHECFavicon.jpg","contentUrl":"https:\/\/www.conahec.org\/wp-content\/uploads\/2024\/05\/CONAHECFavicon.jpg","width":512,"height":512,"caption":"Consortium for North American Higher Education Collaboration (CONAHEC)"},"image":{"@id":"https:\/\/www.conahec.org\/#\/schema\/logo\/image\/"},"sameAs":["https:\/\/www.facebook.com\/CONAHEC1\/","https:\/\/x.com\/conahec"]}]}},"_links":{"self":[{"href":"https:\/\/www.conahec.org\/index.php\/wp-json\/wp\/v2\/pages\/995","targetHints":{"allow":["GET"]}}],"collection":[{"href":"https:\/\/www.conahec.org\/index.php\/wp-json\/wp\/v2\/pages"}],"about":[{"href":"https:\/\/www.conahec.org\/index.php\/wp-json\/wp\/v2\/types\/page"}],"author":[{"embeddable":true,"href":"https:\/\/www.conahec.org\/index.php\/wp-json\/wp\/v2\/users\/6"}],"replies":[{"embeddable":true,"href":"https:\/\/www.conahec.org\/index.php\/wp-json\/wp\/v2\/comments?post=995"}],"version-history":[{"count":27,"href":"https:\/\/www.conahec.org\/index.php\/wp-json\/wp\/v2\/pages\/995\/revisions"}],"predecessor-version":[{"id":2640,"href":"https:\/\/www.conahec.org\/index.php\/wp-json\/wp\/v2\/pages\/995\/revisions\/2640"}],"wp:attachment":[{"href":"https:\/\/www.conahec.org\/index.php\/wp-json\/wp\/v2\/media?parent=995"}],"wp:term":[{"taxonomy":"wf_page_folders","embeddable":true,"href":"https:\/\/www.conahec.org\/index.php\/wp-json\/wp\/v2\/wf_page_folders?post=995"}],"curies":[{"name":"wp","href":"https:\/\/api.w.org\/{rel}","templated":true}]}}